{"id":24,"date":"2019-12-28T14:25:37","date_gmt":"2019-12-28T14:25:37","guid":{"rendered":"http:\/\/wp_woodsteel.test\/shop\/"},"modified":"2025-05-28T16:15:26","modified_gmt":"2025-05-28T14:15:26","slug":"shop","status":"publish","type":"page","link":"https:\/\/woodsteel.rs\/en-us\/shop\/","title":{"rendered":"Products"},"content":{"rendered":"<h1 id=\"proizvodi\">Products<\/h1>\n<p style=\"text-align: center;\"><span style=\"font-size: 110%;\">The products from our offer are made of the highest quality materials, which guarantee a long service life. Production of custom-made modern furniture, dining tables, club tables, shelves for the living room, work and office tables, wall clocks... The products that come out of our workshop are designed so that you can fit them into any style of interior. You can contact us with the idea of designing and making unique pieces of furniture together. Through our <span style=\"color: #00aae7;\"><strong><em><a style=\"color: #00aae7;\" href=\"https:\/\/woodsteel.rs\/en-us\/blog\/\">blog<\/a> <\/em><\/strong><\/span>you can collect decorating ideas. Renovation <strong><em><a href=\"https:\/\/woodsteel.rs\/en-us\/par-ideja-za-uredjenje-moderne-i-elegantne-dnevne-sobe\/\"><span style=\"color: #00aae7;\">living room<\/span><\/a><\/em><\/strong><span style=\"color: #00aae7;\">, <strong><em><a style=\"color: #00aae7;\" href=\"https:\/\/woodsteel.rs\/en-us\/9-deko-promena-u-kuhinji-koje-nas-cekaju-u-2022-godini\/\">kitchen<\/a><\/em><\/strong><\/span>,which <strong><em><a href=\"https:\/\/woodsteel.rs\/en-us\/proizvodi\/trpezarijski-sto\/\"><span style=\"color: #00aae7;\">dining table<\/span><\/a><\/em><\/strong> select or <span style=\"color: #00aae7;\"><a style=\"color: #00aae7;\" href=\"https:\/\/woodsteel.rs\/en-us\/5-boja-u-enterijeru-koje-ce-biti-hit-u-2022\/\"><strong><em>what color for wall<\/em><\/strong><\/a><\/span> is currently current. Contact us with new ideas for home renovation.<\/span><\/p>\n<p style=\"text-align: center;\"><span style=\"font-size: 110%;\">Follow us on <span style=\"color: #00aae7;\"><em><strong><a style=\"color: #00aae7;\" href=\"https:\/\/www.instagram.com\/wood_steel_design\/\">instagram<\/a> <\/strong><\/em><\/span>so that you are always up to date with new furniture models<br \/>\n<\/span><\/p>","protected":false},"excerpt":{"rendered":"<p>Proizvodi Proizvodi iz na\u0161e ponude su izra\u0111eni od najkvalitetnijih materijala, koji garantuju dugi vek trajanja. Izrada modernog name\u0161taja po meri, trpezarijskih stolova, klub stolova, polica za dnevnu sobu, radnih i kancelarijskih stolova, zidnih satova&#8230; Proizvodi koji izlaze iz na\u0161e radionice, dizajnirani su tako da mo\u017eete da ih uklopite u svaki stil enterijera. Mo\u017eete nas kontaktirati [&#8230;]\n","protected":false},"author":1,"featured_media":3127,"parent":0,"menu_order":1,"comment_status":"closed","ping_status":"closed","template":"","meta":{"_monsterinsights_skip_tracking":false,"_monsterinsights_sitenote_active":false,"_monsterinsights_sitenote_note":"","_monsterinsights_sitenote_category":0,"footnotes":""},"class_list":["post-24","page","type-page","status-publish","has-post-thumbnail","hentry"],"yoast_head":"<!-- This site is optimized with the Yoast SEO plugin v27.4 - https:\/\/yoast.com\/product\/yoast-seo-wordpress\/ -->\n<title>Proizvodi - Izrada name\u0161taja po meri - Beograd - WoodSteel<\/title>\n<meta name=\"description\" content=\"Proizvodi koje nudimo su napravljeni od visokokvalitetnih materijala. Drvo Oraha, Hrasta, u kombinaciji sa epoksi smolom, mermer, inox,staklo\" \/>\n<meta name=\"robots\" content=\"index, follow, max-snippet:-1, max-image-preview:large, max-video-preview:-1\" \/>\n<link rel=\"canonical\" href=\"https:\/\/woodsteel.rs\/en-us\/shop\/\" \/>\n<meta property=\"og:locale\" content=\"en_US\" \/>\n<meta property=\"og:type\" content=\"article\" \/>\n<meta property=\"og:title\" content=\"Proizvodi - Izrada name\u0161taja po meri - Beograd - WoodSteel\" \/>\n<meta property=\"og:description\" content=\"Proizvodi koje nudimo su napravljeni od visokokvalitetnih materijala. Drvo Oraha, Hrasta, u kombinaciji sa epoksi smolom, mermer, inox,staklo\" \/>\n<meta property=\"og:url\" content=\"https:\/\/woodsteel.rs\/en-us\/shop\/\" \/>\n<meta property=\"og:site_name\" content=\"WoodSteel\" \/>\n<meta property=\"article:publisher\" content=\"https:\/\/www.facebook.com\/woodsteeldesign\" \/>\n<meta property=\"article:modified_time\" content=\"2025-05-28T14:15:26+00:00\" \/>\n<meta property=\"og:image\" content=\"https:\/\/woodsteel.rs\/wp-content\/uploads\/2023\/03\/logo.jpg\" \/>\n\t<meta property=\"og:image:width\" content=\"767\" \/>\n\t<meta property=\"og:image:height\" content=\"761\" \/>\n\t<meta property=\"og:image:type\" content=\"image\/jpeg\" \/>\n<meta name=\"twitter:label1\" content=\"Est. reading time\" \/>\n\t<meta name=\"twitter:data1\" content=\"1 minute\" \/>\n<script type=\"application\/ld+json\" class=\"yoast-schema-graph\">{\"@context\":\"https:\\\/\\\/schema.org\",\"@graph\":[{\"@type\":\"WebPage\",\"@id\":\"https:\\\/\\\/woodsteel.rs\\\/shop\\\/\",\"url\":\"https:\\\/\\\/woodsteel.rs\\\/shop\\\/\",\"name\":\"Proizvodi - Izrada name\u0161taja po meri - Beograd - WoodSteel\",\"isPartOf\":{\"@id\":\"https:\\\/\\\/woodsteel.rs\\\/#website\"},\"primaryImageOfPage\":{\"@id\":\"https:\\\/\\\/woodsteel.rs\\\/shop\\\/#primaryimage\"},\"image\":{\"@id\":\"https:\\\/\\\/woodsteel.rs\\\/shop\\\/#primaryimage\"},\"thumbnailUrl\":\"https:\\\/\\\/woodsteel.rs\\\/wp-content\\\/uploads\\\/2023\\\/03\\\/logo.jpg\",\"datePublished\":\"2019-12-28T14:25:37+00:00\",\"dateModified\":\"2025-05-28T14:15:26+00:00\",\"description\":\"Proizvodi koje nudimo su napravljeni od visokokvalitetnih materijala. Drvo Oraha, Hrasta, u kombinaciji sa epoksi smolom, mermer, inox,staklo\",\"breadcrumb\":{\"@id\":\"https:\\\/\\\/woodsteel.rs\\\/shop\\\/#breadcrumb\"},\"inLanguage\":\"en-US\",\"potentialAction\":[{\"@type\":\"ReadAction\",\"target\":[\"https:\\\/\\\/woodsteel.rs\\\/shop\\\/\"]}]},{\"@type\":\"ImageObject\",\"inLanguage\":\"en-US\",\"@id\":\"https:\\\/\\\/woodsteel.rs\\\/shop\\\/#primaryimage\",\"url\":\"https:\\\/\\\/woodsteel.rs\\\/wp-content\\\/uploads\\\/2023\\\/03\\\/logo.jpg\",\"contentUrl\":\"https:\\\/\\\/woodsteel.rs\\\/wp-content\\\/uploads\\\/2023\\\/03\\\/logo.jpg\",\"width\":767,\"height\":761,\"caption\":\"Logo woodsteel Beograd\"},{\"@type\":\"BreadcrumbList\",\"@id\":\"https:\\\/\\\/woodsteel.rs\\\/shop\\\/#breadcrumb\",\"itemListElement\":[{\"@type\":\"ListItem\",\"position\":1,\"name\":\"Po\u010detna\",\"item\":\"https:\\\/\\\/woodsteel.rs\\\/\"},{\"@type\":\"ListItem\",\"position\":2,\"name\":\"Proizvodi\"}]},{\"@type\":\"WebSite\",\"@id\":\"https:\\\/\\\/woodsteel.rs\\\/#website\",\"url\":\"https:\\\/\\\/woodsteel.rs\\\/\",\"name\":\"WoodSteel\",\"description\":\"\",\"publisher\":{\"@id\":\"https:\\\/\\\/woodsteel.rs\\\/#organization\"},\"potentialAction\":[{\"@type\":\"SearchAction\",\"target\":{\"@type\":\"EntryPoint\",\"urlTemplate\":\"https:\\\/\\\/woodsteel.rs\\\/?s={search_term_string}\"},\"query-input\":{\"@type\":\"PropertyValueSpecification\",\"valueRequired\":true,\"valueName\":\"search_term_string\"}}],\"inLanguage\":\"en-US\"},{\"@type\":\"Organization\",\"@id\":\"https:\\\/\\\/woodsteel.rs\\\/#organization\",\"name\":\"Wood&Steel\",\"url\":\"https:\\\/\\\/woodsteel.rs\\\/\",\"logo\":{\"@type\":\"ImageObject\",\"inLanguage\":\"en-US\",\"@id\":\"https:\\\/\\\/woodsteel.rs\\\/#\\\/schema\\\/logo\\\/image\\\/\",\"url\":\"https:\\\/\\\/woodsteel.rs\\\/wp-content\\\/uploads\\\/2019\\\/12\\\/logo-ISPRAVAK.png\",\"contentUrl\":\"https:\\\/\\\/woodsteel.rs\\\/wp-content\\\/uploads\\\/2019\\\/12\\\/logo-ISPRAVAK.png\",\"width\":779,\"height\":776,\"caption\":\"Wood&Steel\"},\"image\":{\"@id\":\"https:\\\/\\\/woodsteel.rs\\\/#\\\/schema\\\/logo\\\/image\\\/\"},\"sameAs\":[\"https:\\\/\\\/www.facebook.com\\\/woodsteeldesign\",\"https:\\\/\\\/www.instagram.com\\\/wood_steel_design\\\/\"]}]}<\/script>\n<!-- \/ Yoast SEO plugin. -->","yoast_head_json":{"title":"Proizvodi - Izrada name\u0161taja po meri - Beograd - WoodSteel","description":"Proizvodi koje nudimo su napravljeni od visokokvalitetnih materijala. Drvo Oraha, Hrasta, u kombinaciji sa epoksi smolom, mermer, inox,staklo","robots":{"index":"index","follow":"follow","max-snippet":"max-snippet:-1","max-image-preview":"max-image-preview:large","max-video-preview":"max-video-preview:-1"},"canonical":"https:\/\/woodsteel.rs\/en-us\/shop\/","og_locale":"en_US","og_type":"article","og_title":"Proizvodi - Izrada name\u0161taja po meri - Beograd - WoodSteel","og_description":"Proizvodi koje nudimo su napravljeni od visokokvalitetnih materijala. Drvo Oraha, Hrasta, u kombinaciji sa epoksi smolom, mermer, inox,staklo","og_url":"https:\/\/woodsteel.rs\/en-us\/shop\/","og_site_name":"WoodSteel","article_publisher":"https:\/\/www.facebook.com\/woodsteeldesign","article_modified_time":"2025-05-28T14:15:26+00:00","og_image":[{"width":767,"height":761,"url":"https:\/\/woodsteel.rs\/wp-content\/uploads\/2023\/03\/logo.jpg","type":"image\/jpeg"}],"twitter_misc":{"Est. reading time":"1 minute"},"schema":{"@context":"https:\/\/schema.org","@graph":[{"@type":"WebPage","@id":"https:\/\/woodsteel.rs\/shop\/","url":"https:\/\/woodsteel.rs\/shop\/","name":"Proizvodi - Izrada name\u0161taja po meri - Beograd - WoodSteel","isPartOf":{"@id":"https:\/\/woodsteel.rs\/#website"},"primaryImageOfPage":{"@id":"https:\/\/woodsteel.rs\/shop\/#primaryimage"},"image":{"@id":"https:\/\/woodsteel.rs\/shop\/#primaryimage"},"thumbnailUrl":"https:\/\/woodsteel.rs\/wp-content\/uploads\/2023\/03\/logo.jpg","datePublished":"2019-12-28T14:25:37+00:00","dateModified":"2025-05-28T14:15:26+00:00","description":"Proizvodi koje nudimo su napravljeni od visokokvalitetnih materijala. Drvo Oraha, Hrasta, u kombinaciji sa epoksi smolom, mermer, inox,staklo","breadcrumb":{"@id":"https:\/\/woodsteel.rs\/shop\/#breadcrumb"},"inLanguage":"en-US","potentialAction":[{"@type":"ReadAction","target":["https:\/\/woodsteel.rs\/shop\/"]}]},{"@type":"ImageObject","inLanguage":"en-US","@id":"https:\/\/woodsteel.rs\/shop\/#primaryimage","url":"https:\/\/woodsteel.rs\/wp-content\/uploads\/2023\/03\/logo.jpg","contentUrl":"https:\/\/woodsteel.rs\/wp-content\/uploads\/2023\/03\/logo.jpg","width":767,"height":761,"caption":"Logo woodsteel Beograd"},{"@type":"BreadcrumbList","@id":"https:\/\/woodsteel.rs\/shop\/#breadcrumb","itemListElement":[{"@type":"ListItem","position":1,"name":"Po\u010detna","item":"https:\/\/woodsteel.rs\/"},{"@type":"ListItem","position":2,"name":"Proizvodi"}]},{"@type":"WebSite","@id":"https:\/\/woodsteel.rs\/#website","url":"https:\/\/woodsteel.rs\/","name":"WoodSteel","description":"","publisher":{"@id":"https:\/\/woodsteel.rs\/#organization"},"potentialAction":[{"@type":"SearchAction","target":{"@type":"EntryPoint","urlTemplate":"https:\/\/woodsteel.rs\/?s={search_term_string}"},"query-input":{"@type":"PropertyValueSpecification","valueRequired":true,"valueName":"search_term_string"}}],"inLanguage":"en-US"},{"@type":"Organization","@id":"https:\/\/woodsteel.rs\/#organization","name":"Wood&Steel","url":"https:\/\/woodsteel.rs\/","logo":{"@type":"ImageObject","inLanguage":"en-US","@id":"https:\/\/woodsteel.rs\/#\/schema\/logo\/image\/","url":"https:\/\/woodsteel.rs\/wp-content\/uploads\/2019\/12\/logo-ISPRAVAK.png","contentUrl":"https:\/\/woodsteel.rs\/wp-content\/uploads\/2019\/12\/logo-ISPRAVAK.png","width":779,"height":776,"caption":"Wood&Steel"},"image":{"@id":"https:\/\/woodsteel.rs\/#\/schema\/logo\/image\/"},"sameAs":["https:\/\/www.facebook.com\/woodsteeldesign","https:\/\/www.instagram.com\/wood_steel_design\/"]}]}},"_links":{"self":[{"href":"https:\/\/woodsteel.rs\/en-us\/wp-json\/wp\/v2\/pages\/24","targetHints":{"allow":["GET"]}}],"collection":[{"href":"https:\/\/woodsteel.rs\/en-us\/wp-json\/wp\/v2\/pages"}],"about":[{"href":"https:\/\/woodsteel.rs\/en-us\/wp-json\/wp\/v2\/types\/page"}],"author":[{"embeddable":true,"href":"https:\/\/woodsteel.rs\/en-us\/wp-json\/wp\/v2\/users\/1"}],"replies":[{"embeddable":true,"href":"https:\/\/woodsteel.rs\/en-us\/wp-json\/wp\/v2\/comments?post=24"}],"version-history":[{"count":19,"href":"https:\/\/woodsteel.rs\/en-us\/wp-json\/wp\/v2\/pages\/24\/revisions"}],"predecessor-version":[{"id":3627,"href":"https:\/\/woodsteel.rs\/en-us\/wp-json\/wp\/v2\/pages\/24\/revisions\/3627"}],"wp:featuredmedia":[{"embeddable":true,"href":"https:\/\/woodsteel.rs\/en-us\/wp-json\/wp\/v2\/media\/3127"}],"wp:attachment":[{"href":"https:\/\/woodsteel.rs\/en-us\/wp-json\/wp\/v2\/media?parent=24"}],"curies":[{"name":"wp","href":"https:\/\/api.w.org\/{rel}","templated":true}]}}