{"id":30,"date":"2019-12-28T14:34:37","date_gmt":"2019-12-28T14:34:37","guid":{"rendered":"http:\/\/wp_woodsteel.test\/?page_id=30"},"modified":"2023-06-02T18:16:45","modified_gmt":"2023-06-02T16:16:45","slug":"o-nama","status":"publish","type":"page","link":"https:\/\/woodsteel.rs\/en-us\/o-nama\/","title":{"rendered":"About us"},"content":{"rendered":"<section class=\"section has-scroll-for-more\" id=\"section_543162970\">\n\t\t<div class=\"section-bg fill\" >\n\t\t\t\t\t\t\t\t\t<button class=\"scroll-for-more z-5 icon absolute bottom h-center\" aria-label=\"Scroll for more\"><i class=\"icon-angle-down\" aria-hidden=\"true\" style=\"font-size:42px;\"><\/i><\/button>\n\t\t\t\n\n\t\t<\/div>\n\n\t\t\n\n\t\t<div class=\"section-content relative\">\n\t\t\t\n<div class=\"row align-center\"  id=\"row-1301997781\">\n\n\t<div id=\"col-1353827242\" class=\"col medium-8 small-10 large-7\"  >\n\t\t\t\t<div class=\"col-inner text-center\"  >\n\t\t\t\n\t\t\t\n\t<div id=\"text-942271880\" class=\"text\">\n\t\t\n<h1 class=\"uppercase\"><span style=\"font-size: 115%;\">About us<\/span><\/h1>\n<p><span style=\"font-size: 110%;\"><span style=\"font-weight: 400;\">The authentic product is one made by wisely combined materials of different features. Leaning towards that idea, five years ago, we decided to launch Wood &amp; Steel. Our company stands for fresh thinking, an innovative approach to carpentry, an experienced and skilled team, and effectively organized logistics. <\/span><\/span><\/p>\n\t\t\n<style>\n#text-942271880 {\n  font-size: 1.1rem;\n}\n<\/style>\n\t<\/div>\n\t\n\t\t<\/div>\n\t\t\t\t\n<style>\n#col-1353827242 > .col-inner {\n  padding: 40px 0px 0px 0px;\n}\n<\/style>\n\t<\/div>\n\n\t\n<\/div>\n\t\t<\/div>\n\n\t\t\n<style>\n#section_543162970 {\n  padding-top: 30px;\n  padding-bottom: 30px;\n}\n<\/style>\n\t<\/section>\n\t\n\n\t<section class=\"section\" id=\"section_518498615\">\n\t\t<div class=\"section-bg fill\" >\n\t\t\t\t\t\t\t\t\t\n\t\t\t\n\n\t\t<\/div>\n\n\t\t\n\n\t\t<div class=\"section-content relative\">\n\t\t\t\n<div class=\"row align-middle\"  id=\"row-359822604\">\n\n\t<div id=\"col-700197066\" class=\"col medium-4 small-12 large-4\"  >\n\t\t\t\t<div class=\"col-inner\"  >\n\t\t\t\n\t\t\t\n\n  <div class=\"banner has-hover\" id=\"banner-1033271379\">\n          <div class=\"banner-inner fill\">\n        <div class=\"banner-bg fill\" >\n            <img loading=\"lazy\" decoding=\"async\" width=\"626\" height=\"626\" src=\"https:\/\/woodsteel.rs\/wp-content\/uploads\/2020\/02\/Novis-iv-trpezarijski-sto-od-punog-drveta.jpg\" class=\"bg attachment-large size-large\" alt=\"Novis IV - trpezarijski sto od parenog oraha i bru\u0161enog inoxa\" \/>                                    \n                    <\/div>\n\t\t\n        <div class=\"banner-layers container\">\n            <div class=\"fill banner-link\"><\/div>            \n   <div id=\"text-box-871918033\" class=\"text-box banner-layer x50 md-x50 lg-x50 y50 md-y50 lg-y50 res-text\">\n                                <div class=\"text-box-content text dark\">\n              \n              <div class=\"text-inner text-center\">\n                  \n              <\/div>\n           <\/div>\n                            \n<style>\n#text-box-871918033 {\n  width: 60%;\n}\n#text-box-871918033 .text-box-content {\n  font-size: 100%;\n}\n@media (min-width:550px) {\n  #text-box-871918033 {\n    width: 60%;\n  }\n}\n<\/style>\n    <\/div>\n \n        <\/div>\n      <\/div>\n\n            \n<style>\n#banner-1033271379 {\n  padding-top: 250px;\n  background-color: rgb(247, 245, 244);\n}\n@media (min-width:550px) {\n  #banner-1033271379 {\n    padding-top: 99.99%;\n  }\n}\n<\/style>\n  <\/div>\n\n\n\t\t<\/div>\n\t\t\t\t\t<\/div>\n\n\t\n\n\t<div id=\"col-1918212082\" class=\"col medium-4 small-12 large-4\"  >\n\t\t\t\t<div class=\"col-inner\"  >\n\t\t\t\n\t\t\t\n\n  <div class=\"banner has-hover has-parallax\" id=\"banner-1583096327\">\n          <div class=\"banner-inner fill\">\n        <div class=\"banner-bg fill\" data-parallax=\"-6\" data-parallax-container=\".banner\" data-parallax-background>\n            <img loading=\"lazy\" decoding=\"async\" width=\"768\" height=\"960\" src=\"https:\/\/woodsteel.rs\/wp-content\/uploads\/2019\/12\/71225650_474419086447153_1848132776885223424_o.jpg\" class=\"bg attachment-large size-large\" alt=\"\" \/>                                    \n                    <\/div>\n\t\t\n        <div class=\"banner-layers container\">\n            <div class=\"fill banner-link\"><\/div>            \n   <div id=\"text-box-772927931\" class=\"text-box banner-layer x50 md-x50 lg-x50 y50 md-y50 lg-y50 res-text\">\n                                <div class=\"text-box-content text dark\">\n              \n              <div class=\"text-inner text-center\">\n                  \n              <\/div>\n           <\/div>\n                            \n<style>\n#text-box-772927931 {\n  width: 60%;\n}\n#text-box-772927931 .text-box-content {\n  font-size: 100%;\n}\n@media (min-width:550px) {\n  #text-box-772927931 {\n    width: 60%;\n  }\n}\n<\/style>\n    <\/div>\n \n        <\/div>\n      <\/div>\n\n            \n<style>\n#banner-1583096327 {\n  padding-top: 400px;\n  background-color: rgb(247, 245, 244);\n}\n#banner-1583096327 .banner-bg img {\n  object-position: 50% 14%;\n}\n@media (min-width:850px) {\n  #banner-1583096327 {\n    padding-top: 500px;\n  }\n}\n<\/style>\n  <\/div>\n\n\n\t\t<\/div>\n\t\t\t\t\t<\/div>\n\n\t\n\n\t<div id=\"col-2000650147\" class=\"col medium-4 small-12 large-4\"  >\n\t\t\t\t<div class=\"col-inner\"  >\n\t\t\t\n\t\t\t\n\n  <div class=\"banner has-hover\" id=\"banner-2034515476\">\n          <div class=\"banner-inner fill\">\n        <div class=\"banner-bg fill\" >\n            <img loading=\"lazy\" decoding=\"async\" width=\"1020\" height=\"1020\" src=\"https:\/\/woodsteel.rs\/wp-content\/uploads\/2020\/02\/circum-II-drveni-sto-sa-metalnom-konstrukcijom-1024x1024.jpg\" class=\"bg attachment-large size-large\" alt=\"Circum II - trpezarijski sto od parenog oraha i metalne konstrukcije, ru\u010dna izrada name\u0161taja Beograd\" \/>                                    \n                    <\/div>\n\t\t\n        <div class=\"banner-layers container\">\n            <div class=\"fill banner-link\"><\/div>            \n   <div id=\"text-box-2113665226\" class=\"text-box banner-layer x50 md-x50 lg-x50 y50 md-y50 lg-y50 res-text\">\n                                <div class=\"text-box-content text dark\">\n              \n              <div class=\"text-inner text-center\">\n                  \n              <\/div>\n           <\/div>\n                            \n<style>\n#text-box-2113665226 {\n  width: 60%;\n}\n#text-box-2113665226 .text-box-content {\n  font-size: 100%;\n}\n@media (min-width:550px) {\n  #text-box-2113665226 {\n    width: 60%;\n  }\n}\n<\/style>\n    <\/div>\n \n        <\/div>\n      <\/div>\n\n            \n<style>\n#banner-2034515476 {\n  padding-top: 250px;\n  background-color: rgb(247, 245, 244);\n}\n#banner-2034515476 .banner-bg img {\n  object-position: 51% 30%;\n}\n@media (min-width:550px) {\n  #banner-2034515476 {\n    padding-top: 99.99%;\n  }\n}\n<\/style>\n  <\/div>\n\n\n\t\t<\/div>\n\t\t\t\t\t<\/div>\n\n\t\n<\/div>\n\t\t<\/div>\n\n\t\t\n<style>\n#section_518498615 {\n  padding-top: 30px;\n  padding-bottom: 30px;\n}\n<\/style>\n\t<\/section>\n\t\n\n\t<section class=\"section\" id=\"section_944817287\">\n\t\t<div class=\"section-bg fill\" >\n\t\t\t\t\t\t\t\t\t\n\t\t\t\n\n\t\t<\/div>\n\n\t\t\n\n\t\t<div class=\"section-content relative\">\n\t\t\t\n<div class=\"row align-center\"  id=\"row-443305374\">\n\n\t<div id=\"col-830960572\" class=\"col medium-7 small-12 large-7\"  >\n\t\t\t\t<div class=\"col-inner\"  >\n\t\t\t\n\t\t\t\n\t<div id=\"text-1155785885\" class=\"text\">\n\t\t\n<p><span style=\"font-weight: 400; font-size: 110%;\"><a href=\"https:\/\/woodsteel.rs\/en-us\/shop\/\">Wood &amp; Steel<\/a> koncept izrade name\u0161taja predstavlja suptilan prelaz od drveta ka metalu i njihovo spajanje u savr\u0161enu formu industrijskog dizajna.\u00a0<\/span><\/p>\n<p><span style=\"font-weight: 400; font-size: 110%;\">Hand-crafted pieces from our broad assortment signify the compound of the elegance of wood and solidity of metal, making the final articles impressive and chic. We use massive woods of high quality in our production \u2014 walnut, oak, acacia, and ash \u2014 often in fusion with metal, glass, or stainless steel. Functionality, firmness, and smart design of our products will give you an advantage in arranging your home and business space, or a cafe, restaurant, and hotel.\u00a0\u00a0<\/span><\/p>\n<p><span style=\"font-weight: 400; font-size: 110%;\">Pozivamo vas u razgledanje na\u0161eg asortimana. Uverite se iz prve ruke da smo mi idealno re\u0161enje za ure\u0111enje va\u0161eg enterijera. Pratite nas na <span style=\"color: #00aae7;\"><em><a style=\"color: #00aae7;\" href=\"https:\/\/www.instagram.com\/wood_steel_design\/\">instagram<\/a><\/em><\/span>so that you are always up to date with new furniture models<br \/>\n<\/span><\/p>\n\t\t\n<style>\n#text-1155785885 {\n  font-size: 1.2rem;\n}\n<\/style>\n\t<\/div>\n\t\n\t\t<\/div>\n\t\t\t\t\n<style>\n#col-830960572 > .col-inner {\n  margin: 0px 0px -60px 0px;\n}\n<\/style>\n\t<\/div>\n\n\t\n<\/div>\n\t\t<\/div>\n\n\t\t\n<style>\n#section_944817287 {\n  padding-top: 60px;\n  padding-bottom: 60px;\n}\n<\/style>\n\t<\/section>\n\t\n\n\t<section class=\"section\" id=\"section_969031869\">\n\t\t<div class=\"section-bg fill\" >\n\t\t\t\t\t\t\t\t\t\n\t\t\t\n\n\t\t<\/div>\n\n\t\t\n\n\t\t<div class=\"section-content relative\">\n\t\t\t\n<div class=\"row row-solid\"  id=\"row-819397217\">\n\n\t<div id=\"col-752904204\" class=\"col medium-4 small-12 large-4\"  >\n\t\t\t\t<div class=\"col-inner text-center\"  >\n\t\t\t\n\t\t\t\n<h2 style=\"font-size: 200%;\">2015<\/h2>\n<p><span style=\"font-size: 105%;\">Founded<\/span><\/p>\n\t\t<\/div>\n\t\t\t\t\t<\/div>\n\n\t\n\n\t<div id=\"col-538474453\" class=\"col medium-4 small-12 large-4\"  >\n\t\t\t\t<div class=\"col-inner text-center\"  >\n\t\t\t\n\t\t\t\n<h2 style=\"font-size: 200%;\">+1,000<\/h2>\n<p><span style=\"font-size: 105%;\">Pieces of furniture made<\/span><\/p>\n\t\t<\/div>\n\t\t\t\t\t<\/div>\n\n\t\n\n\t<div id=\"col-1638467539\" class=\"col medium-4 small-12 large-4\"  >\n\t\t\t\t<div class=\"col-inner text-center\"  >\n\t\t\t\n\t\t\t\n<h2 style=\"font-size: 200%;\">+100<\/h2>\n<p><span style=\"font-size: 105%;\">Satisfied customers<\/span><\/p>\n\t\t<\/div>\n\t\t\t\t\t<\/div>\n\n\t\n<\/div>\n\t\t<\/div>\n\n\t\t\n<style>\n#section_969031869 {\n  padding-top: 60px;\n  padding-bottom: 60px;\n}\n<\/style>\n\t<\/section>\n\t\n\n\t<section class=\"section dark has-parallax\" id=\"section_333464282\">\n\t\t<div class=\"section-bg fill\" data-parallax-container=\".section\" data-parallax-background data-parallax=\"-7\">\n\t\t\t<img loading=\"lazy\" decoding=\"async\" width=\"2560\" height=\"1706\" src=\"https:\/\/woodsteel.rs\/wp-content\/uploads\/2019\/12\/drew-coffman-jUOaONoXJQk-unsplash-scaled.jpg\" class=\"bg attachment- size-\" alt=\"\" \/>\t\t\t\t\t\t\n\t\t\t\n\n\t\t<\/div>\n\n\t\t\n\n\t\t<div class=\"section-content relative\">\n\t\t\t\n<div class=\"row row-collapse align-center\"  id=\"row-1302110828\">\n\n\t<div id=\"col-1211846137\" class=\"col medium-7 small-10 large-6\"  >\n\t\t\t\t<div class=\"col-inner text-center\"  >\n\t\t\t\n\t\t\t\n<h2 style=\"font-size: 220%;\">\"High quality hand-made work, brought to perfection.\"<\/h2>\n<p>&nbsp;<\/p>\n\t\t<\/div>\n\t\t\t\t\t<\/div>\n\n\t\n<\/div>\n\t\t<\/div>\n\n\t\t\n<style>\n#section_333464282 {\n  padding-top: 120px;\n  padding-bottom: 120px;\n  background-color: rgb(247, 245, 244);\n}\n#section_333464282 .section-bg img {\n  object-position: 47% 33%;\n}\n<\/style>\n\t<\/section>\n\t\n\n\t<section class=\"section\" id=\"section_1205045450\">\n\t\t<div class=\"section-bg fill\" >\n\t\t\t\t\t\t\t\t\t\n\t\t\t\n\n\t\t<\/div>\n\n\t\t\n\n\t\t<div class=\"section-content relative\">\n\t\t\t\n\t<div id=\"gap-1078185831\" class=\"gap-element clearfix\" style=\"display:block; height:auto;\">\n\t\t\n<style>\n#gap-1078185831 {\n  padding-top: 60px;\n}\n<\/style>\n\t<\/div>\n\t\n<div class=\"row row-large align-middle\"  id=\"row-1274022490\">\n\n\t<div id=\"col-1725043721\" class=\"col medium-5 small-12 large-5\"  >\n\t\t\t\t<div class=\"col-inner\"  >\n\t\t\t\n\t\t\t\n\n  <div class=\"banner has-hover\" id=\"banner-495480171\">\n          <div class=\"banner-inner fill\">\n        <div class=\"banner-bg fill\" >\n            <img loading=\"lazy\" decoding=\"async\" width=\"683\" height=\"1024\" src=\"https:\/\/woodsteel.rs\/wp-content\/uploads\/2019\/12\/johan-mouchet-1qFmB3sZPSo-unsplash-683x1024.jpg\" class=\"bg attachment-large size-large\" alt=\"\" \/>                                    \n                    <\/div>\n\t\t\n        <div class=\"banner-layers container\">\n            <div class=\"fill banner-link\"><\/div>            \n   <div id=\"text-box-529413234\" class=\"text-box banner-layer x50 md-x50 lg-x50 y50 md-y50 lg-y50 res-text\">\n                                <div class=\"text-box-content text dark\">\n              \n              <div class=\"text-inner text-center\">\n                  \n              <\/div>\n           <\/div>\n                            \n<style>\n#text-box-529413234 {\n  width: 60%;\n}\n#text-box-529413234 .text-box-content {\n  font-size: 100%;\n}\n@media (min-width:550px) {\n  #text-box-529413234 {\n    width: 60%;\n  }\n}\n<\/style>\n    <\/div>\n \n        <\/div>\n      <\/div>\n\n            \n<style>\n#banner-495480171 {\n  padding-top: 500px;\n  background-color: rgb(247, 245, 244);\n}\n#banner-495480171 .banner-bg img {\n  object-position: 100% 80%;\n}\n<\/style>\n  <\/div>\n\n\n\t\t<\/div>\n\t\t\t\t\t<\/div>\n\n\t\n\n\t<div id=\"col-236392737\" class=\"col medium-7 small-12 large-7\"  >\n\t\t\t\t<div class=\"col-inner\"  >\n\t\t\t\n\t\t\t\n<blockquote style=\"font-style: normal;\"><p><span style=\"font-size: 105%;\">We are inviting you to discover an entire world of original pieces of furniture, which has been created out of two elements only, but with lots of curiosity and creativity.<\/span><\/p><\/blockquote>\n<div class=\"row align-right\"  id=\"row-76665575\">\n\n\t<div id=\"col-2084015347\" class=\"col medium-4 small-4 large-3\"  >\n\t\t\t\t<div class=\"col-inner\"  >\n\t\t\t\n\t\t\t\n\t<div class=\"img has-hover x md-x lg-x y md-y lg-y\" id=\"image_916199082\">\n\t\t\t\t\t\t\t\t<div class=\"img-inner dark\" >\n\t\t\t<img loading=\"lazy\" decoding=\"async\" width=\"588\" height=\"541\" src=\"https:\/\/woodsteel.rs\/wp-content\/uploads\/2019\/12\/signature.png\" class=\"attachment-large size-large\" alt=\"\" srcset=\"https:\/\/woodsteel.rs\/wp-content\/uploads\/2019\/12\/signature.png 588w, https:\/\/woodsteel.rs\/wp-content\/uploads\/2019\/12\/signature-510x469.png 510w, https:\/\/woodsteel.rs\/wp-content\/uploads\/2019\/12\/signature-300x276.png 300w\" sizes=\"auto, (max-width: 588px) 100vw, 588px\" \/>\t\t\t\t\t\t\n\t\t\t\t\t<\/div>\n\t\t\t\t\t\t\t\t\n<style>\n#image_916199082 {\n  width: 100%;\n}\n<\/style>\n\t<\/div>\n\t\n\t<div class=\"img has-hover x md-x lg-x y md-y lg-y\" id=\"image_454863635\">\n\t\t\t\t\t\t\t\t<div class=\"img-inner dark\" >\n\t\t\t<img loading=\"lazy\" decoding=\"async\" width=\"779\" height=\"776\" src=\"https:\/\/woodsteel.rs\/wp-content\/uploads\/2019\/12\/logo-ISPRAVAK.png\" class=\"attachment-large size-large\" alt=\"\" srcset=\"https:\/\/woodsteel.rs\/wp-content\/uploads\/2019\/12\/logo-ISPRAVAK.png 779w, https:\/\/woodsteel.rs\/wp-content\/uploads\/2019\/12\/logo-ISPRAVAK-247x247.png 247w, https:\/\/woodsteel.rs\/wp-content\/uploads\/2019\/12\/logo-ISPRAVAK-100x100.png 100w, https:\/\/woodsteel.rs\/wp-content\/uploads\/2019\/12\/logo-ISPRAVAK-510x508.png 510w, https:\/\/woodsteel.rs\/wp-content\/uploads\/2019\/12\/logo-ISPRAVAK-300x300.png 300w, https:\/\/woodsteel.rs\/wp-content\/uploads\/2019\/12\/logo-ISPRAVAK-150x150.png 150w, https:\/\/woodsteel.rs\/wp-content\/uploads\/2019\/12\/logo-ISPRAVAK-768x765.png 768w\" sizes=\"auto, (max-width: 779px) 100vw, 779px\" \/>\t\t\t\t\t\t\n\t\t\t\t\t<\/div>\n\t\t\t\t\t\t\t\t\n<style>\n#image_454863635 {\n  width: 100%;\n}\n<\/style>\n\t<\/div>\n\t\n\t\t<\/div>\n\t\t\t\t\n<style>\n#col-2084015347 > .col-inner {\n  margin: -60px 0px 0px 0px;\n}\n<\/style>\n\t<\/div>\n\n\t\n<\/div>\n\t\t<\/div>\n\t\t\t\t\t<\/div>\n\n\t\n\n<style>\n#row-1274022490 > .col > .col-inner {\n  padding: 0px 10px 0px 10px;\n}\n@media (min-width:850px) {\n  #row-1274022490 > .col > .col-inner {\n    padding: 0px 40px 0px 40px;\n  }\n}\n<\/style>\n<\/div>\n\t\t<\/div>\n\n\t\t\n<style>\n#section_1205045450 {\n  padding-top: 80px;\n  padding-bottom: 80px;\n}\n<\/style>\n\t<\/section>","protected":false},"excerpt":{"rendered":"","protected":false},"author":1,"featured_media":3127,"parent":0,"menu_order":4,"comment_status":"closed","ping_status":"closed","template":"page-blank.php","meta":{"_monsterinsights_skip_tracking":false,"_monsterinsights_sitenote_active":false,"_monsterinsights_sitenote_note":"","_monsterinsights_sitenote_category":0,"footnotes":""},"class_list":["post-30","page","type-page","status-publish","has-post-thumbnail","hentry"],"yoast_head":"<!-- This site is optimized with the Yoast SEO plugin v27.4 - https:\/\/yoast.com\/product\/yoast-seo-wordpress\/ -->\n<title>O nama - Izrada name\u0161taja po meri - Beograd<\/title>\n<meta name=\"description\" content=\"O nama malo informacija. Ko smo mi, kakav je name\u0161taj koji pravimo, kakav je materijal koji biramo. Ru\u010dno izra\u0111eni komadi name\u0161taja.\" \/>\n<meta name=\"robots\" content=\"index, follow, max-snippet:-1, max-image-preview:large, max-video-preview:-1\" \/>\n<link rel=\"canonical\" href=\"https:\/\/woodsteel.rs\/en-us\/o-nama\/\" \/>\n<meta property=\"og:locale\" content=\"en_US\" \/>\n<meta property=\"og:type\" content=\"article\" \/>\n<meta property=\"og:title\" content=\"O nama - Izrada name\u0161taja po meri - Beograd\" \/>\n<meta property=\"og:description\" content=\"O nama malo informacija. Ko smo mi, kakav je name\u0161taj koji pravimo, kakav je materijal koji biramo. Ru\u010dno izra\u0111eni komadi name\u0161taja.\" \/>\n<meta property=\"og:url\" content=\"https:\/\/woodsteel.rs\/en-us\/o-nama\/\" \/>\n<meta property=\"og:site_name\" content=\"WoodSteel\" \/>\n<meta property=\"article:publisher\" content=\"https:\/\/www.facebook.com\/woodsteeldesign\" \/>\n<meta property=\"article:modified_time\" content=\"2023-06-02T16:16:45+00:00\" \/>\n<meta property=\"og:image\" content=\"https:\/\/woodsteel.rs\/wp-content\/uploads\/2023\/03\/logo.jpg\" \/>\n\t<meta property=\"og:image:width\" content=\"767\" \/>\n\t<meta property=\"og:image:height\" content=\"761\" \/>\n\t<meta property=\"og:image:type\" content=\"image\/jpeg\" \/>\n<meta name=\"twitter:label1\" content=\"Est. reading time\" \/>\n\t<meta name=\"twitter:data1\" content=\"3 minutes\" \/>\n<script type=\"application\/ld+json\" class=\"yoast-schema-graph\">{\"@context\":\"https:\\\/\\\/schema.org\",\"@graph\":[{\"@type\":\"WebPage\",\"@id\":\"https:\\\/\\\/woodsteel.rs\\\/o-nama\\\/\",\"url\":\"https:\\\/\\\/woodsteel.rs\\\/o-nama\\\/\",\"name\":\"O nama - Izrada name\u0161taja po meri - Beograd\",\"isPartOf\":{\"@id\":\"https:\\\/\\\/woodsteel.rs\\\/#website\"},\"primaryImageOfPage\":{\"@id\":\"https:\\\/\\\/woodsteel.rs\\\/o-nama\\\/#primaryimage\"},\"image\":{\"@id\":\"https:\\\/\\\/woodsteel.rs\\\/o-nama\\\/#primaryimage\"},\"thumbnailUrl\":\"https:\\\/\\\/woodsteel.rs\\\/wp-content\\\/uploads\\\/2023\\\/03\\\/logo.jpg\",\"datePublished\":\"2019-12-28T14:34:37+00:00\",\"dateModified\":\"2023-06-02T16:16:45+00:00\",\"description\":\"O nama malo informacija. Ko smo mi, kakav je name\u0161taj koji pravimo, kakav je materijal koji biramo. Ru\u010dno izra\u0111eni komadi name\u0161taja.\",\"breadcrumb\":{\"@id\":\"https:\\\/\\\/woodsteel.rs\\\/o-nama\\\/#breadcrumb\"},\"inLanguage\":\"en-US\",\"potentialAction\":[{\"@type\":\"ReadAction\",\"target\":[\"https:\\\/\\\/woodsteel.rs\\\/o-nama\\\/\"]}]},{\"@type\":\"ImageObject\",\"inLanguage\":\"en-US\",\"@id\":\"https:\\\/\\\/woodsteel.rs\\\/o-nama\\\/#primaryimage\",\"url\":\"https:\\\/\\\/woodsteel.rs\\\/wp-content\\\/uploads\\\/2023\\\/03\\\/logo.jpg\",\"contentUrl\":\"https:\\\/\\\/woodsteel.rs\\\/wp-content\\\/uploads\\\/2023\\\/03\\\/logo.jpg\",\"width\":767,\"height\":761,\"caption\":\"Logo woodsteel Beograd\"},{\"@type\":\"BreadcrumbList\",\"@id\":\"https:\\\/\\\/woodsteel.rs\\\/o-nama\\\/#breadcrumb\",\"itemListElement\":[{\"@type\":\"ListItem\",\"position\":1,\"name\":\"Po\u010detna\",\"item\":\"https:\\\/\\\/woodsteel.rs\\\/\"},{\"@type\":\"ListItem\",\"position\":2,\"name\":\"O nama\"}]},{\"@type\":\"WebSite\",\"@id\":\"https:\\\/\\\/woodsteel.rs\\\/#website\",\"url\":\"https:\\\/\\\/woodsteel.rs\\\/\",\"name\":\"WoodSteel\",\"description\":\"\",\"publisher\":{\"@id\":\"https:\\\/\\\/woodsteel.rs\\\/#organization\"},\"potentialAction\":[{\"@type\":\"SearchAction\",\"target\":{\"@type\":\"EntryPoint\",\"urlTemplate\":\"https:\\\/\\\/woodsteel.rs\\\/?s={search_term_string}\"},\"query-input\":{\"@type\":\"PropertyValueSpecification\",\"valueRequired\":true,\"valueName\":\"search_term_string\"}}],\"inLanguage\":\"en-US\"},{\"@type\":\"Organization\",\"@id\":\"https:\\\/\\\/woodsteel.rs\\\/#organization\",\"name\":\"Wood&Steel\",\"url\":\"https:\\\/\\\/woodsteel.rs\\\/\",\"logo\":{\"@type\":\"ImageObject\",\"inLanguage\":\"en-US\",\"@id\":\"https:\\\/\\\/woodsteel.rs\\\/#\\\/schema\\\/logo\\\/image\\\/\",\"url\":\"https:\\\/\\\/woodsteel.rs\\\/wp-content\\\/uploads\\\/2019\\\/12\\\/logo-ISPRAVAK.png\",\"contentUrl\":\"https:\\\/\\\/woodsteel.rs\\\/wp-content\\\/uploads\\\/2019\\\/12\\\/logo-ISPRAVAK.png\",\"width\":779,\"height\":776,\"caption\":\"Wood&Steel\"},\"image\":{\"@id\":\"https:\\\/\\\/woodsteel.rs\\\/#\\\/schema\\\/logo\\\/image\\\/\"},\"sameAs\":[\"https:\\\/\\\/www.facebook.com\\\/woodsteeldesign\",\"https:\\\/\\\/www.instagram.com\\\/wood_steel_design\\\/\"]}]}<\/script>\n<!-- \/ Yoast SEO plugin. -->","yoast_head_json":{"title":"O nama - Izrada name\u0161taja po meri - Beograd","description":"O nama malo informacija. Ko smo mi, kakav je name\u0161taj koji pravimo, kakav je materijal koji biramo. Ru\u010dno izra\u0111eni komadi name\u0161taja.","robots":{"index":"index","follow":"follow","max-snippet":"max-snippet:-1","max-image-preview":"max-image-preview:large","max-video-preview":"max-video-preview:-1"},"canonical":"https:\/\/woodsteel.rs\/en-us\/o-nama\/","og_locale":"en_US","og_type":"article","og_title":"O nama - Izrada name\u0161taja po meri - Beograd","og_description":"O nama malo informacija. Ko smo mi, kakav je name\u0161taj koji pravimo, kakav je materijal koji biramo. Ru\u010dno izra\u0111eni komadi name\u0161taja.","og_url":"https:\/\/woodsteel.rs\/en-us\/o-nama\/","og_site_name":"WoodSteel","article_publisher":"https:\/\/www.facebook.com\/woodsteeldesign","article_modified_time":"2023-06-02T16:16:45+00:00","og_image":[{"width":767,"height":761,"url":"https:\/\/woodsteel.rs\/wp-content\/uploads\/2023\/03\/logo.jpg","type":"image\/jpeg"}],"twitter_misc":{"Est. reading time":"3 minutes"},"schema":{"@context":"https:\/\/schema.org","@graph":[{"@type":"WebPage","@id":"https:\/\/woodsteel.rs\/o-nama\/","url":"https:\/\/woodsteel.rs\/o-nama\/","name":"O nama - Izrada name\u0161taja po meri - Beograd","isPartOf":{"@id":"https:\/\/woodsteel.rs\/#website"},"primaryImageOfPage":{"@id":"https:\/\/woodsteel.rs\/o-nama\/#primaryimage"},"image":{"@id":"https:\/\/woodsteel.rs\/o-nama\/#primaryimage"},"thumbnailUrl":"https:\/\/woodsteel.rs\/wp-content\/uploads\/2023\/03\/logo.jpg","datePublished":"2019-12-28T14:34:37+00:00","dateModified":"2023-06-02T16:16:45+00:00","description":"O nama malo informacija. Ko smo mi, kakav je name\u0161taj koji pravimo, kakav je materijal koji biramo. Ru\u010dno izra\u0111eni komadi name\u0161taja.","breadcrumb":{"@id":"https:\/\/woodsteel.rs\/o-nama\/#breadcrumb"},"inLanguage":"en-US","potentialAction":[{"@type":"ReadAction","target":["https:\/\/woodsteel.rs\/o-nama\/"]}]},{"@type":"ImageObject","inLanguage":"en-US","@id":"https:\/\/woodsteel.rs\/o-nama\/#primaryimage","url":"https:\/\/woodsteel.rs\/wp-content\/uploads\/2023\/03\/logo.jpg","contentUrl":"https:\/\/woodsteel.rs\/wp-content\/uploads\/2023\/03\/logo.jpg","width":767,"height":761,"caption":"Logo woodsteel Beograd"},{"@type":"BreadcrumbList","@id":"https:\/\/woodsteel.rs\/o-nama\/#breadcrumb","itemListElement":[{"@type":"ListItem","position":1,"name":"Po\u010detna","item":"https:\/\/woodsteel.rs\/"},{"@type":"ListItem","position":2,"name":"O nama"}]},{"@type":"WebSite","@id":"https:\/\/woodsteel.rs\/#website","url":"https:\/\/woodsteel.rs\/","name":"WoodSteel","description":"","publisher":{"@id":"https:\/\/woodsteel.rs\/#organization"},"potentialAction":[{"@type":"SearchAction","target":{"@type":"EntryPoint","urlTemplate":"https:\/\/woodsteel.rs\/?s={search_term_string}"},"query-input":{"@type":"PropertyValueSpecification","valueRequired":true,"valueName":"search_term_string"}}],"inLanguage":"en-US"},{"@type":"Organization","@id":"https:\/\/woodsteel.rs\/#organization","name":"Wood&Steel","url":"https:\/\/woodsteel.rs\/","logo":{"@type":"ImageObject","inLanguage":"en-US","@id":"https:\/\/woodsteel.rs\/#\/schema\/logo\/image\/","url":"https:\/\/woodsteel.rs\/wp-content\/uploads\/2019\/12\/logo-ISPRAVAK.png","contentUrl":"https:\/\/woodsteel.rs\/wp-content\/uploads\/2019\/12\/logo-ISPRAVAK.png","width":779,"height":776,"caption":"Wood&Steel"},"image":{"@id":"https:\/\/woodsteel.rs\/#\/schema\/logo\/image\/"},"sameAs":["https:\/\/www.facebook.com\/woodsteeldesign","https:\/\/www.instagram.com\/wood_steel_design\/"]}]}},"_links":{"self":[{"href":"https:\/\/woodsteel.rs\/en-us\/wp-json\/wp\/v2\/pages\/30","targetHints":{"allow":["GET"]}}],"collection":[{"href":"https:\/\/woodsteel.rs\/en-us\/wp-json\/wp\/v2\/pages"}],"about":[{"href":"https:\/\/woodsteel.rs\/en-us\/wp-json\/wp\/v2\/types\/page"}],"author":[{"embeddable":true,"href":"https:\/\/woodsteel.rs\/en-us\/wp-json\/wp\/v2\/users\/1"}],"replies":[{"embeddable":true,"href":"https:\/\/woodsteel.rs\/en-us\/wp-json\/wp\/v2\/comments?post=30"}],"version-history":[{"count":30,"href":"https:\/\/woodsteel.rs\/en-us\/wp-json\/wp\/v2\/pages\/30\/revisions"}],"predecessor-version":[{"id":3195,"href":"https:\/\/woodsteel.rs\/en-us\/wp-json\/wp\/v2\/pages\/30\/revisions\/3195"}],"wp:featuredmedia":[{"embeddable":true,"href":"https:\/\/woodsteel.rs\/en-us\/wp-json\/wp\/v2\/media\/3127"}],"wp:attachment":[{"href":"https:\/\/woodsteel.rs\/en-us\/wp-json\/wp\/v2\/media?parent=30"}],"curies":[{"name":"wp","href":"https:\/\/api.w.org\/{rel}","templated":true}]}}