{"id":1042,"date":"2020-04-26T13:38:30","date_gmt":"2020-04-26T11:38:30","guid":{"rendered":"http:\/\/woodsteel.rs\/?post_type=product&#038;p=1042"},"modified":"2023-03-14T14:11:54","modified_gmt":"2023-03-14T13:11:54","slug":"ovum-klub-sto","status":"publish","type":"product","link":"https:\/\/woodsteel.rs\/en-us\/shop\/ovum-klub-sto\/","title":{"rendered":"Ovum \u2013 coffee table"},"content":{"rendered":"<p>Ovum &#8211; klub sto je idealan sto\u010di\u0107 za manji dnevni boravak. Lako se uklapa u razne stilove, jer je spoj minimalisti\u010dnog i elegantnog izgleda. Pri izradi ovog klub stola kori\u0161\u0107en je kvalitetan pareni orah dok je konstrukcija napravljena od plastificiranog metala. Pre\u010dnik klub stola sa slike je 80cm i podlo\u017ean je promenama. Pored Hrasta, drvo Oraha je drugi po redu materijal koji koristimo u izradi stolova.<\/p>\n<p><strong>Dimensions:<\/strong> diameter 80 cm.<\/p>\n<p><strong>Material:<\/strong> Material: Steamed walnut, plasticized metal.<\/p>\n<p>&nbsp;<\/p>\n<p>Note: price and dimensions may vary.<\/p>\n<p>&nbsp;<\/p>\n<p>Follow us on <em><strong><a href=\"https:\/\/www.instagram.com\/wood_steel_design\/\">instagram<\/a><\/strong><\/em>, kako biste uvek bili u toku sa novim modelima klub stolova. Ili nas <a href=\"https:\/\/woodsteel.rs\/en-us\/kontakt\/\">kontaktirajte<\/a> ve\u0107 danas, kako bismo zajedno dizajnirali i izradili Va\u0161 klub sto.<\/p>","protected":false},"excerpt":{"rendered":"<p><span style=\"font-size: 110%;\">The Ovum coffee table is an ideal table for a smaller living room. It easily fits into various styles, because it is a combination of minimalist and elegant look. In making this table, quality steamed walnut was used, while the construction was made of plasticized metal. The diameter of the table from the picture is 80 cm and is subject to change.<\/span><\/p>\n<p><span style=\"font-size: 110%;\"><strong>Dimensions:<\/strong> diameter 80 cm.<\/span><\/p>\n<p><span style=\"font-size: 110%;\"><strong>Material:<\/strong> Material: Steamed walnut, plasticized metal.<\/span><\/p>\n<p>&nbsp;<\/p>\n<p>Note: price and dimensions may vary.<\/p>","protected":false},"featured_media":1043,"template":"","meta":{"_monsterinsights_skip_tracking":false,"_monsterinsights_sitenote_active":false,"_monsterinsights_sitenote_note":"","_monsterinsights_sitenote_category":0},"product_brand":[],"product_cat":[34],"product_tag":[],"class_list":{"0":"post-1042","1":"product","2":"type-product","3":"status-publish","4":"has-post-thumbnail","6":"product_cat-klub-sto","8":"first","9":"instock","10":"shipping-taxable","11":"product-type-simple"},"yoast_head":"<!-- This site is optimized with the Yoast SEO plugin v27.4 - https:\/\/yoast.com\/product\/yoast-seo-wordpress\/ -->\n<title>Ovum - klub sto - WoodSteel<\/title>\n<meta name=\"description\" content=\"Ovum - klub sto je izra\u0111en od parenog Oraha. Pre\u010dnika 80 cm. Dimenzije su podlo\u017ene promenama u zavisnosti od Va\u0161ih potreba.\" \/>\n<meta name=\"robots\" content=\"index, follow, max-snippet:-1, max-image-preview:large, max-video-preview:-1\" \/>\n<link rel=\"canonical\" href=\"https:\/\/woodsteel.rs\/en-us\/shop\/ovum-klub-sto\/\" \/>\n<meta property=\"og:locale\" content=\"en_US\" \/>\n<meta property=\"og:type\" content=\"article\" \/>\n<meta property=\"og:title\" content=\"Ovum - klub sto - WoodSteel\" \/>\n<meta property=\"og:description\" content=\"Ovum - klub sto je izra\u0111en od parenog Oraha. Pre\u010dnika 80 cm. Dimenzije su podlo\u017ene promenama u zavisnosti od Va\u0161ih potreba.\" \/>\n<meta property=\"og:url\" content=\"https:\/\/woodsteel.rs\/en-us\/shop\/ovum-klub-sto\/\" \/>\n<meta property=\"og:site_name\" content=\"WoodSteel\" \/>\n<meta property=\"article:publisher\" content=\"https:\/\/www.facebook.com\/woodsteeldesign\" \/>\n<meta property=\"article:modified_time\" content=\"2023-03-14T13:11:54+00:00\" \/>\n<meta property=\"og:image\" content=\"https:\/\/woodsteel.rs\/wp-content\/uploads\/2020\/04\/60450558765__58C2EA09-9294-42D3-B5FB-65398A8639A3-scaled.jpg\" \/>\n\t<meta property=\"og:image:width\" content=\"2560\" \/>\n\t<meta property=\"og:image:height\" content=\"2560\" \/>\n\t<meta property=\"og:image:type\" content=\"image\/jpeg\" \/>\n<meta name=\"twitter:label1\" content=\"Est. reading time\" \/>\n\t<meta name=\"twitter:data1\" content=\"1 minute\" \/>\n<script type=\"application\/ld+json\" class=\"yoast-schema-graph\">{\"@context\":\"https:\\\/\\\/schema.org\",\"@graph\":[{\"@type\":\"WebPage\",\"@id\":\"https:\\\/\\\/woodsteel.rs\\\/shop\\\/ovum-klub-sto\\\/\",\"url\":\"https:\\\/\\\/woodsteel.rs\\\/shop\\\/ovum-klub-sto\\\/\",\"name\":\"Ovum - klub sto - WoodSteel\",\"isPartOf\":{\"@id\":\"https:\\\/\\\/woodsteel.rs\\\/#website\"},\"primaryImageOfPage\":{\"@id\":\"https:\\\/\\\/woodsteel.rs\\\/shop\\\/ovum-klub-sto\\\/#primaryimage\"},\"image\":{\"@id\":\"https:\\\/\\\/woodsteel.rs\\\/shop\\\/ovum-klub-sto\\\/#primaryimage\"},\"thumbnailUrl\":\"https:\\\/\\\/woodsteel.rs\\\/wp-content\\\/uploads\\\/2020\\\/04\\\/60450558765__58C2EA09-9294-42D3-B5FB-65398A8639A3-scaled.jpg\",\"datePublished\":\"2020-04-26T11:38:30+00:00\",\"dateModified\":\"2023-03-14T13:11:54+00:00\",\"description\":\"Ovum - klub sto je izra\u0111en od parenog Oraha. Pre\u010dnika 80 cm. Dimenzije su podlo\u017ene promenama u zavisnosti od Va\u0161ih potreba.\",\"breadcrumb\":{\"@id\":\"https:\\\/\\\/woodsteel.rs\\\/shop\\\/ovum-klub-sto\\\/#breadcrumb\"},\"inLanguage\":\"en-US\",\"potentialAction\":[{\"@type\":\"ReadAction\",\"target\":[\"https:\\\/\\\/woodsteel.rs\\\/shop\\\/ovum-klub-sto\\\/\"]}]},{\"@type\":\"ImageObject\",\"inLanguage\":\"en-US\",\"@id\":\"https:\\\/\\\/woodsteel.rs\\\/shop\\\/ovum-klub-sto\\\/#primaryimage\",\"url\":\"https:\\\/\\\/woodsteel.rs\\\/wp-content\\\/uploads\\\/2020\\\/04\\\/60450558765__58C2EA09-9294-42D3-B5FB-65398A8639A3-scaled.jpg\",\"contentUrl\":\"https:\\\/\\\/woodsteel.rs\\\/wp-content\\\/uploads\\\/2020\\\/04\\\/60450558765__58C2EA09-9294-42D3-B5FB-65398A8639A3-scaled.jpg\",\"width\":2560,\"height\":2560,\"caption\":\"Ovum klub sto\"},{\"@type\":\"BreadcrumbList\",\"@id\":\"https:\\\/\\\/woodsteel.rs\\\/shop\\\/ovum-klub-sto\\\/#breadcrumb\",\"itemListElement\":[{\"@type\":\"ListItem\",\"position\":1,\"name\":\"Po\u010detna\",\"item\":\"https:\\\/\\\/woodsteel.rs\\\/\"},{\"@type\":\"ListItem\",\"position\":2,\"name\":\"Proizvodi\",\"item\":\"https:\\\/\\\/woodsteel.rs\\\/shop\\\/\"},{\"@type\":\"ListItem\",\"position\":3,\"name\":\"Ovum &#8211; klub sto\"}]},{\"@type\":\"WebSite\",\"@id\":\"https:\\\/\\\/woodsteel.rs\\\/#website\",\"url\":\"https:\\\/\\\/woodsteel.rs\\\/\",\"name\":\"WoodSteel\",\"description\":\"\",\"publisher\":{\"@id\":\"https:\\\/\\\/woodsteel.rs\\\/#organization\"},\"potentialAction\":[{\"@type\":\"SearchAction\",\"target\":{\"@type\":\"EntryPoint\",\"urlTemplate\":\"https:\\\/\\\/woodsteel.rs\\\/?s={search_term_string}\"},\"query-input\":{\"@type\":\"PropertyValueSpecification\",\"valueRequired\":true,\"valueName\":\"search_term_string\"}}],\"inLanguage\":\"en-US\"},{\"@type\":\"Organization\",\"@id\":\"https:\\\/\\\/woodsteel.rs\\\/#organization\",\"name\":\"Wood&Steel\",\"url\":\"https:\\\/\\\/woodsteel.rs\\\/\",\"logo\":{\"@type\":\"ImageObject\",\"inLanguage\":\"en-US\",\"@id\":\"https:\\\/\\\/woodsteel.rs\\\/#\\\/schema\\\/logo\\\/image\\\/\",\"url\":\"https:\\\/\\\/woodsteel.rs\\\/wp-content\\\/uploads\\\/2019\\\/12\\\/logo-ISPRAVAK.png\",\"contentUrl\":\"https:\\\/\\\/woodsteel.rs\\\/wp-content\\\/uploads\\\/2019\\\/12\\\/logo-ISPRAVAK.png\",\"width\":779,\"height\":776,\"caption\":\"Wood&Steel\"},\"image\":{\"@id\":\"https:\\\/\\\/woodsteel.rs\\\/#\\\/schema\\\/logo\\\/image\\\/\"},\"sameAs\":[\"https:\\\/\\\/www.facebook.com\\\/woodsteeldesign\",\"https:\\\/\\\/www.instagram.com\\\/wood_steel_design\\\/\"]}]}<\/script>\n<!-- \/ Yoast SEO plugin. -->","yoast_head_json":{"title":"Ovum - klub sto - WoodSteel","description":"Ovum - klub sto je izra\u0111en od parenog Oraha. Pre\u010dnika 80 cm. Dimenzije su podlo\u017ene promenama u zavisnosti od Va\u0161ih potreba.","robots":{"index":"index","follow":"follow","max-snippet":"max-snippet:-1","max-image-preview":"max-image-preview:large","max-video-preview":"max-video-preview:-1"},"canonical":"https:\/\/woodsteel.rs\/en-us\/shop\/ovum-klub-sto\/","og_locale":"en_US","og_type":"article","og_title":"Ovum - klub sto - WoodSteel","og_description":"Ovum - klub sto je izra\u0111en od parenog Oraha. Pre\u010dnika 80 cm. Dimenzije su podlo\u017ene promenama u zavisnosti od Va\u0161ih potreba.","og_url":"https:\/\/woodsteel.rs\/en-us\/shop\/ovum-klub-sto\/","og_site_name":"WoodSteel","article_publisher":"https:\/\/www.facebook.com\/woodsteeldesign","article_modified_time":"2023-03-14T13:11:54+00:00","og_image":[{"width":2560,"height":2560,"url":"https:\/\/woodsteel.rs\/wp-content\/uploads\/2020\/04\/60450558765__58C2EA09-9294-42D3-B5FB-65398A8639A3-scaled.jpg","type":"image\/jpeg"}],"twitter_misc":{"Est. reading time":"1 minute"},"schema":{"@context":"https:\/\/schema.org","@graph":[{"@type":"WebPage","@id":"https:\/\/woodsteel.rs\/shop\/ovum-klub-sto\/","url":"https:\/\/woodsteel.rs\/shop\/ovum-klub-sto\/","name":"Ovum - klub sto - WoodSteel","isPartOf":{"@id":"https:\/\/woodsteel.rs\/#website"},"primaryImageOfPage":{"@id":"https:\/\/woodsteel.rs\/shop\/ovum-klub-sto\/#primaryimage"},"image":{"@id":"https:\/\/woodsteel.rs\/shop\/ovum-klub-sto\/#primaryimage"},"thumbnailUrl":"https:\/\/woodsteel.rs\/wp-content\/uploads\/2020\/04\/60450558765__58C2EA09-9294-42D3-B5FB-65398A8639A3-scaled.jpg","datePublished":"2020-04-26T11:38:30+00:00","dateModified":"2023-03-14T13:11:54+00:00","description":"Ovum - klub sto je izra\u0111en od parenog Oraha. Pre\u010dnika 80 cm. Dimenzije su podlo\u017ene promenama u zavisnosti od Va\u0161ih potreba.","breadcrumb":{"@id":"https:\/\/woodsteel.rs\/shop\/ovum-klub-sto\/#breadcrumb"},"inLanguage":"en-US","potentialAction":[{"@type":"ReadAction","target":["https:\/\/woodsteel.rs\/shop\/ovum-klub-sto\/"]}]},{"@type":"ImageObject","inLanguage":"en-US","@id":"https:\/\/woodsteel.rs\/shop\/ovum-klub-sto\/#primaryimage","url":"https:\/\/woodsteel.rs\/wp-content\/uploads\/2020\/04\/60450558765__58C2EA09-9294-42D3-B5FB-65398A8639A3-scaled.jpg","contentUrl":"https:\/\/woodsteel.rs\/wp-content\/uploads\/2020\/04\/60450558765__58C2EA09-9294-42D3-B5FB-65398A8639A3-scaled.jpg","width":2560,"height":2560,"caption":"Ovum klub sto"},{"@type":"BreadcrumbList","@id":"https:\/\/woodsteel.rs\/shop\/ovum-klub-sto\/#breadcrumb","itemListElement":[{"@type":"ListItem","position":1,"name":"Po\u010detna","item":"https:\/\/woodsteel.rs\/"},{"@type":"ListItem","position":2,"name":"Proizvodi","item":"https:\/\/woodsteel.rs\/shop\/"},{"@type":"ListItem","position":3,"name":"Ovum &#8211; klub sto"}]},{"@type":"WebSite","@id":"https:\/\/woodsteel.rs\/#website","url":"https:\/\/woodsteel.rs\/","name":"WoodSteel","description":"","publisher":{"@id":"https:\/\/woodsteel.rs\/#organization"},"potentialAction":[{"@type":"SearchAction","target":{"@type":"EntryPoint","urlTemplate":"https:\/\/woodsteel.rs\/?s={search_term_string}"},"query-input":{"@type":"PropertyValueSpecification","valueRequired":true,"valueName":"search_term_string"}}],"inLanguage":"en-US"},{"@type":"Organization","@id":"https:\/\/woodsteel.rs\/#organization","name":"Wood&Steel","url":"https:\/\/woodsteel.rs\/","logo":{"@type":"ImageObject","inLanguage":"en-US","@id":"https:\/\/woodsteel.rs\/#\/schema\/logo\/image\/","url":"https:\/\/woodsteel.rs\/wp-content\/uploads\/2019\/12\/logo-ISPRAVAK.png","contentUrl":"https:\/\/woodsteel.rs\/wp-content\/uploads\/2019\/12\/logo-ISPRAVAK.png","width":779,"height":776,"caption":"Wood&Steel"},"image":{"@id":"https:\/\/woodsteel.rs\/#\/schema\/logo\/image\/"},"sameAs":["https:\/\/www.facebook.com\/woodsteeldesign","https:\/\/www.instagram.com\/wood_steel_design\/"]}]}},"_links":{"self":[{"href":"https:\/\/woodsteel.rs\/en-us\/wp-json\/wp\/v2\/product\/1042","targetHints":{"allow":["GET"]}}],"collection":[{"href":"https:\/\/woodsteel.rs\/en-us\/wp-json\/wp\/v2\/product"}],"about":[{"href":"https:\/\/woodsteel.rs\/en-us\/wp-json\/wp\/v2\/types\/product"}],"wp:featuredmedia":[{"embeddable":true,"href":"https:\/\/woodsteel.rs\/en-us\/wp-json\/wp\/v2\/media\/1043"}],"wp:attachment":[{"href":"https:\/\/woodsteel.rs\/en-us\/wp-json\/wp\/v2\/media?parent=1042"}],"wp:term":[{"taxonomy":"product_brand","embeddable":true,"href":"https:\/\/woodsteel.rs\/en-us\/wp-json\/wp\/v2\/product_brand?post=1042"},{"taxonomy":"product_cat","embeddable":true,"href":"https:\/\/woodsteel.rs\/en-us\/wp-json\/wp\/v2\/product_cat?post=1042"},{"taxonomy":"product_tag","embeddable":true,"href":"https:\/\/woodsteel.rs\/en-us\/wp-json\/wp\/v2\/product_tag?post=1042"}],"curies":[{"name":"wp","href":"https:\/\/api.w.org\/{rel}","templated":true}]}}