{"id":1044,"date":"2020-04-26T13:53:32","date_gmt":"2020-04-26T11:53:32","guid":{"rendered":"http:\/\/woodsteel.rs\/?post_type=product&#038;p=1044"},"modified":"2023-03-13T17:03:36","modified_gmt":"2023-03-13T16:03:36","slug":"omnes-trpezrijski-sto","status":"publish","type":"product","link":"https:\/\/woodsteel.rs\/en-us\/shop\/omnes-trpezrijski-sto\/","title":{"rendered":"Omnes \u2013 dining table"},"content":{"rendered":"<p>Omnes &#8211; trpezarijski sto je malo izmenjeni model trpezarijskih stolova iz serije Circum. Svedene linije \u010dine ovaj sto jako modernim i elegantnim. Plo\u010da stola je napravljena od kvalitetnog parenog oraha, dok je metalna konstrukcija od izdr\u017eljivog plastificiranog metala. Pre\u010dnik plo\u010de je 130cm i podlo\u017ean je promenama u zavisnoti od Va\u0161ih potreba. Hrast je jedan od materijala koji su najzahvalniji za obradu i izradu name\u0161taja. Iz tog razloga je i najvi\u0161e kori\u0161\u0107en u na\u0161oj proizvodnji.<\/p>\n<p>Dimensions: diameter 130cm.<\/p>\n<p>Material: Plasticized metal, oak wood.<\/p>\n<p>&nbsp;<\/p>\n<p><strong>Note:<\/strong> Price and dimensions may vary.<\/p>\n<p>&nbsp;<\/p>\n<p>Prati nas na <em><strong><a href=\"https:\/\/www.instagram.com\/wood_steel_design\/\">instagram<\/a> <\/strong><\/em>kako bi uvek bio u toku sa novim modelima ili <em><strong><a href=\"https:\/\/woodsteel.rs\/en-us\/kontakt\/\">write to us.<\/a><\/strong><\/em>, da zajedno dizajniramo savr\u0161en trpezarijski sto.<\/p>\n<p>&nbsp;<\/p>\n<p>&nbsp;<\/p>\n<p><em><strong><a href=\"https:\/\/woodsteel.rs\/en-us\/\">Woodsteel.rs<\/a><\/strong><\/em><\/p>","protected":false},"excerpt":{"rendered":"<p>The Omnes dining table is a slightly modified model of dining tables from the Circum series. Reduced lines make this table very modern and elegant. The table top is made of quality steamed walnut, while the metal construction is made of durable plasticized metal. The diameter of the plate is 130 cm and it is subject to changes depending on your needs.<\/p>\n<p>Dimensions: diameter 130cm.<\/p>\n<p>Material: Plasticized metal, oak wood.<\/p>\n<p>&nbsp;<\/p>\n<p><strong>Note:<\/strong> Price and dimensions may vary.<\/p>","protected":false},"featured_media":1045,"template":"","meta":{"_monsterinsights_skip_tracking":false,"_monsterinsights_sitenote_active":false,"_monsterinsights_sitenote_note":"","_monsterinsights_sitenote_category":0},"product_brand":[],"product_cat":[35],"product_tag":[],"class_list":{"0":"post-1044","1":"product","2":"type-product","3":"status-publish","4":"has-post-thumbnail","6":"product_cat-trpezarijski-sto","8":"first","9":"instock","10":"shipping-taxable","11":"product-type-simple"},"yoast_head":"<!-- This site is optimized with the Yoast SEO plugin v27.4 - https:\/\/yoast.com\/product\/yoast-seo-wordpress\/ -->\n<title>Omnes - trpezarijski sto - WoodSteel<\/title>\n<meta name=\"description\" content=\"Omnes - trpezarijski sto je izmenjeni model trpezarijskih stolova iz serije Circum. Napravljen je od parenog oraha i plastificiranog metala.\" \/>\n<meta name=\"robots\" content=\"index, follow, max-snippet:-1, max-image-preview:large, max-video-preview:-1\" \/>\n<link rel=\"canonical\" href=\"https:\/\/woodsteel.rs\/en-us\/shop\/omnes-trpezrijski-sto\/\" \/>\n<meta property=\"og:locale\" content=\"en_US\" \/>\n<meta property=\"og:type\" content=\"article\" \/>\n<meta property=\"og:title\" content=\"Omnes - trpezarijski sto - WoodSteel\" \/>\n<meta property=\"og:description\" content=\"Omnes - trpezarijski sto je izmenjeni model trpezarijskih stolova iz serije Circum. Napravljen je od parenog oraha i plastificiranog metala.\" \/>\n<meta property=\"og:url\" content=\"https:\/\/woodsteel.rs\/en-us\/shop\/omnes-trpezrijski-sto\/\" \/>\n<meta property=\"og:site_name\" content=\"WoodSteel\" \/>\n<meta property=\"article:publisher\" content=\"https:\/\/www.facebook.com\/woodsteeldesign\" \/>\n<meta property=\"article:modified_time\" content=\"2023-03-13T16:03:36+00:00\" \/>\n<meta property=\"og:image\" content=\"https:\/\/woodsteel.rs\/wp-content\/uploads\/2020\/04\/eZy-Watermark_26-02-2020_19-49-34.jpg\" \/>\n\t<meta property=\"og:image:width\" content=\"1080\" \/>\n\t<meta property=\"og:image:height\" content=\"1080\" \/>\n\t<meta property=\"og:image:type\" content=\"image\/jpeg\" \/>\n<meta name=\"twitter:label1\" content=\"Est. reading time\" \/>\n\t<meta name=\"twitter:data1\" content=\"1 minute\" \/>\n<script type=\"application\/ld+json\" class=\"yoast-schema-graph\">{\"@context\":\"https:\\\/\\\/schema.org\",\"@graph\":[{\"@type\":\"WebPage\",\"@id\":\"https:\\\/\\\/woodsteel.rs\\\/shop\\\/omnes-trpezrijski-sto\\\/\",\"url\":\"https:\\\/\\\/woodsteel.rs\\\/shop\\\/omnes-trpezrijski-sto\\\/\",\"name\":\"Omnes - trpezarijski sto - WoodSteel\",\"isPartOf\":{\"@id\":\"https:\\\/\\\/woodsteel.rs\\\/#website\"},\"primaryImageOfPage\":{\"@id\":\"https:\\\/\\\/woodsteel.rs\\\/shop\\\/omnes-trpezrijski-sto\\\/#primaryimage\"},\"image\":{\"@id\":\"https:\\\/\\\/woodsteel.rs\\\/shop\\\/omnes-trpezrijski-sto\\\/#primaryimage\"},\"thumbnailUrl\":\"https:\\\/\\\/woodsteel.rs\\\/wp-content\\\/uploads\\\/2020\\\/04\\\/eZy-Watermark_26-02-2020_19-49-34.jpg\",\"datePublished\":\"2020-04-26T11:53:32+00:00\",\"dateModified\":\"2023-03-13T16:03:36+00:00\",\"description\":\"Omnes - trpezarijski sto je izmenjeni model trpezarijskih stolova iz serije Circum. Napravljen je od parenog oraha i plastificiranog metala.\",\"breadcrumb\":{\"@id\":\"https:\\\/\\\/woodsteel.rs\\\/shop\\\/omnes-trpezrijski-sto\\\/#breadcrumb\"},\"inLanguage\":\"en-US\",\"potentialAction\":[{\"@type\":\"ReadAction\",\"target\":[\"https:\\\/\\\/woodsteel.rs\\\/shop\\\/omnes-trpezrijski-sto\\\/\"]}]},{\"@type\":\"ImageObject\",\"inLanguage\":\"en-US\",\"@id\":\"https:\\\/\\\/woodsteel.rs\\\/shop\\\/omnes-trpezrijski-sto\\\/#primaryimage\",\"url\":\"https:\\\/\\\/woodsteel.rs\\\/wp-content\\\/uploads\\\/2020\\\/04\\\/eZy-Watermark_26-02-2020_19-49-34.jpg\",\"contentUrl\":\"https:\\\/\\\/woodsteel.rs\\\/wp-content\\\/uploads\\\/2020\\\/04\\\/eZy-Watermark_26-02-2020_19-49-34.jpg\",\"width\":1080,\"height\":1080,\"caption\":\"Omnes - trpezarijski sto\"},{\"@type\":\"BreadcrumbList\",\"@id\":\"https:\\\/\\\/woodsteel.rs\\\/shop\\\/omnes-trpezrijski-sto\\\/#breadcrumb\",\"itemListElement\":[{\"@type\":\"ListItem\",\"position\":1,\"name\":\"Po\u010detna\",\"item\":\"https:\\\/\\\/woodsteel.rs\\\/\"},{\"@type\":\"ListItem\",\"position\":2,\"name\":\"Proizvodi\",\"item\":\"https:\\\/\\\/woodsteel.rs\\\/shop\\\/\"},{\"@type\":\"ListItem\",\"position\":3,\"name\":\"Omnes &#8211; trpezarijski sto\"}]},{\"@type\":\"WebSite\",\"@id\":\"https:\\\/\\\/woodsteel.rs\\\/#website\",\"url\":\"https:\\\/\\\/woodsteel.rs\\\/\",\"name\":\"WoodSteel\",\"description\":\"\",\"publisher\":{\"@id\":\"https:\\\/\\\/woodsteel.rs\\\/#organization\"},\"potentialAction\":[{\"@type\":\"SearchAction\",\"target\":{\"@type\":\"EntryPoint\",\"urlTemplate\":\"https:\\\/\\\/woodsteel.rs\\\/?s={search_term_string}\"},\"query-input\":{\"@type\":\"PropertyValueSpecification\",\"valueRequired\":true,\"valueName\":\"search_term_string\"}}],\"inLanguage\":\"en-US\"},{\"@type\":\"Organization\",\"@id\":\"https:\\\/\\\/woodsteel.rs\\\/#organization\",\"name\":\"Wood&Steel\",\"url\":\"https:\\\/\\\/woodsteel.rs\\\/\",\"logo\":{\"@type\":\"ImageObject\",\"inLanguage\":\"en-US\",\"@id\":\"https:\\\/\\\/woodsteel.rs\\\/#\\\/schema\\\/logo\\\/image\\\/\",\"url\":\"https:\\\/\\\/woodsteel.rs\\\/wp-content\\\/uploads\\\/2019\\\/12\\\/logo-ISPRAVAK.png\",\"contentUrl\":\"https:\\\/\\\/woodsteel.rs\\\/wp-content\\\/uploads\\\/2019\\\/12\\\/logo-ISPRAVAK.png\",\"width\":779,\"height\":776,\"caption\":\"Wood&Steel\"},\"image\":{\"@id\":\"https:\\\/\\\/woodsteel.rs\\\/#\\\/schema\\\/logo\\\/image\\\/\"},\"sameAs\":[\"https:\\\/\\\/www.facebook.com\\\/woodsteeldesign\",\"https:\\\/\\\/www.instagram.com\\\/wood_steel_design\\\/\"]}]}<\/script>\n<!-- \/ Yoast SEO plugin. -->","yoast_head_json":{"title":"Omnes - trpezarijski sto - WoodSteel","description":"Omnes - trpezarijski sto je izmenjeni model trpezarijskih stolova iz serije Circum. Napravljen je od parenog oraha i plastificiranog metala.","robots":{"index":"index","follow":"follow","max-snippet":"max-snippet:-1","max-image-preview":"max-image-preview:large","max-video-preview":"max-video-preview:-1"},"canonical":"https:\/\/woodsteel.rs\/en-us\/shop\/omnes-trpezrijski-sto\/","og_locale":"en_US","og_type":"article","og_title":"Omnes - trpezarijski sto - WoodSteel","og_description":"Omnes - trpezarijski sto je izmenjeni model trpezarijskih stolova iz serije Circum. Napravljen je od parenog oraha i plastificiranog metala.","og_url":"https:\/\/woodsteel.rs\/en-us\/shop\/omnes-trpezrijski-sto\/","og_site_name":"WoodSteel","article_publisher":"https:\/\/www.facebook.com\/woodsteeldesign","article_modified_time":"2023-03-13T16:03:36+00:00","og_image":[{"width":1080,"height":1080,"url":"https:\/\/woodsteel.rs\/wp-content\/uploads\/2020\/04\/eZy-Watermark_26-02-2020_19-49-34.jpg","type":"image\/jpeg"}],"twitter_misc":{"Est. reading time":"1 minute"},"schema":{"@context":"https:\/\/schema.org","@graph":[{"@type":"WebPage","@id":"https:\/\/woodsteel.rs\/shop\/omnes-trpezrijski-sto\/","url":"https:\/\/woodsteel.rs\/shop\/omnes-trpezrijski-sto\/","name":"Omnes - trpezarijski sto - WoodSteel","isPartOf":{"@id":"https:\/\/woodsteel.rs\/#website"},"primaryImageOfPage":{"@id":"https:\/\/woodsteel.rs\/shop\/omnes-trpezrijski-sto\/#primaryimage"},"image":{"@id":"https:\/\/woodsteel.rs\/shop\/omnes-trpezrijski-sto\/#primaryimage"},"thumbnailUrl":"https:\/\/woodsteel.rs\/wp-content\/uploads\/2020\/04\/eZy-Watermark_26-02-2020_19-49-34.jpg","datePublished":"2020-04-26T11:53:32+00:00","dateModified":"2023-03-13T16:03:36+00:00","description":"Omnes - trpezarijski sto je izmenjeni model trpezarijskih stolova iz serije Circum. Napravljen je od parenog oraha i plastificiranog metala.","breadcrumb":{"@id":"https:\/\/woodsteel.rs\/shop\/omnes-trpezrijski-sto\/#breadcrumb"},"inLanguage":"en-US","potentialAction":[{"@type":"ReadAction","target":["https:\/\/woodsteel.rs\/shop\/omnes-trpezrijski-sto\/"]}]},{"@type":"ImageObject","inLanguage":"en-US","@id":"https:\/\/woodsteel.rs\/shop\/omnes-trpezrijski-sto\/#primaryimage","url":"https:\/\/woodsteel.rs\/wp-content\/uploads\/2020\/04\/eZy-Watermark_26-02-2020_19-49-34.jpg","contentUrl":"https:\/\/woodsteel.rs\/wp-content\/uploads\/2020\/04\/eZy-Watermark_26-02-2020_19-49-34.jpg","width":1080,"height":1080,"caption":"Omnes - trpezarijski sto"},{"@type":"BreadcrumbList","@id":"https:\/\/woodsteel.rs\/shop\/omnes-trpezrijski-sto\/#breadcrumb","itemListElement":[{"@type":"ListItem","position":1,"name":"Po\u010detna","item":"https:\/\/woodsteel.rs\/"},{"@type":"ListItem","position":2,"name":"Proizvodi","item":"https:\/\/woodsteel.rs\/shop\/"},{"@type":"ListItem","position":3,"name":"Omnes &#8211; trpezarijski sto"}]},{"@type":"WebSite","@id":"https:\/\/woodsteel.rs\/#website","url":"https:\/\/woodsteel.rs\/","name":"WoodSteel","description":"","publisher":{"@id":"https:\/\/woodsteel.rs\/#organization"},"potentialAction":[{"@type":"SearchAction","target":{"@type":"EntryPoint","urlTemplate":"https:\/\/woodsteel.rs\/?s={search_term_string}"},"query-input":{"@type":"PropertyValueSpecification","valueRequired":true,"valueName":"search_term_string"}}],"inLanguage":"en-US"},{"@type":"Organization","@id":"https:\/\/woodsteel.rs\/#organization","name":"Wood&Steel","url":"https:\/\/woodsteel.rs\/","logo":{"@type":"ImageObject","inLanguage":"en-US","@id":"https:\/\/woodsteel.rs\/#\/schema\/logo\/image\/","url":"https:\/\/woodsteel.rs\/wp-content\/uploads\/2019\/12\/logo-ISPRAVAK.png","contentUrl":"https:\/\/woodsteel.rs\/wp-content\/uploads\/2019\/12\/logo-ISPRAVAK.png","width":779,"height":776,"caption":"Wood&Steel"},"image":{"@id":"https:\/\/woodsteel.rs\/#\/schema\/logo\/image\/"},"sameAs":["https:\/\/www.facebook.com\/woodsteeldesign","https:\/\/www.instagram.com\/wood_steel_design\/"]}]}},"_links":{"self":[{"href":"https:\/\/woodsteel.rs\/en-us\/wp-json\/wp\/v2\/product\/1044","targetHints":{"allow":["GET"]}}],"collection":[{"href":"https:\/\/woodsteel.rs\/en-us\/wp-json\/wp\/v2\/product"}],"about":[{"href":"https:\/\/woodsteel.rs\/en-us\/wp-json\/wp\/v2\/types\/product"}],"wp:featuredmedia":[{"embeddable":true,"href":"https:\/\/woodsteel.rs\/en-us\/wp-json\/wp\/v2\/media\/1045"}],"wp:attachment":[{"href":"https:\/\/woodsteel.rs\/en-us\/wp-json\/wp\/v2\/media?parent=1044"}],"wp:term":[{"taxonomy":"product_brand","embeddable":true,"href":"https:\/\/woodsteel.rs\/en-us\/wp-json\/wp\/v2\/product_brand?post=1044"},{"taxonomy":"product_cat","embeddable":true,"href":"https:\/\/woodsteel.rs\/en-us\/wp-json\/wp\/v2\/product_cat?post=1044"},{"taxonomy":"product_tag","embeddable":true,"href":"https:\/\/woodsteel.rs\/en-us\/wp-json\/wp\/v2\/product_tag?post=1044"}],"curies":[{"name":"wp","href":"https:\/\/api.w.org\/{rel}","templated":true}]}}