{"id":1090,"date":"2020-05-17T11:30:37","date_gmt":"2020-05-17T09:30:37","guid":{"rendered":"http:\/\/woodsteel.rs\/?post_type=product&#038;p=1090"},"modified":"2023-03-13T17:03:33","modified_gmt":"2023-03-13T16:03:33","slug":"circum-iv-trpezrijski-sto","status":"publish","type":"product","link":"https:\/\/woodsteel.rs\/en-us\/shop\/circum-iv-trpezrijski-sto\/","title":{"rendered":"Circum IV \u2013 dining table"},"content":{"rendered":"<p>Circum IV &#8211; trpezrijski sto spada u elegantne okrugle stolove. Svedene linije \u010dine ovaj sto jako modernim. Lako se uklapa u svaki enterijer. Plo\u010da stola je\u00a0 napravljena od kvalitetnog hrasta iz vode, bogoaka, koji pod uticajem teku\u0107e vode i vremena, dobija tamno sme\u0111u, sivu i crnu boju. Okrugli trpezarijski stolovi su uglavnom namenjeni malim kuhinjama ili trpezarijama. Sto sa slike je pre\u010dnika 115cm, ali u zavisnosti od Va\u0161ih potreba, \u017eelja i ideja, dimenzije mo\u017eemo menjati.<\/p>\n<p>&nbsp;<\/p>\n<p><strong>Dimensions:<\/strong> diameter 115cm.<\/p>\n<p><strong>Material:<\/strong> farbana metalna konstrukcija, hrast iz vode, bogoak.<\/p>\n<p>&nbsp;<\/p>\n<p><strong>Note:<\/strong> Price and dimensions may vary.<\/p>\n<p>&nbsp;<\/p>\n<p>Prati nas na <em><strong><a href=\"https:\/\/www.instagram.com\/wood_steel_design\/\">instagram<\/a> <\/strong><\/em>kako bi uvek bio u toku sa novim modelima ili <em><strong><a href=\"https:\/\/woodsteel.rs\/en-us\/kontakt\/\">write to us.<\/a><\/strong><\/em>, da zajedno dizajniramo savr\u0161en trpezarijski sto.<\/p>\n<p>&nbsp;<\/p>\n<p>&nbsp;<\/p>\n<p><em><strong><a href=\"https:\/\/woodsteel.rs\/en-us\/\">Woodsteel.rs<\/a><\/strong><\/em><\/p>","protected":false},"excerpt":{"rendered":"<p><span style=\"font-size: 110%;\">The Circum IV dining table is one of the elegant round tables. Reduced lines make this table very modern. It easily fits into any interior. The table top is made of quality oak from water, bogoak, which, under the influence of running water and weather, got a dark brown, gray and black color. Round dining tables are mainly intended for small kitchens or dining rooms. The table in the picture is 115 cm in diameter, but depending on your needs, wishes and ideas, we can change the dimensions.<\/span><\/p>\n<p>&nbsp;<\/p>\n<p><span style=\"font-size: 110%;\"><strong>Dimensions:<\/strong> diameter 115cm.<\/span><\/p>\n<p><span style=\"font-size: 110%;\"><strong>Material:<\/strong> farbana metalna konstrukcija, hrast iz vode, bogoak.<\/span><\/p>\n<p>&nbsp;<\/p>\n<p><span style=\"font-size: 110%;\"><strong>Note:<\/strong> Price and dimensions may vary.<\/span><\/p>","protected":false},"featured_media":1091,"template":"","meta":{"_monsterinsights_skip_tracking":false,"_monsterinsights_sitenote_active":false,"_monsterinsights_sitenote_note":"","_monsterinsights_sitenote_category":0},"product_brand":[],"product_cat":[35],"product_tag":[],"class_list":{"0":"post-1090","1":"product","2":"type-product","3":"status-publish","4":"has-post-thumbnail","6":"product_cat-trpezarijski-sto","8":"first","9":"instock","10":"shipping-taxable","11":"product-type-simple"},"yoast_head":"<!-- This site is optimized with the Yoast SEO plugin v27.4 - https:\/\/yoast.com\/product\/yoast-seo-wordpress\/ -->\n<title>Circum IV - trpezrijski sto - WoodSteel<\/title>\n<meta name=\"description\" content=\"Circum IV - trpezrijski sto spada u elegantne okrugle stolove. Okrugli trpezarijski stolovi su namenjeni za namje trpezarije i kuhinje.\" \/>\n<meta name=\"robots\" content=\"index, follow, max-snippet:-1, max-image-preview:large, max-video-preview:-1\" \/>\n<link rel=\"canonical\" href=\"https:\/\/woodsteel.rs\/en-us\/shop\/circum-iv-trpezrijski-sto\/\" \/>\n<meta property=\"og:locale\" content=\"en_US\" \/>\n<meta property=\"og:type\" content=\"article\" \/>\n<meta property=\"og:title\" content=\"Circum IV - trpezrijski sto - WoodSteel\" \/>\n<meta property=\"og:description\" content=\"Circum IV - trpezrijski sto spada u elegantne okrugle stolove. Okrugli trpezarijski stolovi su namenjeni za namje trpezarije i kuhinje.\" \/>\n<meta property=\"og:url\" content=\"https:\/\/woodsteel.rs\/en-us\/shop\/circum-iv-trpezrijski-sto\/\" \/>\n<meta property=\"og:site_name\" content=\"WoodSteel\" \/>\n<meta property=\"article:publisher\" content=\"https:\/\/www.facebook.com\/woodsteeldesign\" \/>\n<meta property=\"article:modified_time\" content=\"2023-03-13T16:03:33+00:00\" \/>\n<meta property=\"og:image\" content=\"https:\/\/woodsteel.rs\/wp-content\/uploads\/2020\/05\/1589216282724628.jpg\" \/>\n\t<meta property=\"og:image:width\" content=\"1000\" \/>\n\t<meta property=\"og:image:height\" content=\"1000\" \/>\n\t<meta property=\"og:image:type\" content=\"image\/jpeg\" \/>\n<meta name=\"twitter:label1\" content=\"Est. reading time\" \/>\n\t<meta name=\"twitter:data1\" content=\"1 minute\" \/>\n<script type=\"application\/ld+json\" class=\"yoast-schema-graph\">{\"@context\":\"https:\\\/\\\/schema.org\",\"@graph\":[{\"@type\":\"WebPage\",\"@id\":\"https:\\\/\\\/woodsteel.rs\\\/shop\\\/circum-iv-trpezrijski-sto\\\/\",\"url\":\"https:\\\/\\\/woodsteel.rs\\\/shop\\\/circum-iv-trpezrijski-sto\\\/\",\"name\":\"Circum IV - trpezrijski sto - WoodSteel\",\"isPartOf\":{\"@id\":\"https:\\\/\\\/woodsteel.rs\\\/#website\"},\"primaryImageOfPage\":{\"@id\":\"https:\\\/\\\/woodsteel.rs\\\/shop\\\/circum-iv-trpezrijski-sto\\\/#primaryimage\"},\"image\":{\"@id\":\"https:\\\/\\\/woodsteel.rs\\\/shop\\\/circum-iv-trpezrijski-sto\\\/#primaryimage\"},\"thumbnailUrl\":\"https:\\\/\\\/woodsteel.rs\\\/wp-content\\\/uploads\\\/2020\\\/05\\\/1589216282724628.jpg\",\"datePublished\":\"2020-05-17T09:30:37+00:00\",\"dateModified\":\"2023-03-13T16:03:33+00:00\",\"description\":\"Circum IV - trpezrijski sto spada u elegantne okrugle stolove. Okrugli trpezarijski stolovi su namenjeni za namje trpezarije i kuhinje.\",\"breadcrumb\":{\"@id\":\"https:\\\/\\\/woodsteel.rs\\\/shop\\\/circum-iv-trpezrijski-sto\\\/#breadcrumb\"},\"inLanguage\":\"en-US\",\"potentialAction\":[{\"@type\":\"ReadAction\",\"target\":[\"https:\\\/\\\/woodsteel.rs\\\/shop\\\/circum-iv-trpezrijski-sto\\\/\"]}]},{\"@type\":\"ImageObject\",\"inLanguage\":\"en-US\",\"@id\":\"https:\\\/\\\/woodsteel.rs\\\/shop\\\/circum-iv-trpezrijski-sto\\\/#primaryimage\",\"url\":\"https:\\\/\\\/woodsteel.rs\\\/wp-content\\\/uploads\\\/2020\\\/05\\\/1589216282724628.jpg\",\"contentUrl\":\"https:\\\/\\\/woodsteel.rs\\\/wp-content\\\/uploads\\\/2020\\\/05\\\/1589216282724628.jpg\",\"width\":1000,\"height\":1000,\"caption\":\"Circum IV\"},{\"@type\":\"BreadcrumbList\",\"@id\":\"https:\\\/\\\/woodsteel.rs\\\/shop\\\/circum-iv-trpezrijski-sto\\\/#breadcrumb\",\"itemListElement\":[{\"@type\":\"ListItem\",\"position\":1,\"name\":\"Po\u010detna\",\"item\":\"https:\\\/\\\/woodsteel.rs\\\/\"},{\"@type\":\"ListItem\",\"position\":2,\"name\":\"Proizvodi\",\"item\":\"https:\\\/\\\/woodsteel.rs\\\/shop\\\/\"},{\"@type\":\"ListItem\",\"position\":3,\"name\":\"Circum IV &#8211; trpezrijski sto\"}]},{\"@type\":\"WebSite\",\"@id\":\"https:\\\/\\\/woodsteel.rs\\\/#website\",\"url\":\"https:\\\/\\\/woodsteel.rs\\\/\",\"name\":\"WoodSteel\",\"description\":\"\",\"publisher\":{\"@id\":\"https:\\\/\\\/woodsteel.rs\\\/#organization\"},\"potentialAction\":[{\"@type\":\"SearchAction\",\"target\":{\"@type\":\"EntryPoint\",\"urlTemplate\":\"https:\\\/\\\/woodsteel.rs\\\/?s={search_term_string}\"},\"query-input\":{\"@type\":\"PropertyValueSpecification\",\"valueRequired\":true,\"valueName\":\"search_term_string\"}}],\"inLanguage\":\"en-US\"},{\"@type\":\"Organization\",\"@id\":\"https:\\\/\\\/woodsteel.rs\\\/#organization\",\"name\":\"Wood&Steel\",\"url\":\"https:\\\/\\\/woodsteel.rs\\\/\",\"logo\":{\"@type\":\"ImageObject\",\"inLanguage\":\"en-US\",\"@id\":\"https:\\\/\\\/woodsteel.rs\\\/#\\\/schema\\\/logo\\\/image\\\/\",\"url\":\"https:\\\/\\\/woodsteel.rs\\\/wp-content\\\/uploads\\\/2019\\\/12\\\/logo-ISPRAVAK.png\",\"contentUrl\":\"https:\\\/\\\/woodsteel.rs\\\/wp-content\\\/uploads\\\/2019\\\/12\\\/logo-ISPRAVAK.png\",\"width\":779,\"height\":776,\"caption\":\"Wood&Steel\"},\"image\":{\"@id\":\"https:\\\/\\\/woodsteel.rs\\\/#\\\/schema\\\/logo\\\/image\\\/\"},\"sameAs\":[\"https:\\\/\\\/www.facebook.com\\\/woodsteeldesign\",\"https:\\\/\\\/www.instagram.com\\\/wood_steel_design\\\/\"]}]}<\/script>\n<!-- \/ Yoast SEO plugin. -->","yoast_head_json":{"title":"Circum IV - trpezrijski sto - WoodSteel","description":"Circum IV - trpezrijski sto spada u elegantne okrugle stolove. Okrugli trpezarijski stolovi su namenjeni za namje trpezarije i kuhinje.","robots":{"index":"index","follow":"follow","max-snippet":"max-snippet:-1","max-image-preview":"max-image-preview:large","max-video-preview":"max-video-preview:-1"},"canonical":"https:\/\/woodsteel.rs\/en-us\/shop\/circum-iv-trpezrijski-sto\/","og_locale":"en_US","og_type":"article","og_title":"Circum IV - trpezrijski sto - WoodSteel","og_description":"Circum IV - trpezrijski sto spada u elegantne okrugle stolove. Okrugli trpezarijski stolovi su namenjeni za namje trpezarije i kuhinje.","og_url":"https:\/\/woodsteel.rs\/en-us\/shop\/circum-iv-trpezrijski-sto\/","og_site_name":"WoodSteel","article_publisher":"https:\/\/www.facebook.com\/woodsteeldesign","article_modified_time":"2023-03-13T16:03:33+00:00","og_image":[{"width":1000,"height":1000,"url":"https:\/\/woodsteel.rs\/wp-content\/uploads\/2020\/05\/1589216282724628.jpg","type":"image\/jpeg"}],"twitter_misc":{"Est. reading time":"1 minute"},"schema":{"@context":"https:\/\/schema.org","@graph":[{"@type":"WebPage","@id":"https:\/\/woodsteel.rs\/shop\/circum-iv-trpezrijski-sto\/","url":"https:\/\/woodsteel.rs\/shop\/circum-iv-trpezrijski-sto\/","name":"Circum IV - trpezrijski sto - WoodSteel","isPartOf":{"@id":"https:\/\/woodsteel.rs\/#website"},"primaryImageOfPage":{"@id":"https:\/\/woodsteel.rs\/shop\/circum-iv-trpezrijski-sto\/#primaryimage"},"image":{"@id":"https:\/\/woodsteel.rs\/shop\/circum-iv-trpezrijski-sto\/#primaryimage"},"thumbnailUrl":"https:\/\/woodsteel.rs\/wp-content\/uploads\/2020\/05\/1589216282724628.jpg","datePublished":"2020-05-17T09:30:37+00:00","dateModified":"2023-03-13T16:03:33+00:00","description":"Circum IV - trpezrijski sto spada u elegantne okrugle stolove. Okrugli trpezarijski stolovi su namenjeni za namje trpezarije i kuhinje.","breadcrumb":{"@id":"https:\/\/woodsteel.rs\/shop\/circum-iv-trpezrijski-sto\/#breadcrumb"},"inLanguage":"en-US","potentialAction":[{"@type":"ReadAction","target":["https:\/\/woodsteel.rs\/shop\/circum-iv-trpezrijski-sto\/"]}]},{"@type":"ImageObject","inLanguage":"en-US","@id":"https:\/\/woodsteel.rs\/shop\/circum-iv-trpezrijski-sto\/#primaryimage","url":"https:\/\/woodsteel.rs\/wp-content\/uploads\/2020\/05\/1589216282724628.jpg","contentUrl":"https:\/\/woodsteel.rs\/wp-content\/uploads\/2020\/05\/1589216282724628.jpg","width":1000,"height":1000,"caption":"Circum IV"},{"@type":"BreadcrumbList","@id":"https:\/\/woodsteel.rs\/shop\/circum-iv-trpezrijski-sto\/#breadcrumb","itemListElement":[{"@type":"ListItem","position":1,"name":"Po\u010detna","item":"https:\/\/woodsteel.rs\/"},{"@type":"ListItem","position":2,"name":"Proizvodi","item":"https:\/\/woodsteel.rs\/shop\/"},{"@type":"ListItem","position":3,"name":"Circum IV &#8211; trpezrijski sto"}]},{"@type":"WebSite","@id":"https:\/\/woodsteel.rs\/#website","url":"https:\/\/woodsteel.rs\/","name":"WoodSteel","description":"","publisher":{"@id":"https:\/\/woodsteel.rs\/#organization"},"potentialAction":[{"@type":"SearchAction","target":{"@type":"EntryPoint","urlTemplate":"https:\/\/woodsteel.rs\/?s={search_term_string}"},"query-input":{"@type":"PropertyValueSpecification","valueRequired":true,"valueName":"search_term_string"}}],"inLanguage":"en-US"},{"@type":"Organization","@id":"https:\/\/woodsteel.rs\/#organization","name":"Wood&Steel","url":"https:\/\/woodsteel.rs\/","logo":{"@type":"ImageObject","inLanguage":"en-US","@id":"https:\/\/woodsteel.rs\/#\/schema\/logo\/image\/","url":"https:\/\/woodsteel.rs\/wp-content\/uploads\/2019\/12\/logo-ISPRAVAK.png","contentUrl":"https:\/\/woodsteel.rs\/wp-content\/uploads\/2019\/12\/logo-ISPRAVAK.png","width":779,"height":776,"caption":"Wood&Steel"},"image":{"@id":"https:\/\/woodsteel.rs\/#\/schema\/logo\/image\/"},"sameAs":["https:\/\/www.facebook.com\/woodsteeldesign","https:\/\/www.instagram.com\/wood_steel_design\/"]}]}},"_links":{"self":[{"href":"https:\/\/woodsteel.rs\/en-us\/wp-json\/wp\/v2\/product\/1090","targetHints":{"allow":["GET"]}}],"collection":[{"href":"https:\/\/woodsteel.rs\/en-us\/wp-json\/wp\/v2\/product"}],"about":[{"href":"https:\/\/woodsteel.rs\/en-us\/wp-json\/wp\/v2\/types\/product"}],"wp:featuredmedia":[{"embeddable":true,"href":"https:\/\/woodsteel.rs\/en-us\/wp-json\/wp\/v2\/media\/1091"}],"wp:attachment":[{"href":"https:\/\/woodsteel.rs\/en-us\/wp-json\/wp\/v2\/media?parent=1090"}],"wp:term":[{"taxonomy":"product_brand","embeddable":true,"href":"https:\/\/woodsteel.rs\/en-us\/wp-json\/wp\/v2\/product_brand?post=1090"},{"taxonomy":"product_cat","embeddable":true,"href":"https:\/\/woodsteel.rs\/en-us\/wp-json\/wp\/v2\/product_cat?post=1090"},{"taxonomy":"product_tag","embeddable":true,"href":"https:\/\/woodsteel.rs\/en-us\/wp-json\/wp\/v2\/product_tag?post=1090"}],"curies":[{"name":"wp","href":"https:\/\/api.w.org\/{rel}","templated":true}]}}