{"id":1219,"date":"2020-06-20T15:21:14","date_gmt":"2020-06-20T13:21:14","guid":{"rendered":"http:\/\/woodsteel.rs\/?post_type=product&#038;p=1219"},"modified":"2023-03-16T20:25:33","modified_gmt":"2023-03-16T19:25:33","slug":"komo-komoda","status":"publish","type":"product","link":"https:\/\/woodsteel.rs\/en-us\/shop\/komo-komoda\/","title":{"rendered":"Komo - tv stand"},"content":{"rendered":"<p>Komo &#8211; komoda je sastavljena kombinacijom metalne plast konstrukcije i hrasta, dobili smo ovaj elegantni komad name\u0161taja.<\/p>\n<p>Zbog svog jednostavnog izgleda, komodu mo\u017eete lako uklopiti u svaki stil name\u0161taja. Dimnzije komode sa slike su 180x40x50cm. Komoda ima 3 prostrane fioke koje mogu poslu\u017eiti za odlaganje. Drvo hrasta je veoma zahvalno za obradu i odr\u017eavanje tokom godina.<\/p>\n<p>&nbsp;<\/p>\n<p>Dimensions: 180x40x50cm.<\/p>\n<p>Material: Metal layer construction, oak wood.<\/p>\n<p>&nbsp;<\/p>\n<p><strong>Note:<\/strong> Price and dimensions may vary.<\/p>\n<p>&nbsp;<\/p>\n<p>Follow us on <em><strong><a href=\"https:\/\/www.instagram.com\/wood_steel_design\/\">instagram<\/a><\/strong><\/em>, kako biste uvek bili u toku sa novim modelima komoda. Ili nas <a href=\"https:\/\/woodsteel.rs\/en-us\/kontakt\/\">kontaktirajte<\/a> ve\u0107 danas, kako bismo zajedno dizajnirali i izradili Va\u0161u komodu za dnevni boravak.<\/p>","protected":false},"excerpt":{"rendered":"<p>By combining a metal layer of construction and oak, we got this elegant piece of furniture.<\/p>\n<p>Due to its simple appearance, the chest of drawers can easily fit into any style of furniture. The dimensions of the chest of drawers in the picture are 180x40x50cm. The chest of drawers has 3 spacious drawers that can be used for storage.<\/p>\n<p>&nbsp;<\/p>\n<p>Dimensions: 180x40x50cm.<\/p>\n<p>Material: Metal layer construction, oak wood.<\/p>\n<p>&nbsp;<\/p>\n<p><strong>Note:<\/strong> Price and dimensions may vary.<\/p>","protected":false},"featured_media":1218,"template":"","meta":{"_monsterinsights_skip_tracking":false,"_monsterinsights_sitenote_active":false,"_monsterinsights_sitenote_note":"","_monsterinsights_sitenote_category":0},"product_brand":[],"product_cat":[20],"product_tag":[],"class_list":{"0":"post-1219","1":"product","2":"type-product","3":"status-publish","4":"has-post-thumbnail","6":"product_cat-komode","8":"first","9":"instock","10":"shipping-taxable","11":"product-type-simple"},"yoast_head":"<!-- This site is optimized with the Yoast SEO plugin v27.4 - https:\/\/yoast.com\/product\/yoast-seo-wordpress\/ -->\n<title>Komo - komoda - WoodSteel<\/title>\n<meta name=\"description\" content=\"Komo - komoda od drveta Hrasta. Dimenzije: 180x40x50cm.. Dimenzije su podlo\u017ene korekcijama. Kontaktirajte nas oko dodatnih informacija.\" \/>\n<meta name=\"robots\" content=\"index, follow, max-snippet:-1, max-image-preview:large, max-video-preview:-1\" \/>\n<link rel=\"canonical\" href=\"https:\/\/woodsteel.rs\/en-us\/shop\/komo-komoda\/\" \/>\n<meta property=\"og:locale\" content=\"en_US\" \/>\n<meta property=\"og:type\" content=\"article\" \/>\n<meta property=\"og:title\" content=\"Komo - komoda - WoodSteel\" \/>\n<meta property=\"og:description\" content=\"Komo - komoda od drveta Hrasta. Dimenzije: 180x40x50cm.. Dimenzije su podlo\u017ene korekcijama. Kontaktirajte nas oko dodatnih informacija.\" \/>\n<meta property=\"og:url\" content=\"https:\/\/woodsteel.rs\/en-us\/shop\/komo-komoda\/\" \/>\n<meta property=\"og:site_name\" content=\"WoodSteel\" \/>\n<meta property=\"article:publisher\" content=\"https:\/\/www.facebook.com\/woodsteeldesign\" \/>\n<meta property=\"article:modified_time\" content=\"2023-03-16T19:25:33+00:00\" \/>\n<meta property=\"og:image\" content=\"https:\/\/woodsteel.rs\/wp-content\/uploads\/2020\/06\/komoda-scaled.jpg\" \/>\n\t<meta property=\"og:image:width\" content=\"2560\" \/>\n\t<meta property=\"og:image:height\" content=\"2560\" \/>\n\t<meta property=\"og:image:type\" content=\"image\/jpeg\" \/>\n<meta name=\"twitter:label1\" content=\"Est. reading time\" \/>\n\t<meta name=\"twitter:data1\" content=\"1 minute\" \/>\n<script type=\"application\/ld+json\" class=\"yoast-schema-graph\">{\"@context\":\"https:\\\/\\\/schema.org\",\"@graph\":[{\"@type\":\"WebPage\",\"@id\":\"https:\\\/\\\/woodsteel.rs\\\/shop\\\/komo-komoda\\\/\",\"url\":\"https:\\\/\\\/woodsteel.rs\\\/shop\\\/komo-komoda\\\/\",\"name\":\"Komo - komoda - WoodSteel\",\"isPartOf\":{\"@id\":\"https:\\\/\\\/woodsteel.rs\\\/#website\"},\"primaryImageOfPage\":{\"@id\":\"https:\\\/\\\/woodsteel.rs\\\/shop\\\/komo-komoda\\\/#primaryimage\"},\"image\":{\"@id\":\"https:\\\/\\\/woodsteel.rs\\\/shop\\\/komo-komoda\\\/#primaryimage\"},\"thumbnailUrl\":\"https:\\\/\\\/woodsteel.rs\\\/wp-content\\\/uploads\\\/2020\\\/06\\\/komoda-scaled.jpg\",\"datePublished\":\"2020-06-20T13:21:14+00:00\",\"dateModified\":\"2023-03-16T19:25:33+00:00\",\"description\":\"Komo - komoda od drveta Hrasta. Dimenzije: 180x40x50cm.. Dimenzije su podlo\u017ene korekcijama. Kontaktirajte nas oko dodatnih informacija.\",\"breadcrumb\":{\"@id\":\"https:\\\/\\\/woodsteel.rs\\\/shop\\\/komo-komoda\\\/#breadcrumb\"},\"inLanguage\":\"en-US\",\"potentialAction\":[{\"@type\":\"ReadAction\",\"target\":[\"https:\\\/\\\/woodsteel.rs\\\/shop\\\/komo-komoda\\\/\"]}]},{\"@type\":\"ImageObject\",\"inLanguage\":\"en-US\",\"@id\":\"https:\\\/\\\/woodsteel.rs\\\/shop\\\/komo-komoda\\\/#primaryimage\",\"url\":\"https:\\\/\\\/woodsteel.rs\\\/wp-content\\\/uploads\\\/2020\\\/06\\\/komoda-scaled.jpg\",\"contentUrl\":\"https:\\\/\\\/woodsteel.rs\\\/wp-content\\\/uploads\\\/2020\\\/06\\\/komoda-scaled.jpg\",\"width\":2560,\"height\":2560,\"caption\":\"komo komoda ru\u010dno izra\u0111ena komoda od hrastovog drveta i metalne konstrukcije\"},{\"@type\":\"BreadcrumbList\",\"@id\":\"https:\\\/\\\/woodsteel.rs\\\/shop\\\/komo-komoda\\\/#breadcrumb\",\"itemListElement\":[{\"@type\":\"ListItem\",\"position\":1,\"name\":\"Po\u010detna\",\"item\":\"https:\\\/\\\/woodsteel.rs\\\/\"},{\"@type\":\"ListItem\",\"position\":2,\"name\":\"Proizvodi\",\"item\":\"https:\\\/\\\/woodsteel.rs\\\/shop\\\/\"},{\"@type\":\"ListItem\",\"position\":3,\"name\":\"Komo &#8211; komoda\"}]},{\"@type\":\"WebSite\",\"@id\":\"https:\\\/\\\/woodsteel.rs\\\/#website\",\"url\":\"https:\\\/\\\/woodsteel.rs\\\/\",\"name\":\"WoodSteel\",\"description\":\"\",\"publisher\":{\"@id\":\"https:\\\/\\\/woodsteel.rs\\\/#organization\"},\"potentialAction\":[{\"@type\":\"SearchAction\",\"target\":{\"@type\":\"EntryPoint\",\"urlTemplate\":\"https:\\\/\\\/woodsteel.rs\\\/?s={search_term_string}\"},\"query-input\":{\"@type\":\"PropertyValueSpecification\",\"valueRequired\":true,\"valueName\":\"search_term_string\"}}],\"inLanguage\":\"en-US\"},{\"@type\":\"Organization\",\"@id\":\"https:\\\/\\\/woodsteel.rs\\\/#organization\",\"name\":\"Wood&Steel\",\"url\":\"https:\\\/\\\/woodsteel.rs\\\/\",\"logo\":{\"@type\":\"ImageObject\",\"inLanguage\":\"en-US\",\"@id\":\"https:\\\/\\\/woodsteel.rs\\\/#\\\/schema\\\/logo\\\/image\\\/\",\"url\":\"https:\\\/\\\/woodsteel.rs\\\/wp-content\\\/uploads\\\/2019\\\/12\\\/logo-ISPRAVAK.png\",\"contentUrl\":\"https:\\\/\\\/woodsteel.rs\\\/wp-content\\\/uploads\\\/2019\\\/12\\\/logo-ISPRAVAK.png\",\"width\":779,\"height\":776,\"caption\":\"Wood&Steel\"},\"image\":{\"@id\":\"https:\\\/\\\/woodsteel.rs\\\/#\\\/schema\\\/logo\\\/image\\\/\"},\"sameAs\":[\"https:\\\/\\\/www.facebook.com\\\/woodsteeldesign\",\"https:\\\/\\\/www.instagram.com\\\/wood_steel_design\\\/\"]}]}<\/script>\n<!-- \/ Yoast SEO plugin. -->","yoast_head_json":{"title":"Komo - komoda - WoodSteel","description":"Komo - komoda od drveta Hrasta. Dimenzije: 180x40x50cm.. Dimenzije su podlo\u017ene korekcijama. Kontaktirajte nas oko dodatnih informacija.","robots":{"index":"index","follow":"follow","max-snippet":"max-snippet:-1","max-image-preview":"max-image-preview:large","max-video-preview":"max-video-preview:-1"},"canonical":"https:\/\/woodsteel.rs\/en-us\/shop\/komo-komoda\/","og_locale":"en_US","og_type":"article","og_title":"Komo - komoda - WoodSteel","og_description":"Komo - komoda od drveta Hrasta. Dimenzije: 180x40x50cm.. Dimenzije su podlo\u017ene korekcijama. Kontaktirajte nas oko dodatnih informacija.","og_url":"https:\/\/woodsteel.rs\/en-us\/shop\/komo-komoda\/","og_site_name":"WoodSteel","article_publisher":"https:\/\/www.facebook.com\/woodsteeldesign","article_modified_time":"2023-03-16T19:25:33+00:00","og_image":[{"width":2560,"height":2560,"url":"https:\/\/woodsteel.rs\/wp-content\/uploads\/2020\/06\/komoda-scaled.jpg","type":"image\/jpeg"}],"twitter_misc":{"Est. reading time":"1 minute"},"schema":{"@context":"https:\/\/schema.org","@graph":[{"@type":"WebPage","@id":"https:\/\/woodsteel.rs\/shop\/komo-komoda\/","url":"https:\/\/woodsteel.rs\/shop\/komo-komoda\/","name":"Komo - komoda - WoodSteel","isPartOf":{"@id":"https:\/\/woodsteel.rs\/#website"},"primaryImageOfPage":{"@id":"https:\/\/woodsteel.rs\/shop\/komo-komoda\/#primaryimage"},"image":{"@id":"https:\/\/woodsteel.rs\/shop\/komo-komoda\/#primaryimage"},"thumbnailUrl":"https:\/\/woodsteel.rs\/wp-content\/uploads\/2020\/06\/komoda-scaled.jpg","datePublished":"2020-06-20T13:21:14+00:00","dateModified":"2023-03-16T19:25:33+00:00","description":"Komo - komoda od drveta Hrasta. Dimenzije: 180x40x50cm.. Dimenzije su podlo\u017ene korekcijama. Kontaktirajte nas oko dodatnih informacija.","breadcrumb":{"@id":"https:\/\/woodsteel.rs\/shop\/komo-komoda\/#breadcrumb"},"inLanguage":"en-US","potentialAction":[{"@type":"ReadAction","target":["https:\/\/woodsteel.rs\/shop\/komo-komoda\/"]}]},{"@type":"ImageObject","inLanguage":"en-US","@id":"https:\/\/woodsteel.rs\/shop\/komo-komoda\/#primaryimage","url":"https:\/\/woodsteel.rs\/wp-content\/uploads\/2020\/06\/komoda-scaled.jpg","contentUrl":"https:\/\/woodsteel.rs\/wp-content\/uploads\/2020\/06\/komoda-scaled.jpg","width":2560,"height":2560,"caption":"komo komoda ru\u010dno izra\u0111ena komoda od hrastovog drveta i metalne konstrukcije"},{"@type":"BreadcrumbList","@id":"https:\/\/woodsteel.rs\/shop\/komo-komoda\/#breadcrumb","itemListElement":[{"@type":"ListItem","position":1,"name":"Po\u010detna","item":"https:\/\/woodsteel.rs\/"},{"@type":"ListItem","position":2,"name":"Proizvodi","item":"https:\/\/woodsteel.rs\/shop\/"},{"@type":"ListItem","position":3,"name":"Komo &#8211; komoda"}]},{"@type":"WebSite","@id":"https:\/\/woodsteel.rs\/#website","url":"https:\/\/woodsteel.rs\/","name":"WoodSteel","description":"","publisher":{"@id":"https:\/\/woodsteel.rs\/#organization"},"potentialAction":[{"@type":"SearchAction","target":{"@type":"EntryPoint","urlTemplate":"https:\/\/woodsteel.rs\/?s={search_term_string}"},"query-input":{"@type":"PropertyValueSpecification","valueRequired":true,"valueName":"search_term_string"}}],"inLanguage":"en-US"},{"@type":"Organization","@id":"https:\/\/woodsteel.rs\/#organization","name":"Wood&Steel","url":"https:\/\/woodsteel.rs\/","logo":{"@type":"ImageObject","inLanguage":"en-US","@id":"https:\/\/woodsteel.rs\/#\/schema\/logo\/image\/","url":"https:\/\/woodsteel.rs\/wp-content\/uploads\/2019\/12\/logo-ISPRAVAK.png","contentUrl":"https:\/\/woodsteel.rs\/wp-content\/uploads\/2019\/12\/logo-ISPRAVAK.png","width":779,"height":776,"caption":"Wood&Steel"},"image":{"@id":"https:\/\/woodsteel.rs\/#\/schema\/logo\/image\/"},"sameAs":["https:\/\/www.facebook.com\/woodsteeldesign","https:\/\/www.instagram.com\/wood_steel_design\/"]}]}},"_links":{"self":[{"href":"https:\/\/woodsteel.rs\/en-us\/wp-json\/wp\/v2\/product\/1219","targetHints":{"allow":["GET"]}}],"collection":[{"href":"https:\/\/woodsteel.rs\/en-us\/wp-json\/wp\/v2\/product"}],"about":[{"href":"https:\/\/woodsteel.rs\/en-us\/wp-json\/wp\/v2\/types\/product"}],"wp:featuredmedia":[{"embeddable":true,"href":"https:\/\/woodsteel.rs\/en-us\/wp-json\/wp\/v2\/media\/1218"}],"wp:attachment":[{"href":"https:\/\/woodsteel.rs\/en-us\/wp-json\/wp\/v2\/media?parent=1219"}],"wp:term":[{"taxonomy":"product_brand","embeddable":true,"href":"https:\/\/woodsteel.rs\/en-us\/wp-json\/wp\/v2\/product_brand?post=1219"},{"taxonomy":"product_cat","embeddable":true,"href":"https:\/\/woodsteel.rs\/en-us\/wp-json\/wp\/v2\/product_cat?post=1219"},{"taxonomy":"product_tag","embeddable":true,"href":"https:\/\/woodsteel.rs\/en-us\/wp-json\/wp\/v2\/product_tag?post=1219"}],"curies":[{"name":"wp","href":"https:\/\/api.w.org\/{rel}","templated":true}]}}