{"id":1220,"date":"2020-06-20T15:33:50","date_gmt":"2020-06-20T13:33:50","guid":{"rendered":"http:\/\/woodsteel.rs\/?post_type=product&#038;p=1220"},"modified":"2023-03-14T14:09:54","modified_gmt":"2023-03-14T13:09:54","slug":"araneum-i-klub-sto","status":"publish","type":"product","link":"https:\/\/woodsteel.rs\/en-us\/shop\/araneum-i-klub-sto\/","title":{"rendered":"Araneum I - coffee table"},"content":{"rendered":"<p>Araneum I coffee table is a practical and elegant club table, which easily fits into various styles of furniture. Slightly modified version of the club table Araneum. The difference is that Araneum I has two additional storage drawers.<\/p>\n<p>When making this coffee table, we used quality oak wood, while the metal construction is made of plasticized metal. The dimensions of the club table from the picture are 120x80cm.<\/p>\n<p>As with other products, the dimensions are subject to change depending on your needs.<\/p>\n<p>&nbsp;<\/p>\n<p>Dimensions: 120x80cm<\/p>\n<p>Material: oak wood, plasticized metal construction.<\/p>\n<p>&nbsp;<\/p>\n<p><strong>Note:<\/strong> Price and dimensions may vary.<\/p>\n<p>&nbsp;<\/p>\n<p>Follow us on <em><strong><a href=\"https:\/\/www.instagram.com\/wood_steel_design\/\">instagram<\/a><\/strong><\/em>, kako biste uvek bili u toku sa novim modelima klub stolova. Ili nas <a href=\"https:\/\/woodsteel.rs\/en-us\/kontakt\/\">kontaktirajte<\/a> ve\u0107 danas, kako bismo zajedno dizajnirali i izradili Va\u0161 klub sto.<\/p>\n<p>&nbsp;<\/p>","protected":false},"excerpt":{"rendered":"<p>Araneum I coffee table is a practical and elegant club table, which easily fits into various styles of furniture. Slightly modified version of the club table Araneum. The difference is that Araneum I has two additional storage drawers.<\/p>\n<p>When making this coffee table, we used quality oak wood, while the metal construction is made of plasticized metal. The dimensions of the club table from the picture are 120x80cm.<\/p>\n<p>As with other products, the dimensions are subject to change depending on your needs.<\/p>\n<p>&nbsp;<\/p>\n<p>Dimensions: 120x80cm<\/p>\n<p>Material: oak wood, plasticized metal construction.<\/p>\n<p>&nbsp;<\/p>\n<p><strong>Note:<\/strong> Price and dimensions may vary.<\/p>","protected":false},"featured_media":1216,"template":"","meta":{"_monsterinsights_skip_tracking":false,"_monsterinsights_sitenote_active":false,"_monsterinsights_sitenote_note":"","_monsterinsights_sitenote_category":0},"product_brand":[],"product_cat":[34],"product_tag":[],"class_list":{"0":"post-1220","1":"product","2":"type-product","3":"status-publish","4":"has-post-thumbnail","6":"product_cat-klub-sto","8":"first","9":"instock","10":"shipping-taxable","11":"product-type-simple"},"yoast_head":"<!-- This site is optimized with the Yoast SEO plugin v27.4 - https:\/\/yoast.com\/product\/yoast-seo-wordpress\/ -->\n<title>Araneum I - klub sto - WoodSteel<\/title>\n<meta name=\"description\" content=\"Araneum I klub sto je prakti\u010dan i elegantan klub sto\u010di\u0107. Ovaj klub sto ima dve dodatne fioke za odlaganje. Dimenzije klub stola sa slike su 120x80cm.\" \/>\n<meta name=\"robots\" content=\"index, follow, max-snippet:-1, max-image-preview:large, max-video-preview:-1\" \/>\n<link rel=\"canonical\" href=\"https:\/\/woodsteel.rs\/en-us\/shop\/araneum-i-klub-sto\/\" \/>\n<meta property=\"og:locale\" content=\"en_US\" \/>\n<meta property=\"og:type\" content=\"article\" \/>\n<meta property=\"og:title\" content=\"Araneum I - klub sto - WoodSteel\" \/>\n<meta property=\"og:description\" content=\"Araneum I klub sto je prakti\u010dan i elegantan klub sto\u010di\u0107. Ovaj klub sto ima dve dodatne fioke za odlaganje. Dimenzije klub stola sa slike su 120x80cm.\" \/>\n<meta property=\"og:url\" content=\"https:\/\/woodsteel.rs\/en-us\/shop\/araneum-i-klub-sto\/\" \/>\n<meta property=\"og:site_name\" content=\"WoodSteel\" \/>\n<meta property=\"article:publisher\" content=\"https:\/\/www.facebook.com\/woodsteeldesign\" \/>\n<meta property=\"article:modified_time\" content=\"2023-03-14T13:09:54+00:00\" \/>\n<meta property=\"og:image\" content=\"https:\/\/woodsteel.rs\/wp-content\/uploads\/2020\/06\/klub-sto.jpg\" \/>\n\t<meta property=\"og:image:width\" content=\"1000\" \/>\n\t<meta property=\"og:image:height\" content=\"1000\" \/>\n\t<meta property=\"og:image:type\" content=\"image\/jpeg\" \/>\n<meta name=\"twitter:label1\" content=\"Est. reading time\" \/>\n\t<meta name=\"twitter:data1\" content=\"1 minute\" \/>\n<script type=\"application\/ld+json\" class=\"yoast-schema-graph\">{\"@context\":\"https:\\\/\\\/schema.org\",\"@graph\":[{\"@type\":\"WebPage\",\"@id\":\"https:\\\/\\\/woodsteel.rs\\\/shop\\\/araneum-i-klub-sto\\\/\",\"url\":\"https:\\\/\\\/woodsteel.rs\\\/shop\\\/araneum-i-klub-sto\\\/\",\"name\":\"Araneum I - klub sto - WoodSteel\",\"isPartOf\":{\"@id\":\"https:\\\/\\\/woodsteel.rs\\\/#website\"},\"primaryImageOfPage\":{\"@id\":\"https:\\\/\\\/woodsteel.rs\\\/shop\\\/araneum-i-klub-sto\\\/#primaryimage\"},\"image\":{\"@id\":\"https:\\\/\\\/woodsteel.rs\\\/shop\\\/araneum-i-klub-sto\\\/#primaryimage\"},\"thumbnailUrl\":\"https:\\\/\\\/woodsteel.rs\\\/wp-content\\\/uploads\\\/2020\\\/06\\\/klub-sto.jpg\",\"datePublished\":\"2020-06-20T13:33:50+00:00\",\"dateModified\":\"2023-03-14T13:09:54+00:00\",\"description\":\"Araneum I klub sto je prakti\u010dan i elegantan klub sto\u010di\u0107. Ovaj klub sto ima dve dodatne fioke za odlaganje. Dimenzije klub stola sa slike su 120x80cm.\",\"breadcrumb\":{\"@id\":\"https:\\\/\\\/woodsteel.rs\\\/shop\\\/araneum-i-klub-sto\\\/#breadcrumb\"},\"inLanguage\":\"en-US\",\"potentialAction\":[{\"@type\":\"ReadAction\",\"target\":[\"https:\\\/\\\/woodsteel.rs\\\/shop\\\/araneum-i-klub-sto\\\/\"]}]},{\"@type\":\"ImageObject\",\"inLanguage\":\"en-US\",\"@id\":\"https:\\\/\\\/woodsteel.rs\\\/shop\\\/araneum-i-klub-sto\\\/#primaryimage\",\"url\":\"https:\\\/\\\/woodsteel.rs\\\/wp-content\\\/uploads\\\/2020\\\/06\\\/klub-sto.jpg\",\"contentUrl\":\"https:\\\/\\\/woodsteel.rs\\\/wp-content\\\/uploads\\\/2020\\\/06\\\/klub-sto.jpg\",\"width\":1000,\"height\":1000,\"caption\":\"Araneum I - klub sto sa fiokama za odlaganje\"},{\"@type\":\"BreadcrumbList\",\"@id\":\"https:\\\/\\\/woodsteel.rs\\\/shop\\\/araneum-i-klub-sto\\\/#breadcrumb\",\"itemListElement\":[{\"@type\":\"ListItem\",\"position\":1,\"name\":\"Po\u010detna\",\"item\":\"https:\\\/\\\/woodsteel.rs\\\/\"},{\"@type\":\"ListItem\",\"position\":2,\"name\":\"Proizvodi\",\"item\":\"https:\\\/\\\/woodsteel.rs\\\/shop\\\/\"},{\"@type\":\"ListItem\",\"position\":3,\"name\":\"Araneum I &#8211; klub sto\"}]},{\"@type\":\"WebSite\",\"@id\":\"https:\\\/\\\/woodsteel.rs\\\/#website\",\"url\":\"https:\\\/\\\/woodsteel.rs\\\/\",\"name\":\"WoodSteel\",\"description\":\"\",\"publisher\":{\"@id\":\"https:\\\/\\\/woodsteel.rs\\\/#organization\"},\"potentialAction\":[{\"@type\":\"SearchAction\",\"target\":{\"@type\":\"EntryPoint\",\"urlTemplate\":\"https:\\\/\\\/woodsteel.rs\\\/?s={search_term_string}\"},\"query-input\":{\"@type\":\"PropertyValueSpecification\",\"valueRequired\":true,\"valueName\":\"search_term_string\"}}],\"inLanguage\":\"en-US\"},{\"@type\":\"Organization\",\"@id\":\"https:\\\/\\\/woodsteel.rs\\\/#organization\",\"name\":\"Wood&Steel\",\"url\":\"https:\\\/\\\/woodsteel.rs\\\/\",\"logo\":{\"@type\":\"ImageObject\",\"inLanguage\":\"en-US\",\"@id\":\"https:\\\/\\\/woodsteel.rs\\\/#\\\/schema\\\/logo\\\/image\\\/\",\"url\":\"https:\\\/\\\/woodsteel.rs\\\/wp-content\\\/uploads\\\/2019\\\/12\\\/logo-ISPRAVAK.png\",\"contentUrl\":\"https:\\\/\\\/woodsteel.rs\\\/wp-content\\\/uploads\\\/2019\\\/12\\\/logo-ISPRAVAK.png\",\"width\":779,\"height\":776,\"caption\":\"Wood&Steel\"},\"image\":{\"@id\":\"https:\\\/\\\/woodsteel.rs\\\/#\\\/schema\\\/logo\\\/image\\\/\"},\"sameAs\":[\"https:\\\/\\\/www.facebook.com\\\/woodsteeldesign\",\"https:\\\/\\\/www.instagram.com\\\/wood_steel_design\\\/\"]}]}<\/script>\n<!-- \/ Yoast SEO plugin. -->","yoast_head_json":{"title":"Araneum I - klub sto - WoodSteel","description":"Araneum I klub sto je prakti\u010dan i elegantan klub sto\u010di\u0107. Ovaj klub sto ima dve dodatne fioke za odlaganje. Dimenzije klub stola sa slike su 120x80cm.","robots":{"index":"index","follow":"follow","max-snippet":"max-snippet:-1","max-image-preview":"max-image-preview:large","max-video-preview":"max-video-preview:-1"},"canonical":"https:\/\/woodsteel.rs\/en-us\/shop\/araneum-i-klub-sto\/","og_locale":"en_US","og_type":"article","og_title":"Araneum I - klub sto - WoodSteel","og_description":"Araneum I klub sto je prakti\u010dan i elegantan klub sto\u010di\u0107. Ovaj klub sto ima dve dodatne fioke za odlaganje. Dimenzije klub stola sa slike su 120x80cm.","og_url":"https:\/\/woodsteel.rs\/en-us\/shop\/araneum-i-klub-sto\/","og_site_name":"WoodSteel","article_publisher":"https:\/\/www.facebook.com\/woodsteeldesign","article_modified_time":"2023-03-14T13:09:54+00:00","og_image":[{"width":1000,"height":1000,"url":"https:\/\/woodsteel.rs\/wp-content\/uploads\/2020\/06\/klub-sto.jpg","type":"image\/jpeg"}],"twitter_misc":{"Est. reading time":"1 minute"},"schema":{"@context":"https:\/\/schema.org","@graph":[{"@type":"WebPage","@id":"https:\/\/woodsteel.rs\/shop\/araneum-i-klub-sto\/","url":"https:\/\/woodsteel.rs\/shop\/araneum-i-klub-sto\/","name":"Araneum I - klub sto - WoodSteel","isPartOf":{"@id":"https:\/\/woodsteel.rs\/#website"},"primaryImageOfPage":{"@id":"https:\/\/woodsteel.rs\/shop\/araneum-i-klub-sto\/#primaryimage"},"image":{"@id":"https:\/\/woodsteel.rs\/shop\/araneum-i-klub-sto\/#primaryimage"},"thumbnailUrl":"https:\/\/woodsteel.rs\/wp-content\/uploads\/2020\/06\/klub-sto.jpg","datePublished":"2020-06-20T13:33:50+00:00","dateModified":"2023-03-14T13:09:54+00:00","description":"Araneum I klub sto je prakti\u010dan i elegantan klub sto\u010di\u0107. Ovaj klub sto ima dve dodatne fioke za odlaganje. Dimenzije klub stola sa slike su 120x80cm.","breadcrumb":{"@id":"https:\/\/woodsteel.rs\/shop\/araneum-i-klub-sto\/#breadcrumb"},"inLanguage":"en-US","potentialAction":[{"@type":"ReadAction","target":["https:\/\/woodsteel.rs\/shop\/araneum-i-klub-sto\/"]}]},{"@type":"ImageObject","inLanguage":"en-US","@id":"https:\/\/woodsteel.rs\/shop\/araneum-i-klub-sto\/#primaryimage","url":"https:\/\/woodsteel.rs\/wp-content\/uploads\/2020\/06\/klub-sto.jpg","contentUrl":"https:\/\/woodsteel.rs\/wp-content\/uploads\/2020\/06\/klub-sto.jpg","width":1000,"height":1000,"caption":"Araneum I - klub sto sa fiokama za odlaganje"},{"@type":"BreadcrumbList","@id":"https:\/\/woodsteel.rs\/shop\/araneum-i-klub-sto\/#breadcrumb","itemListElement":[{"@type":"ListItem","position":1,"name":"Po\u010detna","item":"https:\/\/woodsteel.rs\/"},{"@type":"ListItem","position":2,"name":"Proizvodi","item":"https:\/\/woodsteel.rs\/shop\/"},{"@type":"ListItem","position":3,"name":"Araneum I &#8211; klub sto"}]},{"@type":"WebSite","@id":"https:\/\/woodsteel.rs\/#website","url":"https:\/\/woodsteel.rs\/","name":"WoodSteel","description":"","publisher":{"@id":"https:\/\/woodsteel.rs\/#organization"},"potentialAction":[{"@type":"SearchAction","target":{"@type":"EntryPoint","urlTemplate":"https:\/\/woodsteel.rs\/?s={search_term_string}"},"query-input":{"@type":"PropertyValueSpecification","valueRequired":true,"valueName":"search_term_string"}}],"inLanguage":"en-US"},{"@type":"Organization","@id":"https:\/\/woodsteel.rs\/#organization","name":"Wood&Steel","url":"https:\/\/woodsteel.rs\/","logo":{"@type":"ImageObject","inLanguage":"en-US","@id":"https:\/\/woodsteel.rs\/#\/schema\/logo\/image\/","url":"https:\/\/woodsteel.rs\/wp-content\/uploads\/2019\/12\/logo-ISPRAVAK.png","contentUrl":"https:\/\/woodsteel.rs\/wp-content\/uploads\/2019\/12\/logo-ISPRAVAK.png","width":779,"height":776,"caption":"Wood&Steel"},"image":{"@id":"https:\/\/woodsteel.rs\/#\/schema\/logo\/image\/"},"sameAs":["https:\/\/www.facebook.com\/woodsteeldesign","https:\/\/www.instagram.com\/wood_steel_design\/"]}]}},"_links":{"self":[{"href":"https:\/\/woodsteel.rs\/en-us\/wp-json\/wp\/v2\/product\/1220","targetHints":{"allow":["GET"]}}],"collection":[{"href":"https:\/\/woodsteel.rs\/en-us\/wp-json\/wp\/v2\/product"}],"about":[{"href":"https:\/\/woodsteel.rs\/en-us\/wp-json\/wp\/v2\/types\/product"}],"wp:featuredmedia":[{"embeddable":true,"href":"https:\/\/woodsteel.rs\/en-us\/wp-json\/wp\/v2\/media\/1216"}],"wp:attachment":[{"href":"https:\/\/woodsteel.rs\/en-us\/wp-json\/wp\/v2\/media?parent=1220"}],"wp:term":[{"taxonomy":"product_brand","embeddable":true,"href":"https:\/\/woodsteel.rs\/en-us\/wp-json\/wp\/v2\/product_brand?post=1220"},{"taxonomy":"product_cat","embeddable":true,"href":"https:\/\/woodsteel.rs\/en-us\/wp-json\/wp\/v2\/product_cat?post=1220"},{"taxonomy":"product_tag","embeddable":true,"href":"https:\/\/woodsteel.rs\/en-us\/wp-json\/wp\/v2\/product_tag?post=1220"}],"curies":[{"name":"wp","href":"https:\/\/api.w.org\/{rel}","templated":true}]}}