{"id":1423,"date":"2020-11-04T19:11:24","date_gmt":"2020-11-04T18:11:24","guid":{"rendered":"http:\/\/woodsteel.rs\/?post_type=product&#038;p=1423"},"modified":"2023-03-14T14:08:20","modified_gmt":"2023-03-14T13:08:20","slug":"duo-mensa-klub-sto","status":"publish","type":"product","link":"https:\/\/woodsteel.rs\/en-us\/shop\/duo-mensa-klub-sto\/","title":{"rendered":"Duo Mensa \u2013 klub sto"},"content":{"rendered":"<p>Duo Mensa \u2013 klub sto je napravljen od kvalitetnog Parsol stakla \u010dija je debljina 10mm. Parsol staklo je staklo koje je dostupno u vi\u0161e boja. Proizvodi se bojenjem visokokvalitetnog flot stakla tokom proizvodnje. Parsol stakla odli\u010dno upijaju svetlost i toplotnu energiju i tako stvaraju veoma prijatan ambijent i posebnu atmosferu prostorija. Postolje je napravljeno od metala i obojeno zlatnom bojom.<\/p>\n<p><strong>Dimensions:<\/strong>diameter 80cm + 60cm<\/p>\n<p><strong>Material:<\/strong> Parsol glass 10mm, metal base painted in gold<\/p>\n<p><strong>Note:<\/strong> Price and dimensions may vary.<\/p>\n<p>&nbsp;<\/p>\n<p>Follow us on <em><strong><a href=\"https:\/\/www.instagram.com\/wood_steel_design\/\">instagram<\/a><\/strong><\/em>, kako biste uvek bili u toku sa novim modelima klub stolova. Ili nas <a href=\"https:\/\/woodsteel.rs\/en-us\/kontakt\/\">kontaktirajte<\/a> ve\u0107 danas, kako bismo zajedno dizajnirali i izradili Va\u0161 klub sto.<\/p>","protected":false},"excerpt":{"rendered":"<p><span style=\"font-size: 110%;\">Duo Mensa club table is made of quality Parsol glass whose thickness is 10mm. Parsol glass is glass that is available in multiple colors. It is produced by staining high quality fleet glass during production. Parsol glass absorbs light and heat energy perfectly and thus creates a very pleasant ambience and a special atmosphere of the room. The base is made of metal and painted gold.<\/span><\/p>\n<p><span style=\"font-size: 110%;\"><strong>Dimensions:<\/strong>diameter 80cm + 60cm<\/span><\/p>\n<p><span style=\"font-size: 110%;\"><strong>Material:<\/strong> Parsol glass 10mm, metal base painted in gold<\/span><\/p>\n<p><span style=\"font-size: 110%;\"><strong>Note:<\/strong> Price and dimensions may vary.<\/span><\/p>","protected":false},"featured_media":1424,"template":"","meta":{"_monsterinsights_skip_tracking":false,"_monsterinsights_sitenote_active":false,"_monsterinsights_sitenote_note":"","_monsterinsights_sitenote_category":0},"product_brand":[],"product_cat":[34],"product_tag":[],"class_list":{"0":"post-1423","1":"product","2":"type-product","3":"status-publish","4":"has-post-thumbnail","6":"product_cat-klub-sto","8":"first","9":"instock","10":"shipping-taxable","11":"product-type-simple"},"yoast_head":"<!-- This site is optimized with the Yoast SEO plugin v27.4 - https:\/\/yoast.com\/product\/yoast-seo-wordpress\/ -->\n<title>Duo Mensa \u2013 klub sto - WoodSteel<\/title>\n<meta name=\"description\" content=\"Duo Mensa \u2013 klub sto je napravljen od Parsol stakla \u010dija je debljina 10mm. Parsol staklo je dostupno u vi\u0161e boja. Razli\u010dite dimenzije stola.\" \/>\n<meta name=\"robots\" content=\"index, follow, max-snippet:-1, max-image-preview:large, max-video-preview:-1\" \/>\n<link rel=\"canonical\" href=\"https:\/\/woodsteel.rs\/en-us\/shop\/duo-mensa-klub-sto\/\" \/>\n<meta property=\"og:locale\" content=\"en_US\" \/>\n<meta property=\"og:type\" content=\"article\" \/>\n<meta property=\"og:title\" content=\"Duo Mensa \u2013 klub sto - WoodSteel\" \/>\n<meta property=\"og:description\" content=\"Duo Mensa \u2013 klub sto je napravljen od Parsol stakla \u010dija je debljina 10mm. Parsol staklo je dostupno u vi\u0161e boja. Razli\u010dite dimenzije stola.\" \/>\n<meta property=\"og:url\" content=\"https:\/\/woodsteel.rs\/en-us\/shop\/duo-mensa-klub-sto\/\" \/>\n<meta property=\"og:site_name\" content=\"WoodSteel\" \/>\n<meta property=\"article:publisher\" content=\"https:\/\/www.facebook.com\/woodsteeldesign\" \/>\n<meta property=\"article:modified_time\" content=\"2023-03-14T13:08:20+00:00\" \/>\n<meta property=\"og:image\" content=\"https:\/\/woodsteel.rs\/wp-content\/uploads\/2020\/11\/unnamed-2.jpg\" \/>\n\t<meta property=\"og:image:width\" content=\"1200\" \/>\n\t<meta property=\"og:image:height\" content=\"1200\" \/>\n\t<meta property=\"og:image:type\" content=\"image\/jpeg\" \/>\n<meta name=\"twitter:label1\" content=\"Est. reading time\" \/>\n\t<meta name=\"twitter:data1\" content=\"1 minute\" \/>\n<script type=\"application\/ld+json\" class=\"yoast-schema-graph\">{\"@context\":\"https:\\\/\\\/schema.org\",\"@graph\":[{\"@type\":\"WebPage\",\"@id\":\"https:\\\/\\\/woodsteel.rs\\\/shop\\\/duo-mensa-klub-sto\\\/\",\"url\":\"https:\\\/\\\/woodsteel.rs\\\/shop\\\/duo-mensa-klub-sto\\\/\",\"name\":\"Duo Mensa \u2013 klub sto - WoodSteel\",\"isPartOf\":{\"@id\":\"https:\\\/\\\/woodsteel.rs\\\/#website\"},\"primaryImageOfPage\":{\"@id\":\"https:\\\/\\\/woodsteel.rs\\\/shop\\\/duo-mensa-klub-sto\\\/#primaryimage\"},\"image\":{\"@id\":\"https:\\\/\\\/woodsteel.rs\\\/shop\\\/duo-mensa-klub-sto\\\/#primaryimage\"},\"thumbnailUrl\":\"https:\\\/\\\/woodsteel.rs\\\/wp-content\\\/uploads\\\/2020\\\/11\\\/unnamed-2.jpg\",\"datePublished\":\"2020-11-04T18:11:24+00:00\",\"dateModified\":\"2023-03-14T13:08:20+00:00\",\"description\":\"Duo Mensa \u2013 klub sto je napravljen od Parsol stakla \u010dija je debljina 10mm. Parsol staklo je dostupno u vi\u0161e boja. Razli\u010dite dimenzije stola.\",\"breadcrumb\":{\"@id\":\"https:\\\/\\\/woodsteel.rs\\\/shop\\\/duo-mensa-klub-sto\\\/#breadcrumb\"},\"inLanguage\":\"en-US\",\"potentialAction\":[{\"@type\":\"ReadAction\",\"target\":[\"https:\\\/\\\/woodsteel.rs\\\/shop\\\/duo-mensa-klub-sto\\\/\"]}]},{\"@type\":\"ImageObject\",\"inLanguage\":\"en-US\",\"@id\":\"https:\\\/\\\/woodsteel.rs\\\/shop\\\/duo-mensa-klub-sto\\\/#primaryimage\",\"url\":\"https:\\\/\\\/woodsteel.rs\\\/wp-content\\\/uploads\\\/2020\\\/11\\\/unnamed-2.jpg\",\"contentUrl\":\"https:\\\/\\\/woodsteel.rs\\\/wp-content\\\/uploads\\\/2020\\\/11\\\/unnamed-2.jpg\",\"width\":1200,\"height\":1200,\"caption\":\"Duo Mensa klub sto je napravljen od kvalitetnog Parsol stakla \u010dija je debljina 10mm. Parsol staklo je staklo koje je dostupno u vi\u0161e boja. Proizvodi se bojenjem visokokvalitetnog flot stakla tokom proizvodnje. Parsol stakla odli\u010dno upijaju svetlost i toplotnu energiju i tako stvaraju veoma prijatan ambijent i posebnu atmosferu prostorija. Postolje je napravljeno od metala i obojeno zlatnom bojom.\"},{\"@type\":\"BreadcrumbList\",\"@id\":\"https:\\\/\\\/woodsteel.rs\\\/shop\\\/duo-mensa-klub-sto\\\/#breadcrumb\",\"itemListElement\":[{\"@type\":\"ListItem\",\"position\":1,\"name\":\"Po\u010detna\",\"item\":\"https:\\\/\\\/woodsteel.rs\\\/\"},{\"@type\":\"ListItem\",\"position\":2,\"name\":\"Proizvodi\",\"item\":\"https:\\\/\\\/woodsteel.rs\\\/shop\\\/\"},{\"@type\":\"ListItem\",\"position\":3,\"name\":\"Duo Mensa \u2013 klub sto\"}]},{\"@type\":\"WebSite\",\"@id\":\"https:\\\/\\\/woodsteel.rs\\\/#website\",\"url\":\"https:\\\/\\\/woodsteel.rs\\\/\",\"name\":\"WoodSteel\",\"description\":\"\",\"publisher\":{\"@id\":\"https:\\\/\\\/woodsteel.rs\\\/#organization\"},\"potentialAction\":[{\"@type\":\"SearchAction\",\"target\":{\"@type\":\"EntryPoint\",\"urlTemplate\":\"https:\\\/\\\/woodsteel.rs\\\/?s={search_term_string}\"},\"query-input\":{\"@type\":\"PropertyValueSpecification\",\"valueRequired\":true,\"valueName\":\"search_term_string\"}}],\"inLanguage\":\"en-US\"},{\"@type\":\"Organization\",\"@id\":\"https:\\\/\\\/woodsteel.rs\\\/#organization\",\"name\":\"Wood&Steel\",\"url\":\"https:\\\/\\\/woodsteel.rs\\\/\",\"logo\":{\"@type\":\"ImageObject\",\"inLanguage\":\"en-US\",\"@id\":\"https:\\\/\\\/woodsteel.rs\\\/#\\\/schema\\\/logo\\\/image\\\/\",\"url\":\"https:\\\/\\\/woodsteel.rs\\\/wp-content\\\/uploads\\\/2019\\\/12\\\/logo-ISPRAVAK.png\",\"contentUrl\":\"https:\\\/\\\/woodsteel.rs\\\/wp-content\\\/uploads\\\/2019\\\/12\\\/logo-ISPRAVAK.png\",\"width\":779,\"height\":776,\"caption\":\"Wood&Steel\"},\"image\":{\"@id\":\"https:\\\/\\\/woodsteel.rs\\\/#\\\/schema\\\/logo\\\/image\\\/\"},\"sameAs\":[\"https:\\\/\\\/www.facebook.com\\\/woodsteeldesign\",\"https:\\\/\\\/www.instagram.com\\\/wood_steel_design\\\/\"]}]}<\/script>\n<!-- \/ Yoast SEO plugin. -->","yoast_head_json":{"title":"Duo Mensa \u2013 klub sto - WoodSteel","description":"Duo Mensa \u2013 klub sto je napravljen od Parsol stakla \u010dija je debljina 10mm. Parsol staklo je dostupno u vi\u0161e boja. Razli\u010dite dimenzije stola.","robots":{"index":"index","follow":"follow","max-snippet":"max-snippet:-1","max-image-preview":"max-image-preview:large","max-video-preview":"max-video-preview:-1"},"canonical":"https:\/\/woodsteel.rs\/en-us\/shop\/duo-mensa-klub-sto\/","og_locale":"en_US","og_type":"article","og_title":"Duo Mensa \u2013 klub sto - WoodSteel","og_description":"Duo Mensa \u2013 klub sto je napravljen od Parsol stakla \u010dija je debljina 10mm. Parsol staklo je dostupno u vi\u0161e boja. Razli\u010dite dimenzije stola.","og_url":"https:\/\/woodsteel.rs\/en-us\/shop\/duo-mensa-klub-sto\/","og_site_name":"WoodSteel","article_publisher":"https:\/\/www.facebook.com\/woodsteeldesign","article_modified_time":"2023-03-14T13:08:20+00:00","og_image":[{"width":1200,"height":1200,"url":"https:\/\/woodsteel.rs\/wp-content\/uploads\/2020\/11\/unnamed-2.jpg","type":"image\/jpeg"}],"twitter_misc":{"Est. reading time":"1 minute"},"schema":{"@context":"https:\/\/schema.org","@graph":[{"@type":"WebPage","@id":"https:\/\/woodsteel.rs\/shop\/duo-mensa-klub-sto\/","url":"https:\/\/woodsteel.rs\/shop\/duo-mensa-klub-sto\/","name":"Duo Mensa \u2013 klub sto - WoodSteel","isPartOf":{"@id":"https:\/\/woodsteel.rs\/#website"},"primaryImageOfPage":{"@id":"https:\/\/woodsteel.rs\/shop\/duo-mensa-klub-sto\/#primaryimage"},"image":{"@id":"https:\/\/woodsteel.rs\/shop\/duo-mensa-klub-sto\/#primaryimage"},"thumbnailUrl":"https:\/\/woodsteel.rs\/wp-content\/uploads\/2020\/11\/unnamed-2.jpg","datePublished":"2020-11-04T18:11:24+00:00","dateModified":"2023-03-14T13:08:20+00:00","description":"Duo Mensa \u2013 klub sto je napravljen od Parsol stakla \u010dija je debljina 10mm. Parsol staklo je dostupno u vi\u0161e boja. Razli\u010dite dimenzije stola.","breadcrumb":{"@id":"https:\/\/woodsteel.rs\/shop\/duo-mensa-klub-sto\/#breadcrumb"},"inLanguage":"en-US","potentialAction":[{"@type":"ReadAction","target":["https:\/\/woodsteel.rs\/shop\/duo-mensa-klub-sto\/"]}]},{"@type":"ImageObject","inLanguage":"en-US","@id":"https:\/\/woodsteel.rs\/shop\/duo-mensa-klub-sto\/#primaryimage","url":"https:\/\/woodsteel.rs\/wp-content\/uploads\/2020\/11\/unnamed-2.jpg","contentUrl":"https:\/\/woodsteel.rs\/wp-content\/uploads\/2020\/11\/unnamed-2.jpg","width":1200,"height":1200,"caption":"Duo Mensa klub sto je napravljen od kvalitetnog Parsol stakla \u010dija je debljina 10mm. Parsol staklo je staklo koje je dostupno u vi\u0161e boja. Proizvodi se bojenjem visokokvalitetnog flot stakla tokom proizvodnje. Parsol stakla odli\u010dno upijaju svetlost i toplotnu energiju i tako stvaraju veoma prijatan ambijent i posebnu atmosferu prostorija. Postolje je napravljeno od metala i obojeno zlatnom bojom."},{"@type":"BreadcrumbList","@id":"https:\/\/woodsteel.rs\/shop\/duo-mensa-klub-sto\/#breadcrumb","itemListElement":[{"@type":"ListItem","position":1,"name":"Po\u010detna","item":"https:\/\/woodsteel.rs\/"},{"@type":"ListItem","position":2,"name":"Proizvodi","item":"https:\/\/woodsteel.rs\/shop\/"},{"@type":"ListItem","position":3,"name":"Duo Mensa \u2013 klub sto"}]},{"@type":"WebSite","@id":"https:\/\/woodsteel.rs\/#website","url":"https:\/\/woodsteel.rs\/","name":"WoodSteel","description":"","publisher":{"@id":"https:\/\/woodsteel.rs\/#organization"},"potentialAction":[{"@type":"SearchAction","target":{"@type":"EntryPoint","urlTemplate":"https:\/\/woodsteel.rs\/?s={search_term_string}"},"query-input":{"@type":"PropertyValueSpecification","valueRequired":true,"valueName":"search_term_string"}}],"inLanguage":"en-US"},{"@type":"Organization","@id":"https:\/\/woodsteel.rs\/#organization","name":"Wood&Steel","url":"https:\/\/woodsteel.rs\/","logo":{"@type":"ImageObject","inLanguage":"en-US","@id":"https:\/\/woodsteel.rs\/#\/schema\/logo\/image\/","url":"https:\/\/woodsteel.rs\/wp-content\/uploads\/2019\/12\/logo-ISPRAVAK.png","contentUrl":"https:\/\/woodsteel.rs\/wp-content\/uploads\/2019\/12\/logo-ISPRAVAK.png","width":779,"height":776,"caption":"Wood&Steel"},"image":{"@id":"https:\/\/woodsteel.rs\/#\/schema\/logo\/image\/"},"sameAs":["https:\/\/www.facebook.com\/woodsteeldesign","https:\/\/www.instagram.com\/wood_steel_design\/"]}]}},"_links":{"self":[{"href":"https:\/\/woodsteel.rs\/en-us\/wp-json\/wp\/v2\/product\/1423","targetHints":{"allow":["GET"]}}],"collection":[{"href":"https:\/\/woodsteel.rs\/en-us\/wp-json\/wp\/v2\/product"}],"about":[{"href":"https:\/\/woodsteel.rs\/en-us\/wp-json\/wp\/v2\/types\/product"}],"wp:featuredmedia":[{"embeddable":true,"href":"https:\/\/woodsteel.rs\/en-us\/wp-json\/wp\/v2\/media\/1424"}],"wp:attachment":[{"href":"https:\/\/woodsteel.rs\/en-us\/wp-json\/wp\/v2\/media?parent=1423"}],"wp:term":[{"taxonomy":"product_brand","embeddable":true,"href":"https:\/\/woodsteel.rs\/en-us\/wp-json\/wp\/v2\/product_brand?post=1423"},{"taxonomy":"product_cat","embeddable":true,"href":"https:\/\/woodsteel.rs\/en-us\/wp-json\/wp\/v2\/product_cat?post=1423"},{"taxonomy":"product_tag","embeddable":true,"href":"https:\/\/woodsteel.rs\/en-us\/wp-json\/wp\/v2\/product_tag?post=1423"}],"curies":[{"name":"wp","href":"https:\/\/api.w.org\/{rel}","templated":true}]}}