{"id":2119,"date":"2022-01-09T20:49:07","date_gmt":"2022-01-09T19:49:07","guid":{"rendered":"https:\/\/woodsteel.rs\/?post_type=product&#038;p=2119"},"modified":"2023-03-13T17:02:20","modified_gmt":"2023-03-13T16:02:20","slug":"perspicus-trpezarijski-sto","status":"publish","type":"product","link":"https:\/\/woodsteel.rs\/en-us\/shop\/perspicus-trpezarijski-sto\/","title":{"rendered":"Perspicus \u2013 dining table"},"content":{"rendered":"<p>Perspicus <a href=\"https:\/\/woodsteel.rs\/en-us\/proizvodi\/trpezarijski-sto\/\">trpezarijski<\/a> sto svrstava se u grupu lako uklopljivih modela za sve tipove trpezarija. Pru\u017ea raznolikost po pitanju odabira razli\u010ditih boja. Metalna konstrukcija u kombinaciji sa kvalitetnim drvetom i epoksi smolom, predstavlja spoj elegancije i minimalizma. U minimalisti\u010dkim, pomalo hladnim ambijentima, kakve za sebe obi\u010dno stvaraju zaljubljenici u modernu tehnologiju, verovatno \u0107e najbolji odabir biti trpezarijski stolovi u kombinaciji metala i stakla (epoksi smole). Va\u017eno je da, kada sebi birate savr\u0161en trpezarijski sto, razmi\u0161ljate i o njegovoj dugotrajnosti, otpornosti na o\u0161te\u0107enja i lako\u0107i odr\u017eavanja. Kada se ove osobine udru\u017ee sa lepotom i estetikom govorimo o dobitnoj kombinaciji, kao \u0161to je Perspicus trpezarijski sto.<\/p>\n<p>&nbsp;<\/p>\n<p><strong>Note:<\/strong>\u00a0Price and dimensions may vary.<\/p>\n<p>&nbsp;<\/p>\n<p>Follow us on <em><strong><a href=\"https:\/\/www.instagram.com\/wood_steel_design\/\">instagram<\/a><\/strong><\/em>, kako biste uvek bili u toku sa novim modelima trpezarijskih stolova. Ili nas <a href=\"https:\/\/woodsteel.rs\/en-us\/kontakt\/\">kontaktirajte<\/a> ve\u0107 danas, kako bismo zajedno dizajnirali i izradili Va\u0161 trpezarijski sto.<\/p>","protected":false},"excerpt":{"rendered":"<p><span style=\"font-size: 110%;\">The Perspicus dining table belongs to the group of easily fitting models for all types of dining rooms. Provides variety when it comes to choosing different colors. Metal construction in combination with quality wood and epoxy resin, is a combination of elegance and minimalism. In minimalist, somewhat cold environments, such as those usually created for themselves by lovers of modern technology, dining tables in a combination of metal and glass (epoxy resin) will probably be the best choice. It is important that, when choosing the perfect dining table for yourself, you also think about its longevity, resistance to damage and ease of maintenance. When these qualities are combined with beauty and aesthetics, we are talking about a winning combination, such as the Perspicus dining table.\u00a0<\/span><\/p>\n<p>&nbsp;<\/p>\n<p><span style=\"font-size: 110%;\"><strong>Note:<\/strong>\u00a0Price and dimensions may vary.<\/span><\/p>","protected":false},"featured_media":2923,"template":"","meta":{"_monsterinsights_skip_tracking":false,"_monsterinsights_sitenote_active":false,"_monsterinsights_sitenote_note":"","_monsterinsights_sitenote_category":0},"product_brand":[],"product_cat":[35],"product_tag":[],"class_list":{"0":"post-2119","1":"product","2":"type-product","3":"status-publish","4":"has-post-thumbnail","6":"product_cat-trpezarijski-sto","8":"first","9":"instock","10":"shipping-taxable","11":"product-type-simple"},"yoast_head":"<!-- This site is optimized with the Yoast SEO plugin v27.4 - https:\/\/yoast.com\/product\/yoast-seo-wordpress\/ -->\n<title>Perspicus - trpezarijski sto - WoodSteel<\/title>\n<meta name=\"description\" content=\"Perspicus trpezarijski sto svrstava se u grupu lako uklopljivih modela za sve tipove trpezarija. Pru\u017ea raznolikost po pitanju odabira...\" \/>\n<meta name=\"robots\" content=\"index, follow, max-snippet:-1, max-image-preview:large, max-video-preview:-1\" \/>\n<link rel=\"canonical\" href=\"https:\/\/woodsteel.rs\/en-us\/shop\/perspicus-trpezarijski-sto\/\" \/>\n<meta property=\"og:locale\" content=\"en_US\" \/>\n<meta property=\"og:type\" content=\"article\" \/>\n<meta property=\"og:title\" content=\"Perspicus - trpezarijski sto - WoodSteel\" \/>\n<meta property=\"og:description\" content=\"Perspicus trpezarijski sto svrstava se u grupu lako uklopljivih modela za sve tipove trpezarija. Pru\u017ea raznolikost po pitanju odabira...\" \/>\n<meta property=\"og:url\" content=\"https:\/\/woodsteel.rs\/en-us\/shop\/perspicus-trpezarijski-sto\/\" \/>\n<meta property=\"og:site_name\" content=\"WoodSteel\" \/>\n<meta property=\"article:publisher\" content=\"https:\/\/www.facebook.com\/woodsteeldesign\" \/>\n<meta property=\"article:modified_time\" content=\"2023-03-13T16:02:20+00:00\" \/>\n<meta property=\"og:image\" content=\"https:\/\/woodsteel.rs\/wp-content\/uploads\/2022\/01\/trpezarijski-sto-rucna-izrada-perspicus-kombinacija-epoksi-smole-i-drveta-woodsteel.jpg\" \/>\n\t<meta property=\"og:image:width\" content=\"500\" \/>\n\t<meta property=\"og:image:height\" content=\"500\" \/>\n\t<meta property=\"og:image:type\" content=\"image\/jpeg\" \/>\n<meta name=\"twitter:label1\" content=\"Est. reading time\" \/>\n\t<meta name=\"twitter:data1\" content=\"1 minute\" \/>\n<script type=\"application\/ld+json\" class=\"yoast-schema-graph\">{\"@context\":\"https:\\\/\\\/schema.org\",\"@graph\":[{\"@type\":\"WebPage\",\"@id\":\"https:\\\/\\\/woodsteel.rs\\\/shop\\\/perspicus-trpezarijski-sto\\\/\",\"url\":\"https:\\\/\\\/woodsteel.rs\\\/shop\\\/perspicus-trpezarijski-sto\\\/\",\"name\":\"Perspicus - trpezarijski sto - WoodSteel\",\"isPartOf\":{\"@id\":\"https:\\\/\\\/woodsteel.rs\\\/#website\"},\"primaryImageOfPage\":{\"@id\":\"https:\\\/\\\/woodsteel.rs\\\/shop\\\/perspicus-trpezarijski-sto\\\/#primaryimage\"},\"image\":{\"@id\":\"https:\\\/\\\/woodsteel.rs\\\/shop\\\/perspicus-trpezarijski-sto\\\/#primaryimage\"},\"thumbnailUrl\":\"https:\\\/\\\/woodsteel.rs\\\/wp-content\\\/uploads\\\/2022\\\/01\\\/trpezarijski-sto-rucna-izrada-perspicus-kombinacija-epoksi-smole-i-drveta-woodsteel.jpg\",\"datePublished\":\"2022-01-09T19:49:07+00:00\",\"dateModified\":\"2023-03-13T16:02:20+00:00\",\"description\":\"Perspicus trpezarijski sto svrstava se u grupu lako uklopljivih modela za sve tipove trpezarija. Pru\u017ea raznolikost po pitanju odabira...\",\"breadcrumb\":{\"@id\":\"https:\\\/\\\/woodsteel.rs\\\/shop\\\/perspicus-trpezarijski-sto\\\/#breadcrumb\"},\"inLanguage\":\"en-US\",\"potentialAction\":[{\"@type\":\"ReadAction\",\"target\":[\"https:\\\/\\\/woodsteel.rs\\\/shop\\\/perspicus-trpezarijski-sto\\\/\"]}]},{\"@type\":\"ImageObject\",\"inLanguage\":\"en-US\",\"@id\":\"https:\\\/\\\/woodsteel.rs\\\/shop\\\/perspicus-trpezarijski-sto\\\/#primaryimage\",\"url\":\"https:\\\/\\\/woodsteel.rs\\\/wp-content\\\/uploads\\\/2022\\\/01\\\/trpezarijski-sto-rucna-izrada-perspicus-kombinacija-epoksi-smole-i-drveta-woodsteel.jpg\",\"contentUrl\":\"https:\\\/\\\/woodsteel.rs\\\/wp-content\\\/uploads\\\/2022\\\/01\\\/trpezarijski-sto-rucna-izrada-perspicus-kombinacija-epoksi-smole-i-drveta-woodsteel.jpg\",\"width\":500,\"height\":500,\"caption\":\"Perspicus - trpezarijski sto ru\u010dna izrada kombinacija epoksi smole i drveta\"},{\"@type\":\"BreadcrumbList\",\"@id\":\"https:\\\/\\\/woodsteel.rs\\\/shop\\\/perspicus-trpezarijski-sto\\\/#breadcrumb\",\"itemListElement\":[{\"@type\":\"ListItem\",\"position\":1,\"name\":\"Po\u010detna\",\"item\":\"https:\\\/\\\/woodsteel.rs\\\/\"},{\"@type\":\"ListItem\",\"position\":2,\"name\":\"Proizvodi\",\"item\":\"https:\\\/\\\/woodsteel.rs\\\/shop\\\/\"},{\"@type\":\"ListItem\",\"position\":3,\"name\":\"Perspicus &#8211; trpezarijski sto\"}]},{\"@type\":\"WebSite\",\"@id\":\"https:\\\/\\\/woodsteel.rs\\\/#website\",\"url\":\"https:\\\/\\\/woodsteel.rs\\\/\",\"name\":\"WoodSteel\",\"description\":\"\",\"publisher\":{\"@id\":\"https:\\\/\\\/woodsteel.rs\\\/#organization\"},\"potentialAction\":[{\"@type\":\"SearchAction\",\"target\":{\"@type\":\"EntryPoint\",\"urlTemplate\":\"https:\\\/\\\/woodsteel.rs\\\/?s={search_term_string}\"},\"query-input\":{\"@type\":\"PropertyValueSpecification\",\"valueRequired\":true,\"valueName\":\"search_term_string\"}}],\"inLanguage\":\"en-US\"},{\"@type\":\"Organization\",\"@id\":\"https:\\\/\\\/woodsteel.rs\\\/#organization\",\"name\":\"Wood&Steel\",\"url\":\"https:\\\/\\\/woodsteel.rs\\\/\",\"logo\":{\"@type\":\"ImageObject\",\"inLanguage\":\"en-US\",\"@id\":\"https:\\\/\\\/woodsteel.rs\\\/#\\\/schema\\\/logo\\\/image\\\/\",\"url\":\"https:\\\/\\\/woodsteel.rs\\\/wp-content\\\/uploads\\\/2019\\\/12\\\/logo-ISPRAVAK.png\",\"contentUrl\":\"https:\\\/\\\/woodsteel.rs\\\/wp-content\\\/uploads\\\/2019\\\/12\\\/logo-ISPRAVAK.png\",\"width\":779,\"height\":776,\"caption\":\"Wood&Steel\"},\"image\":{\"@id\":\"https:\\\/\\\/woodsteel.rs\\\/#\\\/schema\\\/logo\\\/image\\\/\"},\"sameAs\":[\"https:\\\/\\\/www.facebook.com\\\/woodsteeldesign\",\"https:\\\/\\\/www.instagram.com\\\/wood_steel_design\\\/\"]}]}<\/script>\n<!-- \/ Yoast SEO plugin. -->","yoast_head_json":{"title":"Perspicus - trpezarijski sto - WoodSteel","description":"Perspicus trpezarijski sto svrstava se u grupu lako uklopljivih modela za sve tipove trpezarija. Pru\u017ea raznolikost po pitanju odabira...","robots":{"index":"index","follow":"follow","max-snippet":"max-snippet:-1","max-image-preview":"max-image-preview:large","max-video-preview":"max-video-preview:-1"},"canonical":"https:\/\/woodsteel.rs\/en-us\/shop\/perspicus-trpezarijski-sto\/","og_locale":"en_US","og_type":"article","og_title":"Perspicus - trpezarijski sto - WoodSteel","og_description":"Perspicus trpezarijski sto svrstava se u grupu lako uklopljivih modela za sve tipove trpezarija. Pru\u017ea raznolikost po pitanju odabira...","og_url":"https:\/\/woodsteel.rs\/en-us\/shop\/perspicus-trpezarijski-sto\/","og_site_name":"WoodSteel","article_publisher":"https:\/\/www.facebook.com\/woodsteeldesign","article_modified_time":"2023-03-13T16:02:20+00:00","og_image":[{"width":500,"height":500,"url":"https:\/\/woodsteel.rs\/wp-content\/uploads\/2022\/01\/trpezarijski-sto-rucna-izrada-perspicus-kombinacija-epoksi-smole-i-drveta-woodsteel.jpg","type":"image\/jpeg"}],"twitter_misc":{"Est. reading time":"1 minute"},"schema":{"@context":"https:\/\/schema.org","@graph":[{"@type":"WebPage","@id":"https:\/\/woodsteel.rs\/shop\/perspicus-trpezarijski-sto\/","url":"https:\/\/woodsteel.rs\/shop\/perspicus-trpezarijski-sto\/","name":"Perspicus - trpezarijski sto - WoodSteel","isPartOf":{"@id":"https:\/\/woodsteel.rs\/#website"},"primaryImageOfPage":{"@id":"https:\/\/woodsteel.rs\/shop\/perspicus-trpezarijski-sto\/#primaryimage"},"image":{"@id":"https:\/\/woodsteel.rs\/shop\/perspicus-trpezarijski-sto\/#primaryimage"},"thumbnailUrl":"https:\/\/woodsteel.rs\/wp-content\/uploads\/2022\/01\/trpezarijski-sto-rucna-izrada-perspicus-kombinacija-epoksi-smole-i-drveta-woodsteel.jpg","datePublished":"2022-01-09T19:49:07+00:00","dateModified":"2023-03-13T16:02:20+00:00","description":"Perspicus trpezarijski sto svrstava se u grupu lako uklopljivih modela za sve tipove trpezarija. Pru\u017ea raznolikost po pitanju odabira...","breadcrumb":{"@id":"https:\/\/woodsteel.rs\/shop\/perspicus-trpezarijski-sto\/#breadcrumb"},"inLanguage":"en-US","potentialAction":[{"@type":"ReadAction","target":["https:\/\/woodsteel.rs\/shop\/perspicus-trpezarijski-sto\/"]}]},{"@type":"ImageObject","inLanguage":"en-US","@id":"https:\/\/woodsteel.rs\/shop\/perspicus-trpezarijski-sto\/#primaryimage","url":"https:\/\/woodsteel.rs\/wp-content\/uploads\/2022\/01\/trpezarijski-sto-rucna-izrada-perspicus-kombinacija-epoksi-smole-i-drveta-woodsteel.jpg","contentUrl":"https:\/\/woodsteel.rs\/wp-content\/uploads\/2022\/01\/trpezarijski-sto-rucna-izrada-perspicus-kombinacija-epoksi-smole-i-drveta-woodsteel.jpg","width":500,"height":500,"caption":"Perspicus - trpezarijski sto ru\u010dna izrada kombinacija epoksi smole i drveta"},{"@type":"BreadcrumbList","@id":"https:\/\/woodsteel.rs\/shop\/perspicus-trpezarijski-sto\/#breadcrumb","itemListElement":[{"@type":"ListItem","position":1,"name":"Po\u010detna","item":"https:\/\/woodsteel.rs\/"},{"@type":"ListItem","position":2,"name":"Proizvodi","item":"https:\/\/woodsteel.rs\/shop\/"},{"@type":"ListItem","position":3,"name":"Perspicus &#8211; trpezarijski sto"}]},{"@type":"WebSite","@id":"https:\/\/woodsteel.rs\/#website","url":"https:\/\/woodsteel.rs\/","name":"WoodSteel","description":"","publisher":{"@id":"https:\/\/woodsteel.rs\/#organization"},"potentialAction":[{"@type":"SearchAction","target":{"@type":"EntryPoint","urlTemplate":"https:\/\/woodsteel.rs\/?s={search_term_string}"},"query-input":{"@type":"PropertyValueSpecification","valueRequired":true,"valueName":"search_term_string"}}],"inLanguage":"en-US"},{"@type":"Organization","@id":"https:\/\/woodsteel.rs\/#organization","name":"Wood&Steel","url":"https:\/\/woodsteel.rs\/","logo":{"@type":"ImageObject","inLanguage":"en-US","@id":"https:\/\/woodsteel.rs\/#\/schema\/logo\/image\/","url":"https:\/\/woodsteel.rs\/wp-content\/uploads\/2019\/12\/logo-ISPRAVAK.png","contentUrl":"https:\/\/woodsteel.rs\/wp-content\/uploads\/2019\/12\/logo-ISPRAVAK.png","width":779,"height":776,"caption":"Wood&Steel"},"image":{"@id":"https:\/\/woodsteel.rs\/#\/schema\/logo\/image\/"},"sameAs":["https:\/\/www.facebook.com\/woodsteeldesign","https:\/\/www.instagram.com\/wood_steel_design\/"]}]}},"_links":{"self":[{"href":"https:\/\/woodsteel.rs\/en-us\/wp-json\/wp\/v2\/product\/2119","targetHints":{"allow":["GET"]}}],"collection":[{"href":"https:\/\/woodsteel.rs\/en-us\/wp-json\/wp\/v2\/product"}],"about":[{"href":"https:\/\/woodsteel.rs\/en-us\/wp-json\/wp\/v2\/types\/product"}],"wp:featuredmedia":[{"embeddable":true,"href":"https:\/\/woodsteel.rs\/en-us\/wp-json\/wp\/v2\/media\/2923"}],"wp:attachment":[{"href":"https:\/\/woodsteel.rs\/en-us\/wp-json\/wp\/v2\/media?parent=2119"}],"wp:term":[{"taxonomy":"product_brand","embeddable":true,"href":"https:\/\/woodsteel.rs\/en-us\/wp-json\/wp\/v2\/product_brand?post=2119"},{"taxonomy":"product_cat","embeddable":true,"href":"https:\/\/woodsteel.rs\/en-us\/wp-json\/wp\/v2\/product_cat?post=2119"},{"taxonomy":"product_tag","embeddable":true,"href":"https:\/\/woodsteel.rs\/en-us\/wp-json\/wp\/v2\/product_tag?post=2119"}],"curies":[{"name":"wp","href":"https:\/\/api.w.org\/{rel}","templated":true}]}}