{"id":2155,"date":"2022-02-07T21:08:52","date_gmt":"2022-02-07T20:08:52","guid":{"rendered":"https:\/\/woodsteel.rs\/?post_type=product&#038;p=2155"},"modified":"2023-03-13T17:02:17","modified_gmt":"2023-03-13T16:02:17","slug":"reos-trpezarijski-sto","status":"publish","type":"product","link":"https:\/\/woodsteel.rs\/en-us\/shop\/reos-trpezarijski-sto\/","title":{"rendered":"Reos - dining table"},"content":{"rendered":"<p><span style=\"font-size: 105%;\">Reos - the dining table is an inspiration <a href=\"https:\/\/woodsteel.rs\/en-us\/prikupite-ideje-za-uredjenje-zivotnog-prostora-zavirite-u-ovaj-savrsen-skandinavski-stan\/\">Scandinavian<\/a> stila koji je poznat po neutralnim bojama i jednostavno\u0161\u0107u. Dizajniran je tako da se lako mo\u017ee uklopiti sa ostalim stilovima koji preovladavaju u prostoriji. Bez dodataka metala za izradu konstrukcije i bez dodataka epoksi smile, Reos je izra\u0111en od kvalitetnog Hrasta. Napravljen je da izdr\u017ei test vremena. Koristimo samo najkvalitetniji hrast, \u0161to zna\u010di da namje\u0161taj nema \u010dvorove i pukotine. Svi na\u0161i proizvodi su ru\u010dno izra\u0111eni. <\/span><\/p>\n<p>&nbsp;<\/p>\n<div class=\"product-short-description\">\n<p><span style=\"font-size: 105%;\"><strong>Dimensions:<\/strong> 210x 95x 75cm.<\/span><\/p>\n<p><span style=\"font-size: 105%;\"><strong>Material:<\/strong> Oak tree.<\/span><\/p>\n<p>&nbsp;<\/p>\n<p><span style=\"font-size: 105%;\"><strong>Note:<\/strong> Price and dimensions may vary.<\/span><\/p>\n<\/div>\n<p>Prati nas na <em><strong><a href=\"https:\/\/www.instagram.com\/wood_steel_design\/\">instagram<\/a> <\/strong><\/em>kako bi uvek bio u toku sa novim modelima ili <em><strong><a href=\"https:\/\/woodsteel.rs\/en-us\/kontakt\/\">write to us.<\/a><\/strong><\/em>, da zajedno dizajniramo tvoj trpezarijski sto.<\/p>\n<p>&nbsp;<\/p>\n<p>&nbsp;<\/p>\n<p><em><strong><a href=\"https:\/\/woodsteel.rs\/en-us\/\">Woodsteel.rs<\/a><\/strong><\/em><\/p>","protected":false},"excerpt":{"rendered":"<p><span style=\"font-size: 105%;\">Reos - the dining table is an inspiration <a href=\"https:\/\/woodsteel.rs\/en-us\/prikupite-ideje-za-uredjenje-zivotnog-prostora-zavirite-u-ovaj-savrsen-skandinavski-stan\/\">Scandinavian<\/a> a style known for its neutral colors and simplicity. It is designed so that it can easily fit in with the other styles prevailing in the room. Without additions of metal for construction and without additions of epoxy resin, Reos is made of quality Oak. It's built to stand the test of time. We use only the highest quality oak, which means that the furniture has no knots or cracks. All our products are handmade.<\/span><\/p>\n<p>&nbsp;<\/p>\n<div class=\"product-short-description\">\n<p><span style=\"font-size: 105%;\"><strong>Dimensions:<\/strong> 210x95x75cm.<\/span><\/p>\n<p><span style=\"font-size: 105%;\"><strong>Material:<\/strong> Oak tree.<\/span><\/p>\n<p>&nbsp;<\/p>\n<p><span style=\"font-size: 105%;\"><strong>Note:<\/strong> Price and dimensions may vary.<\/span><\/p>\n<\/div>","protected":false},"featured_media":2854,"template":"","meta":{"_monsterinsights_skip_tracking":false,"_monsterinsights_sitenote_active":false,"_monsterinsights_sitenote_note":"","_monsterinsights_sitenote_category":0},"product_brand":[],"product_cat":[35],"product_tag":[],"class_list":{"0":"post-2155","1":"product","2":"type-product","3":"status-publish","4":"has-post-thumbnail","6":"product_cat-trpezarijski-sto","8":"first","9":"instock","10":"shipping-taxable","11":"product-type-simple"},"yoast_head":"<!-- This site is optimized with the Yoast SEO plugin v27.4 - https:\/\/yoast.com\/product\/yoast-seo-wordpress\/ -->\n<title>Reos - trpezarijski sto - WoodSteel<\/title>\n<meta name=\"description\" content=\"Trpezarijski sto Reos je inspiracija skandinavskog stila koji se izdvaja po neutralnim bojama i minimalizmu. Kvalitetno drvo Hrasta, bez pukotina i \u010dvorova\" \/>\n<meta name=\"robots\" content=\"index, follow, max-snippet:-1, max-image-preview:large, max-video-preview:-1\" \/>\n<link rel=\"canonical\" href=\"https:\/\/woodsteel.rs\/en-us\/shop\/reos-trpezarijski-sto\/\" \/>\n<meta property=\"og:locale\" content=\"en_US\" \/>\n<meta property=\"og:type\" content=\"article\" \/>\n<meta property=\"og:title\" content=\"Reos - trpezarijski sto - WoodSteel\" \/>\n<meta property=\"og:description\" content=\"Trpezarijski sto Reos je inspiracija skandinavskog stila koji se izdvaja po neutralnim bojama i minimalizmu. Kvalitetno drvo Hrasta, bez pukotina i \u010dvorova\" \/>\n<meta property=\"og:url\" content=\"https:\/\/woodsteel.rs\/en-us\/shop\/reos-trpezarijski-sto\/\" \/>\n<meta property=\"og:site_name\" content=\"WoodSteel\" \/>\n<meta property=\"article:publisher\" content=\"https:\/\/www.facebook.com\/woodsteeldesign\" \/>\n<meta property=\"article:modified_time\" content=\"2023-03-13T16:02:17+00:00\" \/>\n<meta property=\"og:image\" content=\"https:\/\/woodsteel.rs\/wp-content\/uploads\/2022\/02\/trpezarijski-sto-Reos-Woodsteel.jpg\" \/>\n\t<meta property=\"og:image:width\" content=\"720\" \/>\n\t<meta property=\"og:image:height\" content=\"708\" \/>\n\t<meta property=\"og:image:type\" content=\"image\/jpeg\" \/>\n<meta name=\"twitter:label1\" content=\"Est. reading time\" \/>\n\t<meta name=\"twitter:data1\" content=\"1 minute\" \/>\n<script type=\"application\/ld+json\" class=\"yoast-schema-graph\">{\"@context\":\"https:\\\/\\\/schema.org\",\"@graph\":[{\"@type\":\"WebPage\",\"@id\":\"https:\\\/\\\/woodsteel.rs\\\/shop\\\/reos-trpezarijski-sto\\\/\",\"url\":\"https:\\\/\\\/woodsteel.rs\\\/shop\\\/reos-trpezarijski-sto\\\/\",\"name\":\"Reos - trpezarijski sto - WoodSteel\",\"isPartOf\":{\"@id\":\"https:\\\/\\\/woodsteel.rs\\\/#website\"},\"primaryImageOfPage\":{\"@id\":\"https:\\\/\\\/woodsteel.rs\\\/shop\\\/reos-trpezarijski-sto\\\/#primaryimage\"},\"image\":{\"@id\":\"https:\\\/\\\/woodsteel.rs\\\/shop\\\/reos-trpezarijski-sto\\\/#primaryimage\"},\"thumbnailUrl\":\"https:\\\/\\\/woodsteel.rs\\\/wp-content\\\/uploads\\\/2022\\\/02\\\/trpezarijski-sto-Reos-Woodsteel.jpg\",\"datePublished\":\"2022-02-07T20:08:52+00:00\",\"dateModified\":\"2023-03-13T16:02:17+00:00\",\"description\":\"Trpezarijski sto Reos je inspiracija skandinavskog stila koji se izdvaja po neutralnim bojama i minimalizmu. Kvalitetno drvo Hrasta, bez pukotina i \u010dvorova\",\"breadcrumb\":{\"@id\":\"https:\\\/\\\/woodsteel.rs\\\/shop\\\/reos-trpezarijski-sto\\\/#breadcrumb\"},\"inLanguage\":\"en-US\",\"potentialAction\":[{\"@type\":\"ReadAction\",\"target\":[\"https:\\\/\\\/woodsteel.rs\\\/shop\\\/reos-trpezarijski-sto\\\/\"]}]},{\"@type\":\"ImageObject\",\"inLanguage\":\"en-US\",\"@id\":\"https:\\\/\\\/woodsteel.rs\\\/shop\\\/reos-trpezarijski-sto\\\/#primaryimage\",\"url\":\"https:\\\/\\\/woodsteel.rs\\\/wp-content\\\/uploads\\\/2022\\\/02\\\/trpezarijski-sto-Reos-Woodsteel.jpg\",\"contentUrl\":\"https:\\\/\\\/woodsteel.rs\\\/wp-content\\\/uploads\\\/2022\\\/02\\\/trpezarijski-sto-Reos-Woodsteel.jpg\",\"width\":720,\"height\":708,\"caption\":\"Reos - trpezarijski sto od Hrasta, ru\u010dna izrada od kvalitetnog materijala\"},{\"@type\":\"BreadcrumbList\",\"@id\":\"https:\\\/\\\/woodsteel.rs\\\/shop\\\/reos-trpezarijski-sto\\\/#breadcrumb\",\"itemListElement\":[{\"@type\":\"ListItem\",\"position\":1,\"name\":\"Po\u010detna\",\"item\":\"https:\\\/\\\/woodsteel.rs\\\/\"},{\"@type\":\"ListItem\",\"position\":2,\"name\":\"Proizvodi\",\"item\":\"https:\\\/\\\/woodsteel.rs\\\/shop\\\/\"},{\"@type\":\"ListItem\",\"position\":3,\"name\":\"Reos &#8211; trpezarijski sto\"}]},{\"@type\":\"WebSite\",\"@id\":\"https:\\\/\\\/woodsteel.rs\\\/#website\",\"url\":\"https:\\\/\\\/woodsteel.rs\\\/\",\"name\":\"WoodSteel\",\"description\":\"\",\"publisher\":{\"@id\":\"https:\\\/\\\/woodsteel.rs\\\/#organization\"},\"potentialAction\":[{\"@type\":\"SearchAction\",\"target\":{\"@type\":\"EntryPoint\",\"urlTemplate\":\"https:\\\/\\\/woodsteel.rs\\\/?s={search_term_string}\"},\"query-input\":{\"@type\":\"PropertyValueSpecification\",\"valueRequired\":true,\"valueName\":\"search_term_string\"}}],\"inLanguage\":\"en-US\"},{\"@type\":\"Organization\",\"@id\":\"https:\\\/\\\/woodsteel.rs\\\/#organization\",\"name\":\"Wood&Steel\",\"url\":\"https:\\\/\\\/woodsteel.rs\\\/\",\"logo\":{\"@type\":\"ImageObject\",\"inLanguage\":\"en-US\",\"@id\":\"https:\\\/\\\/woodsteel.rs\\\/#\\\/schema\\\/logo\\\/image\\\/\",\"url\":\"https:\\\/\\\/woodsteel.rs\\\/wp-content\\\/uploads\\\/2019\\\/12\\\/logo-ISPRAVAK.png\",\"contentUrl\":\"https:\\\/\\\/woodsteel.rs\\\/wp-content\\\/uploads\\\/2019\\\/12\\\/logo-ISPRAVAK.png\",\"width\":779,\"height\":776,\"caption\":\"Wood&Steel\"},\"image\":{\"@id\":\"https:\\\/\\\/woodsteel.rs\\\/#\\\/schema\\\/logo\\\/image\\\/\"},\"sameAs\":[\"https:\\\/\\\/www.facebook.com\\\/woodsteeldesign\",\"https:\\\/\\\/www.instagram.com\\\/wood_steel_design\\\/\"]}]}<\/script>\n<!-- \/ Yoast SEO plugin. -->","yoast_head_json":{"title":"Reos - trpezarijski sto - WoodSteel","description":"Trpezarijski sto Reos je inspiracija skandinavskog stila koji se izdvaja po neutralnim bojama i minimalizmu. Kvalitetno drvo Hrasta, bez pukotina i \u010dvorova","robots":{"index":"index","follow":"follow","max-snippet":"max-snippet:-1","max-image-preview":"max-image-preview:large","max-video-preview":"max-video-preview:-1"},"canonical":"https:\/\/woodsteel.rs\/en-us\/shop\/reos-trpezarijski-sto\/","og_locale":"en_US","og_type":"article","og_title":"Reos - trpezarijski sto - WoodSteel","og_description":"Trpezarijski sto Reos je inspiracija skandinavskog stila koji se izdvaja po neutralnim bojama i minimalizmu. Kvalitetno drvo Hrasta, bez pukotina i \u010dvorova","og_url":"https:\/\/woodsteel.rs\/en-us\/shop\/reos-trpezarijski-sto\/","og_site_name":"WoodSteel","article_publisher":"https:\/\/www.facebook.com\/woodsteeldesign","article_modified_time":"2023-03-13T16:02:17+00:00","og_image":[{"width":720,"height":708,"url":"https:\/\/woodsteel.rs\/wp-content\/uploads\/2022\/02\/trpezarijski-sto-Reos-Woodsteel.jpg","type":"image\/jpeg"}],"twitter_misc":{"Est. reading time":"1 minute"},"schema":{"@context":"https:\/\/schema.org","@graph":[{"@type":"WebPage","@id":"https:\/\/woodsteel.rs\/shop\/reos-trpezarijski-sto\/","url":"https:\/\/woodsteel.rs\/shop\/reos-trpezarijski-sto\/","name":"Reos - trpezarijski sto - WoodSteel","isPartOf":{"@id":"https:\/\/woodsteel.rs\/#website"},"primaryImageOfPage":{"@id":"https:\/\/woodsteel.rs\/shop\/reos-trpezarijski-sto\/#primaryimage"},"image":{"@id":"https:\/\/woodsteel.rs\/shop\/reos-trpezarijski-sto\/#primaryimage"},"thumbnailUrl":"https:\/\/woodsteel.rs\/wp-content\/uploads\/2022\/02\/trpezarijski-sto-Reos-Woodsteel.jpg","datePublished":"2022-02-07T20:08:52+00:00","dateModified":"2023-03-13T16:02:17+00:00","description":"Trpezarijski sto Reos je inspiracija skandinavskog stila koji se izdvaja po neutralnim bojama i minimalizmu. Kvalitetno drvo Hrasta, bez pukotina i \u010dvorova","breadcrumb":{"@id":"https:\/\/woodsteel.rs\/shop\/reos-trpezarijski-sto\/#breadcrumb"},"inLanguage":"en-US","potentialAction":[{"@type":"ReadAction","target":["https:\/\/woodsteel.rs\/shop\/reos-trpezarijski-sto\/"]}]},{"@type":"ImageObject","inLanguage":"en-US","@id":"https:\/\/woodsteel.rs\/shop\/reos-trpezarijski-sto\/#primaryimage","url":"https:\/\/woodsteel.rs\/wp-content\/uploads\/2022\/02\/trpezarijski-sto-Reos-Woodsteel.jpg","contentUrl":"https:\/\/woodsteel.rs\/wp-content\/uploads\/2022\/02\/trpezarijski-sto-Reos-Woodsteel.jpg","width":720,"height":708,"caption":"Reos - trpezarijski sto od Hrasta, ru\u010dna izrada od kvalitetnog materijala"},{"@type":"BreadcrumbList","@id":"https:\/\/woodsteel.rs\/shop\/reos-trpezarijski-sto\/#breadcrumb","itemListElement":[{"@type":"ListItem","position":1,"name":"Po\u010detna","item":"https:\/\/woodsteel.rs\/"},{"@type":"ListItem","position":2,"name":"Proizvodi","item":"https:\/\/woodsteel.rs\/shop\/"},{"@type":"ListItem","position":3,"name":"Reos &#8211; trpezarijski sto"}]},{"@type":"WebSite","@id":"https:\/\/woodsteel.rs\/#website","url":"https:\/\/woodsteel.rs\/","name":"WoodSteel","description":"","publisher":{"@id":"https:\/\/woodsteel.rs\/#organization"},"potentialAction":[{"@type":"SearchAction","target":{"@type":"EntryPoint","urlTemplate":"https:\/\/woodsteel.rs\/?s={search_term_string}"},"query-input":{"@type":"PropertyValueSpecification","valueRequired":true,"valueName":"search_term_string"}}],"inLanguage":"en-US"},{"@type":"Organization","@id":"https:\/\/woodsteel.rs\/#organization","name":"Wood&Steel","url":"https:\/\/woodsteel.rs\/","logo":{"@type":"ImageObject","inLanguage":"en-US","@id":"https:\/\/woodsteel.rs\/#\/schema\/logo\/image\/","url":"https:\/\/woodsteel.rs\/wp-content\/uploads\/2019\/12\/logo-ISPRAVAK.png","contentUrl":"https:\/\/woodsteel.rs\/wp-content\/uploads\/2019\/12\/logo-ISPRAVAK.png","width":779,"height":776,"caption":"Wood&Steel"},"image":{"@id":"https:\/\/woodsteel.rs\/#\/schema\/logo\/image\/"},"sameAs":["https:\/\/www.facebook.com\/woodsteeldesign","https:\/\/www.instagram.com\/wood_steel_design\/"]}]}},"_links":{"self":[{"href":"https:\/\/woodsteel.rs\/en-us\/wp-json\/wp\/v2\/product\/2155","targetHints":{"allow":["GET"]}}],"collection":[{"href":"https:\/\/woodsteel.rs\/en-us\/wp-json\/wp\/v2\/product"}],"about":[{"href":"https:\/\/woodsteel.rs\/en-us\/wp-json\/wp\/v2\/types\/product"}],"wp:featuredmedia":[{"embeddable":true,"href":"https:\/\/woodsteel.rs\/en-us\/wp-json\/wp\/v2\/media\/2854"}],"wp:attachment":[{"href":"https:\/\/woodsteel.rs\/en-us\/wp-json\/wp\/v2\/media?parent=2155"}],"wp:term":[{"taxonomy":"product_brand","embeddable":true,"href":"https:\/\/woodsteel.rs\/en-us\/wp-json\/wp\/v2\/product_brand?post=2155"},{"taxonomy":"product_cat","embeddable":true,"href":"https:\/\/woodsteel.rs\/en-us\/wp-json\/wp\/v2\/product_cat?post=2155"},{"taxonomy":"product_tag","embeddable":true,"href":"https:\/\/woodsteel.rs\/en-us\/wp-json\/wp\/v2\/product_tag?post=2155"}],"curies":[{"name":"wp","href":"https:\/\/api.w.org\/{rel}","templated":true}]}}