{"id":2250,"date":"2022-03-30T20:05:43","date_gmt":"2022-03-30T18:05:43","guid":{"rendered":"https:\/\/woodsteel.rs\/?post_type=product&#038;p=2250"},"modified":"2023-03-14T14:07:44","modified_gmt":"2023-03-14T13:07:44","slug":"stella-klub-sto","status":"publish","type":"product","link":"https:\/\/woodsteel.rs\/en-us\/shop\/stella-klub-sto\/","title":{"rendered":"Stella - club table"},"content":{"rendered":"<p>S<span style=\"font-size: 105%;\">tella &#8211; klub sto sa plo\u010dom od mermera? Za\u0161to da ne!\u00a0<\/span><\/p>\n<p><span style=\"font-size: 105%;\">Stellu smo dizajnirali tako da mo\u017ee da poslu\u017ei i kao klub sto, kao pomo\u0107ni (dodatni) klub sto i kao no\u0107ni sto\u010di\u0107. Svojim jednostavnim izgledom lako je mo\u017ee\u0161 kombinovati. Plo\u010da je okruglog oblika i izra\u0111ena od mermera, dok su no\u017eice od \u010delika. Prilokom dizajniranja, fokus je bio na minimalizamu i na kvalitetu. A ve\u0107 smo pisali o <strong><em><a href=\"https:\/\/woodsteel.rs\/en-us\/sve-na-jednom-mestu\/\">marble<\/a> <\/em><\/strong>and about the advantages of furniture made of <strong><em><a href=\"https:\/\/woodsteel.rs\/en-us\/sve-na-jednom-mestu\/\">marble<\/a><\/em><\/strong>. Sve u svemu, sa ovim klub stolom ne mo\u017ee\u0161 da pogre\u0161i\u0161. Super je za kombinovanje i uklapanje u ostatak name\u0161taja. Stella &#8211; klub sto se uklapa sa drugim materijalima. A za odr\u017eavanje \u010disto\u0107e je potrebna samo jedna krpa i sto se sija. Za name\u0161taj od mermera ka\u017eu da je vanvremenski.<\/span><\/p>\n<p><span style=\"font-size: 105%;\">See for yourself, you can see other offers of marble furniture <em><strong><a href=\"https:\/\/woodsteel.rs\/en-us\/shop\/\">HERE.<\/a><\/strong><\/em><\/span><\/p>\n<p>&nbsp;<\/p>\n<p>&nbsp;<\/p>\n<div class=\"product-short-description\">\n<p><span style=\"font-size: 105%;\"><strong>Dimensions:<\/strong> pre\u010dnik 60cm.<\/span><\/p>\n<p><span style=\"font-size: 105%;\"><strong>Material:<\/strong> Marble, steel.<\/span><\/p>\n<p>&nbsp;<\/p>\n<p><span style=\"font-size: 105%;\"><strong>Note:<\/strong> Price and dimensions may vary.<\/span><\/p>\n<\/div>\n<p>Follow us on <em><strong><a href=\"https:\/\/www.instagram.com\/wood_steel_design\/\">instagram<\/a><\/strong><\/em>, kako biste uvek bili u toku sa novim modelima klub stolova. Ili nas <a href=\"https:\/\/woodsteel.rs\/en-us\/kontakt\/\">kontaktirajte<\/a> ve\u0107 danas, kako bismo zajedno dizajnirali i izradili Va\u0161 klub sto.<\/p>\n<p>&nbsp;<\/p>","protected":false},"excerpt":{"rendered":"<p>Stella \u2013 a club table with a marble top? Why not!<\/p>\n<p>We designed Stella so that it can serve as a club table, as an auxiliary (additional) club table and as a bedside table. With its simple appearance, you can easily combine it. The plate is round in shape and made of marble, while the legs are made of steel. When designing, the focus was on minimalism and quality. And we already wrote about <strong><em><a href=\"https:\/\/woodsteel.rs\/en-us\/sve-na-jednom-mestu\/\">marble<\/a> <\/em><\/strong>and about the advantages of furniture made of <strong><em><a href=\"https:\/\/woodsteel.rs\/en-us\/sve-na-jednom-mestu\/\">marble<\/a><\/em><\/strong>All in all, you can't go wrong with this club table. It is great for combining and fitting into the rest of the furniture. Stella \u2013 a club that fits with other materials. And to maintain cleanliness, you only need one cloth and an ironing table. Marble furniture is said to be timeless.<\/p>\n<p>See for yourself, you can view other offers of marble furniture <em><strong><a href=\"https:\/\/woodsteel.rs\/en-us\/shop\/\">HERE.<\/a><\/strong><\/em><\/p>\n<p>&nbsp;<\/p>\n<p>&nbsp;<\/p>\n<div class=\"product-short-description\">\n<p><strong>Dimensions:<\/strong> pre\u010dnik 60cm.<\/p>\n<p><strong>Material:<\/strong> Marble, steel.<\/p>\n<p>&nbsp;<\/p>\n<p><strong>Note:<\/strong> Price and dimensions may vary.<\/p>\n<\/div>","protected":false},"featured_media":2927,"template":"","meta":{"_monsterinsights_skip_tracking":false,"_monsterinsights_sitenote_active":false,"_monsterinsights_sitenote_note":"","_monsterinsights_sitenote_category":0},"product_brand":[],"product_cat":[34],"product_tag":[],"class_list":{"0":"post-2250","1":"product","2":"type-product","3":"status-publish","4":"has-post-thumbnail","6":"product_cat-klub-sto","8":"first","9":"instock","10":"shipping-taxable","11":"product-type-simple"},"yoast_head":"<!-- This site is optimized with the Yoast SEO plugin v27.4 - https:\/\/yoast.com\/product\/yoast-seo-wordpress\/ -->\n<title>Stella - klub sto - WoodSteel<\/title>\n<meta name=\"description\" content=\"Stella - klub sto sa plo\u010dom od mermera i \u010deli\u010dnim nogarama. Mo\u017ee da ti poslu\u017ei i kao dodatni sto\u010di\u0107, kao no\u0107ni ili jednostavni kao sto za dnevnu sobu.\" \/>\n<meta name=\"robots\" content=\"index, follow, max-snippet:-1, max-image-preview:large, max-video-preview:-1\" \/>\n<link rel=\"canonical\" href=\"https:\/\/woodsteel.rs\/en-us\/shop\/stella-klub-sto\/\" \/>\n<meta property=\"og:locale\" content=\"en_US\" \/>\n<meta property=\"og:type\" content=\"article\" \/>\n<meta property=\"og:title\" content=\"Stella - klub sto - WoodSteel\" \/>\n<meta property=\"og:description\" content=\"Stella - klub sto sa plo\u010dom od mermera i \u010deli\u010dnim nogarama. Mo\u017ee da ti poslu\u017ei i kao dodatni sto\u010di\u0107, kao no\u0107ni ili jednostavni kao sto za dnevnu sobu.\" \/>\n<meta property=\"og:url\" content=\"https:\/\/woodsteel.rs\/en-us\/shop\/stella-klub-sto\/\" \/>\n<meta property=\"og:site_name\" content=\"WoodSteel\" \/>\n<meta property=\"article:publisher\" content=\"https:\/\/www.facebook.com\/woodsteeldesign\" \/>\n<meta property=\"article:modified_time\" content=\"2023-03-14T13:07:44+00:00\" \/>\n<meta property=\"og:image\" content=\"https:\/\/woodsteel.rs\/wp-content\/uploads\/2022\/03\/klub-sto-rucna-izrada-stella-mermer-woodsteel-beograd.jpg\" \/>\n\t<meta property=\"og:image:width\" content=\"593\" \/>\n\t<meta property=\"og:image:height\" content=\"593\" \/>\n\t<meta property=\"og:image:type\" content=\"image\/jpeg\" \/>\n<meta name=\"twitter:label1\" content=\"Est. reading time\" \/>\n\t<meta name=\"twitter:data1\" content=\"1 minute\" \/>\n<script type=\"application\/ld+json\" class=\"yoast-schema-graph\">{\"@context\":\"https:\\\/\\\/schema.org\",\"@graph\":[{\"@type\":\"WebPage\",\"@id\":\"https:\\\/\\\/woodsteel.rs\\\/shop\\\/stella-klub-sto\\\/\",\"url\":\"https:\\\/\\\/woodsteel.rs\\\/shop\\\/stella-klub-sto\\\/\",\"name\":\"Stella - klub sto - WoodSteel\",\"isPartOf\":{\"@id\":\"https:\\\/\\\/woodsteel.rs\\\/#website\"},\"primaryImageOfPage\":{\"@id\":\"https:\\\/\\\/woodsteel.rs\\\/shop\\\/stella-klub-sto\\\/#primaryimage\"},\"image\":{\"@id\":\"https:\\\/\\\/woodsteel.rs\\\/shop\\\/stella-klub-sto\\\/#primaryimage\"},\"thumbnailUrl\":\"https:\\\/\\\/woodsteel.rs\\\/wp-content\\\/uploads\\\/2022\\\/03\\\/klub-sto-rucna-izrada-stella-mermer-woodsteel-beograd.jpg\",\"datePublished\":\"2022-03-30T18:05:43+00:00\",\"dateModified\":\"2023-03-14T13:07:44+00:00\",\"description\":\"Stella - klub sto sa plo\u010dom od mermera i \u010deli\u010dnim nogarama. Mo\u017ee da ti poslu\u017ei i kao dodatni sto\u010di\u0107, kao no\u0107ni ili jednostavni kao sto za dnevnu sobu.\",\"breadcrumb\":{\"@id\":\"https:\\\/\\\/woodsteel.rs\\\/shop\\\/stella-klub-sto\\\/#breadcrumb\"},\"inLanguage\":\"en-US\",\"potentialAction\":[{\"@type\":\"ReadAction\",\"target\":[\"https:\\\/\\\/woodsteel.rs\\\/shop\\\/stella-klub-sto\\\/\"]}]},{\"@type\":\"ImageObject\",\"inLanguage\":\"en-US\",\"@id\":\"https:\\\/\\\/woodsteel.rs\\\/shop\\\/stella-klub-sto\\\/#primaryimage\",\"url\":\"https:\\\/\\\/woodsteel.rs\\\/wp-content\\\/uploads\\\/2022\\\/03\\\/klub-sto-rucna-izrada-stella-mermer-woodsteel-beograd.jpg\",\"contentUrl\":\"https:\\\/\\\/woodsteel.rs\\\/wp-content\\\/uploads\\\/2022\\\/03\\\/klub-sto-rucna-izrada-stella-mermer-woodsteel-beograd.jpg\",\"width\":593,\"height\":593,\"caption\":\"Stella - klub sto plo\u010da je od mermera, dok je konstrukcija od \u010delika, ru\u010dna izrada\"},{\"@type\":\"BreadcrumbList\",\"@id\":\"https:\\\/\\\/woodsteel.rs\\\/shop\\\/stella-klub-sto\\\/#breadcrumb\",\"itemListElement\":[{\"@type\":\"ListItem\",\"position\":1,\"name\":\"Po\u010detna\",\"item\":\"https:\\\/\\\/woodsteel.rs\\\/\"},{\"@type\":\"ListItem\",\"position\":2,\"name\":\"Proizvodi\",\"item\":\"https:\\\/\\\/woodsteel.rs\\\/shop\\\/\"},{\"@type\":\"ListItem\",\"position\":3,\"name\":\"Stella &#8211; klub sto\"}]},{\"@type\":\"WebSite\",\"@id\":\"https:\\\/\\\/woodsteel.rs\\\/#website\",\"url\":\"https:\\\/\\\/woodsteel.rs\\\/\",\"name\":\"WoodSteel\",\"description\":\"\",\"publisher\":{\"@id\":\"https:\\\/\\\/woodsteel.rs\\\/#organization\"},\"potentialAction\":[{\"@type\":\"SearchAction\",\"target\":{\"@type\":\"EntryPoint\",\"urlTemplate\":\"https:\\\/\\\/woodsteel.rs\\\/?s={search_term_string}\"},\"query-input\":{\"@type\":\"PropertyValueSpecification\",\"valueRequired\":true,\"valueName\":\"search_term_string\"}}],\"inLanguage\":\"en-US\"},{\"@type\":\"Organization\",\"@id\":\"https:\\\/\\\/woodsteel.rs\\\/#organization\",\"name\":\"Wood&Steel\",\"url\":\"https:\\\/\\\/woodsteel.rs\\\/\",\"logo\":{\"@type\":\"ImageObject\",\"inLanguage\":\"en-US\",\"@id\":\"https:\\\/\\\/woodsteel.rs\\\/#\\\/schema\\\/logo\\\/image\\\/\",\"url\":\"https:\\\/\\\/woodsteel.rs\\\/wp-content\\\/uploads\\\/2019\\\/12\\\/logo-ISPRAVAK.png\",\"contentUrl\":\"https:\\\/\\\/woodsteel.rs\\\/wp-content\\\/uploads\\\/2019\\\/12\\\/logo-ISPRAVAK.png\",\"width\":779,\"height\":776,\"caption\":\"Wood&Steel\"},\"image\":{\"@id\":\"https:\\\/\\\/woodsteel.rs\\\/#\\\/schema\\\/logo\\\/image\\\/\"},\"sameAs\":[\"https:\\\/\\\/www.facebook.com\\\/woodsteeldesign\",\"https:\\\/\\\/www.instagram.com\\\/wood_steel_design\\\/\"]}]}<\/script>\n<!-- \/ Yoast SEO plugin. -->","yoast_head_json":{"title":"Stella - klub sto - WoodSteel","description":"Stella - klub sto sa plo\u010dom od mermera i \u010deli\u010dnim nogarama. Mo\u017ee da ti poslu\u017ei i kao dodatni sto\u010di\u0107, kao no\u0107ni ili jednostavni kao sto za dnevnu sobu.","robots":{"index":"index","follow":"follow","max-snippet":"max-snippet:-1","max-image-preview":"max-image-preview:large","max-video-preview":"max-video-preview:-1"},"canonical":"https:\/\/woodsteel.rs\/en-us\/shop\/stella-klub-sto\/","og_locale":"en_US","og_type":"article","og_title":"Stella - klub sto - WoodSteel","og_description":"Stella - klub sto sa plo\u010dom od mermera i \u010deli\u010dnim nogarama. Mo\u017ee da ti poslu\u017ei i kao dodatni sto\u010di\u0107, kao no\u0107ni ili jednostavni kao sto za dnevnu sobu.","og_url":"https:\/\/woodsteel.rs\/en-us\/shop\/stella-klub-sto\/","og_site_name":"WoodSteel","article_publisher":"https:\/\/www.facebook.com\/woodsteeldesign","article_modified_time":"2023-03-14T13:07:44+00:00","og_image":[{"width":593,"height":593,"url":"https:\/\/woodsteel.rs\/wp-content\/uploads\/2022\/03\/klub-sto-rucna-izrada-stella-mermer-woodsteel-beograd.jpg","type":"image\/jpeg"}],"twitter_misc":{"Est. reading time":"1 minute"},"schema":{"@context":"https:\/\/schema.org","@graph":[{"@type":"WebPage","@id":"https:\/\/woodsteel.rs\/shop\/stella-klub-sto\/","url":"https:\/\/woodsteel.rs\/shop\/stella-klub-sto\/","name":"Stella - klub sto - WoodSteel","isPartOf":{"@id":"https:\/\/woodsteel.rs\/#website"},"primaryImageOfPage":{"@id":"https:\/\/woodsteel.rs\/shop\/stella-klub-sto\/#primaryimage"},"image":{"@id":"https:\/\/woodsteel.rs\/shop\/stella-klub-sto\/#primaryimage"},"thumbnailUrl":"https:\/\/woodsteel.rs\/wp-content\/uploads\/2022\/03\/klub-sto-rucna-izrada-stella-mermer-woodsteel-beograd.jpg","datePublished":"2022-03-30T18:05:43+00:00","dateModified":"2023-03-14T13:07:44+00:00","description":"Stella - klub sto sa plo\u010dom od mermera i \u010deli\u010dnim nogarama. Mo\u017ee da ti poslu\u017ei i kao dodatni sto\u010di\u0107, kao no\u0107ni ili jednostavni kao sto za dnevnu sobu.","breadcrumb":{"@id":"https:\/\/woodsteel.rs\/shop\/stella-klub-sto\/#breadcrumb"},"inLanguage":"en-US","potentialAction":[{"@type":"ReadAction","target":["https:\/\/woodsteel.rs\/shop\/stella-klub-sto\/"]}]},{"@type":"ImageObject","inLanguage":"en-US","@id":"https:\/\/woodsteel.rs\/shop\/stella-klub-sto\/#primaryimage","url":"https:\/\/woodsteel.rs\/wp-content\/uploads\/2022\/03\/klub-sto-rucna-izrada-stella-mermer-woodsteel-beograd.jpg","contentUrl":"https:\/\/woodsteel.rs\/wp-content\/uploads\/2022\/03\/klub-sto-rucna-izrada-stella-mermer-woodsteel-beograd.jpg","width":593,"height":593,"caption":"Stella - klub sto plo\u010da je od mermera, dok je konstrukcija od \u010delika, ru\u010dna izrada"},{"@type":"BreadcrumbList","@id":"https:\/\/woodsteel.rs\/shop\/stella-klub-sto\/#breadcrumb","itemListElement":[{"@type":"ListItem","position":1,"name":"Po\u010detna","item":"https:\/\/woodsteel.rs\/"},{"@type":"ListItem","position":2,"name":"Proizvodi","item":"https:\/\/woodsteel.rs\/shop\/"},{"@type":"ListItem","position":3,"name":"Stella &#8211; klub sto"}]},{"@type":"WebSite","@id":"https:\/\/woodsteel.rs\/#website","url":"https:\/\/woodsteel.rs\/","name":"WoodSteel","description":"","publisher":{"@id":"https:\/\/woodsteel.rs\/#organization"},"potentialAction":[{"@type":"SearchAction","target":{"@type":"EntryPoint","urlTemplate":"https:\/\/woodsteel.rs\/?s={search_term_string}"},"query-input":{"@type":"PropertyValueSpecification","valueRequired":true,"valueName":"search_term_string"}}],"inLanguage":"en-US"},{"@type":"Organization","@id":"https:\/\/woodsteel.rs\/#organization","name":"Wood&Steel","url":"https:\/\/woodsteel.rs\/","logo":{"@type":"ImageObject","inLanguage":"en-US","@id":"https:\/\/woodsteel.rs\/#\/schema\/logo\/image\/","url":"https:\/\/woodsteel.rs\/wp-content\/uploads\/2019\/12\/logo-ISPRAVAK.png","contentUrl":"https:\/\/woodsteel.rs\/wp-content\/uploads\/2019\/12\/logo-ISPRAVAK.png","width":779,"height":776,"caption":"Wood&Steel"},"image":{"@id":"https:\/\/woodsteel.rs\/#\/schema\/logo\/image\/"},"sameAs":["https:\/\/www.facebook.com\/woodsteeldesign","https:\/\/www.instagram.com\/wood_steel_design\/"]}]}},"_links":{"self":[{"href":"https:\/\/woodsteel.rs\/en-us\/wp-json\/wp\/v2\/product\/2250","targetHints":{"allow":["GET"]}}],"collection":[{"href":"https:\/\/woodsteel.rs\/en-us\/wp-json\/wp\/v2\/product"}],"about":[{"href":"https:\/\/woodsteel.rs\/en-us\/wp-json\/wp\/v2\/types\/product"}],"wp:featuredmedia":[{"embeddable":true,"href":"https:\/\/woodsteel.rs\/en-us\/wp-json\/wp\/v2\/media\/2927"}],"wp:attachment":[{"href":"https:\/\/woodsteel.rs\/en-us\/wp-json\/wp\/v2\/media?parent=2250"}],"wp:term":[{"taxonomy":"product_brand","embeddable":true,"href":"https:\/\/woodsteel.rs\/en-us\/wp-json\/wp\/v2\/product_brand?post=2250"},{"taxonomy":"product_cat","embeddable":true,"href":"https:\/\/woodsteel.rs\/en-us\/wp-json\/wp\/v2\/product_cat?post=2250"},{"taxonomy":"product_tag","embeddable":true,"href":"https:\/\/woodsteel.rs\/en-us\/wp-json\/wp\/v2\/product_tag?post=2250"}],"curies":[{"name":"wp","href":"https:\/\/api.w.org\/{rel}","templated":true}]}}