{"id":2281,"date":"2022-04-19T20:05:24","date_gmt":"2022-04-19T18:05:24","guid":{"rendered":"https:\/\/woodsteel.rs\/?post_type=product&#038;p=2281"},"modified":"2023-01-23T16:58:36","modified_gmt":"2023-01-23T15:58:36","slug":"ensi-klub-sto","status":"publish","type":"product","link":"https:\/\/woodsteel.rs\/en-us\/shop\/ensi-klub-sto\/","title":{"rendered":"Ensi - club table"},"content":{"rendered":"<p><span style=\"font-size: 105%;\">Klub sto koji je funkcionalan, moderan i jednostavan, sa idejom da bude akcenat svakog dnevnog boravka. Ovaj sto\u010di\u0107 je poseban, jer je izra\u0111en od punog drveta, a inspiraciju za dizajn smo prona\u0161li u <strong><em><a href=\"https:\/\/woodsteel.rs\/en-us\/prikupite-ideje-za-uredjenje-zivotnog-prostora-zavirite-u-ovaj-savrsen-skandinavski-stan\/\">Scandinavian interior design style.<\/a>.\u00a0<\/em><\/strong>Skandinavski stil je popularan zbog svojih minimalisti\u010dkih principa. Ovaj sto najbolje je kombinovati uz svetle bole (kao na fotografijama), kako biste dobili kontrast i izbegli zatvaranje dnevnog boravka. Svakako na tebi je da odlu\u010di\u0161 koji materijal \u017eeli\u0161, koje boje, dimenzije&#8230;i na taj na\u010din najbolje uklopi\u0161 u ostatak enterijera.<\/span><\/p>\n<p>&nbsp;<\/p>\n<div class=\"product-short-description\">\n<p><span style=\"font-size: 105%;\"><strong>Dimensions:<\/strong> diameter 80 cm.<\/span><\/p>\n<p><span style=\"font-size: 105%;\"><strong>Material:<\/strong> Oak tree.<\/span><\/p>\n<p>&nbsp;<\/p>\n<p><span style=\"font-size: 105%;\"><strong>Note:<\/strong> Price and dimensions may vary.<\/span><\/p>\n<\/div>\n<p>Follow us on <em><strong><a href=\"https:\/\/www.instagram.com\/wood_steel_design\/\">instagram<\/a><\/strong><\/em>, kako biste uvek bili u toku sa novim modelima. Ili nas <a href=\"https:\/\/woodsteel.rs\/en-us\/kontakt\/\">kontaktirajte<\/a> ve\u0107 danas, kako bismo zajedno dizajnirali i izradili Va\u0161 klub sto.<\/p>\n<div class=\"product_meta\"><\/div>","protected":false},"excerpt":{"rendered":"<p>A club table that is functional, modern and simple, with the idea of being the accent of every living room. This club table is special, because it is made of solid wood, and we found inspiration for the design in <strong><em><a href=\"https:\/\/woodsteel.rs\/en-us\/prikupite-ideje-za-uredjenje-zivotnog-prostora-zavirite-u-ovaj-savrsen-skandinavski-stan\/\">Scandinavian interior design style.<\/a>.\u00a0<\/em><\/strong>Scandinavian style is popular for its minimalist principles. It is best to combine this club with bright bolas (as in the photos), in order to get a contrast and avoid closing the living room. Of course, it is up to you to decide which material you want, which colors, dimensions... and in that way you can best fit into the rest of the interior.<\/p>\n<p>&nbsp;<\/p>\n<div class=\"product-short-description\">\n<p><strong>Dimensions:<\/strong> diameter 80 cm.<\/p>\n<p><strong>Material:<\/strong> Oak tree.<\/p>\n<p>&nbsp;<\/p>\n<p><strong>Note:<\/strong> Price and dimensions may vary.<\/p>\n<\/div>","protected":false},"featured_media":2911,"template":"","meta":{"_monsterinsights_skip_tracking":false,"_monsterinsights_sitenote_active":false,"_monsterinsights_sitenote_note":"","_monsterinsights_sitenote_category":0},"product_brand":[],"product_cat":[34],"product_tag":[],"class_list":{"0":"post-2281","1":"product","2":"type-product","3":"status-publish","4":"has-post-thumbnail","6":"product_cat-klub-sto","8":"first","9":"instock","10":"shipping-taxable","11":"product-type-simple"},"yoast_head":"<!-- This site is optimized with the Yoast SEO plugin v27.4 - https:\/\/yoast.com\/product\/yoast-seo-wordpress\/ -->\n<title>Ensi - klub sto - WoodSteel<\/title>\n<meta name=\"description\" content=\"Klub sto Ensi kao acenat u dnevnom boravku. Savr\u0161en za kombinaciju sa svetlijim tonovima name\u0161taja. Drvo Hrasta. Pre\u010dnik stola 80cm.\" \/>\n<meta name=\"robots\" content=\"index, follow, max-snippet:-1, max-image-preview:large, max-video-preview:-1\" \/>\n<link rel=\"canonical\" href=\"https:\/\/woodsteel.rs\/en-us\/shop\/ensi-klub-sto\/\" \/>\n<meta property=\"og:locale\" content=\"en_US\" \/>\n<meta property=\"og:type\" content=\"article\" \/>\n<meta property=\"og:title\" content=\"Ensi - klub sto - WoodSteel\" \/>\n<meta property=\"og:description\" content=\"Klub sto Ensi kao acenat u dnevnom boravku. Savr\u0161en za kombinaciju sa svetlijim tonovima name\u0161taja. Drvo Hrasta. Pre\u010dnik stola 80cm.\" \/>\n<meta property=\"og:url\" content=\"https:\/\/woodsteel.rs\/en-us\/shop\/ensi-klub-sto\/\" \/>\n<meta property=\"og:site_name\" content=\"WoodSteel\" \/>\n<meta property=\"article:publisher\" content=\"https:\/\/www.facebook.com\/woodsteeldesign\" \/>\n<meta property=\"article:modified_time\" content=\"2023-01-23T15:58:36+00:00\" \/>\n<meta property=\"og:image\" content=\"https:\/\/woodsteel.rs\/wp-content\/uploads\/2022\/04\/klub-sto-rucna-izrada-ensi-woodsteel.jpg\" \/>\n\t<meta property=\"og:image:width\" content=\"600\" \/>\n\t<meta property=\"og:image:height\" content=\"600\" \/>\n\t<meta property=\"og:image:type\" content=\"image\/jpeg\" \/>\n<meta name=\"twitter:label1\" content=\"Est. reading time\" \/>\n\t<meta name=\"twitter:data1\" content=\"1 minute\" \/>\n<script type=\"application\/ld+json\" class=\"yoast-schema-graph\">{\"@context\":\"https:\\\/\\\/schema.org\",\"@graph\":[{\"@type\":\"WebPage\",\"@id\":\"https:\\\/\\\/woodsteel.rs\\\/shop\\\/ensi-klub-sto\\\/\",\"url\":\"https:\\\/\\\/woodsteel.rs\\\/shop\\\/ensi-klub-sto\\\/\",\"name\":\"Ensi - klub sto - WoodSteel\",\"isPartOf\":{\"@id\":\"https:\\\/\\\/woodsteel.rs\\\/#website\"},\"primaryImageOfPage\":{\"@id\":\"https:\\\/\\\/woodsteel.rs\\\/shop\\\/ensi-klub-sto\\\/#primaryimage\"},\"image\":{\"@id\":\"https:\\\/\\\/woodsteel.rs\\\/shop\\\/ensi-klub-sto\\\/#primaryimage\"},\"thumbnailUrl\":\"https:\\\/\\\/woodsteel.rs\\\/wp-content\\\/uploads\\\/2022\\\/04\\\/klub-sto-rucna-izrada-ensi-woodsteel.jpg\",\"datePublished\":\"2022-04-19T18:05:24+00:00\",\"dateModified\":\"2023-01-23T15:58:36+00:00\",\"description\":\"Klub sto Ensi kao acenat u dnevnom boravku. Savr\u0161en za kombinaciju sa svetlijim tonovima name\u0161taja. Drvo Hrasta. Pre\u010dnik stola 80cm.\",\"breadcrumb\":{\"@id\":\"https:\\\/\\\/woodsteel.rs\\\/shop\\\/ensi-klub-sto\\\/#breadcrumb\"},\"inLanguage\":\"en-US\",\"potentialAction\":[{\"@type\":\"ReadAction\",\"target\":[\"https:\\\/\\\/woodsteel.rs\\\/shop\\\/ensi-klub-sto\\\/\"]}]},{\"@type\":\"ImageObject\",\"inLanguage\":\"en-US\",\"@id\":\"https:\\\/\\\/woodsteel.rs\\\/shop\\\/ensi-klub-sto\\\/#primaryimage\",\"url\":\"https:\\\/\\\/woodsteel.rs\\\/wp-content\\\/uploads\\\/2022\\\/04\\\/klub-sto-rucna-izrada-ensi-woodsteel.jpg\",\"contentUrl\":\"https:\\\/\\\/woodsteel.rs\\\/wp-content\\\/uploads\\\/2022\\\/04\\\/klub-sto-rucna-izrada-ensi-woodsteel.jpg\",\"width\":600,\"height\":600,\"caption\":\"klub sto pre\u010dnika 80 cm od hrasta izra\u0111en\"},{\"@type\":\"BreadcrumbList\",\"@id\":\"https:\\\/\\\/woodsteel.rs\\\/shop\\\/ensi-klub-sto\\\/#breadcrumb\",\"itemListElement\":[{\"@type\":\"ListItem\",\"position\":1,\"name\":\"Po\u010detna\",\"item\":\"https:\\\/\\\/woodsteel.rs\\\/\"},{\"@type\":\"ListItem\",\"position\":2,\"name\":\"Proizvodi\",\"item\":\"https:\\\/\\\/woodsteel.rs\\\/shop\\\/\"},{\"@type\":\"ListItem\",\"position\":3,\"name\":\"Ensi &#8211; klub sto\"}]},{\"@type\":\"WebSite\",\"@id\":\"https:\\\/\\\/woodsteel.rs\\\/#website\",\"url\":\"https:\\\/\\\/woodsteel.rs\\\/\",\"name\":\"WoodSteel\",\"description\":\"\",\"publisher\":{\"@id\":\"https:\\\/\\\/woodsteel.rs\\\/#organization\"},\"potentialAction\":[{\"@type\":\"SearchAction\",\"target\":{\"@type\":\"EntryPoint\",\"urlTemplate\":\"https:\\\/\\\/woodsteel.rs\\\/?s={search_term_string}\"},\"query-input\":{\"@type\":\"PropertyValueSpecification\",\"valueRequired\":true,\"valueName\":\"search_term_string\"}}],\"inLanguage\":\"en-US\"},{\"@type\":\"Organization\",\"@id\":\"https:\\\/\\\/woodsteel.rs\\\/#organization\",\"name\":\"Wood&Steel\",\"url\":\"https:\\\/\\\/woodsteel.rs\\\/\",\"logo\":{\"@type\":\"ImageObject\",\"inLanguage\":\"en-US\",\"@id\":\"https:\\\/\\\/woodsteel.rs\\\/#\\\/schema\\\/logo\\\/image\\\/\",\"url\":\"https:\\\/\\\/woodsteel.rs\\\/wp-content\\\/uploads\\\/2019\\\/12\\\/logo-ISPRAVAK.png\",\"contentUrl\":\"https:\\\/\\\/woodsteel.rs\\\/wp-content\\\/uploads\\\/2019\\\/12\\\/logo-ISPRAVAK.png\",\"width\":779,\"height\":776,\"caption\":\"Wood&Steel\"},\"image\":{\"@id\":\"https:\\\/\\\/woodsteel.rs\\\/#\\\/schema\\\/logo\\\/image\\\/\"},\"sameAs\":[\"https:\\\/\\\/www.facebook.com\\\/woodsteeldesign\",\"https:\\\/\\\/www.instagram.com\\\/wood_steel_design\\\/\"]}]}<\/script>\n<!-- \/ Yoast SEO plugin. -->","yoast_head_json":{"title":"Ensi - klub sto - WoodSteel","description":"Klub sto Ensi kao acenat u dnevnom boravku. Savr\u0161en za kombinaciju sa svetlijim tonovima name\u0161taja. Drvo Hrasta. Pre\u010dnik stola 80cm.","robots":{"index":"index","follow":"follow","max-snippet":"max-snippet:-1","max-image-preview":"max-image-preview:large","max-video-preview":"max-video-preview:-1"},"canonical":"https:\/\/woodsteel.rs\/en-us\/shop\/ensi-klub-sto\/","og_locale":"en_US","og_type":"article","og_title":"Ensi - klub sto - WoodSteel","og_description":"Klub sto Ensi kao acenat u dnevnom boravku. Savr\u0161en za kombinaciju sa svetlijim tonovima name\u0161taja. Drvo Hrasta. Pre\u010dnik stola 80cm.","og_url":"https:\/\/woodsteel.rs\/en-us\/shop\/ensi-klub-sto\/","og_site_name":"WoodSteel","article_publisher":"https:\/\/www.facebook.com\/woodsteeldesign","article_modified_time":"2023-01-23T15:58:36+00:00","og_image":[{"width":600,"height":600,"url":"https:\/\/woodsteel.rs\/wp-content\/uploads\/2022\/04\/klub-sto-rucna-izrada-ensi-woodsteel.jpg","type":"image\/jpeg"}],"twitter_misc":{"Est. reading time":"1 minute"},"schema":{"@context":"https:\/\/schema.org","@graph":[{"@type":"WebPage","@id":"https:\/\/woodsteel.rs\/shop\/ensi-klub-sto\/","url":"https:\/\/woodsteel.rs\/shop\/ensi-klub-sto\/","name":"Ensi - klub sto - WoodSteel","isPartOf":{"@id":"https:\/\/woodsteel.rs\/#website"},"primaryImageOfPage":{"@id":"https:\/\/woodsteel.rs\/shop\/ensi-klub-sto\/#primaryimage"},"image":{"@id":"https:\/\/woodsteel.rs\/shop\/ensi-klub-sto\/#primaryimage"},"thumbnailUrl":"https:\/\/woodsteel.rs\/wp-content\/uploads\/2022\/04\/klub-sto-rucna-izrada-ensi-woodsteel.jpg","datePublished":"2022-04-19T18:05:24+00:00","dateModified":"2023-01-23T15:58:36+00:00","description":"Klub sto Ensi kao acenat u dnevnom boravku. Savr\u0161en za kombinaciju sa svetlijim tonovima name\u0161taja. Drvo Hrasta. Pre\u010dnik stola 80cm.","breadcrumb":{"@id":"https:\/\/woodsteel.rs\/shop\/ensi-klub-sto\/#breadcrumb"},"inLanguage":"en-US","potentialAction":[{"@type":"ReadAction","target":["https:\/\/woodsteel.rs\/shop\/ensi-klub-sto\/"]}]},{"@type":"ImageObject","inLanguage":"en-US","@id":"https:\/\/woodsteel.rs\/shop\/ensi-klub-sto\/#primaryimage","url":"https:\/\/woodsteel.rs\/wp-content\/uploads\/2022\/04\/klub-sto-rucna-izrada-ensi-woodsteel.jpg","contentUrl":"https:\/\/woodsteel.rs\/wp-content\/uploads\/2022\/04\/klub-sto-rucna-izrada-ensi-woodsteel.jpg","width":600,"height":600,"caption":"klub sto pre\u010dnika 80 cm od hrasta izra\u0111en"},{"@type":"BreadcrumbList","@id":"https:\/\/woodsteel.rs\/shop\/ensi-klub-sto\/#breadcrumb","itemListElement":[{"@type":"ListItem","position":1,"name":"Po\u010detna","item":"https:\/\/woodsteel.rs\/"},{"@type":"ListItem","position":2,"name":"Proizvodi","item":"https:\/\/woodsteel.rs\/shop\/"},{"@type":"ListItem","position":3,"name":"Ensi &#8211; klub sto"}]},{"@type":"WebSite","@id":"https:\/\/woodsteel.rs\/#website","url":"https:\/\/woodsteel.rs\/","name":"WoodSteel","description":"","publisher":{"@id":"https:\/\/woodsteel.rs\/#organization"},"potentialAction":[{"@type":"SearchAction","target":{"@type":"EntryPoint","urlTemplate":"https:\/\/woodsteel.rs\/?s={search_term_string}"},"query-input":{"@type":"PropertyValueSpecification","valueRequired":true,"valueName":"search_term_string"}}],"inLanguage":"en-US"},{"@type":"Organization","@id":"https:\/\/woodsteel.rs\/#organization","name":"Wood&Steel","url":"https:\/\/woodsteel.rs\/","logo":{"@type":"ImageObject","inLanguage":"en-US","@id":"https:\/\/woodsteel.rs\/#\/schema\/logo\/image\/","url":"https:\/\/woodsteel.rs\/wp-content\/uploads\/2019\/12\/logo-ISPRAVAK.png","contentUrl":"https:\/\/woodsteel.rs\/wp-content\/uploads\/2019\/12\/logo-ISPRAVAK.png","width":779,"height":776,"caption":"Wood&Steel"},"image":{"@id":"https:\/\/woodsteel.rs\/#\/schema\/logo\/image\/"},"sameAs":["https:\/\/www.facebook.com\/woodsteeldesign","https:\/\/www.instagram.com\/wood_steel_design\/"]}]}},"_links":{"self":[{"href":"https:\/\/woodsteel.rs\/en-us\/wp-json\/wp\/v2\/product\/2281","targetHints":{"allow":["GET"]}}],"collection":[{"href":"https:\/\/woodsteel.rs\/en-us\/wp-json\/wp\/v2\/product"}],"about":[{"href":"https:\/\/woodsteel.rs\/en-us\/wp-json\/wp\/v2\/types\/product"}],"wp:featuredmedia":[{"embeddable":true,"href":"https:\/\/woodsteel.rs\/en-us\/wp-json\/wp\/v2\/media\/2911"}],"wp:attachment":[{"href":"https:\/\/woodsteel.rs\/en-us\/wp-json\/wp\/v2\/media?parent=2281"}],"wp:term":[{"taxonomy":"product_brand","embeddable":true,"href":"https:\/\/woodsteel.rs\/en-us\/wp-json\/wp\/v2\/product_brand?post=2281"},{"taxonomy":"product_cat","embeddable":true,"href":"https:\/\/woodsteel.rs\/en-us\/wp-json\/wp\/v2\/product_cat?post=2281"},{"taxonomy":"product_tag","embeddable":true,"href":"https:\/\/woodsteel.rs\/en-us\/wp-json\/wp\/v2\/product_tag?post=2281"}],"curies":[{"name":"wp","href":"https:\/\/api.w.org\/{rel}","templated":true}]}}