{"id":2286,"date":"2022-05-05T09:39:27","date_gmt":"2022-05-05T07:39:27","guid":{"rendered":"https:\/\/woodsteel.rs\/?post_type=product&#038;p=2286"},"modified":"2023-01-23T17:26:26","modified_gmt":"2023-01-23T16:26:26","slug":"stratum-krevet","status":"publish","type":"product","link":"https:\/\/woodsteel.rs\/en-us\/shop\/stratum-krevet\/","title":{"rendered":"Stratum \u2013 bed"},"content":{"rendered":"<p><span style=\"font-size: 105%;\"><a href=\"https:\/\/woodsteel.rs\/en-us\/proizvodi\/kreveti\/\">Bra\u010dni krevet<\/a> mora biti udoban za spavanje i funkcionalan. Ispod Stratum bra\u010dnog kreveta ima\u0161 dovoljno prostora za odlaganje, a dva no\u0107na sto\u010di\u0107a su tu da ti sve bude na dohvat ruke.Ovaj bra\u010dni krevet smo izradili od svetlijeg drveta, te se tako lako uklapa u vi\u0161e kombinacija. Mo\u017ee\u0161 kombinovati uz neke svetlije tonove, kao na slikama. Ili pak da napravi\u0161 kontrast sa tamnijim zidovima. Na tebi je da odlu\u010di\u0161! Par jastuka postavljenih na uzglavlju bra\u010dnog kreveta, dobra knjiga i prijatan ambijent, to je sve \u0161to ti je potrebno za miran san.\u00a0<\/span><\/p>\n<p><span style=\"font-size: 105%;\">Let's find a solution for your bedroom together. Contact us about the agreement.\u00a0<\/span><\/p>\n<p>&nbsp;<\/p>\n<p><span style=\"font-size: 105%;\"><strong>Dimensions:<\/strong> 220x195x40cm.<\/span><\/p>\n<p><span style=\"font-size: 105%;\"><strong>Material:<\/strong> Oak tree.<\/span><\/p>\n<p>&nbsp;<\/p>\n<p><span style=\"font-size: 105%;\"><strong>Note:<\/strong> Price and dimensions may vary.<\/span><\/p>\n<p>&nbsp;<\/p>\n<p>Follow us on <em><strong><a href=\"https:\/\/www.instagram.com\/wood_steel_design\/\">instagram<\/a><\/strong><\/em>, kako biste uvek bili u toku sa novim modelima bar\u010dnih kreveta. Ili nas <a href=\"https:\/\/woodsteel.rs\/en-us\/kontakt\/\">kontaktirajte<\/a> ve\u0107 danas, kako bismo zajedno dizajnirali i izradili Va\u0161 bra\u010dni krevet.<\/p>","protected":false},"excerpt":{"rendered":"<p><span style=\"font-size: 105%;\">A double bed must be comfortable for sleeping and functional. Underneath the Stratum double bed, you have enough storage space, and two bedside tables are there to keep everything at your fingertips. We made this double bed from lighter wood, so it easily fits into many combinations. You can combine with some lighter tones, as in the pictures. Or to make a contrast with darker walls. It's up to you to decide! A couple of pillows placed at the head of this double bed, a good book and a pleasant atmosphere, that's all you need for a peaceful sleep.\u00a0<\/span><\/p>\n<p><span style=\"font-size: 105%;\">Let's find a solution for your bedroom together. Contact us about the agreement.\u00a0<\/span><\/p>\n<p>&nbsp;<\/p>\n<p><span style=\"font-size: 105%;\"><strong>Dimensions:<\/strong> 220x195x40cm.<\/span><\/p>\n<p><span style=\"font-size: 105%;\"><strong>Material:<\/strong> Oak tree.<\/span><\/p>\n<p>&nbsp;<\/p>\n<p><span style=\"font-size: 105%;\"><strong>Note:<\/strong> Price and dimensions may vary.<\/span><\/p>","protected":false},"featured_media":2921,"template":"","meta":{"_monsterinsights_skip_tracking":false,"_monsterinsights_sitenote_active":false,"_monsterinsights_sitenote_note":"","_monsterinsights_sitenote_category":0},"product_brand":[],"product_cat":[25],"product_tag":[],"class_list":{"0":"post-2286","1":"product","2":"type-product","3":"status-publish","4":"has-post-thumbnail","6":"product_cat-kreveti","8":"first","9":"instock","10":"shipping-taxable","11":"product-type-simple"},"yoast_head":"<!-- This site is optimized with the Yoast SEO plugin v27.4 - https:\/\/yoast.com\/product\/yoast-seo-wordpress\/ -->\n<title>Stratum - krevet - WoodSteel<\/title>\n<meta name=\"description\" content=\"Bra\u010dni krevet mora biti udoban i funkcionalan. Po mogu\u0107stvu sa prostorom za odlaganje ispod. Kod nas, mo\u017ee\u0161 sam da bira\u0161 dimenzije.\" \/>\n<meta name=\"robots\" content=\"index, follow, max-snippet:-1, max-image-preview:large, max-video-preview:-1\" \/>\n<link rel=\"canonical\" href=\"https:\/\/woodsteel.rs\/en-us\/shop\/stratum-krevet\/\" \/>\n<meta property=\"og:locale\" content=\"en_US\" \/>\n<meta property=\"og:type\" content=\"article\" \/>\n<meta property=\"og:title\" content=\"Stratum - krevet - WoodSteel\" \/>\n<meta property=\"og:description\" content=\"Bra\u010dni krevet mora biti udoban i funkcionalan. Po mogu\u0107stvu sa prostorom za odlaganje ispod. Kod nas, mo\u017ee\u0161 sam da bira\u0161 dimenzije.\" \/>\n<meta property=\"og:url\" content=\"https:\/\/woodsteel.rs\/en-us\/shop\/stratum-krevet\/\" \/>\n<meta property=\"og:site_name\" content=\"WoodSteel\" \/>\n<meta property=\"article:publisher\" content=\"https:\/\/www.facebook.com\/woodsteeldesign\" \/>\n<meta property=\"article:modified_time\" content=\"2023-01-23T16:26:26+00:00\" \/>\n<meta property=\"og:image\" content=\"https:\/\/woodsteel.rs\/wp-content\/uploads\/2022\/05\/drveni-krevet-rucna-izrada-stratum-1-woodsteel.jpg\" \/>\n\t<meta property=\"og:image:width\" content=\"600\" \/>\n\t<meta property=\"og:image:height\" content=\"600\" \/>\n\t<meta property=\"og:image:type\" content=\"image\/jpeg\" \/>\n<meta name=\"twitter:label1\" content=\"Est. reading time\" \/>\n\t<meta name=\"twitter:data1\" content=\"1 minute\" \/>\n<script type=\"application\/ld+json\" class=\"yoast-schema-graph\">{\"@context\":\"https:\\\/\\\/schema.org\",\"@graph\":[{\"@type\":\"WebPage\",\"@id\":\"https:\\\/\\\/woodsteel.rs\\\/shop\\\/stratum-krevet\\\/\",\"url\":\"https:\\\/\\\/woodsteel.rs\\\/shop\\\/stratum-krevet\\\/\",\"name\":\"Stratum - krevet - WoodSteel\",\"isPartOf\":{\"@id\":\"https:\\\/\\\/woodsteel.rs\\\/#website\"},\"primaryImageOfPage\":{\"@id\":\"https:\\\/\\\/woodsteel.rs\\\/shop\\\/stratum-krevet\\\/#primaryimage\"},\"image\":{\"@id\":\"https:\\\/\\\/woodsteel.rs\\\/shop\\\/stratum-krevet\\\/#primaryimage\"},\"thumbnailUrl\":\"https:\\\/\\\/woodsteel.rs\\\/wp-content\\\/uploads\\\/2022\\\/05\\\/drveni-krevet-rucna-izrada-stratum-1-woodsteel.jpg\",\"datePublished\":\"2022-05-05T07:39:27+00:00\",\"dateModified\":\"2023-01-23T16:26:26+00:00\",\"description\":\"Bra\u010dni krevet mora biti udoban i funkcionalan. Po mogu\u0107stvu sa prostorom za odlaganje ispod. Kod nas, mo\u017ee\u0161 sam da bira\u0161 dimenzije.\",\"breadcrumb\":{\"@id\":\"https:\\\/\\\/woodsteel.rs\\\/shop\\\/stratum-krevet\\\/#breadcrumb\"},\"inLanguage\":\"en-US\",\"potentialAction\":[{\"@type\":\"ReadAction\",\"target\":[\"https:\\\/\\\/woodsteel.rs\\\/shop\\\/stratum-krevet\\\/\"]}]},{\"@type\":\"ImageObject\",\"inLanguage\":\"en-US\",\"@id\":\"https:\\\/\\\/woodsteel.rs\\\/shop\\\/stratum-krevet\\\/#primaryimage\",\"url\":\"https:\\\/\\\/woodsteel.rs\\\/wp-content\\\/uploads\\\/2022\\\/05\\\/drveni-krevet-rucna-izrada-stratum-1-woodsteel.jpg\",\"contentUrl\":\"https:\\\/\\\/woodsteel.rs\\\/wp-content\\\/uploads\\\/2022\\\/05\\\/drveni-krevet-rucna-izrada-stratum-1-woodsteel.jpg\",\"width\":600,\"height\":600,\"caption\":\"krevet od drveta hrasta, ru\u010dna izrada woodsteel\"},{\"@type\":\"BreadcrumbList\",\"@id\":\"https:\\\/\\\/woodsteel.rs\\\/shop\\\/stratum-krevet\\\/#breadcrumb\",\"itemListElement\":[{\"@type\":\"ListItem\",\"position\":1,\"name\":\"Po\u010detna\",\"item\":\"https:\\\/\\\/woodsteel.rs\\\/\"},{\"@type\":\"ListItem\",\"position\":2,\"name\":\"Proizvodi\",\"item\":\"https:\\\/\\\/woodsteel.rs\\\/shop\\\/\"},{\"@type\":\"ListItem\",\"position\":3,\"name\":\"Stratum &#8211; krevet\"}]},{\"@type\":\"WebSite\",\"@id\":\"https:\\\/\\\/woodsteel.rs\\\/#website\",\"url\":\"https:\\\/\\\/woodsteel.rs\\\/\",\"name\":\"WoodSteel\",\"description\":\"\",\"publisher\":{\"@id\":\"https:\\\/\\\/woodsteel.rs\\\/#organization\"},\"potentialAction\":[{\"@type\":\"SearchAction\",\"target\":{\"@type\":\"EntryPoint\",\"urlTemplate\":\"https:\\\/\\\/woodsteel.rs\\\/?s={search_term_string}\"},\"query-input\":{\"@type\":\"PropertyValueSpecification\",\"valueRequired\":true,\"valueName\":\"search_term_string\"}}],\"inLanguage\":\"en-US\"},{\"@type\":\"Organization\",\"@id\":\"https:\\\/\\\/woodsteel.rs\\\/#organization\",\"name\":\"Wood&Steel\",\"url\":\"https:\\\/\\\/woodsteel.rs\\\/\",\"logo\":{\"@type\":\"ImageObject\",\"inLanguage\":\"en-US\",\"@id\":\"https:\\\/\\\/woodsteel.rs\\\/#\\\/schema\\\/logo\\\/image\\\/\",\"url\":\"https:\\\/\\\/woodsteel.rs\\\/wp-content\\\/uploads\\\/2019\\\/12\\\/logo-ISPRAVAK.png\",\"contentUrl\":\"https:\\\/\\\/woodsteel.rs\\\/wp-content\\\/uploads\\\/2019\\\/12\\\/logo-ISPRAVAK.png\",\"width\":779,\"height\":776,\"caption\":\"Wood&Steel\"},\"image\":{\"@id\":\"https:\\\/\\\/woodsteel.rs\\\/#\\\/schema\\\/logo\\\/image\\\/\"},\"sameAs\":[\"https:\\\/\\\/www.facebook.com\\\/woodsteeldesign\",\"https:\\\/\\\/www.instagram.com\\\/wood_steel_design\\\/\"]}]}<\/script>\n<!-- \/ Yoast SEO plugin. -->","yoast_head_json":{"title":"Stratum - krevet - WoodSteel","description":"Bra\u010dni krevet mora biti udoban i funkcionalan. Po mogu\u0107stvu sa prostorom za odlaganje ispod. Kod nas, mo\u017ee\u0161 sam da bira\u0161 dimenzije.","robots":{"index":"index","follow":"follow","max-snippet":"max-snippet:-1","max-image-preview":"max-image-preview:large","max-video-preview":"max-video-preview:-1"},"canonical":"https:\/\/woodsteel.rs\/en-us\/shop\/stratum-krevet\/","og_locale":"en_US","og_type":"article","og_title":"Stratum - krevet - WoodSteel","og_description":"Bra\u010dni krevet mora biti udoban i funkcionalan. Po mogu\u0107stvu sa prostorom za odlaganje ispod. Kod nas, mo\u017ee\u0161 sam da bira\u0161 dimenzije.","og_url":"https:\/\/woodsteel.rs\/en-us\/shop\/stratum-krevet\/","og_site_name":"WoodSteel","article_publisher":"https:\/\/www.facebook.com\/woodsteeldesign","article_modified_time":"2023-01-23T16:26:26+00:00","og_image":[{"width":600,"height":600,"url":"https:\/\/woodsteel.rs\/wp-content\/uploads\/2022\/05\/drveni-krevet-rucna-izrada-stratum-1-woodsteel.jpg","type":"image\/jpeg"}],"twitter_misc":{"Est. reading time":"1 minute"},"schema":{"@context":"https:\/\/schema.org","@graph":[{"@type":"WebPage","@id":"https:\/\/woodsteel.rs\/shop\/stratum-krevet\/","url":"https:\/\/woodsteel.rs\/shop\/stratum-krevet\/","name":"Stratum - krevet - WoodSteel","isPartOf":{"@id":"https:\/\/woodsteel.rs\/#website"},"primaryImageOfPage":{"@id":"https:\/\/woodsteel.rs\/shop\/stratum-krevet\/#primaryimage"},"image":{"@id":"https:\/\/woodsteel.rs\/shop\/stratum-krevet\/#primaryimage"},"thumbnailUrl":"https:\/\/woodsteel.rs\/wp-content\/uploads\/2022\/05\/drveni-krevet-rucna-izrada-stratum-1-woodsteel.jpg","datePublished":"2022-05-05T07:39:27+00:00","dateModified":"2023-01-23T16:26:26+00:00","description":"Bra\u010dni krevet mora biti udoban i funkcionalan. Po mogu\u0107stvu sa prostorom za odlaganje ispod. Kod nas, mo\u017ee\u0161 sam da bira\u0161 dimenzije.","breadcrumb":{"@id":"https:\/\/woodsteel.rs\/shop\/stratum-krevet\/#breadcrumb"},"inLanguage":"en-US","potentialAction":[{"@type":"ReadAction","target":["https:\/\/woodsteel.rs\/shop\/stratum-krevet\/"]}]},{"@type":"ImageObject","inLanguage":"en-US","@id":"https:\/\/woodsteel.rs\/shop\/stratum-krevet\/#primaryimage","url":"https:\/\/woodsteel.rs\/wp-content\/uploads\/2022\/05\/drveni-krevet-rucna-izrada-stratum-1-woodsteel.jpg","contentUrl":"https:\/\/woodsteel.rs\/wp-content\/uploads\/2022\/05\/drveni-krevet-rucna-izrada-stratum-1-woodsteel.jpg","width":600,"height":600,"caption":"krevet od drveta hrasta, ru\u010dna izrada woodsteel"},{"@type":"BreadcrumbList","@id":"https:\/\/woodsteel.rs\/shop\/stratum-krevet\/#breadcrumb","itemListElement":[{"@type":"ListItem","position":1,"name":"Po\u010detna","item":"https:\/\/woodsteel.rs\/"},{"@type":"ListItem","position":2,"name":"Proizvodi","item":"https:\/\/woodsteel.rs\/shop\/"},{"@type":"ListItem","position":3,"name":"Stratum &#8211; krevet"}]},{"@type":"WebSite","@id":"https:\/\/woodsteel.rs\/#website","url":"https:\/\/woodsteel.rs\/","name":"WoodSteel","description":"","publisher":{"@id":"https:\/\/woodsteel.rs\/#organization"},"potentialAction":[{"@type":"SearchAction","target":{"@type":"EntryPoint","urlTemplate":"https:\/\/woodsteel.rs\/?s={search_term_string}"},"query-input":{"@type":"PropertyValueSpecification","valueRequired":true,"valueName":"search_term_string"}}],"inLanguage":"en-US"},{"@type":"Organization","@id":"https:\/\/woodsteel.rs\/#organization","name":"Wood&Steel","url":"https:\/\/woodsteel.rs\/","logo":{"@type":"ImageObject","inLanguage":"en-US","@id":"https:\/\/woodsteel.rs\/#\/schema\/logo\/image\/","url":"https:\/\/woodsteel.rs\/wp-content\/uploads\/2019\/12\/logo-ISPRAVAK.png","contentUrl":"https:\/\/woodsteel.rs\/wp-content\/uploads\/2019\/12\/logo-ISPRAVAK.png","width":779,"height":776,"caption":"Wood&Steel"},"image":{"@id":"https:\/\/woodsteel.rs\/#\/schema\/logo\/image\/"},"sameAs":["https:\/\/www.facebook.com\/woodsteeldesign","https:\/\/www.instagram.com\/wood_steel_design\/"]}]}},"_links":{"self":[{"href":"https:\/\/woodsteel.rs\/en-us\/wp-json\/wp\/v2\/product\/2286","targetHints":{"allow":["GET"]}}],"collection":[{"href":"https:\/\/woodsteel.rs\/en-us\/wp-json\/wp\/v2\/product"}],"about":[{"href":"https:\/\/woodsteel.rs\/en-us\/wp-json\/wp\/v2\/types\/product"}],"wp:featuredmedia":[{"embeddable":true,"href":"https:\/\/woodsteel.rs\/en-us\/wp-json\/wp\/v2\/media\/2921"}],"wp:attachment":[{"href":"https:\/\/woodsteel.rs\/en-us\/wp-json\/wp\/v2\/media?parent=2286"}],"wp:term":[{"taxonomy":"product_brand","embeddable":true,"href":"https:\/\/woodsteel.rs\/en-us\/wp-json\/wp\/v2\/product_brand?post=2286"},{"taxonomy":"product_cat","embeddable":true,"href":"https:\/\/woodsteel.rs\/en-us\/wp-json\/wp\/v2\/product_cat?post=2286"},{"taxonomy":"product_tag","embeddable":true,"href":"https:\/\/woodsteel.rs\/en-us\/wp-json\/wp\/v2\/product_tag?post=2286"}],"curies":[{"name":"wp","href":"https:\/\/api.w.org\/{rel}","templated":true}]}}