{"id":2308,"date":"2022-05-29T19:01:04","date_gmt":"2022-05-29T17:01:04","guid":{"rendered":"https:\/\/woodsteel.rs\/?post_type=product&#038;p=2308"},"modified":"2024-05-18T22:51:35","modified_gmt":"2024-05-18T20:51:35","slug":"rallis-radni-sto","status":"publish","type":"product","link":"https:\/\/woodsteel.rs\/en-us\/shop\/rallis-radni-sto\/","title":{"rendered":"Rallis - desk"},"content":{"rendered":"<p><span style=\"font-size: 105%;\">Rallis &#8211; radni sto je najbolje izraditi po meri. Nema\u0161 dovoljno prostora za rad od ku\u0107e? <a href=\"https:\/\/woodsteel.rs\/en-us\/proizvodi\/trpezarijski-sto\/\">Trpezariju<\/a> si pretvorio u prostor za rad. Sve ti je razbacano i u totalnom si haosu. Ili si zaljubljenik u igrice i potreban ti je ve\u0107i sto? Na pravom si mestu, jer mi imamo re\u0161enje.<\/span><\/p>\n<p><span style=\"font-size: 105%;\">Simplicity, refinement and minimalism. We present to you the Rallis desk. When creating, we focused on minimalism. And on the other hand, effective enough to give freshness to the work space. The plate is made of steamed Walnut, while the construction itself is metal.\u00a0<\/span><\/p>\n<p>&nbsp;<\/p>\n<p><span style=\"font-size: 105%;\"><strong>Dimensions:<\/strong> 160x110x65cm.<\/span><\/p>\n<p><span style=\"font-size: 105%;\"><strong>Material:<\/strong> Steamed Walnut, metal construction.<\/span><\/p>\n<p>&nbsp;<\/p>\n<p><span style=\"font-size: 105%;\"><strong>Note:<\/strong> Price and dimensions may vary.<\/span><\/p>\n<p>&nbsp;<\/p>\n<p>Follow us on <em><strong><a href=\"https:\/\/www.instagram.com\/wood_steel_design\/\">instagram<\/a><\/strong><\/em>, kako biste uvek bili u toku sa novim modelima radnih stolova. Ili nas <a href=\"https:\/\/woodsteel.rs\/en-us\/kontakt\/\">kontaktirajte<\/a> ve\u0107 danas, kako bismo zajedno dizajnirali i izradili Va\u0161 radni sto.<\/p>","protected":false},"excerpt":{"rendered":"<p><span style=\"font-size: 105%;\">The work table is best made to measure. Don't have enough space to work from home? You turned the dining room into a work space. Everything is scattered and you are in total chaos. Or are you a gamer and need a bigger table? You are in the right place, because we have a solution.<\/span><\/p>\n<p><span style=\"font-size: 105%;\">Simplicity, refinement and minimalism. We present to you the Rallis desk. When creating, we focused on minimalism. And on the other hand, effective enough to give freshness to the work space. The plate is made of steamed Walnut, while the construction itself is metal.\u00a0<\/span><\/p>\n<p>&nbsp;<\/p>\n<p><span style=\"font-size: 105%;\"><strong>Dimensions:<\/strong> 160x110x75cm.<\/span><\/p>\n<p><span style=\"font-size: 105%;\"><strong>Material:<\/strong> Steamed Walnut, metal construction.<\/span><\/p>\n<p>&nbsp;<\/p>\n<p><span style=\"font-size: 105%;\"><strong>Note:<\/strong> Price and dimensions may vary.<\/span><\/p>","protected":false},"featured_media":2925,"template":"","meta":{"_monsterinsights_skip_tracking":false,"_monsterinsights_sitenote_active":false,"_monsterinsights_sitenote_note":"","_monsterinsights_sitenote_category":0},"product_brand":[],"product_cat":[39],"product_tag":[],"class_list":{"0":"post-2308","1":"product","2":"type-product","3":"status-publish","4":"has-post-thumbnail","6":"product_cat-kancelarijski-stolovi","8":"first","9":"instock","10":"shipping-taxable","11":"product-type-simple"},"yoast_head":"<!-- This site is optimized with the Yoast SEO plugin v27.4 - https:\/\/yoast.com\/product\/yoast-seo-wordpress\/ -->\n<title>Rallis - radni sto - WoodSteel<\/title>\n<meta name=\"description\" content=\"Rallis - radni sto je dizajniran po minimalisti\u010dkom stilu. Kvalitetna radna plo\u010da od parenog Oraha i izdr\u017eljiva metalna konstrukcija.\" \/>\n<meta name=\"robots\" content=\"index, follow, max-snippet:-1, max-image-preview:large, max-video-preview:-1\" \/>\n<link rel=\"canonical\" href=\"https:\/\/woodsteel.rs\/en-us\/shop\/rallis-radni-sto\/\" \/>\n<meta property=\"og:locale\" content=\"en_US\" \/>\n<meta property=\"og:type\" content=\"article\" \/>\n<meta property=\"og:title\" content=\"Rallis - radni sto - WoodSteel\" \/>\n<meta property=\"og:description\" content=\"Rallis - radni sto je dizajniran po minimalisti\u010dkom stilu. Kvalitetna radna plo\u010da od parenog Oraha i izdr\u017eljiva metalna konstrukcija.\" \/>\n<meta property=\"og:url\" content=\"https:\/\/woodsteel.rs\/en-us\/shop\/rallis-radni-sto\/\" \/>\n<meta property=\"og:site_name\" content=\"WoodSteel\" \/>\n<meta property=\"article:publisher\" content=\"https:\/\/www.facebook.com\/woodsteeldesign\" \/>\n<meta property=\"article:modified_time\" content=\"2024-05-18T20:51:35+00:00\" \/>\n<meta property=\"og:image\" content=\"https:\/\/woodsteel.rs\/wp-content\/uploads\/2022\/05\/radni-sto-rucna-izrada-rallis-woodsteel.jpg\" \/>\n\t<meta property=\"og:image:width\" content=\"600\" \/>\n\t<meta property=\"og:image:height\" content=\"600\" \/>\n\t<meta property=\"og:image:type\" content=\"image\/jpeg\" \/>\n<meta name=\"twitter:label1\" content=\"Est. reading time\" \/>\n\t<meta name=\"twitter:data1\" content=\"1 minute\" \/>\n<script type=\"application\/ld+json\" class=\"yoast-schema-graph\">{\"@context\":\"https:\\\/\\\/schema.org\",\"@graph\":[{\"@type\":\"WebPage\",\"@id\":\"https:\\\/\\\/woodsteel.rs\\\/shop\\\/rallis-radni-sto\\\/\",\"url\":\"https:\\\/\\\/woodsteel.rs\\\/shop\\\/rallis-radni-sto\\\/\",\"name\":\"Rallis - radni sto - WoodSteel\",\"isPartOf\":{\"@id\":\"https:\\\/\\\/woodsteel.rs\\\/#website\"},\"primaryImageOfPage\":{\"@id\":\"https:\\\/\\\/woodsteel.rs\\\/shop\\\/rallis-radni-sto\\\/#primaryimage\"},\"image\":{\"@id\":\"https:\\\/\\\/woodsteel.rs\\\/shop\\\/rallis-radni-sto\\\/#primaryimage\"},\"thumbnailUrl\":\"https:\\\/\\\/woodsteel.rs\\\/wp-content\\\/uploads\\\/2022\\\/05\\\/radni-sto-rucna-izrada-rallis-woodsteel.jpg\",\"datePublished\":\"2022-05-29T17:01:04+00:00\",\"dateModified\":\"2024-05-18T20:51:35+00:00\",\"description\":\"Rallis - radni sto je dizajniran po minimalisti\u010dkom stilu. Kvalitetna radna plo\u010da od parenog Oraha i izdr\u017eljiva metalna konstrukcija.\",\"breadcrumb\":{\"@id\":\"https:\\\/\\\/woodsteel.rs\\\/shop\\\/rallis-radni-sto\\\/#breadcrumb\"},\"inLanguage\":\"en-US\",\"potentialAction\":[{\"@type\":\"ReadAction\",\"target\":[\"https:\\\/\\\/woodsteel.rs\\\/shop\\\/rallis-radni-sto\\\/\"]}]},{\"@type\":\"ImageObject\",\"inLanguage\":\"en-US\",\"@id\":\"https:\\\/\\\/woodsteel.rs\\\/shop\\\/rallis-radni-sto\\\/#primaryimage\",\"url\":\"https:\\\/\\\/woodsteel.rs\\\/wp-content\\\/uploads\\\/2022\\\/05\\\/radni-sto-rucna-izrada-rallis-woodsteel.jpg\",\"contentUrl\":\"https:\\\/\\\/woodsteel.rs\\\/wp-content\\\/uploads\\\/2022\\\/05\\\/radni-sto-rucna-izrada-rallis-woodsteel.jpg\",\"width\":600,\"height\":600,\"caption\":\"Rallis - radni sto od parenog oraha i metalne konstrukcije\"},{\"@type\":\"BreadcrumbList\",\"@id\":\"https:\\\/\\\/woodsteel.rs\\\/shop\\\/rallis-radni-sto\\\/#breadcrumb\",\"itemListElement\":[{\"@type\":\"ListItem\",\"position\":1,\"name\":\"Po\u010detna\",\"item\":\"https:\\\/\\\/woodsteel.rs\\\/\"},{\"@type\":\"ListItem\",\"position\":2,\"name\":\"Proizvodi\",\"item\":\"https:\\\/\\\/woodsteel.rs\\\/shop\\\/\"},{\"@type\":\"ListItem\",\"position\":3,\"name\":\"Rallis &#8211; radni sto\"}]},{\"@type\":\"WebSite\",\"@id\":\"https:\\\/\\\/woodsteel.rs\\\/#website\",\"url\":\"https:\\\/\\\/woodsteel.rs\\\/\",\"name\":\"WoodSteel\",\"description\":\"\",\"publisher\":{\"@id\":\"https:\\\/\\\/woodsteel.rs\\\/#organization\"},\"potentialAction\":[{\"@type\":\"SearchAction\",\"target\":{\"@type\":\"EntryPoint\",\"urlTemplate\":\"https:\\\/\\\/woodsteel.rs\\\/?s={search_term_string}\"},\"query-input\":{\"@type\":\"PropertyValueSpecification\",\"valueRequired\":true,\"valueName\":\"search_term_string\"}}],\"inLanguage\":\"en-US\"},{\"@type\":\"Organization\",\"@id\":\"https:\\\/\\\/woodsteel.rs\\\/#organization\",\"name\":\"Wood&Steel\",\"url\":\"https:\\\/\\\/woodsteel.rs\\\/\",\"logo\":{\"@type\":\"ImageObject\",\"inLanguage\":\"en-US\",\"@id\":\"https:\\\/\\\/woodsteel.rs\\\/#\\\/schema\\\/logo\\\/image\\\/\",\"url\":\"https:\\\/\\\/woodsteel.rs\\\/wp-content\\\/uploads\\\/2019\\\/12\\\/logo-ISPRAVAK.png\",\"contentUrl\":\"https:\\\/\\\/woodsteel.rs\\\/wp-content\\\/uploads\\\/2019\\\/12\\\/logo-ISPRAVAK.png\",\"width\":779,\"height\":776,\"caption\":\"Wood&Steel\"},\"image\":{\"@id\":\"https:\\\/\\\/woodsteel.rs\\\/#\\\/schema\\\/logo\\\/image\\\/\"},\"sameAs\":[\"https:\\\/\\\/www.facebook.com\\\/woodsteeldesign\",\"https:\\\/\\\/www.instagram.com\\\/wood_steel_design\\\/\"]}]}<\/script>\n<!-- \/ Yoast SEO plugin. -->","yoast_head_json":{"title":"Rallis - radni sto - WoodSteel","description":"Rallis - radni sto je dizajniran po minimalisti\u010dkom stilu. Kvalitetna radna plo\u010da od parenog Oraha i izdr\u017eljiva metalna konstrukcija.","robots":{"index":"index","follow":"follow","max-snippet":"max-snippet:-1","max-image-preview":"max-image-preview:large","max-video-preview":"max-video-preview:-1"},"canonical":"https:\/\/woodsteel.rs\/en-us\/shop\/rallis-radni-sto\/","og_locale":"en_US","og_type":"article","og_title":"Rallis - radni sto - WoodSteel","og_description":"Rallis - radni sto je dizajniran po minimalisti\u010dkom stilu. Kvalitetna radna plo\u010da od parenog Oraha i izdr\u017eljiva metalna konstrukcija.","og_url":"https:\/\/woodsteel.rs\/en-us\/shop\/rallis-radni-sto\/","og_site_name":"WoodSteel","article_publisher":"https:\/\/www.facebook.com\/woodsteeldesign","article_modified_time":"2024-05-18T20:51:35+00:00","og_image":[{"width":600,"height":600,"url":"https:\/\/woodsteel.rs\/wp-content\/uploads\/2022\/05\/radni-sto-rucna-izrada-rallis-woodsteel.jpg","type":"image\/jpeg"}],"twitter_misc":{"Est. reading time":"1 minute"},"schema":{"@context":"https:\/\/schema.org","@graph":[{"@type":"WebPage","@id":"https:\/\/woodsteel.rs\/shop\/rallis-radni-sto\/","url":"https:\/\/woodsteel.rs\/shop\/rallis-radni-sto\/","name":"Rallis - radni sto - WoodSteel","isPartOf":{"@id":"https:\/\/woodsteel.rs\/#website"},"primaryImageOfPage":{"@id":"https:\/\/woodsteel.rs\/shop\/rallis-radni-sto\/#primaryimage"},"image":{"@id":"https:\/\/woodsteel.rs\/shop\/rallis-radni-sto\/#primaryimage"},"thumbnailUrl":"https:\/\/woodsteel.rs\/wp-content\/uploads\/2022\/05\/radni-sto-rucna-izrada-rallis-woodsteel.jpg","datePublished":"2022-05-29T17:01:04+00:00","dateModified":"2024-05-18T20:51:35+00:00","description":"Rallis - radni sto je dizajniran po minimalisti\u010dkom stilu. Kvalitetna radna plo\u010da od parenog Oraha i izdr\u017eljiva metalna konstrukcija.","breadcrumb":{"@id":"https:\/\/woodsteel.rs\/shop\/rallis-radni-sto\/#breadcrumb"},"inLanguage":"en-US","potentialAction":[{"@type":"ReadAction","target":["https:\/\/woodsteel.rs\/shop\/rallis-radni-sto\/"]}]},{"@type":"ImageObject","inLanguage":"en-US","@id":"https:\/\/woodsteel.rs\/shop\/rallis-radni-sto\/#primaryimage","url":"https:\/\/woodsteel.rs\/wp-content\/uploads\/2022\/05\/radni-sto-rucna-izrada-rallis-woodsteel.jpg","contentUrl":"https:\/\/woodsteel.rs\/wp-content\/uploads\/2022\/05\/radni-sto-rucna-izrada-rallis-woodsteel.jpg","width":600,"height":600,"caption":"Rallis - radni sto od parenog oraha i metalne konstrukcije"},{"@type":"BreadcrumbList","@id":"https:\/\/woodsteel.rs\/shop\/rallis-radni-sto\/#breadcrumb","itemListElement":[{"@type":"ListItem","position":1,"name":"Po\u010detna","item":"https:\/\/woodsteel.rs\/"},{"@type":"ListItem","position":2,"name":"Proizvodi","item":"https:\/\/woodsteel.rs\/shop\/"},{"@type":"ListItem","position":3,"name":"Rallis &#8211; radni sto"}]},{"@type":"WebSite","@id":"https:\/\/woodsteel.rs\/#website","url":"https:\/\/woodsteel.rs\/","name":"WoodSteel","description":"","publisher":{"@id":"https:\/\/woodsteel.rs\/#organization"},"potentialAction":[{"@type":"SearchAction","target":{"@type":"EntryPoint","urlTemplate":"https:\/\/woodsteel.rs\/?s={search_term_string}"},"query-input":{"@type":"PropertyValueSpecification","valueRequired":true,"valueName":"search_term_string"}}],"inLanguage":"en-US"},{"@type":"Organization","@id":"https:\/\/woodsteel.rs\/#organization","name":"Wood&Steel","url":"https:\/\/woodsteel.rs\/","logo":{"@type":"ImageObject","inLanguage":"en-US","@id":"https:\/\/woodsteel.rs\/#\/schema\/logo\/image\/","url":"https:\/\/woodsteel.rs\/wp-content\/uploads\/2019\/12\/logo-ISPRAVAK.png","contentUrl":"https:\/\/woodsteel.rs\/wp-content\/uploads\/2019\/12\/logo-ISPRAVAK.png","width":779,"height":776,"caption":"Wood&Steel"},"image":{"@id":"https:\/\/woodsteel.rs\/#\/schema\/logo\/image\/"},"sameAs":["https:\/\/www.facebook.com\/woodsteeldesign","https:\/\/www.instagram.com\/wood_steel_design\/"]}]}},"_links":{"self":[{"href":"https:\/\/woodsteel.rs\/en-us\/wp-json\/wp\/v2\/product\/2308","targetHints":{"allow":["GET"]}}],"collection":[{"href":"https:\/\/woodsteel.rs\/en-us\/wp-json\/wp\/v2\/product"}],"about":[{"href":"https:\/\/woodsteel.rs\/en-us\/wp-json\/wp\/v2\/types\/product"}],"wp:featuredmedia":[{"embeddable":true,"href":"https:\/\/woodsteel.rs\/en-us\/wp-json\/wp\/v2\/media\/2925"}],"wp:attachment":[{"href":"https:\/\/woodsteel.rs\/en-us\/wp-json\/wp\/v2\/media?parent=2308"}],"wp:term":[{"taxonomy":"product_brand","embeddable":true,"href":"https:\/\/woodsteel.rs\/en-us\/wp-json\/wp\/v2\/product_brand?post=2308"},{"taxonomy":"product_cat","embeddable":true,"href":"https:\/\/woodsteel.rs\/en-us\/wp-json\/wp\/v2\/product_cat?post=2308"},{"taxonomy":"product_tag","embeddable":true,"href":"https:\/\/woodsteel.rs\/en-us\/wp-json\/wp\/v2\/product_tag?post=2308"}],"curies":[{"name":"wp","href":"https:\/\/api.w.org\/{rel}","templated":true}]}}