{"id":2327,"date":"2022-06-28T10:10:19","date_gmt":"2022-06-28T08:10:19","guid":{"rendered":"https:\/\/woodsteel.rs\/?post_type=product&#038;p=2327"},"modified":"2023-03-14T14:07:35","modified_gmt":"2023-03-14T13:07:35","slug":"alba-linea-klub-sto","status":"publish","type":"product","link":"https:\/\/woodsteel.rs\/en-us\/shop\/alba-linea-klub-sto\/","title":{"rendered":"Alba Linea \u2013 club table"},"content":{"rendered":"<p><span style=\"font-size: 105%;\">Alba Linea &#8211; <em><a href=\"https:\/\/woodsteel.rs\/en-us\/shop\/lapis\/\">klub sto<\/a><\/em> je izra\u0111en od mermera. Crno beli mermer ili mermer Black Abad Mermer. Materijal koji ima dugi vek trajanja, lak za odr\u017eavanje, a sa druge strane izgleda jako luksuzno. Ovaj klub sto, je sam po sebi dovoljno efektan, pa samim tim u dnevnoj sobi nije potrebna neka dodatna upadljiva dekoracija. Ako se odlu\u010di\u0161 za klub sto Alba Linea, na\u0161a preporuka je da ostatak dnevne sobe bude \u0161to jednostavniji. \u0160to se odr\u017eavanja ti\u010de, mermer ne podnosi jake hemikalije, jer mo\u017ee do\u0107i do toga da izgubi\u00a0 svoj prirodni sjaj ili po\u017euti. Tako da najbolje i najjednostavnije re\u0161enje je vla\u017ena krpa ili neko razbla\u017eeno sredstvo za \u010di\u0161\u0107enje.<\/span><\/p>\n<p>&nbsp;<\/p>\n<p><span style=\"font-size: 105%;\"><strong>Dimensions:<\/strong> 120x60x50 cm.<\/span><\/p>\n<p><span style=\"font-size: 105%;\"><strong>Material:<\/strong> Black Abad Marble.<\/span><\/p>\n<p>&nbsp;<\/p>\n<p><span style=\"font-size: 105%;\"><strong>Note:<\/strong>\u00a0Price and dimensions may vary.<\/span><\/p>\n<p>&nbsp;<\/p>\n<p>Follow us on <em><strong><a href=\"https:\/\/www.instagram.com\/wood_steel_design\/\">instagram<\/a><\/strong><\/em>, kako biste uvek bili u toku sa novim modelima klub stolova. Ili nas <a href=\"https:\/\/woodsteel.rs\/en-us\/kontakt\/\">kontaktirajte<\/a> ve\u0107 danas, kako bismo zajedno dizajnirali i izradili Va\u0161 klub sto.<\/p>","protected":false},"excerpt":{"rendered":"<p><span style=\"font-size: 105%;\">Black and white marble in the apartment, why not?<\/span><\/p>\n<p><span style=\"font-size: 105%;\">The Alba Linea club table is made of marble. Black and white marble or Black Abad Marble. A material that has a long service life, is easy to maintain, and on the other hand, looks very luxurious. This club table is effective enough by itself, so no additional eye-catching decoration is needed in the living room. If you decide on the Alba Linea club table, our recommendation is to keep the rest of the living room as simple as possible. In terms of maintenance, marble does not tolerate strong chemicals, as it may lose its natural luster or turn yellow. So the best and simplest solution is a damp cloth or some diluted cleaning agent.<\/span><\/p>\n<p>&nbsp;<\/p>\n<p><span style=\"font-size: 105%;\"><strong>Dimensions:<\/strong> 120x60x50 cm.<\/span><\/p>\n<p><span style=\"font-size: 105%;\"><strong>Material:<\/strong> Black Abad Marble.<\/span><\/p>\n<p>&nbsp;<\/p>\n<p><span style=\"font-size: 105%;\"><strong>Note:<\/strong>\u00a0Price and dimensions may vary.<\/span><\/p>","protected":false},"featured_media":2892,"template":"","meta":{"_monsterinsights_skip_tracking":false,"_monsterinsights_sitenote_active":false,"_monsterinsights_sitenote_note":"","_monsterinsights_sitenote_category":0},"product_brand":[],"product_cat":[34],"product_tag":[],"class_list":{"0":"post-2327","1":"product","2":"type-product","3":"status-publish","4":"has-post-thumbnail","6":"product_cat-klub-sto","8":"first","9":"instock","10":"shipping-taxable","11":"product-type-simple"},"yoast_head":"<!-- This site is optimized with the Yoast SEO plugin v27.4 - https:\/\/yoast.com\/product\/yoast-seo-wordpress\/ -->\n<title>Alba Linea - klub sto - WoodSteel<\/title>\n<meta name=\"description\" content=\"Alba Linea - klub sto je napravljen od mermera. Crno beli mermer je prirodni kamen koji je fenomenalan za enterijere i daje poseban sjaj dnevnom boravku.\" \/>\n<meta name=\"robots\" content=\"index, follow, max-snippet:-1, max-image-preview:large, max-video-preview:-1\" \/>\n<link rel=\"canonical\" href=\"https:\/\/woodsteel.rs\/en-us\/shop\/alba-linea-klub-sto\/\" \/>\n<meta property=\"og:locale\" content=\"en_US\" \/>\n<meta property=\"og:type\" content=\"article\" \/>\n<meta property=\"og:title\" content=\"Alba Linea - klub sto - WoodSteel\" \/>\n<meta property=\"og:description\" content=\"Alba Linea - klub sto je napravljen od mermera. Crno beli mermer je prirodni kamen koji je fenomenalan za enterijere i daje poseban sjaj dnevnom boravku.\" \/>\n<meta property=\"og:url\" content=\"https:\/\/woodsteel.rs\/en-us\/shop\/alba-linea-klub-sto\/\" \/>\n<meta property=\"og:site_name\" content=\"WoodSteel\" \/>\n<meta property=\"article:publisher\" content=\"https:\/\/www.facebook.com\/woodsteeldesign\" \/>\n<meta property=\"article:modified_time\" content=\"2023-03-14T13:07:35+00:00\" \/>\n<meta property=\"og:image\" content=\"https:\/\/woodsteel.rs\/wp-content\/uploads\/2022\/06\/klub-sto-rucna-izrada-Alba-Linea-1-1.jpg\" \/>\n\t<meta property=\"og:image:width\" content=\"1200\" \/>\n\t<meta property=\"og:image:height\" content=\"1200\" \/>\n\t<meta property=\"og:image:type\" content=\"image\/jpeg\" \/>\n<meta name=\"twitter:label1\" content=\"Est. reading time\" \/>\n\t<meta name=\"twitter:data1\" content=\"1 minute\" \/>\n<script type=\"application\/ld+json\" class=\"yoast-schema-graph\">{\"@context\":\"https:\\\/\\\/schema.org\",\"@graph\":[{\"@type\":\"WebPage\",\"@id\":\"https:\\\/\\\/woodsteel.rs\\\/shop\\\/alba-linea-klub-sto\\\/\",\"url\":\"https:\\\/\\\/woodsteel.rs\\\/shop\\\/alba-linea-klub-sto\\\/\",\"name\":\"Alba Linea - klub sto - WoodSteel\",\"isPartOf\":{\"@id\":\"https:\\\/\\\/woodsteel.rs\\\/#website\"},\"primaryImageOfPage\":{\"@id\":\"https:\\\/\\\/woodsteel.rs\\\/shop\\\/alba-linea-klub-sto\\\/#primaryimage\"},\"image\":{\"@id\":\"https:\\\/\\\/woodsteel.rs\\\/shop\\\/alba-linea-klub-sto\\\/#primaryimage\"},\"thumbnailUrl\":\"https:\\\/\\\/woodsteel.rs\\\/wp-content\\\/uploads\\\/2022\\\/06\\\/klub-sto-rucna-izrada-Alba-Linea-1-1.jpg\",\"datePublished\":\"2022-06-28T08:10:19+00:00\",\"dateModified\":\"2023-03-14T13:07:35+00:00\",\"description\":\"Alba Linea - klub sto je napravljen od mermera. Crno beli mermer je prirodni kamen koji je fenomenalan za enterijere i daje poseban sjaj dnevnom boravku.\",\"breadcrumb\":{\"@id\":\"https:\\\/\\\/woodsteel.rs\\\/shop\\\/alba-linea-klub-sto\\\/#breadcrumb\"},\"inLanguage\":\"en-US\",\"potentialAction\":[{\"@type\":\"ReadAction\",\"target\":[\"https:\\\/\\\/woodsteel.rs\\\/shop\\\/alba-linea-klub-sto\\\/\"]}]},{\"@type\":\"ImageObject\",\"inLanguage\":\"en-US\",\"@id\":\"https:\\\/\\\/woodsteel.rs\\\/shop\\\/alba-linea-klub-sto\\\/#primaryimage\",\"url\":\"https:\\\/\\\/woodsteel.rs\\\/wp-content\\\/uploads\\\/2022\\\/06\\\/klub-sto-rucna-izrada-Alba-Linea-1-1.jpg\",\"contentUrl\":\"https:\\\/\\\/woodsteel.rs\\\/wp-content\\\/uploads\\\/2022\\\/06\\\/klub-sto-rucna-izrada-Alba-Linea-1-1.jpg\",\"width\":1200,\"height\":1200,\"caption\":\"Alba Linea - klub sto od mermera Black Abad Mermer\"},{\"@type\":\"BreadcrumbList\",\"@id\":\"https:\\\/\\\/woodsteel.rs\\\/shop\\\/alba-linea-klub-sto\\\/#breadcrumb\",\"itemListElement\":[{\"@type\":\"ListItem\",\"position\":1,\"name\":\"Po\u010detna\",\"item\":\"https:\\\/\\\/woodsteel.rs\\\/\"},{\"@type\":\"ListItem\",\"position\":2,\"name\":\"Proizvodi\",\"item\":\"https:\\\/\\\/woodsteel.rs\\\/shop\\\/\"},{\"@type\":\"ListItem\",\"position\":3,\"name\":\"Alba Linea &#8211; klub sto\"}]},{\"@type\":\"WebSite\",\"@id\":\"https:\\\/\\\/woodsteel.rs\\\/#website\",\"url\":\"https:\\\/\\\/woodsteel.rs\\\/\",\"name\":\"WoodSteel\",\"description\":\"\",\"publisher\":{\"@id\":\"https:\\\/\\\/woodsteel.rs\\\/#organization\"},\"potentialAction\":[{\"@type\":\"SearchAction\",\"target\":{\"@type\":\"EntryPoint\",\"urlTemplate\":\"https:\\\/\\\/woodsteel.rs\\\/?s={search_term_string}\"},\"query-input\":{\"@type\":\"PropertyValueSpecification\",\"valueRequired\":true,\"valueName\":\"search_term_string\"}}],\"inLanguage\":\"en-US\"},{\"@type\":\"Organization\",\"@id\":\"https:\\\/\\\/woodsteel.rs\\\/#organization\",\"name\":\"Wood&Steel\",\"url\":\"https:\\\/\\\/woodsteel.rs\\\/\",\"logo\":{\"@type\":\"ImageObject\",\"inLanguage\":\"en-US\",\"@id\":\"https:\\\/\\\/woodsteel.rs\\\/#\\\/schema\\\/logo\\\/image\\\/\",\"url\":\"https:\\\/\\\/woodsteel.rs\\\/wp-content\\\/uploads\\\/2019\\\/12\\\/logo-ISPRAVAK.png\",\"contentUrl\":\"https:\\\/\\\/woodsteel.rs\\\/wp-content\\\/uploads\\\/2019\\\/12\\\/logo-ISPRAVAK.png\",\"width\":779,\"height\":776,\"caption\":\"Wood&Steel\"},\"image\":{\"@id\":\"https:\\\/\\\/woodsteel.rs\\\/#\\\/schema\\\/logo\\\/image\\\/\"},\"sameAs\":[\"https:\\\/\\\/www.facebook.com\\\/woodsteeldesign\",\"https:\\\/\\\/www.instagram.com\\\/wood_steel_design\\\/\"]}]}<\/script>\n<!-- \/ Yoast SEO plugin. -->","yoast_head_json":{"title":"Alba Linea - klub sto - WoodSteel","description":"Alba Linea - klub sto je napravljen od mermera. Crno beli mermer je prirodni kamen koji je fenomenalan za enterijere i daje poseban sjaj dnevnom boravku.","robots":{"index":"index","follow":"follow","max-snippet":"max-snippet:-1","max-image-preview":"max-image-preview:large","max-video-preview":"max-video-preview:-1"},"canonical":"https:\/\/woodsteel.rs\/en-us\/shop\/alba-linea-klub-sto\/","og_locale":"en_US","og_type":"article","og_title":"Alba Linea - klub sto - WoodSteel","og_description":"Alba Linea - klub sto je napravljen od mermera. Crno beli mermer je prirodni kamen koji je fenomenalan za enterijere i daje poseban sjaj dnevnom boravku.","og_url":"https:\/\/woodsteel.rs\/en-us\/shop\/alba-linea-klub-sto\/","og_site_name":"WoodSteel","article_publisher":"https:\/\/www.facebook.com\/woodsteeldesign","article_modified_time":"2023-03-14T13:07:35+00:00","og_image":[{"width":1200,"height":1200,"url":"https:\/\/woodsteel.rs\/wp-content\/uploads\/2022\/06\/klub-sto-rucna-izrada-Alba-Linea-1-1.jpg","type":"image\/jpeg"}],"twitter_misc":{"Est. reading time":"1 minute"},"schema":{"@context":"https:\/\/schema.org","@graph":[{"@type":"WebPage","@id":"https:\/\/woodsteel.rs\/shop\/alba-linea-klub-sto\/","url":"https:\/\/woodsteel.rs\/shop\/alba-linea-klub-sto\/","name":"Alba Linea - klub sto - WoodSteel","isPartOf":{"@id":"https:\/\/woodsteel.rs\/#website"},"primaryImageOfPage":{"@id":"https:\/\/woodsteel.rs\/shop\/alba-linea-klub-sto\/#primaryimage"},"image":{"@id":"https:\/\/woodsteel.rs\/shop\/alba-linea-klub-sto\/#primaryimage"},"thumbnailUrl":"https:\/\/woodsteel.rs\/wp-content\/uploads\/2022\/06\/klub-sto-rucna-izrada-Alba-Linea-1-1.jpg","datePublished":"2022-06-28T08:10:19+00:00","dateModified":"2023-03-14T13:07:35+00:00","description":"Alba Linea - klub sto je napravljen od mermera. Crno beli mermer je prirodni kamen koji je fenomenalan za enterijere i daje poseban sjaj dnevnom boravku.","breadcrumb":{"@id":"https:\/\/woodsteel.rs\/shop\/alba-linea-klub-sto\/#breadcrumb"},"inLanguage":"en-US","potentialAction":[{"@type":"ReadAction","target":["https:\/\/woodsteel.rs\/shop\/alba-linea-klub-sto\/"]}]},{"@type":"ImageObject","inLanguage":"en-US","@id":"https:\/\/woodsteel.rs\/shop\/alba-linea-klub-sto\/#primaryimage","url":"https:\/\/woodsteel.rs\/wp-content\/uploads\/2022\/06\/klub-sto-rucna-izrada-Alba-Linea-1-1.jpg","contentUrl":"https:\/\/woodsteel.rs\/wp-content\/uploads\/2022\/06\/klub-sto-rucna-izrada-Alba-Linea-1-1.jpg","width":1200,"height":1200,"caption":"Alba Linea - klub sto od mermera Black Abad Mermer"},{"@type":"BreadcrumbList","@id":"https:\/\/woodsteel.rs\/shop\/alba-linea-klub-sto\/#breadcrumb","itemListElement":[{"@type":"ListItem","position":1,"name":"Po\u010detna","item":"https:\/\/woodsteel.rs\/"},{"@type":"ListItem","position":2,"name":"Proizvodi","item":"https:\/\/woodsteel.rs\/shop\/"},{"@type":"ListItem","position":3,"name":"Alba Linea &#8211; klub sto"}]},{"@type":"WebSite","@id":"https:\/\/woodsteel.rs\/#website","url":"https:\/\/woodsteel.rs\/","name":"WoodSteel","description":"","publisher":{"@id":"https:\/\/woodsteel.rs\/#organization"},"potentialAction":[{"@type":"SearchAction","target":{"@type":"EntryPoint","urlTemplate":"https:\/\/woodsteel.rs\/?s={search_term_string}"},"query-input":{"@type":"PropertyValueSpecification","valueRequired":true,"valueName":"search_term_string"}}],"inLanguage":"en-US"},{"@type":"Organization","@id":"https:\/\/woodsteel.rs\/#organization","name":"Wood&Steel","url":"https:\/\/woodsteel.rs\/","logo":{"@type":"ImageObject","inLanguage":"en-US","@id":"https:\/\/woodsteel.rs\/#\/schema\/logo\/image\/","url":"https:\/\/woodsteel.rs\/wp-content\/uploads\/2019\/12\/logo-ISPRAVAK.png","contentUrl":"https:\/\/woodsteel.rs\/wp-content\/uploads\/2019\/12\/logo-ISPRAVAK.png","width":779,"height":776,"caption":"Wood&Steel"},"image":{"@id":"https:\/\/woodsteel.rs\/#\/schema\/logo\/image\/"},"sameAs":["https:\/\/www.facebook.com\/woodsteeldesign","https:\/\/www.instagram.com\/wood_steel_design\/"]}]}},"_links":{"self":[{"href":"https:\/\/woodsteel.rs\/en-us\/wp-json\/wp\/v2\/product\/2327","targetHints":{"allow":["GET"]}}],"collection":[{"href":"https:\/\/woodsteel.rs\/en-us\/wp-json\/wp\/v2\/product"}],"about":[{"href":"https:\/\/woodsteel.rs\/en-us\/wp-json\/wp\/v2\/types\/product"}],"wp:featuredmedia":[{"embeddable":true,"href":"https:\/\/woodsteel.rs\/en-us\/wp-json\/wp\/v2\/media\/2892"}],"wp:attachment":[{"href":"https:\/\/woodsteel.rs\/en-us\/wp-json\/wp\/v2\/media?parent=2327"}],"wp:term":[{"taxonomy":"product_brand","embeddable":true,"href":"https:\/\/woodsteel.rs\/en-us\/wp-json\/wp\/v2\/product_brand?post=2327"},{"taxonomy":"product_cat","embeddable":true,"href":"https:\/\/woodsteel.rs\/en-us\/wp-json\/wp\/v2\/product_cat?post=2327"},{"taxonomy":"product_tag","embeddable":true,"href":"https:\/\/woodsteel.rs\/en-us\/wp-json\/wp\/v2\/product_tag?post=2327"}],"curies":[{"name":"wp","href":"https:\/\/api.w.org\/{rel}","templated":true}]}}