{"id":2634,"date":"2022-12-02T16:44:30","date_gmt":"2022-12-02T15:44:30","guid":{"rendered":"https:\/\/woodsteel.rs\/?post_type=product&#038;p=2634"},"modified":"2023-03-16T20:27:10","modified_gmt":"2023-03-16T19:27:10","slug":"zidni-sat-cube","status":"publish","type":"product","link":"https:\/\/woodsteel.rs\/en-us\/shop\/zidni-sat-cube\/","title":{"rendered":"Wall clock - Cube"},"content":{"rendered":"<div class=\"product-short-description\">\n<p>Zidni sat &#8211; Cube za ljubitelje minimalizma i kreativnosti. Osim \u0161to su funkcionalan i neizostavan deo svakog doma, satovi svojim izgledom na poseban na\u010din ulep\u0161avaju enterijer. Bilo da je re\u010d o zidnom ili stonom satu, veoma je va\u017eno izabrati model koji \u0107e se uklopiti sa ostalim elementima, kako bi prostor bio uskla\u0111en.<\/p>\n<p>The diameter of the clock in the picture is 90 cm. It is made of brushed stainless steel, while the mechanism is lined with walnut. As with all our products, dimensions are subject to change depending on your ideas and needs.<\/p>\n<p>&nbsp;<\/p>\n<p><strong>Dimensions:<\/strong>diameter 90cm<\/p>\n<p><strong>Material:<\/strong> stainless steel, walnut.<\/p>\n<p>&nbsp;<\/p>\n<p><strong>Note:<\/strong> Price and dimensions may vary.<\/p>\n<p>Prati nas na <em><strong><a href=\"https:\/\/www.instagram.com\/wood_steel_design\/\">instagram<\/a> <\/strong><\/em>kako bi uvek bio u toku sa novim modelima ili <em><strong><a href=\"https:\/\/woodsteel.rs\/en-us\/kontakt\/\">write to us.<\/a><\/strong><\/em>, da zajedno dizajniramo tvoj zidni sat.<\/p>\n<p>&nbsp;<\/p>\n<p>&nbsp;<\/p>\n<p><em><strong><a href=\"https:\/\/woodsteel.rs\/en-us\/\">Woodsteel.rs<\/a><\/strong><\/em><\/p>\n<\/div>","protected":false},"excerpt":{"rendered":"<div class=\"product-short-description\">\n<p>Wall clock for lovers of minimalism and creativity. Choosing this wall clock model gives your home a special finesse. Minimalism and elegance in one.<\/p>\n<p>&nbsp;<\/p>\n<p><strong>Note:<\/strong> Price and dimensions may vary.<\/p>\n<\/div>","protected":false},"featured_media":2918,"template":"","meta":{"_monsterinsights_skip_tracking":false,"_monsterinsights_sitenote_active":false,"_monsterinsights_sitenote_note":"","_monsterinsights_sitenote_category":0},"product_brand":[],"product_cat":[40],"product_tag":[],"class_list":{"0":"post-2634","1":"product","2":"type-product","3":"status-publish","4":"has-post-thumbnail","6":"product_cat-zidni-satovi","8":"first","9":"instock","10":"shipping-taxable","11":"product-type-simple"},"yoast_head":"<!-- This site is optimized with the Yoast SEO plugin v27.4 - https:\/\/yoast.com\/product\/yoast-seo-wordpress\/ -->\n<title>Zidni sat - Cube - WoodSteel<\/title>\n<meta name=\"description\" content=\"Zidni sat - Cube, minimalizam i elegancija u jednom. Zidni satovi razli\u010ditih oblika i dimenzija. Izra\u0111eni po meri. Kontaktiraj nas sa novim idejama.\" \/>\n<meta name=\"robots\" content=\"index, follow, max-snippet:-1, max-image-preview:large, max-video-preview:-1\" \/>\n<link rel=\"canonical\" href=\"https:\/\/woodsteel.rs\/en-us\/shop\/zidni-sat-cube\/\" \/>\n<meta property=\"og:locale\" content=\"en_US\" \/>\n<meta property=\"og:type\" content=\"article\" \/>\n<meta property=\"og:title\" content=\"Zidni sat - Cube - WoodSteel\" \/>\n<meta property=\"og:description\" content=\"Zidni sat - Cube, minimalizam i elegancija u jednom. Zidni satovi razli\u010ditih oblika i dimenzija. Izra\u0111eni po meri. Kontaktiraj nas sa novim idejama.\" \/>\n<meta property=\"og:url\" content=\"https:\/\/woodsteel.rs\/en-us\/shop\/zidni-sat-cube\/\" \/>\n<meta property=\"og:site_name\" content=\"WoodSteel\" \/>\n<meta property=\"article:publisher\" content=\"https:\/\/www.facebook.com\/woodsteeldesign\" \/>\n<meta property=\"article:modified_time\" content=\"2023-03-16T19:27:10+00:00\" \/>\n<meta property=\"og:image\" content=\"https:\/\/woodsteel.rs\/wp-content\/uploads\/2022\/12\/zidni-sat-cube-rucna-izrada-woodsteel-beograd.jpg\" \/>\n\t<meta property=\"og:image:width\" content=\"809\" \/>\n\t<meta property=\"og:image:height\" content=\"809\" \/>\n\t<meta property=\"og:image:type\" content=\"image\/jpeg\" \/>\n<meta name=\"twitter:label1\" content=\"Est. reading time\" \/>\n\t<meta name=\"twitter:data1\" content=\"1 minute\" \/>\n<script type=\"application\/ld+json\" class=\"yoast-schema-graph\">{\"@context\":\"https:\\\/\\\/schema.org\",\"@graph\":[{\"@type\":\"WebPage\",\"@id\":\"https:\\\/\\\/woodsteel.rs\\\/shop\\\/zidni-sat-cube\\\/\",\"url\":\"https:\\\/\\\/woodsteel.rs\\\/shop\\\/zidni-sat-cube\\\/\",\"name\":\"Zidni sat - Cube - WoodSteel\",\"isPartOf\":{\"@id\":\"https:\\\/\\\/woodsteel.rs\\\/#website\"},\"primaryImageOfPage\":{\"@id\":\"https:\\\/\\\/woodsteel.rs\\\/shop\\\/zidni-sat-cube\\\/#primaryimage\"},\"image\":{\"@id\":\"https:\\\/\\\/woodsteel.rs\\\/shop\\\/zidni-sat-cube\\\/#primaryimage\"},\"thumbnailUrl\":\"https:\\\/\\\/woodsteel.rs\\\/wp-content\\\/uploads\\\/2022\\\/12\\\/zidni-sat-cube-rucna-izrada-woodsteel-beograd.jpg\",\"datePublished\":\"2022-12-02T15:44:30+00:00\",\"dateModified\":\"2023-03-16T19:27:10+00:00\",\"description\":\"Zidni sat - Cube, minimalizam i elegancija u jednom. Zidni satovi razli\u010ditih oblika i dimenzija. Izra\u0111eni po meri. Kontaktiraj nas sa novim idejama.\",\"breadcrumb\":{\"@id\":\"https:\\\/\\\/woodsteel.rs\\\/shop\\\/zidni-sat-cube\\\/#breadcrumb\"},\"inLanguage\":\"en-US\",\"potentialAction\":[{\"@type\":\"ReadAction\",\"target\":[\"https:\\\/\\\/woodsteel.rs\\\/shop\\\/zidni-sat-cube\\\/\"]}]},{\"@type\":\"ImageObject\",\"inLanguage\":\"en-US\",\"@id\":\"https:\\\/\\\/woodsteel.rs\\\/shop\\\/zidni-sat-cube\\\/#primaryimage\",\"url\":\"https:\\\/\\\/woodsteel.rs\\\/wp-content\\\/uploads\\\/2022\\\/12\\\/zidni-sat-cube-rucna-izrada-woodsteel-beograd.jpg\",\"contentUrl\":\"https:\\\/\\\/woodsteel.rs\\\/wp-content\\\/uploads\\\/2022\\\/12\\\/zidni-sat-cube-rucna-izrada-woodsteel-beograd.jpg\",\"width\":809,\"height\":809,\"caption\":\"Zidni sat - Cube ru\u010dna izrada raznih modela zidnih satova\"},{\"@type\":\"BreadcrumbList\",\"@id\":\"https:\\\/\\\/woodsteel.rs\\\/shop\\\/zidni-sat-cube\\\/#breadcrumb\",\"itemListElement\":[{\"@type\":\"ListItem\",\"position\":1,\"name\":\"Po\u010detna\",\"item\":\"https:\\\/\\\/woodsteel.rs\\\/\"},{\"@type\":\"ListItem\",\"position\":2,\"name\":\"Proizvodi\",\"item\":\"https:\\\/\\\/woodsteel.rs\\\/shop\\\/\"},{\"@type\":\"ListItem\",\"position\":3,\"name\":\"Zidni sat &#8211; Cube\"}]},{\"@type\":\"WebSite\",\"@id\":\"https:\\\/\\\/woodsteel.rs\\\/#website\",\"url\":\"https:\\\/\\\/woodsteel.rs\\\/\",\"name\":\"WoodSteel\",\"description\":\"\",\"publisher\":{\"@id\":\"https:\\\/\\\/woodsteel.rs\\\/#organization\"},\"potentialAction\":[{\"@type\":\"SearchAction\",\"target\":{\"@type\":\"EntryPoint\",\"urlTemplate\":\"https:\\\/\\\/woodsteel.rs\\\/?s={search_term_string}\"},\"query-input\":{\"@type\":\"PropertyValueSpecification\",\"valueRequired\":true,\"valueName\":\"search_term_string\"}}],\"inLanguage\":\"en-US\"},{\"@type\":\"Organization\",\"@id\":\"https:\\\/\\\/woodsteel.rs\\\/#organization\",\"name\":\"Wood&Steel\",\"url\":\"https:\\\/\\\/woodsteel.rs\\\/\",\"logo\":{\"@type\":\"ImageObject\",\"inLanguage\":\"en-US\",\"@id\":\"https:\\\/\\\/woodsteel.rs\\\/#\\\/schema\\\/logo\\\/image\\\/\",\"url\":\"https:\\\/\\\/woodsteel.rs\\\/wp-content\\\/uploads\\\/2019\\\/12\\\/logo-ISPRAVAK.png\",\"contentUrl\":\"https:\\\/\\\/woodsteel.rs\\\/wp-content\\\/uploads\\\/2019\\\/12\\\/logo-ISPRAVAK.png\",\"width\":779,\"height\":776,\"caption\":\"Wood&Steel\"},\"image\":{\"@id\":\"https:\\\/\\\/woodsteel.rs\\\/#\\\/schema\\\/logo\\\/image\\\/\"},\"sameAs\":[\"https:\\\/\\\/www.facebook.com\\\/woodsteeldesign\",\"https:\\\/\\\/www.instagram.com\\\/wood_steel_design\\\/\"]}]}<\/script>\n<!-- \/ Yoast SEO plugin. -->","yoast_head_json":{"title":"Zidni sat - Cube - WoodSteel","description":"Zidni sat - Cube, minimalizam i elegancija u jednom. Zidni satovi razli\u010ditih oblika i dimenzija. Izra\u0111eni po meri. Kontaktiraj nas sa novim idejama.","robots":{"index":"index","follow":"follow","max-snippet":"max-snippet:-1","max-image-preview":"max-image-preview:large","max-video-preview":"max-video-preview:-1"},"canonical":"https:\/\/woodsteel.rs\/en-us\/shop\/zidni-sat-cube\/","og_locale":"en_US","og_type":"article","og_title":"Zidni sat - Cube - WoodSteel","og_description":"Zidni sat - Cube, minimalizam i elegancija u jednom. Zidni satovi razli\u010ditih oblika i dimenzija. Izra\u0111eni po meri. Kontaktiraj nas sa novim idejama.","og_url":"https:\/\/woodsteel.rs\/en-us\/shop\/zidni-sat-cube\/","og_site_name":"WoodSteel","article_publisher":"https:\/\/www.facebook.com\/woodsteeldesign","article_modified_time":"2023-03-16T19:27:10+00:00","og_image":[{"width":809,"height":809,"url":"https:\/\/woodsteel.rs\/wp-content\/uploads\/2022\/12\/zidni-sat-cube-rucna-izrada-woodsteel-beograd.jpg","type":"image\/jpeg"}],"twitter_misc":{"Est. reading time":"1 minute"},"schema":{"@context":"https:\/\/schema.org","@graph":[{"@type":"WebPage","@id":"https:\/\/woodsteel.rs\/shop\/zidni-sat-cube\/","url":"https:\/\/woodsteel.rs\/shop\/zidni-sat-cube\/","name":"Zidni sat - Cube - WoodSteel","isPartOf":{"@id":"https:\/\/woodsteel.rs\/#website"},"primaryImageOfPage":{"@id":"https:\/\/woodsteel.rs\/shop\/zidni-sat-cube\/#primaryimage"},"image":{"@id":"https:\/\/woodsteel.rs\/shop\/zidni-sat-cube\/#primaryimage"},"thumbnailUrl":"https:\/\/woodsteel.rs\/wp-content\/uploads\/2022\/12\/zidni-sat-cube-rucna-izrada-woodsteel-beograd.jpg","datePublished":"2022-12-02T15:44:30+00:00","dateModified":"2023-03-16T19:27:10+00:00","description":"Zidni sat - Cube, minimalizam i elegancija u jednom. Zidni satovi razli\u010ditih oblika i dimenzija. Izra\u0111eni po meri. Kontaktiraj nas sa novim idejama.","breadcrumb":{"@id":"https:\/\/woodsteel.rs\/shop\/zidni-sat-cube\/#breadcrumb"},"inLanguage":"en-US","potentialAction":[{"@type":"ReadAction","target":["https:\/\/woodsteel.rs\/shop\/zidni-sat-cube\/"]}]},{"@type":"ImageObject","inLanguage":"en-US","@id":"https:\/\/woodsteel.rs\/shop\/zidni-sat-cube\/#primaryimage","url":"https:\/\/woodsteel.rs\/wp-content\/uploads\/2022\/12\/zidni-sat-cube-rucna-izrada-woodsteel-beograd.jpg","contentUrl":"https:\/\/woodsteel.rs\/wp-content\/uploads\/2022\/12\/zidni-sat-cube-rucna-izrada-woodsteel-beograd.jpg","width":809,"height":809,"caption":"Zidni sat - Cube ru\u010dna izrada raznih modela zidnih satova"},{"@type":"BreadcrumbList","@id":"https:\/\/woodsteel.rs\/shop\/zidni-sat-cube\/#breadcrumb","itemListElement":[{"@type":"ListItem","position":1,"name":"Po\u010detna","item":"https:\/\/woodsteel.rs\/"},{"@type":"ListItem","position":2,"name":"Proizvodi","item":"https:\/\/woodsteel.rs\/shop\/"},{"@type":"ListItem","position":3,"name":"Zidni sat &#8211; Cube"}]},{"@type":"WebSite","@id":"https:\/\/woodsteel.rs\/#website","url":"https:\/\/woodsteel.rs\/","name":"WoodSteel","description":"","publisher":{"@id":"https:\/\/woodsteel.rs\/#organization"},"potentialAction":[{"@type":"SearchAction","target":{"@type":"EntryPoint","urlTemplate":"https:\/\/woodsteel.rs\/?s={search_term_string}"},"query-input":{"@type":"PropertyValueSpecification","valueRequired":true,"valueName":"search_term_string"}}],"inLanguage":"en-US"},{"@type":"Organization","@id":"https:\/\/woodsteel.rs\/#organization","name":"Wood&Steel","url":"https:\/\/woodsteel.rs\/","logo":{"@type":"ImageObject","inLanguage":"en-US","@id":"https:\/\/woodsteel.rs\/#\/schema\/logo\/image\/","url":"https:\/\/woodsteel.rs\/wp-content\/uploads\/2019\/12\/logo-ISPRAVAK.png","contentUrl":"https:\/\/woodsteel.rs\/wp-content\/uploads\/2019\/12\/logo-ISPRAVAK.png","width":779,"height":776,"caption":"Wood&Steel"},"image":{"@id":"https:\/\/woodsteel.rs\/#\/schema\/logo\/image\/"},"sameAs":["https:\/\/www.facebook.com\/woodsteeldesign","https:\/\/www.instagram.com\/wood_steel_design\/"]}]}},"_links":{"self":[{"href":"https:\/\/woodsteel.rs\/en-us\/wp-json\/wp\/v2\/product\/2634","targetHints":{"allow":["GET"]}}],"collection":[{"href":"https:\/\/woodsteel.rs\/en-us\/wp-json\/wp\/v2\/product"}],"about":[{"href":"https:\/\/woodsteel.rs\/en-us\/wp-json\/wp\/v2\/types\/product"}],"wp:featuredmedia":[{"embeddable":true,"href":"https:\/\/woodsteel.rs\/en-us\/wp-json\/wp\/v2\/media\/2918"}],"wp:attachment":[{"href":"https:\/\/woodsteel.rs\/en-us\/wp-json\/wp\/v2\/media?parent=2634"}],"wp:term":[{"taxonomy":"product_brand","embeddable":true,"href":"https:\/\/woodsteel.rs\/en-us\/wp-json\/wp\/v2\/product_brand?post=2634"},{"taxonomy":"product_cat","embeddable":true,"href":"https:\/\/woodsteel.rs\/en-us\/wp-json\/wp\/v2\/product_cat?post=2634"},{"taxonomy":"product_tag","embeddable":true,"href":"https:\/\/woodsteel.rs\/en-us\/wp-json\/wp\/v2\/product_tag?post=2634"}],"curies":[{"name":"wp","href":"https:\/\/api.w.org\/{rel}","templated":true}]}}