{"id":2667,"date":"2022-12-12T15:19:23","date_gmt":"2022-12-12T14:19:23","guid":{"rendered":"https:\/\/woodsteel.rs\/?post_type=product&#038;p=2667"},"modified":"2023-03-16T20:28:49","modified_gmt":"2023-03-16T19:28:49","slug":"nidum-trpezarijski-sto","status":"publish","type":"product","link":"https:\/\/woodsteel.rs\/en-us\/shop\/nidum-trpezarijski-sto\/","title":{"rendered":"Nidum - dining table"},"content":{"rendered":"<p>Nidum &#8211; trpezarijski sto izra\u0111en je po meri i od kvalitetnog Hrastovog drveta. Oblik plo\u010de trpezarijskog stola je ovalni sa 6 mesta za sedenje.<\/p>\n<p>Osnova Nidum &#8211; trpezarijskog stola je od metala, \u0161to ovaj sto \u010dini stabillnim i izdr\u017eljivim. U sredini osnove imate prostora da ubacite i neku dekoraciju, \u0161to se vidi na slikama. Mada je sam po sebi, ovaj trpezarijski sto dekorativnog i luksuznog izgleda.<\/p>\n<p>Nidum &#8211; trpezarijski sto mo\u017ee biti izra\u0111en u razli\u010ditin dimezijama, u zavisnosti od Va\u0161eg trpezarijskog prostora kojim raspola\u017eete. Tako\u0111e, mo\u017eete birati i materijal plo\u010de. Koje drvo \u017eelite, ali za koji god materijal da se odlu\u010dite, ne\u0107ete pogre\u0161iti.<\/p>\n<p>&nbsp;<\/p>\n<p><strong>Dimensions:<\/strong> diameter 115cm.<\/p>\n<p><strong>Material:<\/strong> farbana metalna konstrukcija, drvo Hrasta.<\/p>\n<p><strong>Note:<\/strong> Price and dimensions may vary.<\/p>\n<p>Follow us on <em><strong><a href=\"https:\/\/www.instagram.com\/wood_steel_design\/\">instagram<\/a><\/strong><\/em>, kako biste uvek bili u toku sa novim modelima trpezarijskih stolova. Ili nas <a href=\"https:\/\/woodsteel.rs\/en-us\/kontakt\/\">kontaktirajte<\/a> ve\u0107 danas, kako bismo zajedno dizajnirali i izradili Va\u0161 trpezarijski sto.<\/p>","protected":false},"excerpt":{"rendered":"<p><span style=\"font-size: 105%;\">Oval shaped dining table with 6 seats. Natural patterns and durable metal construction will make your dining room luxurious. This dining table gives the space a special note of finesse and elegance. <\/span><\/p>\n<p>&nbsp;<\/p>\n<p>&nbsp;<\/p>\n<p><span style=\"font-size: 105%;\"><strong>Note:<\/strong> Price and dimensions may vary.<\/span><\/p>","protected":false},"featured_media":2857,"template":"","meta":{"_monsterinsights_skip_tracking":false,"_monsterinsights_sitenote_active":false,"_monsterinsights_sitenote_note":"","_monsterinsights_sitenote_category":0},"product_brand":[],"product_cat":[35],"product_tag":[],"class_list":{"0":"post-2667","1":"product","2":"type-product","3":"status-publish","4":"has-post-thumbnail","6":"product_cat-trpezarijski-sto","8":"first","9":"instock","10":"shipping-taxable","11":"product-type-simple"},"yoast_head":"<!-- This site is optimized with the Yoast SEO plugin v27.4 - https:\/\/yoast.com\/product\/yoast-seo-wordpress\/ -->\n<title>Nidum - trpezarijski sto - WoodSteel<\/title>\n<meta name=\"description\" content=\"Nidum - trpezarijski sto ovalnog oblika. Kvalitetna plo\u010da stola i metalna konstrukcija. Kontaktirajte nas ve\u0107 danas i odlu\u010dite se za neki od na\u0161ih modela.\" \/>\n<meta name=\"robots\" content=\"index, follow, max-snippet:-1, max-image-preview:large, max-video-preview:-1\" \/>\n<link rel=\"canonical\" href=\"https:\/\/woodsteel.rs\/en-us\/shop\/nidum-trpezarijski-sto\/\" \/>\n<meta property=\"og:locale\" content=\"en_US\" \/>\n<meta property=\"og:type\" content=\"article\" \/>\n<meta property=\"og:title\" content=\"Nidum - trpezarijski sto - WoodSteel\" \/>\n<meta property=\"og:description\" content=\"Nidum - trpezarijski sto ovalnog oblika. Kvalitetna plo\u010da stola i metalna konstrukcija. Kontaktirajte nas ve\u0107 danas i odlu\u010dite se za neki od na\u0161ih modela.\" \/>\n<meta property=\"og:url\" content=\"https:\/\/woodsteel.rs\/en-us\/shop\/nidum-trpezarijski-sto\/\" \/>\n<meta property=\"og:site_name\" content=\"WoodSteel\" \/>\n<meta property=\"article:publisher\" content=\"https:\/\/www.facebook.com\/woodsteeldesign\" \/>\n<meta property=\"article:modified_time\" content=\"2023-03-16T19:28:49+00:00\" \/>\n<meta property=\"og:image\" content=\"https:\/\/woodsteel.rs\/wp-content\/uploads\/2022\/12\/nidum-trpezarijski-sto-ovalnog-oblika-woosteel-2.jpg\" \/>\n\t<meta property=\"og:image:width\" content=\"630\" \/>\n\t<meta property=\"og:image:height\" content=\"630\" \/>\n\t<meta property=\"og:image:type\" content=\"image\/jpeg\" \/>\n<meta name=\"twitter:label1\" content=\"Est. reading time\" \/>\n\t<meta name=\"twitter:data1\" content=\"1 minute\" \/>\n<script type=\"application\/ld+json\" class=\"yoast-schema-graph\">{\"@context\":\"https:\\\/\\\/schema.org\",\"@graph\":[{\"@type\":\"WebPage\",\"@id\":\"https:\\\/\\\/woodsteel.rs\\\/shop\\\/nidum-trpezarijski-sto\\\/\",\"url\":\"https:\\\/\\\/woodsteel.rs\\\/shop\\\/nidum-trpezarijski-sto\\\/\",\"name\":\"Nidum - trpezarijski sto - WoodSteel\",\"isPartOf\":{\"@id\":\"https:\\\/\\\/woodsteel.rs\\\/#website\"},\"primaryImageOfPage\":{\"@id\":\"https:\\\/\\\/woodsteel.rs\\\/shop\\\/nidum-trpezarijski-sto\\\/#primaryimage\"},\"image\":{\"@id\":\"https:\\\/\\\/woodsteel.rs\\\/shop\\\/nidum-trpezarijski-sto\\\/#primaryimage\"},\"thumbnailUrl\":\"https:\\\/\\\/woodsteel.rs\\\/wp-content\\\/uploads\\\/2022\\\/12\\\/nidum-trpezarijski-sto-ovalnog-oblika-woosteel-2.jpg\",\"datePublished\":\"2022-12-12T14:19:23+00:00\",\"dateModified\":\"2023-03-16T19:28:49+00:00\",\"description\":\"Nidum - trpezarijski sto ovalnog oblika. Kvalitetna plo\u010da stola i metalna konstrukcija. Kontaktirajte nas ve\u0107 danas i odlu\u010dite se za neki od na\u0161ih modela.\",\"breadcrumb\":{\"@id\":\"https:\\\/\\\/woodsteel.rs\\\/shop\\\/nidum-trpezarijski-sto\\\/#breadcrumb\"},\"inLanguage\":\"en-US\",\"potentialAction\":[{\"@type\":\"ReadAction\",\"target\":[\"https:\\\/\\\/woodsteel.rs\\\/shop\\\/nidum-trpezarijski-sto\\\/\"]}]},{\"@type\":\"ImageObject\",\"inLanguage\":\"en-US\",\"@id\":\"https:\\\/\\\/woodsteel.rs\\\/shop\\\/nidum-trpezarijski-sto\\\/#primaryimage\",\"url\":\"https:\\\/\\\/woodsteel.rs\\\/wp-content\\\/uploads\\\/2022\\\/12\\\/nidum-trpezarijski-sto-ovalnog-oblika-woosteel-2.jpg\",\"contentUrl\":\"https:\\\/\\\/woodsteel.rs\\\/wp-content\\\/uploads\\\/2022\\\/12\\\/nidum-trpezarijski-sto-ovalnog-oblika-woosteel-2.jpg\",\"width\":630,\"height\":630,\"caption\":\"Nidum - trpezarijski sto ovalnog oblika sa metalnom konstrukcijom\"},{\"@type\":\"BreadcrumbList\",\"@id\":\"https:\\\/\\\/woodsteel.rs\\\/shop\\\/nidum-trpezarijski-sto\\\/#breadcrumb\",\"itemListElement\":[{\"@type\":\"ListItem\",\"position\":1,\"name\":\"Po\u010detna\",\"item\":\"https:\\\/\\\/woodsteel.rs\\\/\"},{\"@type\":\"ListItem\",\"position\":2,\"name\":\"Proizvodi\",\"item\":\"https:\\\/\\\/woodsteel.rs\\\/shop\\\/\"},{\"@type\":\"ListItem\",\"position\":3,\"name\":\"Nidum &#8211; trpezarijski sto\"}]},{\"@type\":\"WebSite\",\"@id\":\"https:\\\/\\\/woodsteel.rs\\\/#website\",\"url\":\"https:\\\/\\\/woodsteel.rs\\\/\",\"name\":\"WoodSteel\",\"description\":\"\",\"publisher\":{\"@id\":\"https:\\\/\\\/woodsteel.rs\\\/#organization\"},\"potentialAction\":[{\"@type\":\"SearchAction\",\"target\":{\"@type\":\"EntryPoint\",\"urlTemplate\":\"https:\\\/\\\/woodsteel.rs\\\/?s={search_term_string}\"},\"query-input\":{\"@type\":\"PropertyValueSpecification\",\"valueRequired\":true,\"valueName\":\"search_term_string\"}}],\"inLanguage\":\"en-US\"},{\"@type\":\"Organization\",\"@id\":\"https:\\\/\\\/woodsteel.rs\\\/#organization\",\"name\":\"Wood&Steel\",\"url\":\"https:\\\/\\\/woodsteel.rs\\\/\",\"logo\":{\"@type\":\"ImageObject\",\"inLanguage\":\"en-US\",\"@id\":\"https:\\\/\\\/woodsteel.rs\\\/#\\\/schema\\\/logo\\\/image\\\/\",\"url\":\"https:\\\/\\\/woodsteel.rs\\\/wp-content\\\/uploads\\\/2019\\\/12\\\/logo-ISPRAVAK.png\",\"contentUrl\":\"https:\\\/\\\/woodsteel.rs\\\/wp-content\\\/uploads\\\/2019\\\/12\\\/logo-ISPRAVAK.png\",\"width\":779,\"height\":776,\"caption\":\"Wood&Steel\"},\"image\":{\"@id\":\"https:\\\/\\\/woodsteel.rs\\\/#\\\/schema\\\/logo\\\/image\\\/\"},\"sameAs\":[\"https:\\\/\\\/www.facebook.com\\\/woodsteeldesign\",\"https:\\\/\\\/www.instagram.com\\\/wood_steel_design\\\/\"]}]}<\/script>\n<!-- \/ Yoast SEO plugin. -->","yoast_head_json":{"title":"Nidum - trpezarijski sto - WoodSteel","description":"Nidum - trpezarijski sto ovalnog oblika. Kvalitetna plo\u010da stola i metalna konstrukcija. Kontaktirajte nas ve\u0107 danas i odlu\u010dite se za neki od na\u0161ih modela.","robots":{"index":"index","follow":"follow","max-snippet":"max-snippet:-1","max-image-preview":"max-image-preview:large","max-video-preview":"max-video-preview:-1"},"canonical":"https:\/\/woodsteel.rs\/en-us\/shop\/nidum-trpezarijski-sto\/","og_locale":"en_US","og_type":"article","og_title":"Nidum - trpezarijski sto - WoodSteel","og_description":"Nidum - trpezarijski sto ovalnog oblika. Kvalitetna plo\u010da stola i metalna konstrukcija. Kontaktirajte nas ve\u0107 danas i odlu\u010dite se za neki od na\u0161ih modela.","og_url":"https:\/\/woodsteel.rs\/en-us\/shop\/nidum-trpezarijski-sto\/","og_site_name":"WoodSteel","article_publisher":"https:\/\/www.facebook.com\/woodsteeldesign","article_modified_time":"2023-03-16T19:28:49+00:00","og_image":[{"width":630,"height":630,"url":"https:\/\/woodsteel.rs\/wp-content\/uploads\/2022\/12\/nidum-trpezarijski-sto-ovalnog-oblika-woosteel-2.jpg","type":"image\/jpeg"}],"twitter_misc":{"Est. reading time":"1 minute"},"schema":{"@context":"https:\/\/schema.org","@graph":[{"@type":"WebPage","@id":"https:\/\/woodsteel.rs\/shop\/nidum-trpezarijski-sto\/","url":"https:\/\/woodsteel.rs\/shop\/nidum-trpezarijski-sto\/","name":"Nidum - trpezarijski sto - WoodSteel","isPartOf":{"@id":"https:\/\/woodsteel.rs\/#website"},"primaryImageOfPage":{"@id":"https:\/\/woodsteel.rs\/shop\/nidum-trpezarijski-sto\/#primaryimage"},"image":{"@id":"https:\/\/woodsteel.rs\/shop\/nidum-trpezarijski-sto\/#primaryimage"},"thumbnailUrl":"https:\/\/woodsteel.rs\/wp-content\/uploads\/2022\/12\/nidum-trpezarijski-sto-ovalnog-oblika-woosteel-2.jpg","datePublished":"2022-12-12T14:19:23+00:00","dateModified":"2023-03-16T19:28:49+00:00","description":"Nidum - trpezarijski sto ovalnog oblika. Kvalitetna plo\u010da stola i metalna konstrukcija. Kontaktirajte nas ve\u0107 danas i odlu\u010dite se za neki od na\u0161ih modela.","breadcrumb":{"@id":"https:\/\/woodsteel.rs\/shop\/nidum-trpezarijski-sto\/#breadcrumb"},"inLanguage":"en-US","potentialAction":[{"@type":"ReadAction","target":["https:\/\/woodsteel.rs\/shop\/nidum-trpezarijski-sto\/"]}]},{"@type":"ImageObject","inLanguage":"en-US","@id":"https:\/\/woodsteel.rs\/shop\/nidum-trpezarijski-sto\/#primaryimage","url":"https:\/\/woodsteel.rs\/wp-content\/uploads\/2022\/12\/nidum-trpezarijski-sto-ovalnog-oblika-woosteel-2.jpg","contentUrl":"https:\/\/woodsteel.rs\/wp-content\/uploads\/2022\/12\/nidum-trpezarijski-sto-ovalnog-oblika-woosteel-2.jpg","width":630,"height":630,"caption":"Nidum - trpezarijski sto ovalnog oblika sa metalnom konstrukcijom"},{"@type":"BreadcrumbList","@id":"https:\/\/woodsteel.rs\/shop\/nidum-trpezarijski-sto\/#breadcrumb","itemListElement":[{"@type":"ListItem","position":1,"name":"Po\u010detna","item":"https:\/\/woodsteel.rs\/"},{"@type":"ListItem","position":2,"name":"Proizvodi","item":"https:\/\/woodsteel.rs\/shop\/"},{"@type":"ListItem","position":3,"name":"Nidum &#8211; trpezarijski sto"}]},{"@type":"WebSite","@id":"https:\/\/woodsteel.rs\/#website","url":"https:\/\/woodsteel.rs\/","name":"WoodSteel","description":"","publisher":{"@id":"https:\/\/woodsteel.rs\/#organization"},"potentialAction":[{"@type":"SearchAction","target":{"@type":"EntryPoint","urlTemplate":"https:\/\/woodsteel.rs\/?s={search_term_string}"},"query-input":{"@type":"PropertyValueSpecification","valueRequired":true,"valueName":"search_term_string"}}],"inLanguage":"en-US"},{"@type":"Organization","@id":"https:\/\/woodsteel.rs\/#organization","name":"Wood&Steel","url":"https:\/\/woodsteel.rs\/","logo":{"@type":"ImageObject","inLanguage":"en-US","@id":"https:\/\/woodsteel.rs\/#\/schema\/logo\/image\/","url":"https:\/\/woodsteel.rs\/wp-content\/uploads\/2019\/12\/logo-ISPRAVAK.png","contentUrl":"https:\/\/woodsteel.rs\/wp-content\/uploads\/2019\/12\/logo-ISPRAVAK.png","width":779,"height":776,"caption":"Wood&Steel"},"image":{"@id":"https:\/\/woodsteel.rs\/#\/schema\/logo\/image\/"},"sameAs":["https:\/\/www.facebook.com\/woodsteeldesign","https:\/\/www.instagram.com\/wood_steel_design\/"]}]}},"_links":{"self":[{"href":"https:\/\/woodsteel.rs\/en-us\/wp-json\/wp\/v2\/product\/2667","targetHints":{"allow":["GET"]}}],"collection":[{"href":"https:\/\/woodsteel.rs\/en-us\/wp-json\/wp\/v2\/product"}],"about":[{"href":"https:\/\/woodsteel.rs\/en-us\/wp-json\/wp\/v2\/types\/product"}],"wp:featuredmedia":[{"embeddable":true,"href":"https:\/\/woodsteel.rs\/en-us\/wp-json\/wp\/v2\/media\/2857"}],"wp:attachment":[{"href":"https:\/\/woodsteel.rs\/en-us\/wp-json\/wp\/v2\/media?parent=2667"}],"wp:term":[{"taxonomy":"product_brand","embeddable":true,"href":"https:\/\/woodsteel.rs\/en-us\/wp-json\/wp\/v2\/product_brand?post=2667"},{"taxonomy":"product_cat","embeddable":true,"href":"https:\/\/woodsteel.rs\/en-us\/wp-json\/wp\/v2\/product_cat?post=2667"},{"taxonomy":"product_tag","embeddable":true,"href":"https:\/\/woodsteel.rs\/en-us\/wp-json\/wp\/v2\/product_tag?post=2667"}],"curies":[{"name":"wp","href":"https:\/\/api.w.org\/{rel}","templated":true}]}}