{"id":2755,"date":"2022-12-15T18:02:10","date_gmt":"2022-12-15T17:02:10","guid":{"rendered":"https:\/\/woodsteel.rs\/?post_type=product&#038;p=2755"},"modified":"2023-03-14T14:07:25","modified_gmt":"2023-03-14T13:07:25","slug":"quidi-klub-sto","status":"publish","type":"product","link":"https:\/\/woodsteel.rs\/en-us\/shop\/quidi-klub-sto\/","title":{"rendered":"Qidi \u2013 club table"},"content":{"rendered":"<p>Quidi &#8211; klub sto je okruglog oblika. Plo\u010da stola je od mermera. U pitanju je beli mermer. Imate vi\u0161e vrsta belog mermera. Razlika je u \u0161arama. najpoznatiji beli mermer je Carrara. Poreklom je iz Italije. U izradi trpezarijskih i klub stolova, kao i kuhinja, naj\u010de\u0161\u0107e se koristi Carrara beli mermer. Mermer je jedan od najzahvalnijih materijala za izradu stolova. Izgleda luksuzno, nije potrebna neka dodatna dekoracija na stolu. A odr\u017eavanje stolova od mermera je prejednostavno. Potrebna vam je samo mokra krpa, bez dodatnih hemikalija.<\/p>\n<p>Quidi &#8211; klub sto daje posebnu eleganciju va\u0161em dnevnom boravku.<\/p>\n<p>&nbsp;<\/p>\n<p><strong>Dimensions:<\/strong> diameter 80 cm.<\/p>\n<p><strong>Material:<\/strong>\u00a0 Marble<\/p>\n<p>&nbsp;<\/p>\n<p><strong>Note:<\/strong>\u00a0Price and dimensions may vary.<\/p>\n<p>&nbsp;<\/p>\n<p>Follow us on <em><strong><a href=\"https:\/\/www.instagram.com\/wood_steel_design\/\">instagram<\/a><\/strong><\/em>, kako biste uvek bili u toku sa novim modelima klub stolova. <a href=\"https:\/\/woodsteel.rs\/en-us\/kontakt\/\"><em><strong>Kontaktirajte nas<\/strong><\/em> <\/a>da zajedno izradimo Va\u0161 jedinsveni komad name\u0161taja.<\/p>","protected":false},"excerpt":{"rendered":"<div class=\"_ab8w _ab94 _ab99 _ab9f _ab9m _ab9p _abbh _abcm\"><\/div>\n<div class=\"_a9zs\"><span class=\"_aacl _aaco _aacu _aacx _aad7 _aade\" style=\"font-size: 105%;\">Add the finishing touch to your seating area with a marble club table. <\/span><\/div>\n<p>&nbsp;<\/p>\n<p><span style=\"font-size: 105%;\"><strong>Dimensions:<\/strong> diameter 80 cm.<\/span><\/p>\n<p><span style=\"font-size: 105%;\"><strong>Material:<\/strong>\u00a0 Mermer, postolje od drveta.<\/span><\/p>\n<p>&nbsp;<\/p>\n<p><span style=\"font-size: 105%;\"><strong>Note:<\/strong>\u00a0Price and dimensions may vary.<\/span><\/p>","protected":false},"featured_media":2756,"template":"","meta":{"_monsterinsights_skip_tracking":false,"_monsterinsights_sitenote_active":false,"_monsterinsights_sitenote_note":"","_monsterinsights_sitenote_category":0},"product_brand":[],"product_cat":[34],"product_tag":[],"class_list":{"0":"post-2755","1":"product","2":"type-product","3":"status-publish","4":"has-post-thumbnail","6":"product_cat-klub-sto","8":"first","9":"instock","10":"shipping-taxable","11":"product-type-simple"},"yoast_head":"<!-- This site is optimized with the Yoast SEO plugin v27.4 - https:\/\/yoast.com\/product\/yoast-seo-wordpress\/ -->\n<title>Quidi - klub sto - WoodSteel<\/title>\n<meta name=\"description\" content=\"Quidi - klub sto pre\u010dnika 80 cm. Plo\u010da stola je od mermera. Konstrukcija od drveta ofarbana crnom bojom. Dimenzije su podlo\u017ene promenama. Ru\u010dna izrada.\" \/>\n<meta name=\"robots\" content=\"index, follow, max-snippet:-1, max-image-preview:large, max-video-preview:-1\" \/>\n<link rel=\"canonical\" href=\"https:\/\/woodsteel.rs\/en-us\/shop\/quidi-klub-sto\/\" \/>\n<meta property=\"og:locale\" content=\"en_US\" \/>\n<meta property=\"og:type\" content=\"article\" \/>\n<meta property=\"og:title\" content=\"Quidi - klub sto - WoodSteel\" \/>\n<meta property=\"og:description\" content=\"Quidi - klub sto pre\u010dnika 80 cm. Plo\u010da stola je od mermera. Konstrukcija od drveta ofarbana crnom bojom. Dimenzije su podlo\u017ene promenama. Ru\u010dna izrada.\" \/>\n<meta property=\"og:url\" content=\"https:\/\/woodsteel.rs\/en-us\/shop\/quidi-klub-sto\/\" \/>\n<meta property=\"og:site_name\" content=\"WoodSteel\" \/>\n<meta property=\"article:publisher\" content=\"https:\/\/www.facebook.com\/woodsteeldesign\" \/>\n<meta property=\"article:modified_time\" content=\"2023-03-14T13:07:25+00:00\" \/>\n<meta property=\"og:image\" content=\"https:\/\/woodsteel.rs\/wp-content\/uploads\/2022\/12\/hu.jpg\" \/>\n\t<meta property=\"og:image:width\" content=\"584\" \/>\n\t<meta property=\"og:image:height\" content=\"585\" \/>\n\t<meta property=\"og:image:type\" content=\"image\/jpeg\" \/>\n<meta name=\"twitter:label1\" content=\"Est. reading time\" \/>\n\t<meta name=\"twitter:data1\" content=\"1 minute\" \/>\n<script type=\"application\/ld+json\" class=\"yoast-schema-graph\">{\"@context\":\"https:\\\/\\\/schema.org\",\"@graph\":[{\"@type\":\"WebPage\",\"@id\":\"https:\\\/\\\/woodsteel.rs\\\/shop\\\/quidi-klub-sto\\\/\",\"url\":\"https:\\\/\\\/woodsteel.rs\\\/shop\\\/quidi-klub-sto\\\/\",\"name\":\"Quidi - klub sto - WoodSteel\",\"isPartOf\":{\"@id\":\"https:\\\/\\\/woodsteel.rs\\\/#website\"},\"primaryImageOfPage\":{\"@id\":\"https:\\\/\\\/woodsteel.rs\\\/shop\\\/quidi-klub-sto\\\/#primaryimage\"},\"image\":{\"@id\":\"https:\\\/\\\/woodsteel.rs\\\/shop\\\/quidi-klub-sto\\\/#primaryimage\"},\"thumbnailUrl\":\"https:\\\/\\\/woodsteel.rs\\\/wp-content\\\/uploads\\\/2022\\\/12\\\/hu.jpg\",\"datePublished\":\"2022-12-15T17:02:10+00:00\",\"dateModified\":\"2023-03-14T13:07:25+00:00\",\"description\":\"Quidi - klub sto pre\u010dnika 80 cm. Plo\u010da stola je od mermera. Konstrukcija od drveta ofarbana crnom bojom. Dimenzije su podlo\u017ene promenama. Ru\u010dna izrada.\",\"breadcrumb\":{\"@id\":\"https:\\\/\\\/woodsteel.rs\\\/shop\\\/quidi-klub-sto\\\/#breadcrumb\"},\"inLanguage\":\"en-US\",\"potentialAction\":[{\"@type\":\"ReadAction\",\"target\":[\"https:\\\/\\\/woodsteel.rs\\\/shop\\\/quidi-klub-sto\\\/\"]}]},{\"@type\":\"ImageObject\",\"inLanguage\":\"en-US\",\"@id\":\"https:\\\/\\\/woodsteel.rs\\\/shop\\\/quidi-klub-sto\\\/#primaryimage\",\"url\":\"https:\\\/\\\/woodsteel.rs\\\/wp-content\\\/uploads\\\/2022\\\/12\\\/hu.jpg\",\"contentUrl\":\"https:\\\/\\\/woodsteel.rs\\\/wp-content\\\/uploads\\\/2022\\\/12\\\/hu.jpg\",\"width\":584,\"height\":585,\"caption\":\"Quidi - klub sto od mermera\"},{\"@type\":\"BreadcrumbList\",\"@id\":\"https:\\\/\\\/woodsteel.rs\\\/shop\\\/quidi-klub-sto\\\/#breadcrumb\",\"itemListElement\":[{\"@type\":\"ListItem\",\"position\":1,\"name\":\"Po\u010detna\",\"item\":\"https:\\\/\\\/woodsteel.rs\\\/\"},{\"@type\":\"ListItem\",\"position\":2,\"name\":\"Proizvodi\",\"item\":\"https:\\\/\\\/woodsteel.rs\\\/shop\\\/\"},{\"@type\":\"ListItem\",\"position\":3,\"name\":\"Quidi &#8211; klub sto\"}]},{\"@type\":\"WebSite\",\"@id\":\"https:\\\/\\\/woodsteel.rs\\\/#website\",\"url\":\"https:\\\/\\\/woodsteel.rs\\\/\",\"name\":\"WoodSteel\",\"description\":\"\",\"publisher\":{\"@id\":\"https:\\\/\\\/woodsteel.rs\\\/#organization\"},\"potentialAction\":[{\"@type\":\"SearchAction\",\"target\":{\"@type\":\"EntryPoint\",\"urlTemplate\":\"https:\\\/\\\/woodsteel.rs\\\/?s={search_term_string}\"},\"query-input\":{\"@type\":\"PropertyValueSpecification\",\"valueRequired\":true,\"valueName\":\"search_term_string\"}}],\"inLanguage\":\"en-US\"},{\"@type\":\"Organization\",\"@id\":\"https:\\\/\\\/woodsteel.rs\\\/#organization\",\"name\":\"Wood&Steel\",\"url\":\"https:\\\/\\\/woodsteel.rs\\\/\",\"logo\":{\"@type\":\"ImageObject\",\"inLanguage\":\"en-US\",\"@id\":\"https:\\\/\\\/woodsteel.rs\\\/#\\\/schema\\\/logo\\\/image\\\/\",\"url\":\"https:\\\/\\\/woodsteel.rs\\\/wp-content\\\/uploads\\\/2019\\\/12\\\/logo-ISPRAVAK.png\",\"contentUrl\":\"https:\\\/\\\/woodsteel.rs\\\/wp-content\\\/uploads\\\/2019\\\/12\\\/logo-ISPRAVAK.png\",\"width\":779,\"height\":776,\"caption\":\"Wood&Steel\"},\"image\":{\"@id\":\"https:\\\/\\\/woodsteel.rs\\\/#\\\/schema\\\/logo\\\/image\\\/\"},\"sameAs\":[\"https:\\\/\\\/www.facebook.com\\\/woodsteeldesign\",\"https:\\\/\\\/www.instagram.com\\\/wood_steel_design\\\/\"]}]}<\/script>\n<!-- \/ Yoast SEO plugin. -->","yoast_head_json":{"title":"Quidi - klub sto - WoodSteel","description":"Quidi - klub sto pre\u010dnika 80 cm. Plo\u010da stola je od mermera. Konstrukcija od drveta ofarbana crnom bojom. Dimenzije su podlo\u017ene promenama. Ru\u010dna izrada.","robots":{"index":"index","follow":"follow","max-snippet":"max-snippet:-1","max-image-preview":"max-image-preview:large","max-video-preview":"max-video-preview:-1"},"canonical":"https:\/\/woodsteel.rs\/en-us\/shop\/quidi-klub-sto\/","og_locale":"en_US","og_type":"article","og_title":"Quidi - klub sto - WoodSteel","og_description":"Quidi - klub sto pre\u010dnika 80 cm. Plo\u010da stola je od mermera. Konstrukcija od drveta ofarbana crnom bojom. Dimenzije su podlo\u017ene promenama. Ru\u010dna izrada.","og_url":"https:\/\/woodsteel.rs\/en-us\/shop\/quidi-klub-sto\/","og_site_name":"WoodSteel","article_publisher":"https:\/\/www.facebook.com\/woodsteeldesign","article_modified_time":"2023-03-14T13:07:25+00:00","og_image":[{"width":584,"height":585,"url":"https:\/\/woodsteel.rs\/wp-content\/uploads\/2022\/12\/hu.jpg","type":"image\/jpeg"}],"twitter_misc":{"Est. reading time":"1 minute"},"schema":{"@context":"https:\/\/schema.org","@graph":[{"@type":"WebPage","@id":"https:\/\/woodsteel.rs\/shop\/quidi-klub-sto\/","url":"https:\/\/woodsteel.rs\/shop\/quidi-klub-sto\/","name":"Quidi - klub sto - WoodSteel","isPartOf":{"@id":"https:\/\/woodsteel.rs\/#website"},"primaryImageOfPage":{"@id":"https:\/\/woodsteel.rs\/shop\/quidi-klub-sto\/#primaryimage"},"image":{"@id":"https:\/\/woodsteel.rs\/shop\/quidi-klub-sto\/#primaryimage"},"thumbnailUrl":"https:\/\/woodsteel.rs\/wp-content\/uploads\/2022\/12\/hu.jpg","datePublished":"2022-12-15T17:02:10+00:00","dateModified":"2023-03-14T13:07:25+00:00","description":"Quidi - klub sto pre\u010dnika 80 cm. Plo\u010da stola je od mermera. Konstrukcija od drveta ofarbana crnom bojom. Dimenzije su podlo\u017ene promenama. Ru\u010dna izrada.","breadcrumb":{"@id":"https:\/\/woodsteel.rs\/shop\/quidi-klub-sto\/#breadcrumb"},"inLanguage":"en-US","potentialAction":[{"@type":"ReadAction","target":["https:\/\/woodsteel.rs\/shop\/quidi-klub-sto\/"]}]},{"@type":"ImageObject","inLanguage":"en-US","@id":"https:\/\/woodsteel.rs\/shop\/quidi-klub-sto\/#primaryimage","url":"https:\/\/woodsteel.rs\/wp-content\/uploads\/2022\/12\/hu.jpg","contentUrl":"https:\/\/woodsteel.rs\/wp-content\/uploads\/2022\/12\/hu.jpg","width":584,"height":585,"caption":"Quidi - klub sto od mermera"},{"@type":"BreadcrumbList","@id":"https:\/\/woodsteel.rs\/shop\/quidi-klub-sto\/#breadcrumb","itemListElement":[{"@type":"ListItem","position":1,"name":"Po\u010detna","item":"https:\/\/woodsteel.rs\/"},{"@type":"ListItem","position":2,"name":"Proizvodi","item":"https:\/\/woodsteel.rs\/shop\/"},{"@type":"ListItem","position":3,"name":"Quidi &#8211; klub sto"}]},{"@type":"WebSite","@id":"https:\/\/woodsteel.rs\/#website","url":"https:\/\/woodsteel.rs\/","name":"WoodSteel","description":"","publisher":{"@id":"https:\/\/woodsteel.rs\/#organization"},"potentialAction":[{"@type":"SearchAction","target":{"@type":"EntryPoint","urlTemplate":"https:\/\/woodsteel.rs\/?s={search_term_string}"},"query-input":{"@type":"PropertyValueSpecification","valueRequired":true,"valueName":"search_term_string"}}],"inLanguage":"en-US"},{"@type":"Organization","@id":"https:\/\/woodsteel.rs\/#organization","name":"Wood&Steel","url":"https:\/\/woodsteel.rs\/","logo":{"@type":"ImageObject","inLanguage":"en-US","@id":"https:\/\/woodsteel.rs\/#\/schema\/logo\/image\/","url":"https:\/\/woodsteel.rs\/wp-content\/uploads\/2019\/12\/logo-ISPRAVAK.png","contentUrl":"https:\/\/woodsteel.rs\/wp-content\/uploads\/2019\/12\/logo-ISPRAVAK.png","width":779,"height":776,"caption":"Wood&Steel"},"image":{"@id":"https:\/\/woodsteel.rs\/#\/schema\/logo\/image\/"},"sameAs":["https:\/\/www.facebook.com\/woodsteeldesign","https:\/\/www.instagram.com\/wood_steel_design\/"]}]}},"_links":{"self":[{"href":"https:\/\/woodsteel.rs\/en-us\/wp-json\/wp\/v2\/product\/2755","targetHints":{"allow":["GET"]}}],"collection":[{"href":"https:\/\/woodsteel.rs\/en-us\/wp-json\/wp\/v2\/product"}],"about":[{"href":"https:\/\/woodsteel.rs\/en-us\/wp-json\/wp\/v2\/types\/product"}],"wp:featuredmedia":[{"embeddable":true,"href":"https:\/\/woodsteel.rs\/en-us\/wp-json\/wp\/v2\/media\/2756"}],"wp:attachment":[{"href":"https:\/\/woodsteel.rs\/en-us\/wp-json\/wp\/v2\/media?parent=2755"}],"wp:term":[{"taxonomy":"product_brand","embeddable":true,"href":"https:\/\/woodsteel.rs\/en-us\/wp-json\/wp\/v2\/product_brand?post=2755"},{"taxonomy":"product_cat","embeddable":true,"href":"https:\/\/woodsteel.rs\/en-us\/wp-json\/wp\/v2\/product_cat?post=2755"},{"taxonomy":"product_tag","embeddable":true,"href":"https:\/\/woodsteel.rs\/en-us\/wp-json\/wp\/v2\/product_tag?post=2755"}],"curies":[{"name":"wp","href":"https:\/\/api.w.org\/{rel}","templated":true}]}}