{"id":2871,"date":"2023-01-20T16:14:05","date_gmt":"2023-01-20T15:14:05","guid":{"rendered":"https:\/\/woodsteel.rs\/?post_type=product&#038;p=2871"},"modified":"2023-02-27T14:58:55","modified_gmt":"2023-02-27T13:58:55","slug":"sia-stolica","status":"publish","type":"product","link":"https:\/\/woodsteel.rs\/en-us\/shop\/sia-stolica\/","title":{"rendered":"Sia \u2013 chair"},"content":{"rendered":"<p>Sia &#8211; stolica je tapacirana, tako \u0107e vam sedenje na njoj predstavljati zadovoljstvo. Ugao naslona pru\u017ea dobru potporu, tako da sedenje na ovoj stolici mo\u017ee sa predstavlja samo u\u017eitak. Udobna je, jer je sediste debelo, oblo\u017eeno sun\u0111erom dok je naslon tako\u0111e oblo\u017een radi pru\u017eanja ve\u0107e udobnosti prilikom sedenja.<\/p>\n<p>Sia &#8211; stolica mo\u017ee biti izra\u0111ena u vi\u0161e boja, \u0161to Vam daje potpunu slobodu za kombinovanjem stilova i name\u0161taja u enterijeru. Savr\u0161eno se ukapa sa trpezarijskim stolovima od mermera, kombinacija drveta i epoksi smole ili \u010diste plo\u010de od drveta Hrasta, Oraha. Na\u0161u ponudu trpezarijskih stolova mo\u017eete pogledati <a href=\"https:\/\/woodsteel.rs\/en-us\/proizvodi\/trpezarijski-sto\/\">here.<\/a> Ovaj model stolice svoje mesto mo\u017ee prona\u0107i u trpezariji i kuhinji, ali tako\u0111e mo\u017eete je kombinovati i u hodniku, kao pomo\u0107no mesto za sedenje prilikom obuvanja. Mo\u017eete je uklopiti i u spava\u0107oj sobi, radnoj sobi&#8230;<\/p>\n<p>&nbsp;<\/p>\n<p>Follow us on <em><a href=\"https:\/\/www.instagram.com\/wood_steel_design\/\">instagram<\/a> <\/em>kao biste uvek bili u toku sa novim modelima name\u0161taja po meri.<\/p>","protected":false},"excerpt":{"rendered":"<p><span style=\"font-size: 105%;\">We present you a timeless chair with clear lines. The Sia chair can be made in several colors, which gives you complete freedom, because combining colors can be the key to enlivening a space. <\/span><\/p>\n<p><span style=\"font-size: 105%;\">The angle of the backrest provides good support, so that sitting is a real pleasure, which is the most important thing when choosing a chair, right? As for the Sia dining table and chair, there is no limit to the combination. You can combine this chair model with a wooden dining table, a combination of epoxy resin and wood, as well as with a marble and glass top. You can view our offer of dining tables <em><strong><a href=\"https:\/\/woodsteel.rs\/en-us\/proizvodi\/trpezarijski-sto\/\">here.\u00a0<\/a><\/strong><\/em><\/span><\/p>\n<p>&nbsp;<\/p>\n<p>&nbsp;<\/p>\n<p><span style=\"font-size: 105%;\"><strong>Note:\u00a0<\/strong>Price and dimensions may vary.<\/span><\/p>","protected":false},"featured_media":2873,"template":"","meta":{"_monsterinsights_skip_tracking":false,"_monsterinsights_sitenote_active":false,"_monsterinsights_sitenote_note":"","_monsterinsights_sitenote_category":0},"product_brand":[],"product_cat":[19],"product_tag":[],"class_list":{"0":"post-2871","1":"product","2":"type-product","3":"status-publish","4":"has-post-thumbnail","6":"product_cat-stolice","8":"first","9":"instock","10":"shipping-taxable","11":"product-type-simple"},"yoast_head":"<!-- This site is optimized with the Yoast SEO plugin v27.4 - https:\/\/yoast.com\/product\/yoast-seo-wordpress\/ -->\n<title>Sia - stolica - WoodSteel<\/title>\n<meta name=\"description\" content=\"Sia - stolica jasnih linija i bezvremenskog izgleda. Dolazi u vi\u0161e boja i savr\u0161en je model za kombinovanje sa razli\u010ditim stilovima enterijera.\" \/>\n<meta name=\"robots\" content=\"index, follow, max-snippet:-1, max-image-preview:large, max-video-preview:-1\" \/>\n<link rel=\"canonical\" href=\"https:\/\/woodsteel.rs\/en-us\/shop\/sia-stolica\/\" \/>\n<meta property=\"og:locale\" content=\"en_US\" \/>\n<meta property=\"og:type\" content=\"article\" \/>\n<meta property=\"og:title\" content=\"Sia - stolica - WoodSteel\" \/>\n<meta property=\"og:description\" content=\"Sia - stolica jasnih linija i bezvremenskog izgleda. Dolazi u vi\u0161e boja i savr\u0161en je model za kombinovanje sa razli\u010ditim stilovima enterijera.\" \/>\n<meta property=\"og:url\" content=\"https:\/\/woodsteel.rs\/en-us\/shop\/sia-stolica\/\" \/>\n<meta property=\"og:site_name\" content=\"WoodSteel\" \/>\n<meta property=\"article:publisher\" content=\"https:\/\/www.facebook.com\/woodsteeldesign\" \/>\n<meta property=\"article:modified_time\" content=\"2023-02-27T13:58:55+00:00\" \/>\n<meta property=\"og:image\" content=\"https:\/\/woodsteel.rs\/wp-content\/uploads\/2023\/01\/sia-stolica-1.jpg-1.jpg\" \/>\n\t<meta property=\"og:image:width\" content=\"920\" \/>\n\t<meta property=\"og:image:height\" content=\"921\" \/>\n\t<meta property=\"og:image:type\" content=\"image\/jpeg\" \/>\n<meta name=\"twitter:label1\" content=\"Est. reading time\" \/>\n\t<meta name=\"twitter:data1\" content=\"1 minute\" \/>\n<script type=\"application\/ld+json\" class=\"yoast-schema-graph\">{\"@context\":\"https:\\\/\\\/schema.org\",\"@graph\":[{\"@type\":\"WebPage\",\"@id\":\"https:\\\/\\\/woodsteel.rs\\\/shop\\\/sia-stolica\\\/\",\"url\":\"https:\\\/\\\/woodsteel.rs\\\/shop\\\/sia-stolica\\\/\",\"name\":\"Sia - stolica - WoodSteel\",\"isPartOf\":{\"@id\":\"https:\\\/\\\/woodsteel.rs\\\/#website\"},\"primaryImageOfPage\":{\"@id\":\"https:\\\/\\\/woodsteel.rs\\\/shop\\\/sia-stolica\\\/#primaryimage\"},\"image\":{\"@id\":\"https:\\\/\\\/woodsteel.rs\\\/shop\\\/sia-stolica\\\/#primaryimage\"},\"thumbnailUrl\":\"https:\\\/\\\/woodsteel.rs\\\/wp-content\\\/uploads\\\/2023\\\/01\\\/sia-stolica-1.jpg-1.jpg\",\"datePublished\":\"2023-01-20T15:14:05+00:00\",\"dateModified\":\"2023-02-27T13:58:55+00:00\",\"description\":\"Sia - stolica jasnih linija i bezvremenskog izgleda. Dolazi u vi\u0161e boja i savr\u0161en je model za kombinovanje sa razli\u010ditim stilovima enterijera.\",\"breadcrumb\":{\"@id\":\"https:\\\/\\\/woodsteel.rs\\\/shop\\\/sia-stolica\\\/#breadcrumb\"},\"inLanguage\":\"en-US\",\"potentialAction\":[{\"@type\":\"ReadAction\",\"target\":[\"https:\\\/\\\/woodsteel.rs\\\/shop\\\/sia-stolica\\\/\"]}]},{\"@type\":\"ImageObject\",\"inLanguage\":\"en-US\",\"@id\":\"https:\\\/\\\/woodsteel.rs\\\/shop\\\/sia-stolica\\\/#primaryimage\",\"url\":\"https:\\\/\\\/woodsteel.rs\\\/wp-content\\\/uploads\\\/2023\\\/01\\\/sia-stolica-1.jpg-1.jpg\",\"contentUrl\":\"https:\\\/\\\/woodsteel.rs\\\/wp-content\\\/uploads\\\/2023\\\/01\\\/sia-stolica-1.jpg-1.jpg\",\"width\":920,\"height\":921,\"caption\":\"Sia - stolica sa metalnom konstrukcijom i tapaciranim naslonom i sedi\u0161tem\"},{\"@type\":\"BreadcrumbList\",\"@id\":\"https:\\\/\\\/woodsteel.rs\\\/shop\\\/sia-stolica\\\/#breadcrumb\",\"itemListElement\":[{\"@type\":\"ListItem\",\"position\":1,\"name\":\"Po\u010detna\",\"item\":\"https:\\\/\\\/woodsteel.rs\\\/\"},{\"@type\":\"ListItem\",\"position\":2,\"name\":\"Proizvodi\",\"item\":\"https:\\\/\\\/woodsteel.rs\\\/shop\\\/\"},{\"@type\":\"ListItem\",\"position\":3,\"name\":\"Sia &#8211; stolica\"}]},{\"@type\":\"WebSite\",\"@id\":\"https:\\\/\\\/woodsteel.rs\\\/#website\",\"url\":\"https:\\\/\\\/woodsteel.rs\\\/\",\"name\":\"WoodSteel\",\"description\":\"\",\"publisher\":{\"@id\":\"https:\\\/\\\/woodsteel.rs\\\/#organization\"},\"potentialAction\":[{\"@type\":\"SearchAction\",\"target\":{\"@type\":\"EntryPoint\",\"urlTemplate\":\"https:\\\/\\\/woodsteel.rs\\\/?s={search_term_string}\"},\"query-input\":{\"@type\":\"PropertyValueSpecification\",\"valueRequired\":true,\"valueName\":\"search_term_string\"}}],\"inLanguage\":\"en-US\"},{\"@type\":\"Organization\",\"@id\":\"https:\\\/\\\/woodsteel.rs\\\/#organization\",\"name\":\"Wood&Steel\",\"url\":\"https:\\\/\\\/woodsteel.rs\\\/\",\"logo\":{\"@type\":\"ImageObject\",\"inLanguage\":\"en-US\",\"@id\":\"https:\\\/\\\/woodsteel.rs\\\/#\\\/schema\\\/logo\\\/image\\\/\",\"url\":\"https:\\\/\\\/woodsteel.rs\\\/wp-content\\\/uploads\\\/2019\\\/12\\\/logo-ISPRAVAK.png\",\"contentUrl\":\"https:\\\/\\\/woodsteel.rs\\\/wp-content\\\/uploads\\\/2019\\\/12\\\/logo-ISPRAVAK.png\",\"width\":779,\"height\":776,\"caption\":\"Wood&Steel\"},\"image\":{\"@id\":\"https:\\\/\\\/woodsteel.rs\\\/#\\\/schema\\\/logo\\\/image\\\/\"},\"sameAs\":[\"https:\\\/\\\/www.facebook.com\\\/woodsteeldesign\",\"https:\\\/\\\/www.instagram.com\\\/wood_steel_design\\\/\"]}]}<\/script>\n<!-- \/ Yoast SEO plugin. -->","yoast_head_json":{"title":"Sia - stolica - WoodSteel","description":"Sia - stolica jasnih linija i bezvremenskog izgleda. Dolazi u vi\u0161e boja i savr\u0161en je model za kombinovanje sa razli\u010ditim stilovima enterijera.","robots":{"index":"index","follow":"follow","max-snippet":"max-snippet:-1","max-image-preview":"max-image-preview:large","max-video-preview":"max-video-preview:-1"},"canonical":"https:\/\/woodsteel.rs\/en-us\/shop\/sia-stolica\/","og_locale":"en_US","og_type":"article","og_title":"Sia - stolica - WoodSteel","og_description":"Sia - stolica jasnih linija i bezvremenskog izgleda. Dolazi u vi\u0161e boja i savr\u0161en je model za kombinovanje sa razli\u010ditim stilovima enterijera.","og_url":"https:\/\/woodsteel.rs\/en-us\/shop\/sia-stolica\/","og_site_name":"WoodSteel","article_publisher":"https:\/\/www.facebook.com\/woodsteeldesign","article_modified_time":"2023-02-27T13:58:55+00:00","og_image":[{"width":920,"height":921,"url":"https:\/\/woodsteel.rs\/wp-content\/uploads\/2023\/01\/sia-stolica-1.jpg-1.jpg","type":"image\/jpeg"}],"twitter_misc":{"Est. reading time":"1 minute"},"schema":{"@context":"https:\/\/schema.org","@graph":[{"@type":"WebPage","@id":"https:\/\/woodsteel.rs\/shop\/sia-stolica\/","url":"https:\/\/woodsteel.rs\/shop\/sia-stolica\/","name":"Sia - stolica - WoodSteel","isPartOf":{"@id":"https:\/\/woodsteel.rs\/#website"},"primaryImageOfPage":{"@id":"https:\/\/woodsteel.rs\/shop\/sia-stolica\/#primaryimage"},"image":{"@id":"https:\/\/woodsteel.rs\/shop\/sia-stolica\/#primaryimage"},"thumbnailUrl":"https:\/\/woodsteel.rs\/wp-content\/uploads\/2023\/01\/sia-stolica-1.jpg-1.jpg","datePublished":"2023-01-20T15:14:05+00:00","dateModified":"2023-02-27T13:58:55+00:00","description":"Sia - stolica jasnih linija i bezvremenskog izgleda. Dolazi u vi\u0161e boja i savr\u0161en je model za kombinovanje sa razli\u010ditim stilovima enterijera.","breadcrumb":{"@id":"https:\/\/woodsteel.rs\/shop\/sia-stolica\/#breadcrumb"},"inLanguage":"en-US","potentialAction":[{"@type":"ReadAction","target":["https:\/\/woodsteel.rs\/shop\/sia-stolica\/"]}]},{"@type":"ImageObject","inLanguage":"en-US","@id":"https:\/\/woodsteel.rs\/shop\/sia-stolica\/#primaryimage","url":"https:\/\/woodsteel.rs\/wp-content\/uploads\/2023\/01\/sia-stolica-1.jpg-1.jpg","contentUrl":"https:\/\/woodsteel.rs\/wp-content\/uploads\/2023\/01\/sia-stolica-1.jpg-1.jpg","width":920,"height":921,"caption":"Sia - stolica sa metalnom konstrukcijom i tapaciranim naslonom i sedi\u0161tem"},{"@type":"BreadcrumbList","@id":"https:\/\/woodsteel.rs\/shop\/sia-stolica\/#breadcrumb","itemListElement":[{"@type":"ListItem","position":1,"name":"Po\u010detna","item":"https:\/\/woodsteel.rs\/"},{"@type":"ListItem","position":2,"name":"Proizvodi","item":"https:\/\/woodsteel.rs\/shop\/"},{"@type":"ListItem","position":3,"name":"Sia &#8211; stolica"}]},{"@type":"WebSite","@id":"https:\/\/woodsteel.rs\/#website","url":"https:\/\/woodsteel.rs\/","name":"WoodSteel","description":"","publisher":{"@id":"https:\/\/woodsteel.rs\/#organization"},"potentialAction":[{"@type":"SearchAction","target":{"@type":"EntryPoint","urlTemplate":"https:\/\/woodsteel.rs\/?s={search_term_string}"},"query-input":{"@type":"PropertyValueSpecification","valueRequired":true,"valueName":"search_term_string"}}],"inLanguage":"en-US"},{"@type":"Organization","@id":"https:\/\/woodsteel.rs\/#organization","name":"Wood&Steel","url":"https:\/\/woodsteel.rs\/","logo":{"@type":"ImageObject","inLanguage":"en-US","@id":"https:\/\/woodsteel.rs\/#\/schema\/logo\/image\/","url":"https:\/\/woodsteel.rs\/wp-content\/uploads\/2019\/12\/logo-ISPRAVAK.png","contentUrl":"https:\/\/woodsteel.rs\/wp-content\/uploads\/2019\/12\/logo-ISPRAVAK.png","width":779,"height":776,"caption":"Wood&Steel"},"image":{"@id":"https:\/\/woodsteel.rs\/#\/schema\/logo\/image\/"},"sameAs":["https:\/\/www.facebook.com\/woodsteeldesign","https:\/\/www.instagram.com\/wood_steel_design\/"]}]}},"_links":{"self":[{"href":"https:\/\/woodsteel.rs\/en-us\/wp-json\/wp\/v2\/product\/2871","targetHints":{"allow":["GET"]}}],"collection":[{"href":"https:\/\/woodsteel.rs\/en-us\/wp-json\/wp\/v2\/product"}],"about":[{"href":"https:\/\/woodsteel.rs\/en-us\/wp-json\/wp\/v2\/types\/product"}],"wp:featuredmedia":[{"embeddable":true,"href":"https:\/\/woodsteel.rs\/en-us\/wp-json\/wp\/v2\/media\/2873"}],"wp:attachment":[{"href":"https:\/\/woodsteel.rs\/en-us\/wp-json\/wp\/v2\/media?parent=2871"}],"wp:term":[{"taxonomy":"product_brand","embeddable":true,"href":"https:\/\/woodsteel.rs\/en-us\/wp-json\/wp\/v2\/product_brand?post=2871"},{"taxonomy":"product_cat","embeddable":true,"href":"https:\/\/woodsteel.rs\/en-us\/wp-json\/wp\/v2\/product_cat?post=2871"},{"taxonomy":"product_tag","embeddable":true,"href":"https:\/\/woodsteel.rs\/en-us\/wp-json\/wp\/v2\/product_tag?post=2871"}],"curies":[{"name":"wp","href":"https:\/\/api.w.org\/{rel}","templated":true}]}}