{"id":2956,"date":"2023-01-27T16:08:54","date_gmt":"2023-01-27T15:08:54","guid":{"rendered":"https:\/\/woodsteel.rs\/?post_type=product&#038;p=2956"},"modified":"2025-01-11T17:59:06","modified_gmt":"2025-01-11T16:59:06","slug":"capra-stolica","status":"publish","type":"product","link":"https:\/\/woodsteel.rs\/en-us\/shop\/capra-stolica\/","title":{"rendered":"Capra \u2013 chair"},"content":{"rendered":"<p><span style=\"font-size: 110%;\">Capra &#8211; stolica izra\u0111ena je od Oraha \u010diji je za\u0161titni znak tamni ton, lepo se uklapa sa \u0161irokim spektrom stiova. Kao \u0161to vidite na slikama, trpezarijsku stolicu Capra mo\u017eete kombinovati sa razli\u010ditim materijalima i oblicima trpezarijskog stola. Kao \u0161to se mo\u017ee videti na slikama, ovaj model trpezarijske stolice mo\u017eete uklopiti sa trpezarijskim stolom od mermera ili drveta.<\/span><\/p>\n<h2><span style=\"font-size: 75%;\">Capra - the chair is solid and stable, it provides you with comfortable sitting thanks to the wide seat and backrest that supports your back.<\/span><\/h2>\n<p><span style=\"font-size: 110%;\">Za uskla\u0111en izgled trpezarije, mo\u017eete pogledati ponudu na\u0161ih <a href=\"https:\/\/woodsteel.rs\/en-us\/proizvodi\/trpezarijski-sto\/\">trpezarijskih stolova<\/a>, ali za koji god model da se odlu\u010dite, ova trpezarijska stolica \u0107e se savr\u0161eno uklopiti.<\/span><\/p>\n<p>&nbsp;<\/p>\n<p><span style=\"font-size: 110%;\"><strong>Note:\u00a0<\/strong>Price and dimensions may vary.<\/span><\/p>\n<p><span style=\"font-size: 110%;\">Follow us on <a href=\"https:\/\/www.instagram.com\/wood_steel_design\/\">instagram<\/a>,kako biste uvek bili u toku sa novim modelima ru\u010dno izra\u0111enog name\u0161taja.<\/span><\/p>","protected":false},"excerpt":{"rendered":"<p><span style=\"font-size: 105%;\">This dining chair model is made of Walnut, whose trademark is the dark color, and fits well with a wide range of tables. For a harmonious look of the dining room, you can look at our offer <em><a href=\"https:\/\/woodsteel.rs\/en-us\/proizvodi\/trpezarijski-sto\/\">dining tables.<\/a><\/em> Whichever dining table model you decide on, you won't go wrong, because Capra is designed to fit into any style.<\/span><\/p>\n<p><span style=\"font-size: 105%;\">Capra - the chair is solid and stable, it provides you with comfortable sitting thanks to the wide seat and backrest that supports your back.<\/span><\/p>\n<p>&nbsp;<\/p>\n<p><span style=\"font-size: 105%;\"><strong>Note:\u00a0<\/strong>Price and dimensions may vary.<\/span><\/p>","protected":false},"featured_media":3576,"template":"","meta":{"_monsterinsights_skip_tracking":false,"_monsterinsights_sitenote_active":false,"_monsterinsights_sitenote_note":"","_monsterinsights_sitenote_category":0},"product_brand":[],"product_cat":[19],"product_tag":[],"class_list":{"0":"post-2956","1":"product","2":"type-product","3":"status-publish","4":"has-post-thumbnail","6":"product_cat-stolice","8":"first","9":"instock","10":"shipping-taxable","11":"product-type-simple"},"yoast_head":"<!-- This site is optimized with the Yoast SEO plugin v27.4 - https:\/\/yoast.com\/product\/yoast-seo-wordpress\/ -->\n<title>Capra - stolica - WoodSteel<\/title>\n<meta name=\"description\" content=\"Capra - stolica od Oraha za udobno sedenje, \u0161iroko sedi\u0161te i naslon koji pru\u017eaju potporu le\u0111ima. Moderna i eleganta trpezarijska stolica.\" \/>\n<meta name=\"robots\" content=\"index, follow, max-snippet:-1, max-image-preview:large, max-video-preview:-1\" \/>\n<link rel=\"canonical\" href=\"https:\/\/woodsteel.rs\/en-us\/shop\/capra-stolica\/\" \/>\n<meta property=\"og:locale\" content=\"en_US\" \/>\n<meta property=\"og:type\" content=\"article\" \/>\n<meta property=\"og:title\" content=\"Capra - stolica - WoodSteel\" \/>\n<meta property=\"og:description\" content=\"Capra - stolica od Oraha za udobno sedenje, \u0161iroko sedi\u0161te i naslon koji pru\u017eaju potporu le\u0111ima. Moderna i eleganta trpezarijska stolica.\" \/>\n<meta property=\"og:url\" content=\"https:\/\/woodsteel.rs\/en-us\/shop\/capra-stolica\/\" \/>\n<meta property=\"og:site_name\" content=\"WoodSteel\" \/>\n<meta property=\"article:publisher\" content=\"https:\/\/www.facebook.com\/woodsteeldesign\" \/>\n<meta property=\"article:modified_time\" content=\"2025-01-11T16:59:06+00:00\" \/>\n<meta property=\"og:image\" content=\"https:\/\/woodsteel.rs\/wp-content\/uploads\/2023\/01\/capra-stolica-drvo-oraha-namestaj-po-meri-woodsteel-beograd.png\" \/>\n\t<meta property=\"og:image:width\" content=\"702\" \/>\n\t<meta property=\"og:image:height\" content=\"702\" \/>\n\t<meta property=\"og:image:type\" content=\"image\/png\" \/>\n<meta name=\"twitter:label1\" content=\"Est. reading time\" \/>\n\t<meta name=\"twitter:data1\" content=\"1 minute\" \/>\n<script type=\"application\/ld+json\" class=\"yoast-schema-graph\">{\"@context\":\"https:\\\/\\\/schema.org\",\"@graph\":[{\"@type\":\"WebPage\",\"@id\":\"https:\\\/\\\/woodsteel.rs\\\/shop\\\/capra-stolica\\\/\",\"url\":\"https:\\\/\\\/woodsteel.rs\\\/shop\\\/capra-stolica\\\/\",\"name\":\"Capra - stolica - WoodSteel\",\"isPartOf\":{\"@id\":\"https:\\\/\\\/woodsteel.rs\\\/#website\"},\"primaryImageOfPage\":{\"@id\":\"https:\\\/\\\/woodsteel.rs\\\/shop\\\/capra-stolica\\\/#primaryimage\"},\"image\":{\"@id\":\"https:\\\/\\\/woodsteel.rs\\\/shop\\\/capra-stolica\\\/#primaryimage\"},\"thumbnailUrl\":\"https:\\\/\\\/woodsteel.rs\\\/wp-content\\\/uploads\\\/2023\\\/01\\\/capra-stolica-drvo-oraha-namestaj-po-meri-woodsteel-beograd.png\",\"datePublished\":\"2023-01-27T15:08:54+00:00\",\"dateModified\":\"2025-01-11T16:59:06+00:00\",\"description\":\"Capra - stolica od Oraha za udobno sedenje, \u0161iroko sedi\u0161te i naslon koji pru\u017eaju potporu le\u0111ima. Moderna i eleganta trpezarijska stolica.\",\"breadcrumb\":{\"@id\":\"https:\\\/\\\/woodsteel.rs\\\/shop\\\/capra-stolica\\\/#breadcrumb\"},\"inLanguage\":\"en-US\",\"potentialAction\":[{\"@type\":\"ReadAction\",\"target\":[\"https:\\\/\\\/woodsteel.rs\\\/shop\\\/capra-stolica\\\/\"]}]},{\"@type\":\"ImageObject\",\"inLanguage\":\"en-US\",\"@id\":\"https:\\\/\\\/woodsteel.rs\\\/shop\\\/capra-stolica\\\/#primaryimage\",\"url\":\"https:\\\/\\\/woodsteel.rs\\\/wp-content\\\/uploads\\\/2023\\\/01\\\/capra-stolica-drvo-oraha-namestaj-po-meri-woodsteel-beograd.png\",\"contentUrl\":\"https:\\\/\\\/woodsteel.rs\\\/wp-content\\\/uploads\\\/2023\\\/01\\\/capra-stolica-drvo-oraha-namestaj-po-meri-woodsteel-beograd.png\",\"width\":702,\"height\":702},{\"@type\":\"BreadcrumbList\",\"@id\":\"https:\\\/\\\/woodsteel.rs\\\/shop\\\/capra-stolica\\\/#breadcrumb\",\"itemListElement\":[{\"@type\":\"ListItem\",\"position\":1,\"name\":\"Po\u010detna\",\"item\":\"https:\\\/\\\/woodsteel.rs\\\/\"},{\"@type\":\"ListItem\",\"position\":2,\"name\":\"Proizvodi\",\"item\":\"https:\\\/\\\/woodsteel.rs\\\/shop\\\/\"},{\"@type\":\"ListItem\",\"position\":3,\"name\":\"Capra &#8211; stolica\"}]},{\"@type\":\"WebSite\",\"@id\":\"https:\\\/\\\/woodsteel.rs\\\/#website\",\"url\":\"https:\\\/\\\/woodsteel.rs\\\/\",\"name\":\"WoodSteel\",\"description\":\"\",\"publisher\":{\"@id\":\"https:\\\/\\\/woodsteel.rs\\\/#organization\"},\"potentialAction\":[{\"@type\":\"SearchAction\",\"target\":{\"@type\":\"EntryPoint\",\"urlTemplate\":\"https:\\\/\\\/woodsteel.rs\\\/?s={search_term_string}\"},\"query-input\":{\"@type\":\"PropertyValueSpecification\",\"valueRequired\":true,\"valueName\":\"search_term_string\"}}],\"inLanguage\":\"en-US\"},{\"@type\":\"Organization\",\"@id\":\"https:\\\/\\\/woodsteel.rs\\\/#organization\",\"name\":\"Wood&Steel\",\"url\":\"https:\\\/\\\/woodsteel.rs\\\/\",\"logo\":{\"@type\":\"ImageObject\",\"inLanguage\":\"en-US\",\"@id\":\"https:\\\/\\\/woodsteel.rs\\\/#\\\/schema\\\/logo\\\/image\\\/\",\"url\":\"https:\\\/\\\/woodsteel.rs\\\/wp-content\\\/uploads\\\/2019\\\/12\\\/logo-ISPRAVAK.png\",\"contentUrl\":\"https:\\\/\\\/woodsteel.rs\\\/wp-content\\\/uploads\\\/2019\\\/12\\\/logo-ISPRAVAK.png\",\"width\":779,\"height\":776,\"caption\":\"Wood&Steel\"},\"image\":{\"@id\":\"https:\\\/\\\/woodsteel.rs\\\/#\\\/schema\\\/logo\\\/image\\\/\"},\"sameAs\":[\"https:\\\/\\\/www.facebook.com\\\/woodsteeldesign\",\"https:\\\/\\\/www.instagram.com\\\/wood_steel_design\\\/\"]}]}<\/script>\n<!-- \/ Yoast SEO plugin. -->","yoast_head_json":{"title":"Capra - stolica - WoodSteel","description":"Capra - stolica od Oraha za udobno sedenje, \u0161iroko sedi\u0161te i naslon koji pru\u017eaju potporu le\u0111ima. Moderna i eleganta trpezarijska stolica.","robots":{"index":"index","follow":"follow","max-snippet":"max-snippet:-1","max-image-preview":"max-image-preview:large","max-video-preview":"max-video-preview:-1"},"canonical":"https:\/\/woodsteel.rs\/en-us\/shop\/capra-stolica\/","og_locale":"en_US","og_type":"article","og_title":"Capra - stolica - WoodSteel","og_description":"Capra - stolica od Oraha za udobno sedenje, \u0161iroko sedi\u0161te i naslon koji pru\u017eaju potporu le\u0111ima. Moderna i eleganta trpezarijska stolica.","og_url":"https:\/\/woodsteel.rs\/en-us\/shop\/capra-stolica\/","og_site_name":"WoodSteel","article_publisher":"https:\/\/www.facebook.com\/woodsteeldesign","article_modified_time":"2025-01-11T16:59:06+00:00","og_image":[{"width":702,"height":702,"url":"https:\/\/woodsteel.rs\/wp-content\/uploads\/2023\/01\/capra-stolica-drvo-oraha-namestaj-po-meri-woodsteel-beograd.png","type":"image\/png"}],"twitter_misc":{"Est. reading time":"1 minute"},"schema":{"@context":"https:\/\/schema.org","@graph":[{"@type":"WebPage","@id":"https:\/\/woodsteel.rs\/shop\/capra-stolica\/","url":"https:\/\/woodsteel.rs\/shop\/capra-stolica\/","name":"Capra - stolica - WoodSteel","isPartOf":{"@id":"https:\/\/woodsteel.rs\/#website"},"primaryImageOfPage":{"@id":"https:\/\/woodsteel.rs\/shop\/capra-stolica\/#primaryimage"},"image":{"@id":"https:\/\/woodsteel.rs\/shop\/capra-stolica\/#primaryimage"},"thumbnailUrl":"https:\/\/woodsteel.rs\/wp-content\/uploads\/2023\/01\/capra-stolica-drvo-oraha-namestaj-po-meri-woodsteel-beograd.png","datePublished":"2023-01-27T15:08:54+00:00","dateModified":"2025-01-11T16:59:06+00:00","description":"Capra - stolica od Oraha za udobno sedenje, \u0161iroko sedi\u0161te i naslon koji pru\u017eaju potporu le\u0111ima. Moderna i eleganta trpezarijska stolica.","breadcrumb":{"@id":"https:\/\/woodsteel.rs\/shop\/capra-stolica\/#breadcrumb"},"inLanguage":"en-US","potentialAction":[{"@type":"ReadAction","target":["https:\/\/woodsteel.rs\/shop\/capra-stolica\/"]}]},{"@type":"ImageObject","inLanguage":"en-US","@id":"https:\/\/woodsteel.rs\/shop\/capra-stolica\/#primaryimage","url":"https:\/\/woodsteel.rs\/wp-content\/uploads\/2023\/01\/capra-stolica-drvo-oraha-namestaj-po-meri-woodsteel-beograd.png","contentUrl":"https:\/\/woodsteel.rs\/wp-content\/uploads\/2023\/01\/capra-stolica-drvo-oraha-namestaj-po-meri-woodsteel-beograd.png","width":702,"height":702},{"@type":"BreadcrumbList","@id":"https:\/\/woodsteel.rs\/shop\/capra-stolica\/#breadcrumb","itemListElement":[{"@type":"ListItem","position":1,"name":"Po\u010detna","item":"https:\/\/woodsteel.rs\/"},{"@type":"ListItem","position":2,"name":"Proizvodi","item":"https:\/\/woodsteel.rs\/shop\/"},{"@type":"ListItem","position":3,"name":"Capra &#8211; stolica"}]},{"@type":"WebSite","@id":"https:\/\/woodsteel.rs\/#website","url":"https:\/\/woodsteel.rs\/","name":"WoodSteel","description":"","publisher":{"@id":"https:\/\/woodsteel.rs\/#organization"},"potentialAction":[{"@type":"SearchAction","target":{"@type":"EntryPoint","urlTemplate":"https:\/\/woodsteel.rs\/?s={search_term_string}"},"query-input":{"@type":"PropertyValueSpecification","valueRequired":true,"valueName":"search_term_string"}}],"inLanguage":"en-US"},{"@type":"Organization","@id":"https:\/\/woodsteel.rs\/#organization","name":"Wood&Steel","url":"https:\/\/woodsteel.rs\/","logo":{"@type":"ImageObject","inLanguage":"en-US","@id":"https:\/\/woodsteel.rs\/#\/schema\/logo\/image\/","url":"https:\/\/woodsteel.rs\/wp-content\/uploads\/2019\/12\/logo-ISPRAVAK.png","contentUrl":"https:\/\/woodsteel.rs\/wp-content\/uploads\/2019\/12\/logo-ISPRAVAK.png","width":779,"height":776,"caption":"Wood&Steel"},"image":{"@id":"https:\/\/woodsteel.rs\/#\/schema\/logo\/image\/"},"sameAs":["https:\/\/www.facebook.com\/woodsteeldesign","https:\/\/www.instagram.com\/wood_steel_design\/"]}]}},"_links":{"self":[{"href":"https:\/\/woodsteel.rs\/en-us\/wp-json\/wp\/v2\/product\/2956","targetHints":{"allow":["GET"]}}],"collection":[{"href":"https:\/\/woodsteel.rs\/en-us\/wp-json\/wp\/v2\/product"}],"about":[{"href":"https:\/\/woodsteel.rs\/en-us\/wp-json\/wp\/v2\/types\/product"}],"wp:featuredmedia":[{"embeddable":true,"href":"https:\/\/woodsteel.rs\/en-us\/wp-json\/wp\/v2\/media\/3576"}],"wp:attachment":[{"href":"https:\/\/woodsteel.rs\/en-us\/wp-json\/wp\/v2\/media?parent=2956"}],"wp:term":[{"taxonomy":"product_brand","embeddable":true,"href":"https:\/\/woodsteel.rs\/en-us\/wp-json\/wp\/v2\/product_brand?post=2956"},{"taxonomy":"product_cat","embeddable":true,"href":"https:\/\/woodsteel.rs\/en-us\/wp-json\/wp\/v2\/product_cat?post=2956"},{"taxonomy":"product_tag","embeddable":true,"href":"https:\/\/woodsteel.rs\/en-us\/wp-json\/wp\/v2\/product_tag?post=2956"}],"curies":[{"name":"wp","href":"https:\/\/api.w.org\/{rel}","templated":true}]}}