{"id":2964,"date":"2023-01-31T16:55:01","date_gmt":"2023-01-31T15:55:01","guid":{"rendered":"https:\/\/woodsteel.rs\/?post_type=product&#038;p=2964"},"modified":"2023-04-19T15:56:45","modified_gmt":"2023-04-19T13:56:45","slug":"nuces-komoda","status":"publish","type":"product","link":"https:\/\/woodsteel.rs\/en-us\/shop\/nuces-komoda\/","title":{"rendered":"Nuces - chest of drawers"},"content":{"rendered":"<p><span style=\"font-size: 105%;\">Nuces &#8211; komoda izra\u0111ena od visokokvalitetnog drveta Oraha sa prirodnim ivicama. Nesvakida\u0161njeg obika, otvorena komoda, mo\u017ee da poslu\u017ei i kao TV komoda i kao mesto za odlaganje knjiga i postavljanje dekoracije. O drvetu Oraha smo pri\u010dali par puta, ali svakako ostavljemo vam link da se podsetite, &#8222;<em><a href=\"https:\/\/woodsteel.rs\/en-us\/njegovo-velicanstvo-orah\/\">Njegovo veli\u010danstvo Orah<\/a><\/em>&#8222;. Orah je kvalitetno drvo, koje Vam garantuje dugi vek trajanja. Prepoznatljivo je po svojoj tamonj boji, koja daje posebnu eleganciju prostoriji. <\/span><\/p>\n<p><span style=\"font-size: 105%;\">Nuces &#8211; komoda je otvorenog oblika. \u0160to bi zna\u010dilo da zatvoreni prostor za odlaganje ne poseduje. Na ovoj komodi mesto mogu prona\u0107i TV, konzole za TV i neke najosnovnije sitnice koje koristite svakodnevno. <\/span><\/p>\n<p><span style=\"font-size: 105%;\">Nogare su od metala dok je sama komoda od Oraha. Oko boje zidova u prostoriji ne treba da razmi\u0161ljate previ\u0161e, jer se drvo Oraha uklapa sa svakom bojom koju odaberete. <\/span><\/p>\n<p><span style=\"font-size: 105%;\">This dresser model does not have a closed storage space like a drawer, but that's why you have enough space to place decorations, small things that are in daily use and your favorite books that will be close at hand.<\/span><\/p>\n<p>&nbsp;<\/p>\n<p><span style=\"font-size: 105%;\"><strong>Material:<\/strong> Walnut tree.<\/span><\/p>\n<p><span style=\"font-size: 105%;\"><strong>Note:\u00a0<\/strong>Price and dimensions may vary.<\/span><\/p>\n<p>&nbsp;<\/p>\n<p>Follow us on <em><a href=\"https:\/\/www.instagram.com\/wood_steel_design\/\">instagram<\/a><\/em>, kako biste uvek bili u toku sa novim modelima komoda. Ili nas <a href=\"https:\/\/woodsteel.rs\/en-us\/kontakt\/\">kontaktirajte<\/a> ve\u0107 danas, kako bismo zajedno dizajnirali i izradili Va\u0161u komodu.<\/p>","protected":false},"excerpt":{"rendered":"<p><span style=\"font-size: 105%;\">We present you simplicity at its best. Nuces - chest of drawers is made of high-quality walnut wood. Walnut is a wood that is known for its longevity and beautiful color. <\/span><\/p>\n<p><span style=\"font-size: 105%;\">This dresser model does not have a closed storage space like a drawer, but that's why you have enough space to place decorations, small things that are in daily use and your favorite books that will be close at hand.<\/span><\/p>\n<p>&nbsp;<\/p>\n<p>&nbsp;<\/p>\n<p><span style=\"font-size: 105%;\"><strong>Material:<\/strong> Walnut tree.<\/span><\/p>\n<p><span style=\"font-size: 105%;\"><strong>Note:\u00a0<\/strong>Price and dimensions may vary.<\/span><\/p>","protected":false},"featured_media":2966,"template":"","meta":{"_monsterinsights_skip_tracking":false,"_monsterinsights_sitenote_active":false,"_monsterinsights_sitenote_note":"","_monsterinsights_sitenote_category":0},"product_brand":[],"product_cat":[20],"product_tag":[],"class_list":{"0":"post-2964","1":"product","2":"type-product","3":"status-publish","4":"has-post-thumbnail","6":"product_cat-komode","8":"first","9":"instock","10":"shipping-taxable","11":"product-type-simple"},"yoast_head":"<!-- This site is optimized with the Yoast SEO plugin v27.4 - https:\/\/yoast.com\/product\/yoast-seo-wordpress\/ -->\n<title>Nuces - komoda - WoodSteel<\/title>\n<meta name=\"description\" content=\"Nuces - komoda je iza\u0111ena od visokokvalitetnog drveta Oraha. Dovoljno prostora za dekoraciju, odlaganje sitnica i knjiga. Dugi vek trajanja.\" \/>\n<meta name=\"robots\" content=\"index, follow, max-snippet:-1, max-image-preview:large, max-video-preview:-1\" \/>\n<link rel=\"canonical\" href=\"https:\/\/woodsteel.rs\/en-us\/shop\/nuces-komoda\/\" \/>\n<meta property=\"og:locale\" content=\"en_US\" \/>\n<meta property=\"og:type\" content=\"article\" \/>\n<meta property=\"og:title\" content=\"Nuces - komoda - WoodSteel\" \/>\n<meta property=\"og:description\" content=\"Nuces - komoda je iza\u0111ena od visokokvalitetnog drveta Oraha. Dovoljno prostora za dekoraciju, odlaganje sitnica i knjiga. Dugi vek trajanja.\" \/>\n<meta property=\"og:url\" content=\"https:\/\/woodsteel.rs\/en-us\/shop\/nuces-komoda\/\" \/>\n<meta property=\"og:site_name\" content=\"WoodSteel\" \/>\n<meta property=\"article:publisher\" content=\"https:\/\/www.facebook.com\/woodsteeldesign\" \/>\n<meta property=\"article:modified_time\" content=\"2023-04-19T13:56:45+00:00\" \/>\n<meta property=\"og:image\" content=\"https:\/\/woodsteel.rs\/wp-content\/uploads\/2023\/01\/komoda-za-tv-nuces-drvo-oraha-woodsteel-Beograd.jpg\" \/>\n\t<meta property=\"og:image:width\" content=\"539\" \/>\n\t<meta property=\"og:image:height\" content=\"540\" \/>\n\t<meta property=\"og:image:type\" content=\"image\/jpeg\" \/>\n<meta name=\"twitter:label1\" content=\"Est. reading time\" \/>\n\t<meta name=\"twitter:data1\" content=\"2 minutes\" \/>\n<script type=\"application\/ld+json\" class=\"yoast-schema-graph\">{\"@context\":\"https:\\\/\\\/schema.org\",\"@graph\":[{\"@type\":\"WebPage\",\"@id\":\"https:\\\/\\\/woodsteel.rs\\\/shop\\\/nuces-komoda\\\/\",\"url\":\"https:\\\/\\\/woodsteel.rs\\\/shop\\\/nuces-komoda\\\/\",\"name\":\"Nuces - komoda - WoodSteel\",\"isPartOf\":{\"@id\":\"https:\\\/\\\/woodsteel.rs\\\/#website\"},\"primaryImageOfPage\":{\"@id\":\"https:\\\/\\\/woodsteel.rs\\\/shop\\\/nuces-komoda\\\/#primaryimage\"},\"image\":{\"@id\":\"https:\\\/\\\/woodsteel.rs\\\/shop\\\/nuces-komoda\\\/#primaryimage\"},\"thumbnailUrl\":\"https:\\\/\\\/woodsteel.rs\\\/wp-content\\\/uploads\\\/2023\\\/01\\\/komoda-za-tv-nuces-drvo-oraha-woodsteel-Beograd.jpg\",\"datePublished\":\"2023-01-31T15:55:01+00:00\",\"dateModified\":\"2023-04-19T13:56:45+00:00\",\"description\":\"Nuces - komoda je iza\u0111ena od visokokvalitetnog drveta Oraha. Dovoljno prostora za dekoraciju, odlaganje sitnica i knjiga. Dugi vek trajanja.\",\"breadcrumb\":{\"@id\":\"https:\\\/\\\/woodsteel.rs\\\/shop\\\/nuces-komoda\\\/#breadcrumb\"},\"inLanguage\":\"en-US\",\"potentialAction\":[{\"@type\":\"ReadAction\",\"target\":[\"https:\\\/\\\/woodsteel.rs\\\/shop\\\/nuces-komoda\\\/\"]}]},{\"@type\":\"ImageObject\",\"inLanguage\":\"en-US\",\"@id\":\"https:\\\/\\\/woodsteel.rs\\\/shop\\\/nuces-komoda\\\/#primaryimage\",\"url\":\"https:\\\/\\\/woodsteel.rs\\\/wp-content\\\/uploads\\\/2023\\\/01\\\/komoda-za-tv-nuces-drvo-oraha-woodsteel-Beograd.jpg\",\"contentUrl\":\"https:\\\/\\\/woodsteel.rs\\\/wp-content\\\/uploads\\\/2023\\\/01\\\/komoda-za-tv-nuces-drvo-oraha-woodsteel-Beograd.jpg\",\"width\":539,\"height\":540,\"caption\":\"Nuces - komoda od visokokvalitetnog drveta Oraha za drugi vek trajanja\"},{\"@type\":\"BreadcrumbList\",\"@id\":\"https:\\\/\\\/woodsteel.rs\\\/shop\\\/nuces-komoda\\\/#breadcrumb\",\"itemListElement\":[{\"@type\":\"ListItem\",\"position\":1,\"name\":\"Po\u010detna\",\"item\":\"https:\\\/\\\/woodsteel.rs\\\/\"},{\"@type\":\"ListItem\",\"position\":2,\"name\":\"Proizvodi\",\"item\":\"https:\\\/\\\/woodsteel.rs\\\/shop\\\/\"},{\"@type\":\"ListItem\",\"position\":3,\"name\":\"Nuces &#8211; komoda\"}]},{\"@type\":\"WebSite\",\"@id\":\"https:\\\/\\\/woodsteel.rs\\\/#website\",\"url\":\"https:\\\/\\\/woodsteel.rs\\\/\",\"name\":\"WoodSteel\",\"description\":\"\",\"publisher\":{\"@id\":\"https:\\\/\\\/woodsteel.rs\\\/#organization\"},\"potentialAction\":[{\"@type\":\"SearchAction\",\"target\":{\"@type\":\"EntryPoint\",\"urlTemplate\":\"https:\\\/\\\/woodsteel.rs\\\/?s={search_term_string}\"},\"query-input\":{\"@type\":\"PropertyValueSpecification\",\"valueRequired\":true,\"valueName\":\"search_term_string\"}}],\"inLanguage\":\"en-US\"},{\"@type\":\"Organization\",\"@id\":\"https:\\\/\\\/woodsteel.rs\\\/#organization\",\"name\":\"Wood&Steel\",\"url\":\"https:\\\/\\\/woodsteel.rs\\\/\",\"logo\":{\"@type\":\"ImageObject\",\"inLanguage\":\"en-US\",\"@id\":\"https:\\\/\\\/woodsteel.rs\\\/#\\\/schema\\\/logo\\\/image\\\/\",\"url\":\"https:\\\/\\\/woodsteel.rs\\\/wp-content\\\/uploads\\\/2019\\\/12\\\/logo-ISPRAVAK.png\",\"contentUrl\":\"https:\\\/\\\/woodsteel.rs\\\/wp-content\\\/uploads\\\/2019\\\/12\\\/logo-ISPRAVAK.png\",\"width\":779,\"height\":776,\"caption\":\"Wood&Steel\"},\"image\":{\"@id\":\"https:\\\/\\\/woodsteel.rs\\\/#\\\/schema\\\/logo\\\/image\\\/\"},\"sameAs\":[\"https:\\\/\\\/www.facebook.com\\\/woodsteeldesign\",\"https:\\\/\\\/www.instagram.com\\\/wood_steel_design\\\/\"]}]}<\/script>\n<!-- \/ Yoast SEO plugin. -->","yoast_head_json":{"title":"Nuces - komoda - WoodSteel","description":"Nuces - komoda je iza\u0111ena od visokokvalitetnog drveta Oraha. Dovoljno prostora za dekoraciju, odlaganje sitnica i knjiga. Dugi vek trajanja.","robots":{"index":"index","follow":"follow","max-snippet":"max-snippet:-1","max-image-preview":"max-image-preview:large","max-video-preview":"max-video-preview:-1"},"canonical":"https:\/\/woodsteel.rs\/en-us\/shop\/nuces-komoda\/","og_locale":"en_US","og_type":"article","og_title":"Nuces - komoda - WoodSteel","og_description":"Nuces - komoda je iza\u0111ena od visokokvalitetnog drveta Oraha. Dovoljno prostora za dekoraciju, odlaganje sitnica i knjiga. Dugi vek trajanja.","og_url":"https:\/\/woodsteel.rs\/en-us\/shop\/nuces-komoda\/","og_site_name":"WoodSteel","article_publisher":"https:\/\/www.facebook.com\/woodsteeldesign","article_modified_time":"2023-04-19T13:56:45+00:00","og_image":[{"width":539,"height":540,"url":"https:\/\/woodsteel.rs\/wp-content\/uploads\/2023\/01\/komoda-za-tv-nuces-drvo-oraha-woodsteel-Beograd.jpg","type":"image\/jpeg"}],"twitter_misc":{"Est. reading time":"2 minutes"},"schema":{"@context":"https:\/\/schema.org","@graph":[{"@type":"WebPage","@id":"https:\/\/woodsteel.rs\/shop\/nuces-komoda\/","url":"https:\/\/woodsteel.rs\/shop\/nuces-komoda\/","name":"Nuces - komoda - WoodSteel","isPartOf":{"@id":"https:\/\/woodsteel.rs\/#website"},"primaryImageOfPage":{"@id":"https:\/\/woodsteel.rs\/shop\/nuces-komoda\/#primaryimage"},"image":{"@id":"https:\/\/woodsteel.rs\/shop\/nuces-komoda\/#primaryimage"},"thumbnailUrl":"https:\/\/woodsteel.rs\/wp-content\/uploads\/2023\/01\/komoda-za-tv-nuces-drvo-oraha-woodsteel-Beograd.jpg","datePublished":"2023-01-31T15:55:01+00:00","dateModified":"2023-04-19T13:56:45+00:00","description":"Nuces - komoda je iza\u0111ena od visokokvalitetnog drveta Oraha. Dovoljno prostora za dekoraciju, odlaganje sitnica i knjiga. Dugi vek trajanja.","breadcrumb":{"@id":"https:\/\/woodsteel.rs\/shop\/nuces-komoda\/#breadcrumb"},"inLanguage":"en-US","potentialAction":[{"@type":"ReadAction","target":["https:\/\/woodsteel.rs\/shop\/nuces-komoda\/"]}]},{"@type":"ImageObject","inLanguage":"en-US","@id":"https:\/\/woodsteel.rs\/shop\/nuces-komoda\/#primaryimage","url":"https:\/\/woodsteel.rs\/wp-content\/uploads\/2023\/01\/komoda-za-tv-nuces-drvo-oraha-woodsteel-Beograd.jpg","contentUrl":"https:\/\/woodsteel.rs\/wp-content\/uploads\/2023\/01\/komoda-za-tv-nuces-drvo-oraha-woodsteel-Beograd.jpg","width":539,"height":540,"caption":"Nuces - komoda od visokokvalitetnog drveta Oraha za drugi vek trajanja"},{"@type":"BreadcrumbList","@id":"https:\/\/woodsteel.rs\/shop\/nuces-komoda\/#breadcrumb","itemListElement":[{"@type":"ListItem","position":1,"name":"Po\u010detna","item":"https:\/\/woodsteel.rs\/"},{"@type":"ListItem","position":2,"name":"Proizvodi","item":"https:\/\/woodsteel.rs\/shop\/"},{"@type":"ListItem","position":3,"name":"Nuces &#8211; komoda"}]},{"@type":"WebSite","@id":"https:\/\/woodsteel.rs\/#website","url":"https:\/\/woodsteel.rs\/","name":"WoodSteel","description":"","publisher":{"@id":"https:\/\/woodsteel.rs\/#organization"},"potentialAction":[{"@type":"SearchAction","target":{"@type":"EntryPoint","urlTemplate":"https:\/\/woodsteel.rs\/?s={search_term_string}"},"query-input":{"@type":"PropertyValueSpecification","valueRequired":true,"valueName":"search_term_string"}}],"inLanguage":"en-US"},{"@type":"Organization","@id":"https:\/\/woodsteel.rs\/#organization","name":"Wood&Steel","url":"https:\/\/woodsteel.rs\/","logo":{"@type":"ImageObject","inLanguage":"en-US","@id":"https:\/\/woodsteel.rs\/#\/schema\/logo\/image\/","url":"https:\/\/woodsteel.rs\/wp-content\/uploads\/2019\/12\/logo-ISPRAVAK.png","contentUrl":"https:\/\/woodsteel.rs\/wp-content\/uploads\/2019\/12\/logo-ISPRAVAK.png","width":779,"height":776,"caption":"Wood&Steel"},"image":{"@id":"https:\/\/woodsteel.rs\/#\/schema\/logo\/image\/"},"sameAs":["https:\/\/www.facebook.com\/woodsteeldesign","https:\/\/www.instagram.com\/wood_steel_design\/"]}]}},"_links":{"self":[{"href":"https:\/\/woodsteel.rs\/en-us\/wp-json\/wp\/v2\/product\/2964","targetHints":{"allow":["GET"]}}],"collection":[{"href":"https:\/\/woodsteel.rs\/en-us\/wp-json\/wp\/v2\/product"}],"about":[{"href":"https:\/\/woodsteel.rs\/en-us\/wp-json\/wp\/v2\/types\/product"}],"wp:featuredmedia":[{"embeddable":true,"href":"https:\/\/woodsteel.rs\/en-us\/wp-json\/wp\/v2\/media\/2966"}],"wp:attachment":[{"href":"https:\/\/woodsteel.rs\/en-us\/wp-json\/wp\/v2\/media?parent=2964"}],"wp:term":[{"taxonomy":"product_brand","embeddable":true,"href":"https:\/\/woodsteel.rs\/en-us\/wp-json\/wp\/v2\/product_brand?post=2964"},{"taxonomy":"product_cat","embeddable":true,"href":"https:\/\/woodsteel.rs\/en-us\/wp-json\/wp\/v2\/product_cat?post=2964"},{"taxonomy":"product_tag","embeddable":true,"href":"https:\/\/woodsteel.rs\/en-us\/wp-json\/wp\/v2\/product_tag?post=2964"}],"curies":[{"name":"wp","href":"https:\/\/api.w.org\/{rel}","templated":true}]}}