{"id":3020,"date":"2023-02-07T14:09:20","date_gmt":"2023-02-07T13:09:20","guid":{"rendered":"https:\/\/woodsteel.rs\/?post_type=product&#038;p=3020"},"modified":"2023-04-19T15:56:40","modified_gmt":"2023-04-19T13:56:40","slug":"verdi-trpezarijski-sto","status":"publish","type":"product","link":"https:\/\/woodsteel.rs\/en-us\/shop\/verdi-trpezarijski-sto\/","title":{"rendered":"Verdi - dining table"},"content":{"rendered":"<p>Verdi &#8211; trpezarijski sto sa plo\u010dom od mermera i postoljem od metala savr\u0161en dizajn za minimalisti\u010dki enterijer. Ovaj model trpazarijskog stola \u0107e nbiti centar Va\u0161e trpezarije godinama. Gosti \u0107e Vam prosto zavideti na luksuzu koji ostavlja Verdi &#8211; trpezarijski sto.<\/p>\n<p>Mermer je jedan od najzahvalnijih materijala kada je name\u0161taj u kuhinji u pitanju. Garantuje dugi vek trajanja trpezarijskih stolova, radnih plo\u010da, plo\u010da klub stola&#8230; Materijal za po\u017eeleti u svom domu. Odaje utisak luksuza i ja\u010dine. Sto sa slike ima na raspolaganju 6 mesta za sedenje. Dimenzije su informativnog karaktera i podlo\u017ene su promenama. U zavisnosti od prostora kojim raspola\u017eete, ovaj model trpezarijskog stola mo\u017ee biti razli\u010ditih dimenzija.<\/p>\n<p>Savr\u0161en spoj je sa modernim trpezarijskim stolicama. \u0160to se boje stoli\u010da ti\u010de, imate veliki spektar boja na raspolaganju. Mo\u017eete kombinovati sa razli\u010ditim modelima i materijalom. Na\u0161u ponudu stolica mo\u017eete pogledati na slede\u0107em <em><a href=\"https:\/\/woodsteel.rs\/en-us\/proizvodi\/stolice\/\">linku<\/a><\/em>.<\/p>\n<p>The perfect combination of marble and metal construction in the Verdi dining table. A unique piece of furniture that will be the central part of your dining room.<\/p>\n<p>With this combination of materials, elegance and quality, you can't go wrong.<\/p>\n<p>&nbsp;<\/p>\n<p>&nbsp;<\/p>\n<p><strong>Material:<\/strong> Marble, metal construction.<\/p>\n<p><strong>Note:\u00a0<\/strong>Price and dimensions may vary.<\/p>\n<p>&nbsp;<\/p>\n<p>Follow us on <em><a href=\"https:\/\/www.instagram.com\/wood_steel_design\/\">instagram<\/a><\/em>, kako biste uvek bili u toku sa novim modelima trpezarijskih stolova. Ili nas <a href=\"https:\/\/woodsteel.rs\/en-us\/kontakt\/\">kontaktirajte<\/a> ve\u0107 danas, kako bismo zajedno dizajnirali i izradili Va\u0161 trpezarijski sto.<\/p>","protected":false},"excerpt":{"rendered":"<p><span style=\"font-size: 105%;\">The perfect combination of ceramic plate and metal construction in the Verdi dining table. A unique piece of furniture that will be the central part of your dining room. <\/span><\/p>\n<p><span style=\"font-size: 105%;\">With this combination of materials, elegance and quality, you can't go wrong. <\/span><\/p>\n<p>&nbsp;<\/p>\n<p>&nbsp;<\/p>\n<p><span style=\"font-size: 105%;\"><strong>Material:<\/strong> Ceramic plate, metal construction.<\/span><\/p>\n<p><span style=\"font-size: 105%;\"><strong>Note:\u00a0<\/strong>Price and dimensions may vary.<\/span><\/p>","protected":false},"featured_media":3023,"template":"","meta":{"_monsterinsights_skip_tracking":false,"_monsterinsights_sitenote_active":false,"_monsterinsights_sitenote_note":"","_monsterinsights_sitenote_category":0},"product_brand":[],"product_cat":[35],"product_tag":[],"class_list":{"0":"post-3020","1":"product","2":"type-product","3":"status-publish","4":"has-post-thumbnail","6":"product_cat-trpezarijski-sto","8":"first","9":"instock","10":"shipping-taxable","11":"product-type-simple"},"yoast_head":"<!-- This site is optimized with the Yoast SEO plugin v27.4 - https:\/\/yoast.com\/product\/yoast-seo-wordpress\/ -->\n<title>Verdi - trpezarijski sto - WoodSteel<\/title>\n<meta name=\"description\" content=\"Verdi - trpezarijski sto sa kerami\u010dkom plo\u010dom i konstrukcijom od metala. Jednostavan, moderan i elegantan izgled. 6 mesta za sedenje.\" \/>\n<meta name=\"robots\" content=\"index, follow, max-snippet:-1, max-image-preview:large, max-video-preview:-1\" \/>\n<link rel=\"canonical\" href=\"https:\/\/woodsteel.rs\/en-us\/shop\/verdi-trpezarijski-sto\/\" \/>\n<meta property=\"og:locale\" content=\"en_US\" \/>\n<meta property=\"og:type\" content=\"article\" \/>\n<meta property=\"og:title\" content=\"Verdi - trpezarijski sto - WoodSteel\" \/>\n<meta property=\"og:description\" content=\"Verdi - trpezarijski sto sa kerami\u010dkom plo\u010dom i konstrukcijom od metala. Jednostavan, moderan i elegantan izgled. 6 mesta za sedenje.\" \/>\n<meta property=\"og:url\" content=\"https:\/\/woodsteel.rs\/en-us\/shop\/verdi-trpezarijski-sto\/\" \/>\n<meta property=\"og:site_name\" content=\"WoodSteel\" \/>\n<meta property=\"article:publisher\" content=\"https:\/\/www.facebook.com\/woodsteeldesign\" \/>\n<meta property=\"article:modified_time\" content=\"2023-04-19T13:56:40+00:00\" \/>\n<meta property=\"og:image\" content=\"https:\/\/woodsteel.rs\/wp-content\/uploads\/2023\/02\/trpezarijski-sto-verdi-mermer-woodsteel-Beograd.png\" \/>\n\t<meta property=\"og:image:width\" content=\"450\" \/>\n\t<meta property=\"og:image:height\" content=\"450\" \/>\n\t<meta property=\"og:image:type\" content=\"image\/png\" \/>\n<meta name=\"twitter:label1\" content=\"Est. reading time\" \/>\n\t<meta name=\"twitter:data1\" content=\"2 minutes\" \/>\n<script type=\"application\/ld+json\" class=\"yoast-schema-graph\">{\"@context\":\"https:\\\/\\\/schema.org\",\"@graph\":[{\"@type\":\"WebPage\",\"@id\":\"https:\\\/\\\/woodsteel.rs\\\/shop\\\/verdi-trpezarijski-sto\\\/\",\"url\":\"https:\\\/\\\/woodsteel.rs\\\/shop\\\/verdi-trpezarijski-sto\\\/\",\"name\":\"Verdi - trpezarijski sto - WoodSteel\",\"isPartOf\":{\"@id\":\"https:\\\/\\\/woodsteel.rs\\\/#website\"},\"primaryImageOfPage\":{\"@id\":\"https:\\\/\\\/woodsteel.rs\\\/shop\\\/verdi-trpezarijski-sto\\\/#primaryimage\"},\"image\":{\"@id\":\"https:\\\/\\\/woodsteel.rs\\\/shop\\\/verdi-trpezarijski-sto\\\/#primaryimage\"},\"thumbnailUrl\":\"https:\\\/\\\/woodsteel.rs\\\/wp-content\\\/uploads\\\/2023\\\/02\\\/trpezarijski-sto-verdi-mermer-woodsteel-Beograd.png\",\"datePublished\":\"2023-02-07T13:09:20+00:00\",\"dateModified\":\"2023-04-19T13:56:40+00:00\",\"description\":\"Verdi - trpezarijski sto sa kerami\u010dkom plo\u010dom i konstrukcijom od metala. Jednostavan, moderan i elegantan izgled. 6 mesta za sedenje.\",\"breadcrumb\":{\"@id\":\"https:\\\/\\\/woodsteel.rs\\\/shop\\\/verdi-trpezarijski-sto\\\/#breadcrumb\"},\"inLanguage\":\"en-US\",\"potentialAction\":[{\"@type\":\"ReadAction\",\"target\":[\"https:\\\/\\\/woodsteel.rs\\\/shop\\\/verdi-trpezarijski-sto\\\/\"]}]},{\"@type\":\"ImageObject\",\"inLanguage\":\"en-US\",\"@id\":\"https:\\\/\\\/woodsteel.rs\\\/shop\\\/verdi-trpezarijski-sto\\\/#primaryimage\",\"url\":\"https:\\\/\\\/woodsteel.rs\\\/wp-content\\\/uploads\\\/2023\\\/02\\\/trpezarijski-sto-verdi-mermer-woodsteel-Beograd.png\",\"contentUrl\":\"https:\\\/\\\/woodsteel.rs\\\/wp-content\\\/uploads\\\/2023\\\/02\\\/trpezarijski-sto-verdi-mermer-woodsteel-Beograd.png\",\"width\":450,\"height\":450,\"caption\":\"Verdi - trpezarijski sto sa plo\u010dom od mermera i postoljem od metala\"},{\"@type\":\"BreadcrumbList\",\"@id\":\"https:\\\/\\\/woodsteel.rs\\\/shop\\\/verdi-trpezarijski-sto\\\/#breadcrumb\",\"itemListElement\":[{\"@type\":\"ListItem\",\"position\":1,\"name\":\"Po\u010detna\",\"item\":\"https:\\\/\\\/woodsteel.rs\\\/\"},{\"@type\":\"ListItem\",\"position\":2,\"name\":\"Proizvodi\",\"item\":\"https:\\\/\\\/woodsteel.rs\\\/shop\\\/\"},{\"@type\":\"ListItem\",\"position\":3,\"name\":\"Verdi &#8211; trpezarijski sto\"}]},{\"@type\":\"WebSite\",\"@id\":\"https:\\\/\\\/woodsteel.rs\\\/#website\",\"url\":\"https:\\\/\\\/woodsteel.rs\\\/\",\"name\":\"WoodSteel\",\"description\":\"\",\"publisher\":{\"@id\":\"https:\\\/\\\/woodsteel.rs\\\/#organization\"},\"potentialAction\":[{\"@type\":\"SearchAction\",\"target\":{\"@type\":\"EntryPoint\",\"urlTemplate\":\"https:\\\/\\\/woodsteel.rs\\\/?s={search_term_string}\"},\"query-input\":{\"@type\":\"PropertyValueSpecification\",\"valueRequired\":true,\"valueName\":\"search_term_string\"}}],\"inLanguage\":\"en-US\"},{\"@type\":\"Organization\",\"@id\":\"https:\\\/\\\/woodsteel.rs\\\/#organization\",\"name\":\"Wood&Steel\",\"url\":\"https:\\\/\\\/woodsteel.rs\\\/\",\"logo\":{\"@type\":\"ImageObject\",\"inLanguage\":\"en-US\",\"@id\":\"https:\\\/\\\/woodsteel.rs\\\/#\\\/schema\\\/logo\\\/image\\\/\",\"url\":\"https:\\\/\\\/woodsteel.rs\\\/wp-content\\\/uploads\\\/2019\\\/12\\\/logo-ISPRAVAK.png\",\"contentUrl\":\"https:\\\/\\\/woodsteel.rs\\\/wp-content\\\/uploads\\\/2019\\\/12\\\/logo-ISPRAVAK.png\",\"width\":779,\"height\":776,\"caption\":\"Wood&Steel\"},\"image\":{\"@id\":\"https:\\\/\\\/woodsteel.rs\\\/#\\\/schema\\\/logo\\\/image\\\/\"},\"sameAs\":[\"https:\\\/\\\/www.facebook.com\\\/woodsteeldesign\",\"https:\\\/\\\/www.instagram.com\\\/wood_steel_design\\\/\"]}]}<\/script>\n<!-- \/ Yoast SEO plugin. -->","yoast_head_json":{"title":"Verdi - trpezarijski sto - WoodSteel","description":"Verdi - trpezarijski sto sa kerami\u010dkom plo\u010dom i konstrukcijom od metala. Jednostavan, moderan i elegantan izgled. 6 mesta za sedenje.","robots":{"index":"index","follow":"follow","max-snippet":"max-snippet:-1","max-image-preview":"max-image-preview:large","max-video-preview":"max-video-preview:-1"},"canonical":"https:\/\/woodsteel.rs\/en-us\/shop\/verdi-trpezarijski-sto\/","og_locale":"en_US","og_type":"article","og_title":"Verdi - trpezarijski sto - WoodSteel","og_description":"Verdi - trpezarijski sto sa kerami\u010dkom plo\u010dom i konstrukcijom od metala. Jednostavan, moderan i elegantan izgled. 6 mesta za sedenje.","og_url":"https:\/\/woodsteel.rs\/en-us\/shop\/verdi-trpezarijski-sto\/","og_site_name":"WoodSteel","article_publisher":"https:\/\/www.facebook.com\/woodsteeldesign","article_modified_time":"2023-04-19T13:56:40+00:00","og_image":[{"width":450,"height":450,"url":"https:\/\/woodsteel.rs\/wp-content\/uploads\/2023\/02\/trpezarijski-sto-verdi-mermer-woodsteel-Beograd.png","type":"image\/png"}],"twitter_misc":{"Est. reading time":"2 minutes"},"schema":{"@context":"https:\/\/schema.org","@graph":[{"@type":"WebPage","@id":"https:\/\/woodsteel.rs\/shop\/verdi-trpezarijski-sto\/","url":"https:\/\/woodsteel.rs\/shop\/verdi-trpezarijski-sto\/","name":"Verdi - trpezarijski sto - WoodSteel","isPartOf":{"@id":"https:\/\/woodsteel.rs\/#website"},"primaryImageOfPage":{"@id":"https:\/\/woodsteel.rs\/shop\/verdi-trpezarijski-sto\/#primaryimage"},"image":{"@id":"https:\/\/woodsteel.rs\/shop\/verdi-trpezarijski-sto\/#primaryimage"},"thumbnailUrl":"https:\/\/woodsteel.rs\/wp-content\/uploads\/2023\/02\/trpezarijski-sto-verdi-mermer-woodsteel-Beograd.png","datePublished":"2023-02-07T13:09:20+00:00","dateModified":"2023-04-19T13:56:40+00:00","description":"Verdi - trpezarijski sto sa kerami\u010dkom plo\u010dom i konstrukcijom od metala. Jednostavan, moderan i elegantan izgled. 6 mesta za sedenje.","breadcrumb":{"@id":"https:\/\/woodsteel.rs\/shop\/verdi-trpezarijski-sto\/#breadcrumb"},"inLanguage":"en-US","potentialAction":[{"@type":"ReadAction","target":["https:\/\/woodsteel.rs\/shop\/verdi-trpezarijski-sto\/"]}]},{"@type":"ImageObject","inLanguage":"en-US","@id":"https:\/\/woodsteel.rs\/shop\/verdi-trpezarijski-sto\/#primaryimage","url":"https:\/\/woodsteel.rs\/wp-content\/uploads\/2023\/02\/trpezarijski-sto-verdi-mermer-woodsteel-Beograd.png","contentUrl":"https:\/\/woodsteel.rs\/wp-content\/uploads\/2023\/02\/trpezarijski-sto-verdi-mermer-woodsteel-Beograd.png","width":450,"height":450,"caption":"Verdi - trpezarijski sto sa plo\u010dom od mermera i postoljem od metala"},{"@type":"BreadcrumbList","@id":"https:\/\/woodsteel.rs\/shop\/verdi-trpezarijski-sto\/#breadcrumb","itemListElement":[{"@type":"ListItem","position":1,"name":"Po\u010detna","item":"https:\/\/woodsteel.rs\/"},{"@type":"ListItem","position":2,"name":"Proizvodi","item":"https:\/\/woodsteel.rs\/shop\/"},{"@type":"ListItem","position":3,"name":"Verdi &#8211; trpezarijski sto"}]},{"@type":"WebSite","@id":"https:\/\/woodsteel.rs\/#website","url":"https:\/\/woodsteel.rs\/","name":"WoodSteel","description":"","publisher":{"@id":"https:\/\/woodsteel.rs\/#organization"},"potentialAction":[{"@type":"SearchAction","target":{"@type":"EntryPoint","urlTemplate":"https:\/\/woodsteel.rs\/?s={search_term_string}"},"query-input":{"@type":"PropertyValueSpecification","valueRequired":true,"valueName":"search_term_string"}}],"inLanguage":"en-US"},{"@type":"Organization","@id":"https:\/\/woodsteel.rs\/#organization","name":"Wood&Steel","url":"https:\/\/woodsteel.rs\/","logo":{"@type":"ImageObject","inLanguage":"en-US","@id":"https:\/\/woodsteel.rs\/#\/schema\/logo\/image\/","url":"https:\/\/woodsteel.rs\/wp-content\/uploads\/2019\/12\/logo-ISPRAVAK.png","contentUrl":"https:\/\/woodsteel.rs\/wp-content\/uploads\/2019\/12\/logo-ISPRAVAK.png","width":779,"height":776,"caption":"Wood&Steel"},"image":{"@id":"https:\/\/woodsteel.rs\/#\/schema\/logo\/image\/"},"sameAs":["https:\/\/www.facebook.com\/woodsteeldesign","https:\/\/www.instagram.com\/wood_steel_design\/"]}]}},"_links":{"self":[{"href":"https:\/\/woodsteel.rs\/en-us\/wp-json\/wp\/v2\/product\/3020","targetHints":{"allow":["GET"]}}],"collection":[{"href":"https:\/\/woodsteel.rs\/en-us\/wp-json\/wp\/v2\/product"}],"about":[{"href":"https:\/\/woodsteel.rs\/en-us\/wp-json\/wp\/v2\/types\/product"}],"wp:featuredmedia":[{"embeddable":true,"href":"https:\/\/woodsteel.rs\/en-us\/wp-json\/wp\/v2\/media\/3023"}],"wp:attachment":[{"href":"https:\/\/woodsteel.rs\/en-us\/wp-json\/wp\/v2\/media?parent=3020"}],"wp:term":[{"taxonomy":"product_brand","embeddable":true,"href":"https:\/\/woodsteel.rs\/en-us\/wp-json\/wp\/v2\/product_brand?post=3020"},{"taxonomy":"product_cat","embeddable":true,"href":"https:\/\/woodsteel.rs\/en-us\/wp-json\/wp\/v2\/product_cat?post=3020"},{"taxonomy":"product_tag","embeddable":true,"href":"https:\/\/woodsteel.rs\/en-us\/wp-json\/wp\/v2\/product_tag?post=3020"}],"curies":[{"name":"wp","href":"https:\/\/api.w.org\/{rel}","templated":true}]}}