{"id":3091,"date":"2023-02-27T16:12:49","date_gmt":"2023-02-27T15:12:49","guid":{"rendered":"https:\/\/woodsteel.rs\/?post_type=product&#038;p=3091"},"modified":"2023-04-19T15:56:32","modified_gmt":"2023-04-19T13:56:32","slug":"conti-konferencijski-sto","status":"publish","type":"product","link":"https:\/\/woodsteel.rs\/en-us\/shop\/conti-konferencijski-sto\/","title":{"rendered":"Conti \u2013 conference table"},"content":{"rendered":"<p>Conti &#8211; konferencijski sto du\u017eine 5,40 m. Maksimalan broj mesta za sedenje 14. Plo\u010da stola je napravljena od kvalitetnog drveta Oraha sa detaljima od epoksi smole.<\/p>\n<p>Drvo oraha je kvalitetno i izdr\u017eljivo. Investicija koja se isplati. Savremeni dizajn ovog konferencijskog stola, omogu\u0107ava Vam kombinaciju sa svim stilovima enterijera. Kao \u0161to smo ve\u0107 spomenuli, plo\u010da stola je od Oraha i epoksi smole, dok je konstrukcija od metala. Napravljena su 6 otvora za postavljanje modularnih uti\u010dnica.<\/p>\n<p>Modularne uti\u010dnice su savr\u0161eno re\u0161enje da se re\u0161ite vi\u0161ka kablova, koji stvaraju haos u svakoj prostoriji. Modularne uti\u010dnice ne predstavljaju samo moderan izgleda, ve\u0107 i funkcionalnost.<\/p>\n<p>Conti &#8211; konferencijski sto mo\u017ee biti izra\u0111en u raznim dinemzijama i od razli\u010ditih materijala. Kontaktirajte nas, kako bismo prona\u0161li pravo re\u0161enje za va\u0161 radni prostor. Uparite ga sa nekom od na\u0161ih <em><a href=\"https:\/\/woodsteel.rs\/en-us\/proizvodi\/stolice\/\">stolica<\/a><\/em>.<\/p>\n<p>Beskrajna modularnost Conti &#8211; konferencijskog stola u du\u017eini i \u0161irini je savr\u0161en izbor za radne prostore.<\/p>\n<p>&nbsp;<\/p>\n<p><strong>Material:<\/strong> Walnut wood, epoxy resin, metal construction.<\/p>\n<p><strong>Note:\u00a0<\/strong>Price and dimensions may vary.<\/p>\n<p>&nbsp;<\/p>\n<p>&nbsp;<\/p>\n<p>Follow us on <em><a href=\"https:\/\/www.instagram.com\/wood_steel_design\/\">instagram<\/a><\/em>, kako biste uvek bili u toku sa novim modelima name\u0161taja koji izra\u0111ujemo. Ili nas <a href=\"https:\/\/woodsteel.rs\/en-us\/kontakt\/\">kontaktirajte<\/a> ve\u0107 danas, kako bismo zajedno dizajnirali i izradili Va\u0161 savr\u0161en komad name\u0161taja.<\/p>","protected":false},"excerpt":{"rendered":"<p><span style=\"font-size: 105%;\">Conti \u2013 rectangular conference table, length 5.40 m. Openings are made in the central part for installing modular sockets, which hide excess cables. The endless modularity of the Conti conference table in length and width is the perfect choice for workspaces.<\/span><\/p>\n<p>&nbsp;<\/p>\n<p><span style=\"font-size: 105%;\"><strong>Material:<\/strong> Walnut wood, Epoxy resin, metal construction.<\/span><\/p>\n<p><span style=\"font-size: 105%;\"><strong>Note:\u00a0<\/strong>Price and dimensions may vary.<\/span><\/p>","protected":false},"featured_media":3092,"template":"","meta":{"_monsterinsights_skip_tracking":false,"_monsterinsights_sitenote_active":false,"_monsterinsights_sitenote_note":"","_monsterinsights_sitenote_category":0},"product_brand":[],"product_cat":[39],"product_tag":[],"class_list":{"0":"post-3091","1":"product","2":"type-product","3":"status-publish","4":"has-post-thumbnail","6":"product_cat-kancelarijski-stolovi","8":"first","9":"instock","10":"shipping-taxable","11":"product-type-simple"},"yoast_head":"<!-- This site is optimized with the Yoast SEO plugin v27.4 - https:\/\/yoast.com\/product\/yoast-seo-wordpress\/ -->\n<title>Conti - konferencijski sto - WoodSteel<\/title>\n<meta name=\"description\" content=\"Conti - konferencijski sto du\u017eine 5,40m. Drvo Oraha sa detaljima epoksi smole. Re\u0161ite problem suvi\u0161nih kablova sa modularnim uti\u010dnicama. Kontaktirajte nas.\" \/>\n<meta name=\"robots\" content=\"index, follow, max-snippet:-1, max-image-preview:large, max-video-preview:-1\" \/>\n<link rel=\"canonical\" href=\"https:\/\/woodsteel.rs\/en-us\/shop\/conti-konferencijski-sto\/\" \/>\n<meta property=\"og:locale\" content=\"en_US\" \/>\n<meta property=\"og:type\" content=\"article\" \/>\n<meta property=\"og:title\" content=\"Conti - konferencijski sto - WoodSteel\" \/>\n<meta property=\"og:description\" content=\"Conti - konferencijski sto du\u017eine 5,40m. Drvo Oraha sa detaljima epoksi smole. Re\u0161ite problem suvi\u0161nih kablova sa modularnim uti\u010dnicama. Kontaktirajte nas.\" \/>\n<meta property=\"og:url\" content=\"https:\/\/woodsteel.rs\/en-us\/shop\/conti-konferencijski-sto\/\" \/>\n<meta property=\"og:site_name\" content=\"WoodSteel\" \/>\n<meta property=\"article:publisher\" content=\"https:\/\/www.facebook.com\/woodsteeldesign\" \/>\n<meta property=\"article:modified_time\" content=\"2023-04-19T13:56:32+00:00\" \/>\n<meta property=\"og:image\" content=\"https:\/\/woodsteel.rs\/wp-content\/uploads\/2023\/02\/konferencijski-sto-drvo-oraha-i-epoksi-smola-woodsteel-Beograd.jpg\" \/>\n\t<meta property=\"og:image:width\" content=\"360\" \/>\n\t<meta property=\"og:image:height\" content=\"360\" \/>\n\t<meta property=\"og:image:type\" content=\"image\/jpeg\" \/>\n<meta name=\"twitter:label1\" content=\"Est. reading time\" \/>\n\t<meta name=\"twitter:data1\" content=\"2 minutes\" \/>\n<script type=\"application\/ld+json\" class=\"yoast-schema-graph\">{\"@context\":\"https:\\\/\\\/schema.org\",\"@graph\":[{\"@type\":\"WebPage\",\"@id\":\"https:\\\/\\\/woodsteel.rs\\\/shop\\\/conti-konferencijski-sto\\\/\",\"url\":\"https:\\\/\\\/woodsteel.rs\\\/shop\\\/conti-konferencijski-sto\\\/\",\"name\":\"Conti - konferencijski sto - WoodSteel\",\"isPartOf\":{\"@id\":\"https:\\\/\\\/woodsteel.rs\\\/#website\"},\"primaryImageOfPage\":{\"@id\":\"https:\\\/\\\/woodsteel.rs\\\/shop\\\/conti-konferencijski-sto\\\/#primaryimage\"},\"image\":{\"@id\":\"https:\\\/\\\/woodsteel.rs\\\/shop\\\/conti-konferencijski-sto\\\/#primaryimage\"},\"thumbnailUrl\":\"https:\\\/\\\/woodsteel.rs\\\/wp-content\\\/uploads\\\/2023\\\/02\\\/konferencijski-sto-drvo-oraha-i-epoksi-smola-woodsteel-Beograd.jpg\",\"datePublished\":\"2023-02-27T15:12:49+00:00\",\"dateModified\":\"2023-04-19T13:56:32+00:00\",\"description\":\"Conti - konferencijski sto du\u017eine 5,40m. Drvo Oraha sa detaljima epoksi smole. Re\u0161ite problem suvi\u0161nih kablova sa modularnim uti\u010dnicama. Kontaktirajte nas.\",\"breadcrumb\":{\"@id\":\"https:\\\/\\\/woodsteel.rs\\\/shop\\\/conti-konferencijski-sto\\\/#breadcrumb\"},\"inLanguage\":\"en-US\",\"potentialAction\":[{\"@type\":\"ReadAction\",\"target\":[\"https:\\\/\\\/woodsteel.rs\\\/shop\\\/conti-konferencijski-sto\\\/\"]}]},{\"@type\":\"ImageObject\",\"inLanguage\":\"en-US\",\"@id\":\"https:\\\/\\\/woodsteel.rs\\\/shop\\\/conti-konferencijski-sto\\\/#primaryimage\",\"url\":\"https:\\\/\\\/woodsteel.rs\\\/wp-content\\\/uploads\\\/2023\\\/02\\\/konferencijski-sto-drvo-oraha-i-epoksi-smola-woodsteel-Beograd.jpg\",\"contentUrl\":\"https:\\\/\\\/woodsteel.rs\\\/wp-content\\\/uploads\\\/2023\\\/02\\\/konferencijski-sto-drvo-oraha-i-epoksi-smola-woodsteel-Beograd.jpg\",\"width\":360,\"height\":360,\"caption\":\"Conti - konferencijski sto du\u017eine 5,4m, kombinacija Oraha i epoksi smole\"},{\"@type\":\"BreadcrumbList\",\"@id\":\"https:\\\/\\\/woodsteel.rs\\\/shop\\\/conti-konferencijski-sto\\\/#breadcrumb\",\"itemListElement\":[{\"@type\":\"ListItem\",\"position\":1,\"name\":\"Po\u010detna\",\"item\":\"https:\\\/\\\/woodsteel.rs\\\/\"},{\"@type\":\"ListItem\",\"position\":2,\"name\":\"Proizvodi\",\"item\":\"https:\\\/\\\/woodsteel.rs\\\/shop\\\/\"},{\"@type\":\"ListItem\",\"position\":3,\"name\":\"Conti &#8211; konferencijski sto\"}]},{\"@type\":\"WebSite\",\"@id\":\"https:\\\/\\\/woodsteel.rs\\\/#website\",\"url\":\"https:\\\/\\\/woodsteel.rs\\\/\",\"name\":\"WoodSteel\",\"description\":\"\",\"publisher\":{\"@id\":\"https:\\\/\\\/woodsteel.rs\\\/#organization\"},\"potentialAction\":[{\"@type\":\"SearchAction\",\"target\":{\"@type\":\"EntryPoint\",\"urlTemplate\":\"https:\\\/\\\/woodsteel.rs\\\/?s={search_term_string}\"},\"query-input\":{\"@type\":\"PropertyValueSpecification\",\"valueRequired\":true,\"valueName\":\"search_term_string\"}}],\"inLanguage\":\"en-US\"},{\"@type\":\"Organization\",\"@id\":\"https:\\\/\\\/woodsteel.rs\\\/#organization\",\"name\":\"Wood&Steel\",\"url\":\"https:\\\/\\\/woodsteel.rs\\\/\",\"logo\":{\"@type\":\"ImageObject\",\"inLanguage\":\"en-US\",\"@id\":\"https:\\\/\\\/woodsteel.rs\\\/#\\\/schema\\\/logo\\\/image\\\/\",\"url\":\"https:\\\/\\\/woodsteel.rs\\\/wp-content\\\/uploads\\\/2019\\\/12\\\/logo-ISPRAVAK.png\",\"contentUrl\":\"https:\\\/\\\/woodsteel.rs\\\/wp-content\\\/uploads\\\/2019\\\/12\\\/logo-ISPRAVAK.png\",\"width\":779,\"height\":776,\"caption\":\"Wood&Steel\"},\"image\":{\"@id\":\"https:\\\/\\\/woodsteel.rs\\\/#\\\/schema\\\/logo\\\/image\\\/\"},\"sameAs\":[\"https:\\\/\\\/www.facebook.com\\\/woodsteeldesign\",\"https:\\\/\\\/www.instagram.com\\\/wood_steel_design\\\/\"]}]}<\/script>\n<!-- \/ Yoast SEO plugin. -->","yoast_head_json":{"title":"Conti - konferencijski sto - WoodSteel","description":"Conti - konferencijski sto du\u017eine 5,40m. Drvo Oraha sa detaljima epoksi smole. Re\u0161ite problem suvi\u0161nih kablova sa modularnim uti\u010dnicama. Kontaktirajte nas.","robots":{"index":"index","follow":"follow","max-snippet":"max-snippet:-1","max-image-preview":"max-image-preview:large","max-video-preview":"max-video-preview:-1"},"canonical":"https:\/\/woodsteel.rs\/en-us\/shop\/conti-konferencijski-sto\/","og_locale":"en_US","og_type":"article","og_title":"Conti - konferencijski sto - WoodSteel","og_description":"Conti - konferencijski sto du\u017eine 5,40m. Drvo Oraha sa detaljima epoksi smole. Re\u0161ite problem suvi\u0161nih kablova sa modularnim uti\u010dnicama. Kontaktirajte nas.","og_url":"https:\/\/woodsteel.rs\/en-us\/shop\/conti-konferencijski-sto\/","og_site_name":"WoodSteel","article_publisher":"https:\/\/www.facebook.com\/woodsteeldesign","article_modified_time":"2023-04-19T13:56:32+00:00","og_image":[{"width":360,"height":360,"url":"https:\/\/woodsteel.rs\/wp-content\/uploads\/2023\/02\/konferencijski-sto-drvo-oraha-i-epoksi-smola-woodsteel-Beograd.jpg","type":"image\/jpeg"}],"twitter_misc":{"Est. reading time":"2 minutes"},"schema":{"@context":"https:\/\/schema.org","@graph":[{"@type":"WebPage","@id":"https:\/\/woodsteel.rs\/shop\/conti-konferencijski-sto\/","url":"https:\/\/woodsteel.rs\/shop\/conti-konferencijski-sto\/","name":"Conti - konferencijski sto - WoodSteel","isPartOf":{"@id":"https:\/\/woodsteel.rs\/#website"},"primaryImageOfPage":{"@id":"https:\/\/woodsteel.rs\/shop\/conti-konferencijski-sto\/#primaryimage"},"image":{"@id":"https:\/\/woodsteel.rs\/shop\/conti-konferencijski-sto\/#primaryimage"},"thumbnailUrl":"https:\/\/woodsteel.rs\/wp-content\/uploads\/2023\/02\/konferencijski-sto-drvo-oraha-i-epoksi-smola-woodsteel-Beograd.jpg","datePublished":"2023-02-27T15:12:49+00:00","dateModified":"2023-04-19T13:56:32+00:00","description":"Conti - konferencijski sto du\u017eine 5,40m. Drvo Oraha sa detaljima epoksi smole. Re\u0161ite problem suvi\u0161nih kablova sa modularnim uti\u010dnicama. Kontaktirajte nas.","breadcrumb":{"@id":"https:\/\/woodsteel.rs\/shop\/conti-konferencijski-sto\/#breadcrumb"},"inLanguage":"en-US","potentialAction":[{"@type":"ReadAction","target":["https:\/\/woodsteel.rs\/shop\/conti-konferencijski-sto\/"]}]},{"@type":"ImageObject","inLanguage":"en-US","@id":"https:\/\/woodsteel.rs\/shop\/conti-konferencijski-sto\/#primaryimage","url":"https:\/\/woodsteel.rs\/wp-content\/uploads\/2023\/02\/konferencijski-sto-drvo-oraha-i-epoksi-smola-woodsteel-Beograd.jpg","contentUrl":"https:\/\/woodsteel.rs\/wp-content\/uploads\/2023\/02\/konferencijski-sto-drvo-oraha-i-epoksi-smola-woodsteel-Beograd.jpg","width":360,"height":360,"caption":"Conti - konferencijski sto du\u017eine 5,4m, kombinacija Oraha i epoksi smole"},{"@type":"BreadcrumbList","@id":"https:\/\/woodsteel.rs\/shop\/conti-konferencijski-sto\/#breadcrumb","itemListElement":[{"@type":"ListItem","position":1,"name":"Po\u010detna","item":"https:\/\/woodsteel.rs\/"},{"@type":"ListItem","position":2,"name":"Proizvodi","item":"https:\/\/woodsteel.rs\/shop\/"},{"@type":"ListItem","position":3,"name":"Conti &#8211; konferencijski sto"}]},{"@type":"WebSite","@id":"https:\/\/woodsteel.rs\/#website","url":"https:\/\/woodsteel.rs\/","name":"WoodSteel","description":"","publisher":{"@id":"https:\/\/woodsteel.rs\/#organization"},"potentialAction":[{"@type":"SearchAction","target":{"@type":"EntryPoint","urlTemplate":"https:\/\/woodsteel.rs\/?s={search_term_string}"},"query-input":{"@type":"PropertyValueSpecification","valueRequired":true,"valueName":"search_term_string"}}],"inLanguage":"en-US"},{"@type":"Organization","@id":"https:\/\/woodsteel.rs\/#organization","name":"Wood&Steel","url":"https:\/\/woodsteel.rs\/","logo":{"@type":"ImageObject","inLanguage":"en-US","@id":"https:\/\/woodsteel.rs\/#\/schema\/logo\/image\/","url":"https:\/\/woodsteel.rs\/wp-content\/uploads\/2019\/12\/logo-ISPRAVAK.png","contentUrl":"https:\/\/woodsteel.rs\/wp-content\/uploads\/2019\/12\/logo-ISPRAVAK.png","width":779,"height":776,"caption":"Wood&Steel"},"image":{"@id":"https:\/\/woodsteel.rs\/#\/schema\/logo\/image\/"},"sameAs":["https:\/\/www.facebook.com\/woodsteeldesign","https:\/\/www.instagram.com\/wood_steel_design\/"]}]}},"_links":{"self":[{"href":"https:\/\/woodsteel.rs\/en-us\/wp-json\/wp\/v2\/product\/3091","targetHints":{"allow":["GET"]}}],"collection":[{"href":"https:\/\/woodsteel.rs\/en-us\/wp-json\/wp\/v2\/product"}],"about":[{"href":"https:\/\/woodsteel.rs\/en-us\/wp-json\/wp\/v2\/types\/product"}],"wp:featuredmedia":[{"embeddable":true,"href":"https:\/\/woodsteel.rs\/en-us\/wp-json\/wp\/v2\/media\/3092"}],"wp:attachment":[{"href":"https:\/\/woodsteel.rs\/en-us\/wp-json\/wp\/v2\/media?parent=3091"}],"wp:term":[{"taxonomy":"product_brand","embeddable":true,"href":"https:\/\/woodsteel.rs\/en-us\/wp-json\/wp\/v2\/product_brand?post=3091"},{"taxonomy":"product_cat","embeddable":true,"href":"https:\/\/woodsteel.rs\/en-us\/wp-json\/wp\/v2\/product_cat?post=3091"},{"taxonomy":"product_tag","embeddable":true,"href":"https:\/\/woodsteel.rs\/en-us\/wp-json\/wp\/v2\/product_tag?post=3091"}],"curies":[{"name":"wp","href":"https:\/\/api.w.org\/{rel}","templated":true}]}}