{"id":3138,"date":"2023-03-08T16:31:14","date_gmt":"2023-03-08T15:31:14","guid":{"rendered":"https:\/\/woodsteel.rs\/?post_type=product&#038;p=3138"},"modified":"2023-04-19T15:56:29","modified_gmt":"2023-04-19T13:56:29","slug":"teneris-trpezarijski-sto","status":"publish","type":"product","link":"https:\/\/woodsteel.rs\/en-us\/shop\/teneris-trpezarijski-sto\/","title":{"rendered":"Teneris - dining table"},"content":{"rendered":"<p>Teneris &#8211; trpezarijski sto napravljen po narud\u017ebini, 6 mesta za sedenje. Dimenzije su podlo\u017ene promenama u zavisnosti od Va\u0161ih potreba. Plo\u010da stola je izra\u0111ena od dobro poznatog, kvalitetnog materijala. Drvo hrasta i metalna konstukcija su savr\u0161en spoj materijala. Ovaj spoj materijala vam garantuje\u00a0 dugi vek trajanja.<\/p>\n<p>O Hrastu smo pisali u blogu <strong>&#8222;<em><a href=\"https:\/\/woodsteel.rs\/en-us\/hrast-kao-drvo-buducnosti\/\">Hrast kao drvo budu\u0107nosti<\/a><\/em>&#8222;, <\/strong>gde mo\u017eete prona\u0107i vi\u0161e informacija \u0161to se ti\u010de Hrasta i njegovih kvaliteta.<\/p>\n<p>Teneris &#8211; trpezarijski sto je podlo\u017ean promenama promenama, \u0161to se ti\u010de dimenzija. Drvo Hrasta je materijal koji se lako kombinuje sa ostatkom enterijera. Pru\u017ea vam veliki broj mogu\u0107nosti za kombinovanje sa trpezarijskim stolicama i razli\u010ditim materijalima istih.<\/p>\n<p>&nbsp;<\/p>\n<p><strong>Material:<\/strong> Oak wood, metal construction.<\/p>\n<p><strong>Note:\u00a0<\/strong>Price and dimensions may vary.<\/p>\n<p>&nbsp;<\/p>\n<p>&nbsp;<\/p>\n<p>Follow us on <em><a href=\"https:\/\/www.instagram.com\/wood_steel_design\/\">instagram<\/a><\/em>, kako biste uvek bili u toku sa novim modelima name\u0161taja koji izra\u0111ujemo. Ili nas <a href=\"https:\/\/woodsteel.rs\/en-us\/kontakt\/\">kontaktirajte<\/a> ve\u0107 danas, kako bismo zajedno dizajnirali i izradili Va\u0161 savr\u0161en komad name\u0161taja. Garantujemo Vam kvalitet materijala. Besplatna dostava na teritoriji Beograda.<\/p>\n<p>&nbsp;<\/p>\n<p>&nbsp;<\/p>","protected":false},"excerpt":{"rendered":"<p>Teneris - the dining table guarantees you a long service life. The table top is made of quality oak, while the structure is made of metal. With this combination of materials, you can't go wrong. Let the Teneris dining table be the center of your dining room.<\/p>\n<p>&nbsp;<\/p>\n<p>&nbsp;<\/p>\n<p><strong>Material:<\/strong> Oak wood, metal construction.<\/p>\n<p><strong>Note:\u00a0<\/strong>Price and dimensions may vary.<\/p>","protected":false},"featured_media":3139,"template":"","meta":{"_monsterinsights_skip_tracking":false,"_monsterinsights_sitenote_active":false,"_monsterinsights_sitenote_note":"","_monsterinsights_sitenote_category":0},"product_brand":[],"product_cat":[35],"product_tag":[],"class_list":{"0":"post-3138","1":"product","2":"type-product","3":"status-publish","4":"has-post-thumbnail","6":"product_cat-trpezarijski-sto","8":"first","9":"instock","10":"shipping-taxable","11":"product-type-simple"},"yoast_head":"<!-- This site is optimized with the Yoast SEO plugin v27.4 - https:\/\/yoast.com\/product\/yoast-seo-wordpress\/ -->\n<title>Teneris - trpezarijski sto - WoodSteel<\/title>\n<meta name=\"description\" content=\"Trpezarijski sto Teneris sa 6 mesta za sedenje. Plo\u010da od Hrasta, konstrukcija od metala. Dimenzije su podlo\u017ene promenama. Kontaktirajte nas ve\u0107 danas.\" \/>\n<meta name=\"robots\" content=\"index, follow, max-snippet:-1, max-image-preview:large, max-video-preview:-1\" \/>\n<link rel=\"canonical\" href=\"https:\/\/woodsteel.rs\/en-us\/shop\/teneris-trpezarijski-sto\/\" \/>\n<meta property=\"og:locale\" content=\"en_US\" \/>\n<meta property=\"og:type\" content=\"article\" \/>\n<meta property=\"og:title\" content=\"Teneris - trpezarijski sto - WoodSteel\" \/>\n<meta property=\"og:description\" content=\"Trpezarijski sto Teneris sa 6 mesta za sedenje. Plo\u010da od Hrasta, konstrukcija od metala. Dimenzije su podlo\u017ene promenama. Kontaktirajte nas ve\u0107 danas.\" \/>\n<meta property=\"og:url\" content=\"https:\/\/woodsteel.rs\/en-us\/shop\/teneris-trpezarijski-sto\/\" \/>\n<meta property=\"og:site_name\" content=\"WoodSteel\" \/>\n<meta property=\"article:publisher\" content=\"https:\/\/www.facebook.com\/woodsteeldesign\" \/>\n<meta property=\"article:modified_time\" content=\"2023-04-19T13:56:29+00:00\" \/>\n<meta property=\"og:image\" content=\"https:\/\/woodsteel.rs\/wp-content\/uploads\/2023\/03\/teneris-trpezarijski-sto-hrast-metal-woodsteel-Beograd.jpg\" \/>\n\t<meta property=\"og:image:width\" content=\"400\" \/>\n\t<meta property=\"og:image:height\" content=\"400\" \/>\n\t<meta property=\"og:image:type\" content=\"image\/jpeg\" \/>\n<meta name=\"twitter:label1\" content=\"Est. reading time\" \/>\n\t<meta name=\"twitter:data1\" content=\"1 minute\" \/>\n<script type=\"application\/ld+json\" class=\"yoast-schema-graph\">{\"@context\":\"https:\\\/\\\/schema.org\",\"@graph\":[{\"@type\":\"WebPage\",\"@id\":\"https:\\\/\\\/woodsteel.rs\\\/shop\\\/teneris-trpezarijski-sto\\\/\",\"url\":\"https:\\\/\\\/woodsteel.rs\\\/shop\\\/teneris-trpezarijski-sto\\\/\",\"name\":\"Teneris - trpezarijski sto - WoodSteel\",\"isPartOf\":{\"@id\":\"https:\\\/\\\/woodsteel.rs\\\/#website\"},\"primaryImageOfPage\":{\"@id\":\"https:\\\/\\\/woodsteel.rs\\\/shop\\\/teneris-trpezarijski-sto\\\/#primaryimage\"},\"image\":{\"@id\":\"https:\\\/\\\/woodsteel.rs\\\/shop\\\/teneris-trpezarijski-sto\\\/#primaryimage\"},\"thumbnailUrl\":\"https:\\\/\\\/woodsteel.rs\\\/wp-content\\\/uploads\\\/2023\\\/03\\\/teneris-trpezarijski-sto-hrast-metal-woodsteel-Beograd.jpg\",\"datePublished\":\"2023-03-08T15:31:14+00:00\",\"dateModified\":\"2023-04-19T13:56:29+00:00\",\"description\":\"Trpezarijski sto Teneris sa 6 mesta za sedenje. Plo\u010da od Hrasta, konstrukcija od metala. Dimenzije su podlo\u017ene promenama. Kontaktirajte nas ve\u0107 danas.\",\"breadcrumb\":{\"@id\":\"https:\\\/\\\/woodsteel.rs\\\/shop\\\/teneris-trpezarijski-sto\\\/#breadcrumb\"},\"inLanguage\":\"en-US\",\"potentialAction\":[{\"@type\":\"ReadAction\",\"target\":[\"https:\\\/\\\/woodsteel.rs\\\/shop\\\/teneris-trpezarijski-sto\\\/\"]}]},{\"@type\":\"ImageObject\",\"inLanguage\":\"en-US\",\"@id\":\"https:\\\/\\\/woodsteel.rs\\\/shop\\\/teneris-trpezarijski-sto\\\/#primaryimage\",\"url\":\"https:\\\/\\\/woodsteel.rs\\\/wp-content\\\/uploads\\\/2023\\\/03\\\/teneris-trpezarijski-sto-hrast-metal-woodsteel-Beograd.jpg\",\"contentUrl\":\"https:\\\/\\\/woodsteel.rs\\\/wp-content\\\/uploads\\\/2023\\\/03\\\/teneris-trpezarijski-sto-hrast-metal-woodsteel-Beograd.jpg\",\"width\":400,\"height\":400,\"caption\":\"Teneris - trpezarijski sto sa plo\u010dom od Hrasta i konstukcijom od metala\"},{\"@type\":\"BreadcrumbList\",\"@id\":\"https:\\\/\\\/woodsteel.rs\\\/shop\\\/teneris-trpezarijski-sto\\\/#breadcrumb\",\"itemListElement\":[{\"@type\":\"ListItem\",\"position\":1,\"name\":\"Po\u010detna\",\"item\":\"https:\\\/\\\/woodsteel.rs\\\/\"},{\"@type\":\"ListItem\",\"position\":2,\"name\":\"Proizvodi\",\"item\":\"https:\\\/\\\/woodsteel.rs\\\/shop\\\/\"},{\"@type\":\"ListItem\",\"position\":3,\"name\":\"Teneris &#8211; trpezarijski sto\"}]},{\"@type\":\"WebSite\",\"@id\":\"https:\\\/\\\/woodsteel.rs\\\/#website\",\"url\":\"https:\\\/\\\/woodsteel.rs\\\/\",\"name\":\"WoodSteel\",\"description\":\"\",\"publisher\":{\"@id\":\"https:\\\/\\\/woodsteel.rs\\\/#organization\"},\"potentialAction\":[{\"@type\":\"SearchAction\",\"target\":{\"@type\":\"EntryPoint\",\"urlTemplate\":\"https:\\\/\\\/woodsteel.rs\\\/?s={search_term_string}\"},\"query-input\":{\"@type\":\"PropertyValueSpecification\",\"valueRequired\":true,\"valueName\":\"search_term_string\"}}],\"inLanguage\":\"en-US\"},{\"@type\":\"Organization\",\"@id\":\"https:\\\/\\\/woodsteel.rs\\\/#organization\",\"name\":\"Wood&Steel\",\"url\":\"https:\\\/\\\/woodsteel.rs\\\/\",\"logo\":{\"@type\":\"ImageObject\",\"inLanguage\":\"en-US\",\"@id\":\"https:\\\/\\\/woodsteel.rs\\\/#\\\/schema\\\/logo\\\/image\\\/\",\"url\":\"https:\\\/\\\/woodsteel.rs\\\/wp-content\\\/uploads\\\/2019\\\/12\\\/logo-ISPRAVAK.png\",\"contentUrl\":\"https:\\\/\\\/woodsteel.rs\\\/wp-content\\\/uploads\\\/2019\\\/12\\\/logo-ISPRAVAK.png\",\"width\":779,\"height\":776,\"caption\":\"Wood&Steel\"},\"image\":{\"@id\":\"https:\\\/\\\/woodsteel.rs\\\/#\\\/schema\\\/logo\\\/image\\\/\"},\"sameAs\":[\"https:\\\/\\\/www.facebook.com\\\/woodsteeldesign\",\"https:\\\/\\\/www.instagram.com\\\/wood_steel_design\\\/\"]}]}<\/script>\n<!-- \/ Yoast SEO plugin. -->","yoast_head_json":{"title":"Teneris - trpezarijski sto - WoodSteel","description":"Trpezarijski sto Teneris sa 6 mesta za sedenje. Plo\u010da od Hrasta, konstrukcija od metala. Dimenzije su podlo\u017ene promenama. Kontaktirajte nas ve\u0107 danas.","robots":{"index":"index","follow":"follow","max-snippet":"max-snippet:-1","max-image-preview":"max-image-preview:large","max-video-preview":"max-video-preview:-1"},"canonical":"https:\/\/woodsteel.rs\/en-us\/shop\/teneris-trpezarijski-sto\/","og_locale":"en_US","og_type":"article","og_title":"Teneris - trpezarijski sto - WoodSteel","og_description":"Trpezarijski sto Teneris sa 6 mesta za sedenje. Plo\u010da od Hrasta, konstrukcija od metala. Dimenzije su podlo\u017ene promenama. Kontaktirajte nas ve\u0107 danas.","og_url":"https:\/\/woodsteel.rs\/en-us\/shop\/teneris-trpezarijski-sto\/","og_site_name":"WoodSteel","article_publisher":"https:\/\/www.facebook.com\/woodsteeldesign","article_modified_time":"2023-04-19T13:56:29+00:00","og_image":[{"width":400,"height":400,"url":"https:\/\/woodsteel.rs\/wp-content\/uploads\/2023\/03\/teneris-trpezarijski-sto-hrast-metal-woodsteel-Beograd.jpg","type":"image\/jpeg"}],"twitter_misc":{"Est. reading time":"1 minute"},"schema":{"@context":"https:\/\/schema.org","@graph":[{"@type":"WebPage","@id":"https:\/\/woodsteel.rs\/shop\/teneris-trpezarijski-sto\/","url":"https:\/\/woodsteel.rs\/shop\/teneris-trpezarijski-sto\/","name":"Teneris - trpezarijski sto - WoodSteel","isPartOf":{"@id":"https:\/\/woodsteel.rs\/#website"},"primaryImageOfPage":{"@id":"https:\/\/woodsteel.rs\/shop\/teneris-trpezarijski-sto\/#primaryimage"},"image":{"@id":"https:\/\/woodsteel.rs\/shop\/teneris-trpezarijski-sto\/#primaryimage"},"thumbnailUrl":"https:\/\/woodsteel.rs\/wp-content\/uploads\/2023\/03\/teneris-trpezarijski-sto-hrast-metal-woodsteel-Beograd.jpg","datePublished":"2023-03-08T15:31:14+00:00","dateModified":"2023-04-19T13:56:29+00:00","description":"Trpezarijski sto Teneris sa 6 mesta za sedenje. Plo\u010da od Hrasta, konstrukcija od metala. Dimenzije su podlo\u017ene promenama. Kontaktirajte nas ve\u0107 danas.","breadcrumb":{"@id":"https:\/\/woodsteel.rs\/shop\/teneris-trpezarijski-sto\/#breadcrumb"},"inLanguage":"en-US","potentialAction":[{"@type":"ReadAction","target":["https:\/\/woodsteel.rs\/shop\/teneris-trpezarijski-sto\/"]}]},{"@type":"ImageObject","inLanguage":"en-US","@id":"https:\/\/woodsteel.rs\/shop\/teneris-trpezarijski-sto\/#primaryimage","url":"https:\/\/woodsteel.rs\/wp-content\/uploads\/2023\/03\/teneris-trpezarijski-sto-hrast-metal-woodsteel-Beograd.jpg","contentUrl":"https:\/\/woodsteel.rs\/wp-content\/uploads\/2023\/03\/teneris-trpezarijski-sto-hrast-metal-woodsteel-Beograd.jpg","width":400,"height":400,"caption":"Teneris - trpezarijski sto sa plo\u010dom od Hrasta i konstukcijom od metala"},{"@type":"BreadcrumbList","@id":"https:\/\/woodsteel.rs\/shop\/teneris-trpezarijski-sto\/#breadcrumb","itemListElement":[{"@type":"ListItem","position":1,"name":"Po\u010detna","item":"https:\/\/woodsteel.rs\/"},{"@type":"ListItem","position":2,"name":"Proizvodi","item":"https:\/\/woodsteel.rs\/shop\/"},{"@type":"ListItem","position":3,"name":"Teneris &#8211; trpezarijski sto"}]},{"@type":"WebSite","@id":"https:\/\/woodsteel.rs\/#website","url":"https:\/\/woodsteel.rs\/","name":"WoodSteel","description":"","publisher":{"@id":"https:\/\/woodsteel.rs\/#organization"},"potentialAction":[{"@type":"SearchAction","target":{"@type":"EntryPoint","urlTemplate":"https:\/\/woodsteel.rs\/?s={search_term_string}"},"query-input":{"@type":"PropertyValueSpecification","valueRequired":true,"valueName":"search_term_string"}}],"inLanguage":"en-US"},{"@type":"Organization","@id":"https:\/\/woodsteel.rs\/#organization","name":"Wood&Steel","url":"https:\/\/woodsteel.rs\/","logo":{"@type":"ImageObject","inLanguage":"en-US","@id":"https:\/\/woodsteel.rs\/#\/schema\/logo\/image\/","url":"https:\/\/woodsteel.rs\/wp-content\/uploads\/2019\/12\/logo-ISPRAVAK.png","contentUrl":"https:\/\/woodsteel.rs\/wp-content\/uploads\/2019\/12\/logo-ISPRAVAK.png","width":779,"height":776,"caption":"Wood&Steel"},"image":{"@id":"https:\/\/woodsteel.rs\/#\/schema\/logo\/image\/"},"sameAs":["https:\/\/www.facebook.com\/woodsteeldesign","https:\/\/www.instagram.com\/wood_steel_design\/"]}]}},"_links":{"self":[{"href":"https:\/\/woodsteel.rs\/en-us\/wp-json\/wp\/v2\/product\/3138","targetHints":{"allow":["GET"]}}],"collection":[{"href":"https:\/\/woodsteel.rs\/en-us\/wp-json\/wp\/v2\/product"}],"about":[{"href":"https:\/\/woodsteel.rs\/en-us\/wp-json\/wp\/v2\/types\/product"}],"wp:featuredmedia":[{"embeddable":true,"href":"https:\/\/woodsteel.rs\/en-us\/wp-json\/wp\/v2\/media\/3139"}],"wp:attachment":[{"href":"https:\/\/woodsteel.rs\/en-us\/wp-json\/wp\/v2\/media?parent=3138"}],"wp:term":[{"taxonomy":"product_brand","embeddable":true,"href":"https:\/\/woodsteel.rs\/en-us\/wp-json\/wp\/v2\/product_brand?post=3138"},{"taxonomy":"product_cat","embeddable":true,"href":"https:\/\/woodsteel.rs\/en-us\/wp-json\/wp\/v2\/product_cat?post=3138"},{"taxonomy":"product_tag","embeddable":true,"href":"https:\/\/woodsteel.rs\/en-us\/wp-json\/wp\/v2\/product_tag?post=3138"}],"curies":[{"name":"wp","href":"https:\/\/api.w.org\/{rel}","templated":true}]}}