{"id":3314,"date":"2023-04-06T16:00:09","date_gmt":"2023-04-06T14:00:09","guid":{"rendered":"https:\/\/woodsteel.rs\/?post_type=product&#038;p=3314"},"modified":"2023-04-19T15:56:05","modified_gmt":"2023-04-19T13:56:05","slug":"lattera-trpezarijski-sto","status":"publish","type":"product","link":"https:\/\/woodsteel.rs\/en-us\/shop\/lattera-trpezarijski-sto\/","title":{"rendered":"Lattera - dining table"},"content":{"rendered":"<p><span style=\"font-size: 105%;\">Lattera - dining table is designed specifically for your needs and your dining room. The table top is made of the highest quality material such as wood <span style=\"color: #00aae7;\"><em><span style=\"color: #00aae7;\"><a style=\"color: #00aae7;\" href=\"https:\/\/woodsteel.rs\/en-us\/hrast-kao-drvo-buducnosti\/\">Oak<\/a><\/span>, <\/em><span style=\"color: #282828;\">dok je konstrukcija od izdr\u017eljivog metala. Na sve to, dolazi epoxy smola, kao poseban detalj. Epoxy smola razbija tu jednostavnost kod trpezarijskih stolova, ta\u010dnije kod plo\u010de stola. Pru\u017eaju\u0107i jedinstven izgled i eleganciju. Kod Lattere, epoksi smola je u boji. Prilikom odabira materijala i dimenzija, mo\u017eete da birate i boju epoxy smole. <\/span><\/span><\/span><\/p>\n<p><span style=\"font-size: 105%;\">Lattera &#8211; trpezarijski sto je u ovom slu\u010daju izra\u0111en kao sto za 6 osoba. Mo\u017ee biti izra\u0111en u raznim dimenzijama u zavisnosti od Va\u0161ih potreba i prostora s akojim raspola\u017eete.<\/span><\/p>\n<p><span style=\"font-size: 105%;\">U Woodsteelu Vam pru\u017eamo tu mogu\u0107nost da savr\u0161eno uklopite novi komad name\u0161taja u Va\u0161 dom. Sa odabirom epoxy smole, ta\u010dnije boje za epoxy smolu pru\u017eamo Vam tu mogu\u010dnost da lak\u0161e odaberete i trpezarijske stolice. Ako je Va\u0161 odabir pao na trpezarijski sto po meri, tu su i trpezarijske stolice po meri. Ako su trpezarijske stolice po meri, onda mo\u017eete sami da birate i boju i materijal. Tako da je pola posla ve\u0107 odra\u0111eno. Odabrali ste boju za epoxy smolu, da bi sve bilo u skladu i elegantno, prema toj istoj boji birate i trpezarijske stolice. <\/span><\/p>\n<p><span style=\"font-size: 105%;\">Ako jo\u0161 uvek niste sigurni kakav trpezarijski sto \u017eelite za Va\u0161u trpezariju, neka Va\u0161 izbor bude sto sa epoxy smolom. Odabirnom ovakvog stola, skrati\u0107ete sebi muke za dalje kombinovanje name\u0161taja. Materijali su kvalitetni i garantuju dugi vek trajanja. Kontaktirajte nas ve\u0107 danas i rezervi\u0161ite izradu Va\u0161eg trpezarijskog stola na vreme.<\/span><\/p>\n<p>&nbsp;<\/p>\n<h2><span style=\"font-size: 75%;\"><strong>Material:<\/strong> Oak wood, epoxy resin, metal structure.<\/span><\/h2>\n<h2><span style=\"font-size: 75%;\"><strong>Note:\u00a0<\/strong>Price and dimensions may vary.<\/span><\/h2>\n<p>&nbsp;<\/p>\n<p>&nbsp;<\/p>\n<p><span style=\"font-size: 105%;\">Follow us on <span style=\"color: #00aae7;\"><em><a style=\"color: #00aae7;\" href=\"https:\/\/www.instagram.com\/wood_steel_design\/\">instagram<\/a><\/em><\/span>, kako biste uvek bili u toku sa novim modelima name\u0161taja koji izra\u0111ujemo. Ili nas <em><span style=\"color: #00aae7;\"><a style=\"color: #00aae7;\" href=\"https:\/\/woodsteel.rs\/en-us\/kontakt\/\">kontaktirajte<\/a> <\/span><\/em>ve\u0107 danas, kako bismo zajedno dizajnirali i izradili Va\u0161 savr\u0161en komad name\u0161taja. Garantujemo Vam kvalitet materijala. Besplatna dostava na teritoriji Beograda.<\/span><\/p>","protected":false},"excerpt":{"rendered":"<p>Lattera - dining table is designed specifically for your needs and your dining room. The table top is made of the highest quality material such as wood <em><span style=\"color: #00aae7;\"><a style=\"color: #00aae7;\" href=\"https:\/\/woodsteel.rs\/en-us\/hrast-kao-drvo-buducnosti\/\">Oak<\/a><\/span>, <\/em>while the construction is made of durable metal. On top of all that, comes epoxy resin, as a special detail. Choosing the color for the epoxy resin gives you the opportunity to decide on the color with ease <span style=\"color: #00aae7;\"><em><a style=\"color: #00aae7;\" href=\"https:\/\/woodsteel.rs\/en-us\/proizvodi\/stolice\/\">dining chairs.<\/a><\/em><\/span><\/p>\n<p>&nbsp;<\/p>\n<p><span style=\"font-size: 105%;\"><strong>Material:<\/strong> Oak wood, epoxy resin, metal structure.<\/span><\/p>\n<p><span style=\"font-size: 105%;\"><strong>Note:\u00a0<\/strong>Price and dimensions may vary.<\/span><\/p>","protected":false},"featured_media":3315,"template":"","meta":{"_monsterinsights_skip_tracking":false,"_monsterinsights_sitenote_active":false,"_monsterinsights_sitenote_note":"","_monsterinsights_sitenote_category":0},"product_brand":[],"product_cat":[35],"product_tag":[],"class_list":{"0":"post-3314","1":"product","2":"type-product","3":"status-publish","4":"has-post-thumbnail","6":"product_cat-trpezarijski-sto","8":"first","9":"instock","10":"shipping-taxable","11":"product-type-simple"},"yoast_head":"<!-- This site is optimized with the Yoast SEO plugin v27.4 - https:\/\/yoast.com\/product\/yoast-seo-wordpress\/ -->\n<title>Lattera - trpezarijski sto - WoodSteel<\/title>\n<meta name=\"description\" content=\"Lattera - trpezarijski sto za 6 osoba. Savr\u0161en spoj materijala. Drvo, epoxy smola, metal. Sami birajte dimenzije Va\u0161eg novog trpezarijskog stola.\" \/>\n<meta name=\"robots\" content=\"index, follow, max-snippet:-1, max-image-preview:large, max-video-preview:-1\" \/>\n<link rel=\"canonical\" href=\"https:\/\/woodsteel.rs\/en-us\/shop\/lattera-trpezarijski-sto\/\" \/>\n<meta property=\"og:locale\" content=\"en_US\" \/>\n<meta property=\"og:type\" content=\"article\" \/>\n<meta property=\"og:title\" content=\"Lattera - trpezarijski sto - WoodSteel\" \/>\n<meta property=\"og:description\" content=\"Lattera - trpezarijski sto za 6 osoba. Savr\u0161en spoj materijala. Drvo, epoxy smola, metal. Sami birajte dimenzije Va\u0161eg novog trpezarijskog stola.\" \/>\n<meta property=\"og:url\" content=\"https:\/\/woodsteel.rs\/en-us\/shop\/lattera-trpezarijski-sto\/\" \/>\n<meta property=\"og:site_name\" content=\"WoodSteel\" \/>\n<meta property=\"article:publisher\" content=\"https:\/\/www.facebook.com\/woodsteeldesign\" \/>\n<meta property=\"article:modified_time\" content=\"2023-04-19T13:56:05+00:00\" \/>\n<meta property=\"og:image\" content=\"https:\/\/woodsteel.rs\/wp-content\/uploads\/2023\/04\/lattera-trpezarijski-sto-epoksi-smola-woodsteel-Beograd.jpg\" \/>\n\t<meta property=\"og:image:width\" content=\"686\" \/>\n\t<meta property=\"og:image:height\" content=\"687\" \/>\n\t<meta property=\"og:image:type\" content=\"image\/jpeg\" \/>\n<meta name=\"twitter:label1\" content=\"Est. reading time\" \/>\n\t<meta name=\"twitter:data1\" content=\"2 minutes\" \/>\n<script type=\"application\/ld+json\" class=\"yoast-schema-graph\">{\"@context\":\"https:\\\/\\\/schema.org\",\"@graph\":[{\"@type\":\"WebPage\",\"@id\":\"https:\\\/\\\/woodsteel.rs\\\/shop\\\/lattera-trpezarijski-sto\\\/\",\"url\":\"https:\\\/\\\/woodsteel.rs\\\/shop\\\/lattera-trpezarijski-sto\\\/\",\"name\":\"Lattera - trpezarijski sto - WoodSteel\",\"isPartOf\":{\"@id\":\"https:\\\/\\\/woodsteel.rs\\\/#website\"},\"primaryImageOfPage\":{\"@id\":\"https:\\\/\\\/woodsteel.rs\\\/shop\\\/lattera-trpezarijski-sto\\\/#primaryimage\"},\"image\":{\"@id\":\"https:\\\/\\\/woodsteel.rs\\\/shop\\\/lattera-trpezarijski-sto\\\/#primaryimage\"},\"thumbnailUrl\":\"https:\\\/\\\/woodsteel.rs\\\/wp-content\\\/uploads\\\/2023\\\/04\\\/lattera-trpezarijski-sto-epoksi-smola-woodsteel-Beograd.jpg\",\"datePublished\":\"2023-04-06T14:00:09+00:00\",\"dateModified\":\"2023-04-19T13:56:05+00:00\",\"description\":\"Lattera - trpezarijski sto za 6 osoba. Savr\u0161en spoj materijala. Drvo, epoxy smola, metal. Sami birajte dimenzije Va\u0161eg novog trpezarijskog stola.\",\"breadcrumb\":{\"@id\":\"https:\\\/\\\/woodsteel.rs\\\/shop\\\/lattera-trpezarijski-sto\\\/#breadcrumb\"},\"inLanguage\":\"en-US\",\"potentialAction\":[{\"@type\":\"ReadAction\",\"target\":[\"https:\\\/\\\/woodsteel.rs\\\/shop\\\/lattera-trpezarijski-sto\\\/\"]}]},{\"@type\":\"ImageObject\",\"inLanguage\":\"en-US\",\"@id\":\"https:\\\/\\\/woodsteel.rs\\\/shop\\\/lattera-trpezarijski-sto\\\/#primaryimage\",\"url\":\"https:\\\/\\\/woodsteel.rs\\\/wp-content\\\/uploads\\\/2023\\\/04\\\/lattera-trpezarijski-sto-epoksi-smola-woodsteel-Beograd.jpg\",\"contentUrl\":\"https:\\\/\\\/woodsteel.rs\\\/wp-content\\\/uploads\\\/2023\\\/04\\\/lattera-trpezarijski-sto-epoksi-smola-woodsteel-Beograd.jpg\",\"width\":686,\"height\":687,\"caption\":\"Lattera - trpezarijski sto sa plo\u010dom od Hrasta i detaljima od epoxy smole. Metalna konstrukcija i 6 mesta za sedenje\"},{\"@type\":\"BreadcrumbList\",\"@id\":\"https:\\\/\\\/woodsteel.rs\\\/shop\\\/lattera-trpezarijski-sto\\\/#breadcrumb\",\"itemListElement\":[{\"@type\":\"ListItem\",\"position\":1,\"name\":\"Po\u010detna\",\"item\":\"https:\\\/\\\/woodsteel.rs\\\/\"},{\"@type\":\"ListItem\",\"position\":2,\"name\":\"Proizvodi\",\"item\":\"https:\\\/\\\/woodsteel.rs\\\/shop\\\/\"},{\"@type\":\"ListItem\",\"position\":3,\"name\":\"Lattera &#8211; trpezarijski sto\"}]},{\"@type\":\"WebSite\",\"@id\":\"https:\\\/\\\/woodsteel.rs\\\/#website\",\"url\":\"https:\\\/\\\/woodsteel.rs\\\/\",\"name\":\"WoodSteel\",\"description\":\"\",\"publisher\":{\"@id\":\"https:\\\/\\\/woodsteel.rs\\\/#organization\"},\"potentialAction\":[{\"@type\":\"SearchAction\",\"target\":{\"@type\":\"EntryPoint\",\"urlTemplate\":\"https:\\\/\\\/woodsteel.rs\\\/?s={search_term_string}\"},\"query-input\":{\"@type\":\"PropertyValueSpecification\",\"valueRequired\":true,\"valueName\":\"search_term_string\"}}],\"inLanguage\":\"en-US\"},{\"@type\":\"Organization\",\"@id\":\"https:\\\/\\\/woodsteel.rs\\\/#organization\",\"name\":\"Wood&Steel\",\"url\":\"https:\\\/\\\/woodsteel.rs\\\/\",\"logo\":{\"@type\":\"ImageObject\",\"inLanguage\":\"en-US\",\"@id\":\"https:\\\/\\\/woodsteel.rs\\\/#\\\/schema\\\/logo\\\/image\\\/\",\"url\":\"https:\\\/\\\/woodsteel.rs\\\/wp-content\\\/uploads\\\/2019\\\/12\\\/logo-ISPRAVAK.png\",\"contentUrl\":\"https:\\\/\\\/woodsteel.rs\\\/wp-content\\\/uploads\\\/2019\\\/12\\\/logo-ISPRAVAK.png\",\"width\":779,\"height\":776,\"caption\":\"Wood&Steel\"},\"image\":{\"@id\":\"https:\\\/\\\/woodsteel.rs\\\/#\\\/schema\\\/logo\\\/image\\\/\"},\"sameAs\":[\"https:\\\/\\\/www.facebook.com\\\/woodsteeldesign\",\"https:\\\/\\\/www.instagram.com\\\/wood_steel_design\\\/\"]}]}<\/script>\n<!-- \/ Yoast SEO plugin. -->","yoast_head_json":{"title":"Lattera - trpezarijski sto - WoodSteel","description":"Lattera - trpezarijski sto za 6 osoba. Savr\u0161en spoj materijala. Drvo, epoxy smola, metal. Sami birajte dimenzije Va\u0161eg novog trpezarijskog stola.","robots":{"index":"index","follow":"follow","max-snippet":"max-snippet:-1","max-image-preview":"max-image-preview:large","max-video-preview":"max-video-preview:-1"},"canonical":"https:\/\/woodsteel.rs\/en-us\/shop\/lattera-trpezarijski-sto\/","og_locale":"en_US","og_type":"article","og_title":"Lattera - trpezarijski sto - WoodSteel","og_description":"Lattera - trpezarijski sto za 6 osoba. Savr\u0161en spoj materijala. Drvo, epoxy smola, metal. Sami birajte dimenzije Va\u0161eg novog trpezarijskog stola.","og_url":"https:\/\/woodsteel.rs\/en-us\/shop\/lattera-trpezarijski-sto\/","og_site_name":"WoodSteel","article_publisher":"https:\/\/www.facebook.com\/woodsteeldesign","article_modified_time":"2023-04-19T13:56:05+00:00","og_image":[{"width":686,"height":687,"url":"https:\/\/woodsteel.rs\/wp-content\/uploads\/2023\/04\/lattera-trpezarijski-sto-epoksi-smola-woodsteel-Beograd.jpg","type":"image\/jpeg"}],"twitter_misc":{"Est. reading time":"2 minutes"},"schema":{"@context":"https:\/\/schema.org","@graph":[{"@type":"WebPage","@id":"https:\/\/woodsteel.rs\/shop\/lattera-trpezarijski-sto\/","url":"https:\/\/woodsteel.rs\/shop\/lattera-trpezarijski-sto\/","name":"Lattera - trpezarijski sto - WoodSteel","isPartOf":{"@id":"https:\/\/woodsteel.rs\/#website"},"primaryImageOfPage":{"@id":"https:\/\/woodsteel.rs\/shop\/lattera-trpezarijski-sto\/#primaryimage"},"image":{"@id":"https:\/\/woodsteel.rs\/shop\/lattera-trpezarijski-sto\/#primaryimage"},"thumbnailUrl":"https:\/\/woodsteel.rs\/wp-content\/uploads\/2023\/04\/lattera-trpezarijski-sto-epoksi-smola-woodsteel-Beograd.jpg","datePublished":"2023-04-06T14:00:09+00:00","dateModified":"2023-04-19T13:56:05+00:00","description":"Lattera - trpezarijski sto za 6 osoba. Savr\u0161en spoj materijala. Drvo, epoxy smola, metal. Sami birajte dimenzije Va\u0161eg novog trpezarijskog stola.","breadcrumb":{"@id":"https:\/\/woodsteel.rs\/shop\/lattera-trpezarijski-sto\/#breadcrumb"},"inLanguage":"en-US","potentialAction":[{"@type":"ReadAction","target":["https:\/\/woodsteel.rs\/shop\/lattera-trpezarijski-sto\/"]}]},{"@type":"ImageObject","inLanguage":"en-US","@id":"https:\/\/woodsteel.rs\/shop\/lattera-trpezarijski-sto\/#primaryimage","url":"https:\/\/woodsteel.rs\/wp-content\/uploads\/2023\/04\/lattera-trpezarijski-sto-epoksi-smola-woodsteel-Beograd.jpg","contentUrl":"https:\/\/woodsteel.rs\/wp-content\/uploads\/2023\/04\/lattera-trpezarijski-sto-epoksi-smola-woodsteel-Beograd.jpg","width":686,"height":687,"caption":"Lattera - trpezarijski sto sa plo\u010dom od Hrasta i detaljima od epoxy smole. Metalna konstrukcija i 6 mesta za sedenje"},{"@type":"BreadcrumbList","@id":"https:\/\/woodsteel.rs\/shop\/lattera-trpezarijski-sto\/#breadcrumb","itemListElement":[{"@type":"ListItem","position":1,"name":"Po\u010detna","item":"https:\/\/woodsteel.rs\/"},{"@type":"ListItem","position":2,"name":"Proizvodi","item":"https:\/\/woodsteel.rs\/shop\/"},{"@type":"ListItem","position":3,"name":"Lattera &#8211; trpezarijski sto"}]},{"@type":"WebSite","@id":"https:\/\/woodsteel.rs\/#website","url":"https:\/\/woodsteel.rs\/","name":"WoodSteel","description":"","publisher":{"@id":"https:\/\/woodsteel.rs\/#organization"},"potentialAction":[{"@type":"SearchAction","target":{"@type":"EntryPoint","urlTemplate":"https:\/\/woodsteel.rs\/?s={search_term_string}"},"query-input":{"@type":"PropertyValueSpecification","valueRequired":true,"valueName":"search_term_string"}}],"inLanguage":"en-US"},{"@type":"Organization","@id":"https:\/\/woodsteel.rs\/#organization","name":"Wood&Steel","url":"https:\/\/woodsteel.rs\/","logo":{"@type":"ImageObject","inLanguage":"en-US","@id":"https:\/\/woodsteel.rs\/#\/schema\/logo\/image\/","url":"https:\/\/woodsteel.rs\/wp-content\/uploads\/2019\/12\/logo-ISPRAVAK.png","contentUrl":"https:\/\/woodsteel.rs\/wp-content\/uploads\/2019\/12\/logo-ISPRAVAK.png","width":779,"height":776,"caption":"Wood&Steel"},"image":{"@id":"https:\/\/woodsteel.rs\/#\/schema\/logo\/image\/"},"sameAs":["https:\/\/www.facebook.com\/woodsteeldesign","https:\/\/www.instagram.com\/wood_steel_design\/"]}]}},"_links":{"self":[{"href":"https:\/\/woodsteel.rs\/en-us\/wp-json\/wp\/v2\/product\/3314","targetHints":{"allow":["GET"]}}],"collection":[{"href":"https:\/\/woodsteel.rs\/en-us\/wp-json\/wp\/v2\/product"}],"about":[{"href":"https:\/\/woodsteel.rs\/en-us\/wp-json\/wp\/v2\/types\/product"}],"wp:featuredmedia":[{"embeddable":true,"href":"https:\/\/woodsteel.rs\/en-us\/wp-json\/wp\/v2\/media\/3315"}],"wp:attachment":[{"href":"https:\/\/woodsteel.rs\/en-us\/wp-json\/wp\/v2\/media?parent=3314"}],"wp:term":[{"taxonomy":"product_brand","embeddable":true,"href":"https:\/\/woodsteel.rs\/en-us\/wp-json\/wp\/v2\/product_brand?post=3314"},{"taxonomy":"product_cat","embeddable":true,"href":"https:\/\/woodsteel.rs\/en-us\/wp-json\/wp\/v2\/product_cat?post=3314"},{"taxonomy":"product_tag","embeddable":true,"href":"https:\/\/woodsteel.rs\/en-us\/wp-json\/wp\/v2\/product_tag?post=3314"}],"curies":[{"name":"wp","href":"https:\/\/api.w.org\/{rel}","templated":true}]}}