{"id":3488,"date":"2024-05-07T17:58:45","date_gmt":"2024-05-07T15:58:45","guid":{"rendered":"https:\/\/woodsteel.rs\/?post_type=product&#038;p=3488"},"modified":"2024-05-18T21:52:49","modified_gmt":"2024-05-18T19:52:49","slug":"tria-klub-sto","status":"publish","type":"product","link":"https:\/\/woodsteel.rs\/en-us\/shop\/tria-klub-sto\/","title":{"rendered":"Tria &#8211; klub sto"},"content":{"rendered":"<div class=\"product-short-description\">\n<p>Tria &#8211; klub sto Set klub sto\u010di\u0107a, raznih pre\u010dnika. Pri izradi ovog seta klub stolova, koristili smo metal i staklo. Ovi klub stolovi su prakti\u010dni i mogu se kombinovati sa raznim stilovima name\u0161taja, a tako\u0111e mogu se koristiti i kombinovati posebno. Kao i kod ostalih na\u0161ih proizvoda i kod ovog seta\u00a0 klub stolova, dimenzije su podlo\u017ene korigovanju u zavisnosti od Va\u0161ih potreba.<\/p>\n<p>&nbsp;<\/p>\n<p><strong>Material:<\/strong> Plastificirani metal, staklo.<\/p>\n<p><strong>Note:<\/strong> Price and dimensions may vary.<\/p>\n<p>&nbsp;<\/p>\n<\/div>\n<p>Follow us on <em><a href=\"https:\/\/www.instagram.com\/wood_steel_design\/\">instagram<\/a><\/em>, kako biste uvek bili u toku sa novim modelima name\u0161taja koji izra\u0111ujemo. Ili nas <em><a href=\"https:\/\/woodsteel.rs\/en-us\/kontakt\/\">kontaktirajte<\/a> <\/em>ve\u0107 danas, kako bismo zajedno dizajnirali i izradili Va\u0161 savr\u0161en komad name\u0161taja. Garantujemo Vam kvalitet materijala. Besplatna dostava na teritoriji Beograda.<\/p>","protected":false},"excerpt":{"rendered":"<div class=\"product-short-description\">\n<p><span style=\"font-size: 105%;\">Tria &#8211; Set klub sto\u010di\u0107a, raznih dimenzija. Pri izradi ovog seta klub stolova, koristili smo metal i staklo. Ovi klub stolovi su prakti\u010dni i mogu se kombinovati sa raznim stilovima name\u0161taja, a tako\u0111e mogu se koristiti i kombinovati posebno. Kao i kod ostalih na\u0161ih proizvoda i kod ovog seta\u00a0 klub stolova, dimenzije su podlo\u017ene korigovanju u zavisnosti od Va\u0161ih potreba.<\/span><\/p>\n<p>&nbsp;<\/p>\n<p><span style=\"font-size: 105%;\"><strong>Material:<\/strong> Plastificirani metal, staklo.<\/span><\/p>\n<p><span style=\"font-size: 105%;\"><strong>Note:<\/strong> Price and dimensions may vary.<\/span><\/p>\n<\/div>","protected":false},"featured_media":3492,"template":"","meta":{"_monsterinsights_skip_tracking":false,"_monsterinsights_sitenote_active":false,"_monsterinsights_sitenote_note":"","_monsterinsights_sitenote_category":0},"product_brand":[],"product_cat":[34],"product_tag":[],"class_list":{"0":"post-3488","1":"product","2":"type-product","3":"status-publish","4":"has-post-thumbnail","6":"product_cat-klub-sto","8":"first","9":"instock","10":"shipping-taxable","11":"product-type-simple"},"yoast_head":"<!-- This site is optimized with the Yoast SEO plugin v27.4 - https:\/\/yoast.com\/product\/yoast-seo-wordpress\/ -->\n<title>Tria - klub sto - WoodSteel<\/title>\n<meta name=\"description\" content=\"Tria - klub sto, razli\u010ditih dimenzija, pogodni su za kombinovanje. Trpezarijski ili klub stolovi za va\u0161 dnevni boravak. Ponudu pogledajte na sajtu.\" \/>\n<meta name=\"robots\" content=\"index, follow, max-snippet:-1, max-image-preview:large, max-video-preview:-1\" \/>\n<link rel=\"canonical\" href=\"https:\/\/woodsteel.rs\/en-us\/shop\/tria-klub-sto\/\" \/>\n<meta property=\"og:locale\" content=\"en_US\" \/>\n<meta property=\"og:type\" content=\"article\" \/>\n<meta property=\"og:title\" content=\"Tria - klub sto - WoodSteel\" \/>\n<meta property=\"og:description\" content=\"Tria - klub sto, razli\u010ditih dimenzija, pogodni su za kombinovanje. Trpezarijski ili klub stolovi za va\u0161 dnevni boravak. Ponudu pogledajte na sajtu.\" \/>\n<meta property=\"og:url\" content=\"https:\/\/woodsteel.rs\/en-us\/shop\/tria-klub-sto\/\" \/>\n<meta property=\"og:site_name\" content=\"WoodSteel\" \/>\n<meta property=\"article:publisher\" content=\"https:\/\/www.facebook.com\/woodsteeldesign\" \/>\n<meta property=\"article:modified_time\" content=\"2024-05-18T19:52:49+00:00\" \/>\n<meta property=\"og:image\" content=\"https:\/\/woodsteel.rs\/wp-content\/uploads\/2024\/05\/tria-klub-sto-woodsteel-namestaj.jpg\" \/>\n\t<meta property=\"og:image:width\" content=\"640\" \/>\n\t<meta property=\"og:image:height\" content=\"640\" \/>\n\t<meta property=\"og:image:type\" content=\"image\/jpeg\" \/>\n<meta name=\"twitter:label1\" content=\"Est. reading time\" \/>\n\t<meta name=\"twitter:data1\" content=\"1 minute\" \/>\n<script type=\"application\/ld+json\" class=\"yoast-schema-graph\">{\"@context\":\"https:\\\/\\\/schema.org\",\"@graph\":[{\"@type\":\"WebPage\",\"@id\":\"https:\\\/\\\/woodsteel.rs\\\/shop\\\/tria-klub-sto\\\/\",\"url\":\"https:\\\/\\\/woodsteel.rs\\\/shop\\\/tria-klub-sto\\\/\",\"name\":\"Tria - klub sto - WoodSteel\",\"isPartOf\":{\"@id\":\"https:\\\/\\\/woodsteel.rs\\\/#website\"},\"primaryImageOfPage\":{\"@id\":\"https:\\\/\\\/woodsteel.rs\\\/shop\\\/tria-klub-sto\\\/#primaryimage\"},\"image\":{\"@id\":\"https:\\\/\\\/woodsteel.rs\\\/shop\\\/tria-klub-sto\\\/#primaryimage\"},\"thumbnailUrl\":\"https:\\\/\\\/woodsteel.rs\\\/wp-content\\\/uploads\\\/2024\\\/05\\\/tria-klub-sto-woodsteel-namestaj.jpg\",\"datePublished\":\"2024-05-07T15:58:45+00:00\",\"dateModified\":\"2024-05-18T19:52:49+00:00\",\"description\":\"Tria - klub sto, razli\u010ditih dimenzija, pogodni su za kombinovanje. Trpezarijski ili klub stolovi za va\u0161 dnevni boravak. Ponudu pogledajte na sajtu.\",\"breadcrumb\":{\"@id\":\"https:\\\/\\\/woodsteel.rs\\\/shop\\\/tria-klub-sto\\\/#breadcrumb\"},\"inLanguage\":\"en-US\",\"potentialAction\":[{\"@type\":\"ReadAction\",\"target\":[\"https:\\\/\\\/woodsteel.rs\\\/shop\\\/tria-klub-sto\\\/\"]}]},{\"@type\":\"ImageObject\",\"inLanguage\":\"en-US\",\"@id\":\"https:\\\/\\\/woodsteel.rs\\\/shop\\\/tria-klub-sto\\\/#primaryimage\",\"url\":\"https:\\\/\\\/woodsteel.rs\\\/wp-content\\\/uploads\\\/2024\\\/05\\\/tria-klub-sto-woodsteel-namestaj.jpg\",\"contentUrl\":\"https:\\\/\\\/woodsteel.rs\\\/wp-content\\\/uploads\\\/2024\\\/05\\\/tria-klub-sto-woodsteel-namestaj.jpg\",\"width\":640,\"height\":640,\"caption\":\"tria klub sto set od tri klub stola\"},{\"@type\":\"BreadcrumbList\",\"@id\":\"https:\\\/\\\/woodsteel.rs\\\/shop\\\/tria-klub-sto\\\/#breadcrumb\",\"itemListElement\":[{\"@type\":\"ListItem\",\"position\":1,\"name\":\"Po\u010detna\",\"item\":\"https:\\\/\\\/woodsteel.rs\\\/\"},{\"@type\":\"ListItem\",\"position\":2,\"name\":\"Proizvodi\",\"item\":\"https:\\\/\\\/woodsteel.rs\\\/shop\\\/\"},{\"@type\":\"ListItem\",\"position\":3,\"name\":\"Tria &#8211; klub sto\"}]},{\"@type\":\"WebSite\",\"@id\":\"https:\\\/\\\/woodsteel.rs\\\/#website\",\"url\":\"https:\\\/\\\/woodsteel.rs\\\/\",\"name\":\"WoodSteel\",\"description\":\"\",\"publisher\":{\"@id\":\"https:\\\/\\\/woodsteel.rs\\\/#organization\"},\"potentialAction\":[{\"@type\":\"SearchAction\",\"target\":{\"@type\":\"EntryPoint\",\"urlTemplate\":\"https:\\\/\\\/woodsteel.rs\\\/?s={search_term_string}\"},\"query-input\":{\"@type\":\"PropertyValueSpecification\",\"valueRequired\":true,\"valueName\":\"search_term_string\"}}],\"inLanguage\":\"en-US\"},{\"@type\":\"Organization\",\"@id\":\"https:\\\/\\\/woodsteel.rs\\\/#organization\",\"name\":\"Wood&Steel\",\"url\":\"https:\\\/\\\/woodsteel.rs\\\/\",\"logo\":{\"@type\":\"ImageObject\",\"inLanguage\":\"en-US\",\"@id\":\"https:\\\/\\\/woodsteel.rs\\\/#\\\/schema\\\/logo\\\/image\\\/\",\"url\":\"https:\\\/\\\/woodsteel.rs\\\/wp-content\\\/uploads\\\/2019\\\/12\\\/logo-ISPRAVAK.png\",\"contentUrl\":\"https:\\\/\\\/woodsteel.rs\\\/wp-content\\\/uploads\\\/2019\\\/12\\\/logo-ISPRAVAK.png\",\"width\":779,\"height\":776,\"caption\":\"Wood&Steel\"},\"image\":{\"@id\":\"https:\\\/\\\/woodsteel.rs\\\/#\\\/schema\\\/logo\\\/image\\\/\"},\"sameAs\":[\"https:\\\/\\\/www.facebook.com\\\/woodsteeldesign\",\"https:\\\/\\\/www.instagram.com\\\/wood_steel_design\\\/\"]}]}<\/script>\n<!-- \/ Yoast SEO plugin. -->","yoast_head_json":{"title":"Tria - klub sto - WoodSteel","description":"Tria - klub sto, razli\u010ditih dimenzija, pogodni su za kombinovanje. Trpezarijski ili klub stolovi za va\u0161 dnevni boravak. Ponudu pogledajte na sajtu.","robots":{"index":"index","follow":"follow","max-snippet":"max-snippet:-1","max-image-preview":"max-image-preview:large","max-video-preview":"max-video-preview:-1"},"canonical":"https:\/\/woodsteel.rs\/en-us\/shop\/tria-klub-sto\/","og_locale":"en_US","og_type":"article","og_title":"Tria - klub sto - WoodSteel","og_description":"Tria - klub sto, razli\u010ditih dimenzija, pogodni su za kombinovanje. Trpezarijski ili klub stolovi za va\u0161 dnevni boravak. Ponudu pogledajte na sajtu.","og_url":"https:\/\/woodsteel.rs\/en-us\/shop\/tria-klub-sto\/","og_site_name":"WoodSteel","article_publisher":"https:\/\/www.facebook.com\/woodsteeldesign","article_modified_time":"2024-05-18T19:52:49+00:00","og_image":[{"width":640,"height":640,"url":"https:\/\/woodsteel.rs\/wp-content\/uploads\/2024\/05\/tria-klub-sto-woodsteel-namestaj.jpg","type":"image\/jpeg"}],"twitter_misc":{"Est. reading time":"1 minute"},"schema":{"@context":"https:\/\/schema.org","@graph":[{"@type":"WebPage","@id":"https:\/\/woodsteel.rs\/shop\/tria-klub-sto\/","url":"https:\/\/woodsteel.rs\/shop\/tria-klub-sto\/","name":"Tria - klub sto - WoodSteel","isPartOf":{"@id":"https:\/\/woodsteel.rs\/#website"},"primaryImageOfPage":{"@id":"https:\/\/woodsteel.rs\/shop\/tria-klub-sto\/#primaryimage"},"image":{"@id":"https:\/\/woodsteel.rs\/shop\/tria-klub-sto\/#primaryimage"},"thumbnailUrl":"https:\/\/woodsteel.rs\/wp-content\/uploads\/2024\/05\/tria-klub-sto-woodsteel-namestaj.jpg","datePublished":"2024-05-07T15:58:45+00:00","dateModified":"2024-05-18T19:52:49+00:00","description":"Tria - klub sto, razli\u010ditih dimenzija, pogodni su za kombinovanje. Trpezarijski ili klub stolovi za va\u0161 dnevni boravak. Ponudu pogledajte na sajtu.","breadcrumb":{"@id":"https:\/\/woodsteel.rs\/shop\/tria-klub-sto\/#breadcrumb"},"inLanguage":"en-US","potentialAction":[{"@type":"ReadAction","target":["https:\/\/woodsteel.rs\/shop\/tria-klub-sto\/"]}]},{"@type":"ImageObject","inLanguage":"en-US","@id":"https:\/\/woodsteel.rs\/shop\/tria-klub-sto\/#primaryimage","url":"https:\/\/woodsteel.rs\/wp-content\/uploads\/2024\/05\/tria-klub-sto-woodsteel-namestaj.jpg","contentUrl":"https:\/\/woodsteel.rs\/wp-content\/uploads\/2024\/05\/tria-klub-sto-woodsteel-namestaj.jpg","width":640,"height":640,"caption":"tria klub sto set od tri klub stola"},{"@type":"BreadcrumbList","@id":"https:\/\/woodsteel.rs\/shop\/tria-klub-sto\/#breadcrumb","itemListElement":[{"@type":"ListItem","position":1,"name":"Po\u010detna","item":"https:\/\/woodsteel.rs\/"},{"@type":"ListItem","position":2,"name":"Proizvodi","item":"https:\/\/woodsteel.rs\/shop\/"},{"@type":"ListItem","position":3,"name":"Tria &#8211; klub sto"}]},{"@type":"WebSite","@id":"https:\/\/woodsteel.rs\/#website","url":"https:\/\/woodsteel.rs\/","name":"WoodSteel","description":"","publisher":{"@id":"https:\/\/woodsteel.rs\/#organization"},"potentialAction":[{"@type":"SearchAction","target":{"@type":"EntryPoint","urlTemplate":"https:\/\/woodsteel.rs\/?s={search_term_string}"},"query-input":{"@type":"PropertyValueSpecification","valueRequired":true,"valueName":"search_term_string"}}],"inLanguage":"en-US"},{"@type":"Organization","@id":"https:\/\/woodsteel.rs\/#organization","name":"Wood&Steel","url":"https:\/\/woodsteel.rs\/","logo":{"@type":"ImageObject","inLanguage":"en-US","@id":"https:\/\/woodsteel.rs\/#\/schema\/logo\/image\/","url":"https:\/\/woodsteel.rs\/wp-content\/uploads\/2019\/12\/logo-ISPRAVAK.png","contentUrl":"https:\/\/woodsteel.rs\/wp-content\/uploads\/2019\/12\/logo-ISPRAVAK.png","width":779,"height":776,"caption":"Wood&Steel"},"image":{"@id":"https:\/\/woodsteel.rs\/#\/schema\/logo\/image\/"},"sameAs":["https:\/\/www.facebook.com\/woodsteeldesign","https:\/\/www.instagram.com\/wood_steel_design\/"]}]}},"_links":{"self":[{"href":"https:\/\/woodsteel.rs\/en-us\/wp-json\/wp\/v2\/product\/3488","targetHints":{"allow":["GET"]}}],"collection":[{"href":"https:\/\/woodsteel.rs\/en-us\/wp-json\/wp\/v2\/product"}],"about":[{"href":"https:\/\/woodsteel.rs\/en-us\/wp-json\/wp\/v2\/types\/product"}],"wp:featuredmedia":[{"embeddable":true,"href":"https:\/\/woodsteel.rs\/en-us\/wp-json\/wp\/v2\/media\/3492"}],"wp:attachment":[{"href":"https:\/\/woodsteel.rs\/en-us\/wp-json\/wp\/v2\/media?parent=3488"}],"wp:term":[{"taxonomy":"product_brand","embeddable":true,"href":"https:\/\/woodsteel.rs\/en-us\/wp-json\/wp\/v2\/product_brand?post=3488"},{"taxonomy":"product_cat","embeddable":true,"href":"https:\/\/woodsteel.rs\/en-us\/wp-json\/wp\/v2\/product_cat?post=3488"},{"taxonomy":"product_tag","embeddable":true,"href":"https:\/\/woodsteel.rs\/en-us\/wp-json\/wp\/v2\/product_tag?post=3488"}],"curies":[{"name":"wp","href":"https:\/\/api.w.org\/{rel}","templated":true}]}}