{"id":3531,"date":"2024-07-29T17:29:35","date_gmt":"2024-07-29T15:29:35","guid":{"rendered":"https:\/\/woodsteel.rs\/?post_type=product&#038;p=3531"},"modified":"2024-07-29T17:36:59","modified_gmt":"2024-07-29T15:36:59","slug":"pulum-trpezarijski-sto","status":"publish","type":"product","link":"https:\/\/woodsteel.rs\/en-us\/shop\/pulum-trpezarijski-sto\/","title":{"rendered":"Pulum &#8211; trpezarijski sto"},"content":{"rendered":"<p>Pulum &#8211; trpezarijski sto u ovom slu\u010daju dizajniran sa 4 mesta za sedenje i za manje trpezarije. Prema va\u0161im potrebama, dimenzije mo\u017eemo korigovati.<\/p>\n<p>Ovaj trpezarijski sto je izra\u0111en od kvalitetnog drveta Hrasta koje vam garantuje dugi vek trajanja. \u0160to se ti\u010de odabira ru\u010dno ra\u0111enog name\u0161taja, birac\u0301ete uslugu koja je zaista vrhunska. Proizvodi po va\u0161oj meri dizajnirani uvek imajuc\u0301i u vidu klijenta.<\/p>\n<p>&nbsp;<\/p>\n<p>Follow us on <em><a href=\"https:\/\/www.instagram.com\/wood_steel_design\/\">instagram<\/a><\/em>, kako biste uvek bili u toku sa novim modelima name\u0161taja koji izra\u0111ujemo. Ili nas <em><a href=\"https:\/\/woodsteel.rs\/en-us\/kontakt\/\">kontaktirajte<\/a> <\/em>ve\u0107 danas, kako bismo zajedno dizajnirali i izradili Va\u0161 savr\u0161en komad name\u0161taja. Garantujemo Vam kvalitet materijala. Besplatna dostava na teritoriji Beograda.<\/p>\n<div class=\"_a9zs\">\n<p class=\"_ap3a _aaco _aacu _aacx _aad7 _aade\" dir=\"auto\">\n<\/div>","protected":false},"excerpt":{"rendered":"<p>Trpezarijski sto od kvalitetnog drveta Hrasta, dizajniran prema potrebama klijenta. Dimenzije su podlo\u017ene promenama.<\/p>\n<p>&nbsp;<\/p>\n<p><strong>Material:<\/strong> Oak tree.<\/p>\n<p><strong>Note:<\/strong> Price and dimensions may vary.<\/p>","protected":false},"featured_media":3532,"template":"","meta":{"_monsterinsights_skip_tracking":false,"_monsterinsights_sitenote_active":false,"_monsterinsights_sitenote_note":"","_monsterinsights_sitenote_category":0},"product_brand":[],"product_cat":[35],"product_tag":[],"class_list":{"0":"post-3531","1":"product","2":"type-product","3":"status-publish","4":"has-post-thumbnail","6":"product_cat-trpezarijski-sto","8":"first","9":"instock","10":"shipping-taxable","11":"product-type-simple"},"yoast_head":"<!-- This site is optimized with the Yoast SEO plugin v27.4 - https:\/\/yoast.com\/product\/yoast-seo-wordpress\/ -->\n<title>Pulum - trpezarijski sto - WoodSteel<\/title>\n<meta name=\"description\" content=\"Pulum - trpezarijski sto dizajniran sa 4 mesta za sedenje. Dimenzije sami birate prema va\u0161im potrebama i prostoru. Besplatna dostava za Beograd\" \/>\n<meta name=\"robots\" content=\"index, follow, max-snippet:-1, max-image-preview:large, max-video-preview:-1\" \/>\n<link rel=\"canonical\" href=\"https:\/\/woodsteel.rs\/en-us\/shop\/pulum-trpezarijski-sto\/\" \/>\n<meta property=\"og:locale\" content=\"en_US\" \/>\n<meta property=\"og:type\" content=\"article\" \/>\n<meta property=\"og:title\" content=\"Pulum - trpezarijski sto - WoodSteel\" \/>\n<meta property=\"og:description\" content=\"Pulum - trpezarijski sto dizajniran sa 4 mesta za sedenje. Dimenzije sami birate prema va\u0161im potrebama i prostoru. Besplatna dostava za Beograd\" \/>\n<meta property=\"og:url\" content=\"https:\/\/woodsteel.rs\/en-us\/shop\/pulum-trpezarijski-sto\/\" \/>\n<meta property=\"og:site_name\" content=\"WoodSteel\" \/>\n<meta property=\"article:publisher\" content=\"https:\/\/www.facebook.com\/woodsteeldesign\" \/>\n<meta property=\"article:modified_time\" content=\"2024-07-29T15:36:59+00:00\" \/>\n<meta property=\"og:image\" content=\"https:\/\/woodsteel.rs\/wp-content\/uploads\/2024\/07\/pulum-trpezarijski-sto-drvo-hrasta-woodsteel-beograd.jpg\" \/>\n\t<meta property=\"og:image:width\" content=\"640\" \/>\n\t<meta property=\"og:image:height\" content=\"640\" \/>\n\t<meta property=\"og:image:type\" content=\"image\/jpeg\" \/>\n<meta name=\"twitter:label1\" content=\"Est. reading time\" \/>\n\t<meta name=\"twitter:data1\" content=\"1 minute\" \/>\n<script type=\"application\/ld+json\" class=\"yoast-schema-graph\">{\"@context\":\"https:\\\/\\\/schema.org\",\"@graph\":[{\"@type\":\"WebPage\",\"@id\":\"https:\\\/\\\/woodsteel.rs\\\/shop\\\/pulum-trpezarijski-sto\\\/\",\"url\":\"https:\\\/\\\/woodsteel.rs\\\/shop\\\/pulum-trpezarijski-sto\\\/\",\"name\":\"Pulum - trpezarijski sto - WoodSteel\",\"isPartOf\":{\"@id\":\"https:\\\/\\\/woodsteel.rs\\\/#website\"},\"primaryImageOfPage\":{\"@id\":\"https:\\\/\\\/woodsteel.rs\\\/shop\\\/pulum-trpezarijski-sto\\\/#primaryimage\"},\"image\":{\"@id\":\"https:\\\/\\\/woodsteel.rs\\\/shop\\\/pulum-trpezarijski-sto\\\/#primaryimage\"},\"thumbnailUrl\":\"https:\\\/\\\/woodsteel.rs\\\/wp-content\\\/uploads\\\/2024\\\/07\\\/pulum-trpezarijski-sto-drvo-hrasta-woodsteel-beograd.jpg\",\"datePublished\":\"2024-07-29T15:29:35+00:00\",\"dateModified\":\"2024-07-29T15:36:59+00:00\",\"description\":\"Pulum - trpezarijski sto dizajniran sa 4 mesta za sedenje. Dimenzije sami birate prema va\u0161im potrebama i prostoru. Besplatna dostava za Beograd\",\"breadcrumb\":{\"@id\":\"https:\\\/\\\/woodsteel.rs\\\/shop\\\/pulum-trpezarijski-sto\\\/#breadcrumb\"},\"inLanguage\":\"en-US\",\"potentialAction\":[{\"@type\":\"ReadAction\",\"target\":[\"https:\\\/\\\/woodsteel.rs\\\/shop\\\/pulum-trpezarijski-sto\\\/\"]}]},{\"@type\":\"ImageObject\",\"inLanguage\":\"en-US\",\"@id\":\"https:\\\/\\\/woodsteel.rs\\\/shop\\\/pulum-trpezarijski-sto\\\/#primaryimage\",\"url\":\"https:\\\/\\\/woodsteel.rs\\\/wp-content\\\/uploads\\\/2024\\\/07\\\/pulum-trpezarijski-sto-drvo-hrasta-woodsteel-beograd.jpg\",\"contentUrl\":\"https:\\\/\\\/woodsteel.rs\\\/wp-content\\\/uploads\\\/2024\\\/07\\\/pulum-trpezarijski-sto-drvo-hrasta-woodsteel-beograd.jpg\",\"width\":640,\"height\":640,\"caption\":\"Pulum - trpezarijski sto od drveta Hrasta sa 4 mesta za sedenje\"},{\"@type\":\"BreadcrumbList\",\"@id\":\"https:\\\/\\\/woodsteel.rs\\\/shop\\\/pulum-trpezarijski-sto\\\/#breadcrumb\",\"itemListElement\":[{\"@type\":\"ListItem\",\"position\":1,\"name\":\"Po\u010detna\",\"item\":\"https:\\\/\\\/woodsteel.rs\\\/\"},{\"@type\":\"ListItem\",\"position\":2,\"name\":\"Proizvodi\",\"item\":\"https:\\\/\\\/woodsteel.rs\\\/shop\\\/\"},{\"@type\":\"ListItem\",\"position\":3,\"name\":\"Pulum &#8211; trpezarijski sto\"}]},{\"@type\":\"WebSite\",\"@id\":\"https:\\\/\\\/woodsteel.rs\\\/#website\",\"url\":\"https:\\\/\\\/woodsteel.rs\\\/\",\"name\":\"WoodSteel\",\"description\":\"\",\"publisher\":{\"@id\":\"https:\\\/\\\/woodsteel.rs\\\/#organization\"},\"potentialAction\":[{\"@type\":\"SearchAction\",\"target\":{\"@type\":\"EntryPoint\",\"urlTemplate\":\"https:\\\/\\\/woodsteel.rs\\\/?s={search_term_string}\"},\"query-input\":{\"@type\":\"PropertyValueSpecification\",\"valueRequired\":true,\"valueName\":\"search_term_string\"}}],\"inLanguage\":\"en-US\"},{\"@type\":\"Organization\",\"@id\":\"https:\\\/\\\/woodsteel.rs\\\/#organization\",\"name\":\"Wood&Steel\",\"url\":\"https:\\\/\\\/woodsteel.rs\\\/\",\"logo\":{\"@type\":\"ImageObject\",\"inLanguage\":\"en-US\",\"@id\":\"https:\\\/\\\/woodsteel.rs\\\/#\\\/schema\\\/logo\\\/image\\\/\",\"url\":\"https:\\\/\\\/woodsteel.rs\\\/wp-content\\\/uploads\\\/2019\\\/12\\\/logo-ISPRAVAK.png\",\"contentUrl\":\"https:\\\/\\\/woodsteel.rs\\\/wp-content\\\/uploads\\\/2019\\\/12\\\/logo-ISPRAVAK.png\",\"width\":779,\"height\":776,\"caption\":\"Wood&Steel\"},\"image\":{\"@id\":\"https:\\\/\\\/woodsteel.rs\\\/#\\\/schema\\\/logo\\\/image\\\/\"},\"sameAs\":[\"https:\\\/\\\/www.facebook.com\\\/woodsteeldesign\",\"https:\\\/\\\/www.instagram.com\\\/wood_steel_design\\\/\"]}]}<\/script>\n<!-- \/ Yoast SEO plugin. -->","yoast_head_json":{"title":"Pulum - trpezarijski sto - WoodSteel","description":"Pulum - trpezarijski sto dizajniran sa 4 mesta za sedenje. Dimenzije sami birate prema va\u0161im potrebama i prostoru. Besplatna dostava za Beograd","robots":{"index":"index","follow":"follow","max-snippet":"max-snippet:-1","max-image-preview":"max-image-preview:large","max-video-preview":"max-video-preview:-1"},"canonical":"https:\/\/woodsteel.rs\/en-us\/shop\/pulum-trpezarijski-sto\/","og_locale":"en_US","og_type":"article","og_title":"Pulum - trpezarijski sto - WoodSteel","og_description":"Pulum - trpezarijski sto dizajniran sa 4 mesta za sedenje. Dimenzije sami birate prema va\u0161im potrebama i prostoru. Besplatna dostava za Beograd","og_url":"https:\/\/woodsteel.rs\/en-us\/shop\/pulum-trpezarijski-sto\/","og_site_name":"WoodSteel","article_publisher":"https:\/\/www.facebook.com\/woodsteeldesign","article_modified_time":"2024-07-29T15:36:59+00:00","og_image":[{"width":640,"height":640,"url":"https:\/\/woodsteel.rs\/wp-content\/uploads\/2024\/07\/pulum-trpezarijski-sto-drvo-hrasta-woodsteel-beograd.jpg","type":"image\/jpeg"}],"twitter_misc":{"Est. reading time":"1 minute"},"schema":{"@context":"https:\/\/schema.org","@graph":[{"@type":"WebPage","@id":"https:\/\/woodsteel.rs\/shop\/pulum-trpezarijski-sto\/","url":"https:\/\/woodsteel.rs\/shop\/pulum-trpezarijski-sto\/","name":"Pulum - trpezarijski sto - WoodSteel","isPartOf":{"@id":"https:\/\/woodsteel.rs\/#website"},"primaryImageOfPage":{"@id":"https:\/\/woodsteel.rs\/shop\/pulum-trpezarijski-sto\/#primaryimage"},"image":{"@id":"https:\/\/woodsteel.rs\/shop\/pulum-trpezarijski-sto\/#primaryimage"},"thumbnailUrl":"https:\/\/woodsteel.rs\/wp-content\/uploads\/2024\/07\/pulum-trpezarijski-sto-drvo-hrasta-woodsteel-beograd.jpg","datePublished":"2024-07-29T15:29:35+00:00","dateModified":"2024-07-29T15:36:59+00:00","description":"Pulum - trpezarijski sto dizajniran sa 4 mesta za sedenje. Dimenzije sami birate prema va\u0161im potrebama i prostoru. Besplatna dostava za Beograd","breadcrumb":{"@id":"https:\/\/woodsteel.rs\/shop\/pulum-trpezarijski-sto\/#breadcrumb"},"inLanguage":"en-US","potentialAction":[{"@type":"ReadAction","target":["https:\/\/woodsteel.rs\/shop\/pulum-trpezarijski-sto\/"]}]},{"@type":"ImageObject","inLanguage":"en-US","@id":"https:\/\/woodsteel.rs\/shop\/pulum-trpezarijski-sto\/#primaryimage","url":"https:\/\/woodsteel.rs\/wp-content\/uploads\/2024\/07\/pulum-trpezarijski-sto-drvo-hrasta-woodsteel-beograd.jpg","contentUrl":"https:\/\/woodsteel.rs\/wp-content\/uploads\/2024\/07\/pulum-trpezarijski-sto-drvo-hrasta-woodsteel-beograd.jpg","width":640,"height":640,"caption":"Pulum - trpezarijski sto od drveta Hrasta sa 4 mesta za sedenje"},{"@type":"BreadcrumbList","@id":"https:\/\/woodsteel.rs\/shop\/pulum-trpezarijski-sto\/#breadcrumb","itemListElement":[{"@type":"ListItem","position":1,"name":"Po\u010detna","item":"https:\/\/woodsteel.rs\/"},{"@type":"ListItem","position":2,"name":"Proizvodi","item":"https:\/\/woodsteel.rs\/shop\/"},{"@type":"ListItem","position":3,"name":"Pulum &#8211; trpezarijski sto"}]},{"@type":"WebSite","@id":"https:\/\/woodsteel.rs\/#website","url":"https:\/\/woodsteel.rs\/","name":"WoodSteel","description":"","publisher":{"@id":"https:\/\/woodsteel.rs\/#organization"},"potentialAction":[{"@type":"SearchAction","target":{"@type":"EntryPoint","urlTemplate":"https:\/\/woodsteel.rs\/?s={search_term_string}"},"query-input":{"@type":"PropertyValueSpecification","valueRequired":true,"valueName":"search_term_string"}}],"inLanguage":"en-US"},{"@type":"Organization","@id":"https:\/\/woodsteel.rs\/#organization","name":"Wood&Steel","url":"https:\/\/woodsteel.rs\/","logo":{"@type":"ImageObject","inLanguage":"en-US","@id":"https:\/\/woodsteel.rs\/#\/schema\/logo\/image\/","url":"https:\/\/woodsteel.rs\/wp-content\/uploads\/2019\/12\/logo-ISPRAVAK.png","contentUrl":"https:\/\/woodsteel.rs\/wp-content\/uploads\/2019\/12\/logo-ISPRAVAK.png","width":779,"height":776,"caption":"Wood&Steel"},"image":{"@id":"https:\/\/woodsteel.rs\/#\/schema\/logo\/image\/"},"sameAs":["https:\/\/www.facebook.com\/woodsteeldesign","https:\/\/www.instagram.com\/wood_steel_design\/"]}]}},"_links":{"self":[{"href":"https:\/\/woodsteel.rs\/en-us\/wp-json\/wp\/v2\/product\/3531","targetHints":{"allow":["GET"]}}],"collection":[{"href":"https:\/\/woodsteel.rs\/en-us\/wp-json\/wp\/v2\/product"}],"about":[{"href":"https:\/\/woodsteel.rs\/en-us\/wp-json\/wp\/v2\/types\/product"}],"wp:featuredmedia":[{"embeddable":true,"href":"https:\/\/woodsteel.rs\/en-us\/wp-json\/wp\/v2\/media\/3532"}],"wp:attachment":[{"href":"https:\/\/woodsteel.rs\/en-us\/wp-json\/wp\/v2\/media?parent=3531"}],"wp:term":[{"taxonomy":"product_brand","embeddable":true,"href":"https:\/\/woodsteel.rs\/en-us\/wp-json\/wp\/v2\/product_brand?post=3531"},{"taxonomy":"product_cat","embeddable":true,"href":"https:\/\/woodsteel.rs\/en-us\/wp-json\/wp\/v2\/product_cat?post=3531"},{"taxonomy":"product_tag","embeddable":true,"href":"https:\/\/woodsteel.rs\/en-us\/wp-json\/wp\/v2\/product_tag?post=3531"}],"curies":[{"name":"wp","href":"https:\/\/api.w.org\/{rel}","templated":true}]}}