{"id":3577,"date":"2025-01-11T18:33:41","date_gmt":"2025-01-11T17:33:41","guid":{"rendered":"https:\/\/woodsteel.rs\/?post_type=product&#038;p=3577"},"modified":"2025-01-11T18:33:42","modified_gmt":"2025-01-11T17:33:42","slug":"quidu-konferencijski-sto","status":"publish","type":"product","link":"https:\/\/woodsteel.rs\/en-us\/shop\/quidu-konferencijski-sto\/","title":{"rendered":"Quidu &#8211; konferencijski sto"},"content":{"rendered":"<p>Quidu &#8211; konferencijski sto sa 14 mesta za sedenje. Svaki na\u0161 komad name\u0161taja je izra\u0111en po meri, tako da dimenzije mo\u017eete sami da birate shodno potrebama i prostoru kojim raspola\u017eete. Tako\u0111e, materijal mo\u017eete sami da birate. Kontaktirajte nas na vreme i zaka\u017eite konsultacije sa na\u0161im stru\u010dnim timom.<\/p>\n<p>Za sva dodatna pitanja stojimo vam na raspolaganju.<\/p>\n<p>&nbsp;<\/p>\n<p>Follow us on <em><a href=\"https:\/\/www.instagram.com\/wood_steel_design\/\">instagram<\/a><\/em>, kako biste uvek bili u toku sa novim modelima name\u0161taja koji izra\u0111ujemo. Ili nas <em><a href=\"https:\/\/woodsteel.rs\/en-us\/kontakt\/\">kontaktirajte<\/a> <\/em>ve\u0107 danas, kako bismo zajedno dizajnirali i izradili Va\u0161 savr\u0161en komad name\u0161taja. Garantujemo Vam kvalitet materijala. Besplatna dostava na teritoriji Beograda.<\/p>\n<p>&nbsp;<\/p>\n<p><strong>Material: <\/strong>Marble, metal construction.<\/p>\n<p><strong>Note:<\/strong> Price and dimensions may vary.<\/p>\n<p>&nbsp;<\/p>","protected":false},"excerpt":{"rendered":"<p>Konferencijski sto dizajniran sa 14 sede\u0107ih mesta. Na\u0161 glavni fokus je izrada unikatnih komada name\u0161taja, shodno va\u0161im potrebama i prostoru.<\/p>\n<p>&nbsp;<\/p>\n<p><strong>Material: <\/strong>Metalna konstrukcija.<\/p>\n<p><strong>Note:<\/strong> Price and dimensions may vary.<\/p>","protected":false},"featured_media":3578,"template":"","meta":{"_monsterinsights_skip_tracking":false,"_monsterinsights_sitenote_active":false,"_monsterinsights_sitenote_note":"","_monsterinsights_sitenote_category":0},"product_brand":[],"product_cat":[39],"product_tag":[],"class_list":{"0":"post-3577","1":"product","2":"type-product","3":"status-publish","4":"has-post-thumbnail","6":"product_cat-kancelarijski-stolovi","8":"first","9":"instock","10":"shipping-taxable","11":"product-type-simple"},"yoast_head":"<!-- This site is optimized with the Yoast SEO plugin v27.4 - https:\/\/yoast.com\/product\/yoast-seo-wordpress\/ -->\n<title>Quidu - konferencijski sto - WoodSteel<\/title>\n<meta name=\"description\" content=\"Quidu - konferencijski sto 14 sede\u0107ih mesta. Konstrukcija je od metala te garantuje izdr\u017eljivost i dugi vek trajanja. Kontaktirajte nas!\" \/>\n<meta name=\"robots\" content=\"index, follow, max-snippet:-1, max-image-preview:large, max-video-preview:-1\" \/>\n<link rel=\"canonical\" href=\"https:\/\/woodsteel.rs\/en-us\/shop\/quidu-konferencijski-sto\/\" \/>\n<meta property=\"og:locale\" content=\"en_US\" \/>\n<meta property=\"og:type\" content=\"article\" \/>\n<meta property=\"og:title\" content=\"Quidu - konferencijski sto - WoodSteel\" \/>\n<meta property=\"og:description\" content=\"Quidu - konferencijski sto 14 sede\u0107ih mesta. Konstrukcija je od metala te garantuje izdr\u017eljivost i dugi vek trajanja. Kontaktirajte nas!\" \/>\n<meta property=\"og:url\" content=\"https:\/\/woodsteel.rs\/en-us\/shop\/quidu-konferencijski-sto\/\" \/>\n<meta property=\"og:site_name\" content=\"WoodSteel\" \/>\n<meta property=\"article:publisher\" content=\"https:\/\/www.facebook.com\/woodsteeldesign\" \/>\n<meta property=\"article:modified_time\" content=\"2025-01-11T17:33:42+00:00\" \/>\n<meta property=\"og:image\" content=\"https:\/\/woodsteel.rs\/wp-content\/uploads\/2025\/01\/quidu-konferencijski-sto-namestaj-po-meri-woodsteel-beograd.png\" \/>\n\t<meta property=\"og:image:width\" content=\"720\" \/>\n\t<meta property=\"og:image:height\" content=\"720\" \/>\n\t<meta property=\"og:image:type\" content=\"image\/png\" \/>\n<meta name=\"twitter:label1\" content=\"Est. reading time\" \/>\n\t<meta name=\"twitter:data1\" content=\"1 minute\" \/>\n<script type=\"application\/ld+json\" class=\"yoast-schema-graph\">{\"@context\":\"https:\\\/\\\/schema.org\",\"@graph\":[{\"@type\":\"WebPage\",\"@id\":\"https:\\\/\\\/woodsteel.rs\\\/shop\\\/quidu-konferencijski-sto\\\/\",\"url\":\"https:\\\/\\\/woodsteel.rs\\\/shop\\\/quidu-konferencijski-sto\\\/\",\"name\":\"Quidu - konferencijski sto - WoodSteel\",\"isPartOf\":{\"@id\":\"https:\\\/\\\/woodsteel.rs\\\/#website\"},\"primaryImageOfPage\":{\"@id\":\"https:\\\/\\\/woodsteel.rs\\\/shop\\\/quidu-konferencijski-sto\\\/#primaryimage\"},\"image\":{\"@id\":\"https:\\\/\\\/woodsteel.rs\\\/shop\\\/quidu-konferencijski-sto\\\/#primaryimage\"},\"thumbnailUrl\":\"https:\\\/\\\/woodsteel.rs\\\/wp-content\\\/uploads\\\/2025\\\/01\\\/quidu-konferencijski-sto-namestaj-po-meri-woodsteel-beograd.png\",\"datePublished\":\"2025-01-11T17:33:41+00:00\",\"dateModified\":\"2025-01-11T17:33:42+00:00\",\"description\":\"Quidu - konferencijski sto 14 sede\u0107ih mesta. Konstrukcija je od metala te garantuje izdr\u017eljivost i dugi vek trajanja. Kontaktirajte nas!\",\"breadcrumb\":{\"@id\":\"https:\\\/\\\/woodsteel.rs\\\/shop\\\/quidu-konferencijski-sto\\\/#breadcrumb\"},\"inLanguage\":\"en-US\",\"potentialAction\":[{\"@type\":\"ReadAction\",\"target\":[\"https:\\\/\\\/woodsteel.rs\\\/shop\\\/quidu-konferencijski-sto\\\/\"]}]},{\"@type\":\"ImageObject\",\"inLanguage\":\"en-US\",\"@id\":\"https:\\\/\\\/woodsteel.rs\\\/shop\\\/quidu-konferencijski-sto\\\/#primaryimage\",\"url\":\"https:\\\/\\\/woodsteel.rs\\\/wp-content\\\/uploads\\\/2025\\\/01\\\/quidu-konferencijski-sto-namestaj-po-meri-woodsteel-beograd.png\",\"contentUrl\":\"https:\\\/\\\/woodsteel.rs\\\/wp-content\\\/uploads\\\/2025\\\/01\\\/quidu-konferencijski-sto-namestaj-po-meri-woodsteel-beograd.png\",\"width\":720,\"height\":720,\"caption\":\"quidu konferencijski sto sa metalnom konstrukcijom\"},{\"@type\":\"BreadcrumbList\",\"@id\":\"https:\\\/\\\/woodsteel.rs\\\/shop\\\/quidu-konferencijski-sto\\\/#breadcrumb\",\"itemListElement\":[{\"@type\":\"ListItem\",\"position\":1,\"name\":\"Po\u010detna\",\"item\":\"https:\\\/\\\/woodsteel.rs\\\/\"},{\"@type\":\"ListItem\",\"position\":2,\"name\":\"Proizvodi\",\"item\":\"https:\\\/\\\/woodsteel.rs\\\/shop\\\/\"},{\"@type\":\"ListItem\",\"position\":3,\"name\":\"Quidu &#8211; konferencijski sto\"}]},{\"@type\":\"WebSite\",\"@id\":\"https:\\\/\\\/woodsteel.rs\\\/#website\",\"url\":\"https:\\\/\\\/woodsteel.rs\\\/\",\"name\":\"WoodSteel\",\"description\":\"\",\"publisher\":{\"@id\":\"https:\\\/\\\/woodsteel.rs\\\/#organization\"},\"potentialAction\":[{\"@type\":\"SearchAction\",\"target\":{\"@type\":\"EntryPoint\",\"urlTemplate\":\"https:\\\/\\\/woodsteel.rs\\\/?s={search_term_string}\"},\"query-input\":{\"@type\":\"PropertyValueSpecification\",\"valueRequired\":true,\"valueName\":\"search_term_string\"}}],\"inLanguage\":\"en-US\"},{\"@type\":\"Organization\",\"@id\":\"https:\\\/\\\/woodsteel.rs\\\/#organization\",\"name\":\"Wood&Steel\",\"url\":\"https:\\\/\\\/woodsteel.rs\\\/\",\"logo\":{\"@type\":\"ImageObject\",\"inLanguage\":\"en-US\",\"@id\":\"https:\\\/\\\/woodsteel.rs\\\/#\\\/schema\\\/logo\\\/image\\\/\",\"url\":\"https:\\\/\\\/woodsteel.rs\\\/wp-content\\\/uploads\\\/2019\\\/12\\\/logo-ISPRAVAK.png\",\"contentUrl\":\"https:\\\/\\\/woodsteel.rs\\\/wp-content\\\/uploads\\\/2019\\\/12\\\/logo-ISPRAVAK.png\",\"width\":779,\"height\":776,\"caption\":\"Wood&Steel\"},\"image\":{\"@id\":\"https:\\\/\\\/woodsteel.rs\\\/#\\\/schema\\\/logo\\\/image\\\/\"},\"sameAs\":[\"https:\\\/\\\/www.facebook.com\\\/woodsteeldesign\",\"https:\\\/\\\/www.instagram.com\\\/wood_steel_design\\\/\"]}]}<\/script>\n<!-- \/ Yoast SEO plugin. -->","yoast_head_json":{"title":"Quidu - konferencijski sto - WoodSteel","description":"Quidu - konferencijski sto 14 sede\u0107ih mesta. Konstrukcija je od metala te garantuje izdr\u017eljivost i dugi vek trajanja. Kontaktirajte nas!","robots":{"index":"index","follow":"follow","max-snippet":"max-snippet:-1","max-image-preview":"max-image-preview:large","max-video-preview":"max-video-preview:-1"},"canonical":"https:\/\/woodsteel.rs\/en-us\/shop\/quidu-konferencijski-sto\/","og_locale":"en_US","og_type":"article","og_title":"Quidu - konferencijski sto - WoodSteel","og_description":"Quidu - konferencijski sto 14 sede\u0107ih mesta. Konstrukcija je od metala te garantuje izdr\u017eljivost i dugi vek trajanja. Kontaktirajte nas!","og_url":"https:\/\/woodsteel.rs\/en-us\/shop\/quidu-konferencijski-sto\/","og_site_name":"WoodSteel","article_publisher":"https:\/\/www.facebook.com\/woodsteeldesign","article_modified_time":"2025-01-11T17:33:42+00:00","og_image":[{"width":720,"height":720,"url":"https:\/\/woodsteel.rs\/wp-content\/uploads\/2025\/01\/quidu-konferencijski-sto-namestaj-po-meri-woodsteel-beograd.png","type":"image\/png"}],"twitter_misc":{"Est. reading time":"1 minute"},"schema":{"@context":"https:\/\/schema.org","@graph":[{"@type":"WebPage","@id":"https:\/\/woodsteel.rs\/shop\/quidu-konferencijski-sto\/","url":"https:\/\/woodsteel.rs\/shop\/quidu-konferencijski-sto\/","name":"Quidu - konferencijski sto - WoodSteel","isPartOf":{"@id":"https:\/\/woodsteel.rs\/#website"},"primaryImageOfPage":{"@id":"https:\/\/woodsteel.rs\/shop\/quidu-konferencijski-sto\/#primaryimage"},"image":{"@id":"https:\/\/woodsteel.rs\/shop\/quidu-konferencijski-sto\/#primaryimage"},"thumbnailUrl":"https:\/\/woodsteel.rs\/wp-content\/uploads\/2025\/01\/quidu-konferencijski-sto-namestaj-po-meri-woodsteel-beograd.png","datePublished":"2025-01-11T17:33:41+00:00","dateModified":"2025-01-11T17:33:42+00:00","description":"Quidu - konferencijski sto 14 sede\u0107ih mesta. Konstrukcija je od metala te garantuje izdr\u017eljivost i dugi vek trajanja. Kontaktirajte nas!","breadcrumb":{"@id":"https:\/\/woodsteel.rs\/shop\/quidu-konferencijski-sto\/#breadcrumb"},"inLanguage":"en-US","potentialAction":[{"@type":"ReadAction","target":["https:\/\/woodsteel.rs\/shop\/quidu-konferencijski-sto\/"]}]},{"@type":"ImageObject","inLanguage":"en-US","@id":"https:\/\/woodsteel.rs\/shop\/quidu-konferencijski-sto\/#primaryimage","url":"https:\/\/woodsteel.rs\/wp-content\/uploads\/2025\/01\/quidu-konferencijski-sto-namestaj-po-meri-woodsteel-beograd.png","contentUrl":"https:\/\/woodsteel.rs\/wp-content\/uploads\/2025\/01\/quidu-konferencijski-sto-namestaj-po-meri-woodsteel-beograd.png","width":720,"height":720,"caption":"quidu konferencijski sto sa metalnom konstrukcijom"},{"@type":"BreadcrumbList","@id":"https:\/\/woodsteel.rs\/shop\/quidu-konferencijski-sto\/#breadcrumb","itemListElement":[{"@type":"ListItem","position":1,"name":"Po\u010detna","item":"https:\/\/woodsteel.rs\/"},{"@type":"ListItem","position":2,"name":"Proizvodi","item":"https:\/\/woodsteel.rs\/shop\/"},{"@type":"ListItem","position":3,"name":"Quidu &#8211; konferencijski sto"}]},{"@type":"WebSite","@id":"https:\/\/woodsteel.rs\/#website","url":"https:\/\/woodsteel.rs\/","name":"WoodSteel","description":"","publisher":{"@id":"https:\/\/woodsteel.rs\/#organization"},"potentialAction":[{"@type":"SearchAction","target":{"@type":"EntryPoint","urlTemplate":"https:\/\/woodsteel.rs\/?s={search_term_string}"},"query-input":{"@type":"PropertyValueSpecification","valueRequired":true,"valueName":"search_term_string"}}],"inLanguage":"en-US"},{"@type":"Organization","@id":"https:\/\/woodsteel.rs\/#organization","name":"Wood&Steel","url":"https:\/\/woodsteel.rs\/","logo":{"@type":"ImageObject","inLanguage":"en-US","@id":"https:\/\/woodsteel.rs\/#\/schema\/logo\/image\/","url":"https:\/\/woodsteel.rs\/wp-content\/uploads\/2019\/12\/logo-ISPRAVAK.png","contentUrl":"https:\/\/woodsteel.rs\/wp-content\/uploads\/2019\/12\/logo-ISPRAVAK.png","width":779,"height":776,"caption":"Wood&Steel"},"image":{"@id":"https:\/\/woodsteel.rs\/#\/schema\/logo\/image\/"},"sameAs":["https:\/\/www.facebook.com\/woodsteeldesign","https:\/\/www.instagram.com\/wood_steel_design\/"]}]}},"_links":{"self":[{"href":"https:\/\/woodsteel.rs\/en-us\/wp-json\/wp\/v2\/product\/3577","targetHints":{"allow":["GET"]}}],"collection":[{"href":"https:\/\/woodsteel.rs\/en-us\/wp-json\/wp\/v2\/product"}],"about":[{"href":"https:\/\/woodsteel.rs\/en-us\/wp-json\/wp\/v2\/types\/product"}],"wp:featuredmedia":[{"embeddable":true,"href":"https:\/\/woodsteel.rs\/en-us\/wp-json\/wp\/v2\/media\/3578"}],"wp:attachment":[{"href":"https:\/\/woodsteel.rs\/en-us\/wp-json\/wp\/v2\/media?parent=3577"}],"wp:term":[{"taxonomy":"product_brand","embeddable":true,"href":"https:\/\/woodsteel.rs\/en-us\/wp-json\/wp\/v2\/product_brand?post=3577"},{"taxonomy":"product_cat","embeddable":true,"href":"https:\/\/woodsteel.rs\/en-us\/wp-json\/wp\/v2\/product_cat?post=3577"},{"taxonomy":"product_tag","embeddable":true,"href":"https:\/\/woodsteel.rs\/en-us\/wp-json\/wp\/v2\/product_tag?post=3577"}],"curies":[{"name":"wp","href":"https:\/\/api.w.org\/{rel}","templated":true}]}}