{"id":3658,"date":"2025-10-31T21:11:06","date_gmt":"2025-10-31T20:11:06","guid":{"rendered":"https:\/\/woodsteel.rs\/?post_type=product&#038;p=3658"},"modified":"2025-10-31T21:11:07","modified_gmt":"2025-10-31T20:11:07","slug":"aurum-luno-light-trpezarijski-sto","status":"publish","type":"product","link":"https:\/\/woodsteel.rs\/en-us\/shop\/aurum-luno-light-trpezarijski-sto\/","title":{"rendered":"Aurum Luno Light &#8211; trpezarijski sto"},"content":{"rendered":"<p data-start=\"49\" data-end=\"467\"><em data-start=\"88\" data-end=\"106\">Aurum Luno Light trpezarijski sto<\/em> kombinuje eleganciju, toplinu prirodnih materijala i savremeni minimalizam. Njegova plo\u010da izra\u0111ena je od svetlog mermera (travertin ili mermer u be\u017e tonovima) sa suptilnim prirodnim \u0161arama koje prostoru daju sofisticiran izgled. Metalna konstrukcija u beloj boji pru\u017ea stabilnost i vizuelnu lako\u0107u, stvaraju\u0107i savr\u0161en balans izme\u0111u funkcionalnosti i estetike.<\/p>\n<p data-start=\"469\" data-end=\"699\">Ovaj sto je idealan za moderne, skandinavske i klasi\u010dno ure\u0111ene enterijere. Bilo da u\u017eivate u jutarnjoj kafi, porodi\u010dnom ru\u010dku ili elegantnoj ve\u010deri \u2014 <em data-start=\"620\" data-end=\"638\">Aurum Luno Light<\/em> \u0107e prostoru uneti toplinu, stil i luksuz u jednostavnosti.<\/p>\n<p data-start=\"701\" data-end=\"717\"><strong data-start=\"701\" data-end=\"715\">Material:<\/strong><\/p>\n<ul data-start=\"718\" data-end=\"830\">\n<li data-start=\"718\" data-end=\"780\">\n<p data-start=\"720\" data-end=\"780\">Plo\u010da: mermer<\/p>\n<\/li>\n<li data-start=\"781\" data-end=\"830\">\n<p data-start=\"783\" data-end=\"830\">Konstrukcija: \u010deli\u010dna osnova u beloj boji<\/p>\n<\/li>\n<\/ul>\n<p data-start=\"832\" data-end=\"853\"><strong data-start=\"832\" data-end=\"851\">Karakteristike:<\/strong><\/p>\n<ul data-start=\"854\" data-end=\"1102\">\n<li data-start=\"854\" data-end=\"905\">\n<p data-start=\"856\" data-end=\"905\">Elegantna kombinacija prirodnog kamena i metala<\/p>\n<\/li>\n<li data-start=\"906\" data-end=\"939\">\n<p data-start=\"908\" data-end=\"939\">Ru\u010dno izra\u0111ena zavr\u0161na obrada<\/p>\n<\/li>\n<li data-start=\"940\" data-end=\"978\">\n<p data-start=\"942\" data-end=\"978\">Stabilna i izdr\u017eljiva konstrukcija<\/p>\n<\/li>\n<li data-start=\"979\" data-end=\"1029\">\n<p data-start=\"981\" data-end=\"1029\">Lako se uklapa uz razli\u010dite stilove enterijera<\/p>\n<\/li>\n<li data-start=\"1030\" data-end=\"1102\">\n<p data-start=\"1032\" data-end=\"1102\">Mogu\u0107nost izrade po meri (dimenzije i nijansa kamena po \u017eelji kupca)<\/p>\n<\/li>\n<\/ul>\n<p>&nbsp;<\/p>\n<p><span lang=\"en-US\">\ud83d\udc49<\/span><span lang=\"en-US\"> Pogledajte vi\u0161e modela na na\u0161em sajtu: <\/span><a href=\"https:\/\/woodsteel.rs\/en-us\/\"><span lang=\"sr-Latn-RS\">www.woodsteel.rs<\/span><\/a><\/p>\n<p>\ud83d\udce9 Za porud\u017ebine i izradu po meri kontaktirajte nas putem kontakt forme ili direktno putem <a href=\"https:\/\/www.instagram.com\/wood_steel_design\/\">Instagrama<\/a>.<\/p>","protected":false},"excerpt":{"rendered":"<p><em data-start=\"88\" data-end=\"106\">Aurum Luno Light trpezarijski sto<\/em> kombinuje eleganciju, toplinu prirodnih materijala i savremeni minimalizam. Njegova plo\u010da izra\u0111ena je od svetlog mermera sa suptilnim prirodnim \u0161arama koje prostoru daju sofisticiran izgled. Metalna konstrukcija u beloj boji pru\u017ea stabilnost i vizuelnu lako\u0107u, stvaraju\u0107i savr\u0161en balans izme\u0111u funkcionalnosti i estetike.<\/p>\n<p>&nbsp;<\/p>\n<p>Materijal: Mermer, metalna konstrukcija.<\/p>\n<p>Note: price and dimensions may vary.<\/p>","protected":false},"featured_media":3660,"template":"","meta":{"_monsterinsights_skip_tracking":false,"_monsterinsights_sitenote_active":false,"_monsterinsights_sitenote_note":"","_monsterinsights_sitenote_category":0},"product_brand":[],"product_cat":[35],"product_tag":[],"class_list":{"0":"post-3658","1":"product","2":"type-product","3":"status-publish","4":"has-post-thumbnail","6":"product_cat-trpezarijski-sto","8":"first","9":"instock","10":"shipping-taxable","11":"product-type-simple"},"yoast_head":"<!-- This site is optimized with the Yoast SEO plugin v27.4 - https:\/\/yoast.com\/product\/yoast-seo-wordpress\/ -->\n<title>Aurum Luno Light - trpezarijski sto - WoodSteel<\/title>\n<meta name=\"description\" content=\"Aurum Luno Light - trpezarijski sto je idealan za moderne, skandinavske i klasi\u010dno ure\u0111ene enterijere. Kontaktirajte nas za izradu!\" \/>\n<meta name=\"robots\" content=\"index, follow, max-snippet:-1, max-image-preview:large, max-video-preview:-1\" \/>\n<link rel=\"canonical\" href=\"https:\/\/woodsteel.rs\/en-us\/shop\/aurum-luno-light-trpezarijski-sto\/\" \/>\n<meta property=\"og:locale\" content=\"en_US\" \/>\n<meta property=\"og:type\" content=\"article\" \/>\n<meta property=\"og:title\" content=\"Aurum Luno Light - trpezarijski sto - WoodSteel\" \/>\n<meta property=\"og:description\" content=\"Aurum Luno Light - trpezarijski sto je idealan za moderne, skandinavske i klasi\u010dno ure\u0111ene enterijere. Kontaktirajte nas za izradu!\" \/>\n<meta property=\"og:url\" content=\"https:\/\/woodsteel.rs\/en-us\/shop\/aurum-luno-light-trpezarijski-sto\/\" \/>\n<meta property=\"og:site_name\" content=\"WoodSteel\" \/>\n<meta property=\"article:publisher\" content=\"https:\/\/www.facebook.com\/woodsteeldesign\" \/>\n<meta property=\"article:modified_time\" content=\"2025-10-31T20:11:07+00:00\" \/>\n<meta property=\"og:image\" content=\"https:\/\/woodsteel.rs\/wp-content\/uploads\/2025\/10\/aurum-luno-light-trpezarijski-sto-woodsteel-beograd.png\" \/>\n\t<meta property=\"og:image:width\" content=\"720\" \/>\n\t<meta property=\"og:image:height\" content=\"718\" \/>\n\t<meta property=\"og:image:type\" content=\"image\/png\" \/>\n<meta name=\"twitter:label1\" content=\"Est. reading time\" \/>\n\t<meta name=\"twitter:data1\" content=\"2 minutes\" \/>\n<script type=\"application\/ld+json\" class=\"yoast-schema-graph\">{\"@context\":\"https:\\\/\\\/schema.org\",\"@graph\":[{\"@type\":\"WebPage\",\"@id\":\"https:\\\/\\\/woodsteel.rs\\\/shop\\\/aurum-luno-light-trpezarijski-sto\\\/\",\"url\":\"https:\\\/\\\/woodsteel.rs\\\/shop\\\/aurum-luno-light-trpezarijski-sto\\\/\",\"name\":\"Aurum Luno Light - trpezarijski sto - WoodSteel\",\"isPartOf\":{\"@id\":\"https:\\\/\\\/woodsteel.rs\\\/#website\"},\"primaryImageOfPage\":{\"@id\":\"https:\\\/\\\/woodsteel.rs\\\/shop\\\/aurum-luno-light-trpezarijski-sto\\\/#primaryimage\"},\"image\":{\"@id\":\"https:\\\/\\\/woodsteel.rs\\\/shop\\\/aurum-luno-light-trpezarijski-sto\\\/#primaryimage\"},\"thumbnailUrl\":\"https:\\\/\\\/woodsteel.rs\\\/wp-content\\\/uploads\\\/2025\\\/10\\\/aurum-luno-light-trpezarijski-sto-woodsteel-beograd.png\",\"datePublished\":\"2025-10-31T20:11:06+00:00\",\"dateModified\":\"2025-10-31T20:11:07+00:00\",\"description\":\"Aurum Luno Light - trpezarijski sto je idealan za moderne, skandinavske i klasi\u010dno ure\u0111ene enterijere. Kontaktirajte nas za izradu!\",\"breadcrumb\":{\"@id\":\"https:\\\/\\\/woodsteel.rs\\\/shop\\\/aurum-luno-light-trpezarijski-sto\\\/#breadcrumb\"},\"inLanguage\":\"en-US\",\"potentialAction\":[{\"@type\":\"ReadAction\",\"target\":[\"https:\\\/\\\/woodsteel.rs\\\/shop\\\/aurum-luno-light-trpezarijski-sto\\\/\"]}]},{\"@type\":\"ImageObject\",\"inLanguage\":\"en-US\",\"@id\":\"https:\\\/\\\/woodsteel.rs\\\/shop\\\/aurum-luno-light-trpezarijski-sto\\\/#primaryimage\",\"url\":\"https:\\\/\\\/woodsteel.rs\\\/wp-content\\\/uploads\\\/2025\\\/10\\\/aurum-luno-light-trpezarijski-sto-woodsteel-beograd.png\",\"contentUrl\":\"https:\\\/\\\/woodsteel.rs\\\/wp-content\\\/uploads\\\/2025\\\/10\\\/aurum-luno-light-trpezarijski-sto-woodsteel-beograd.png\",\"width\":720,\"height\":718,\"caption\":\"aurum luno light trpezarijski sto sa metalnom konstrukcijom i plocom od mermera woodsteel\"},{\"@type\":\"BreadcrumbList\",\"@id\":\"https:\\\/\\\/woodsteel.rs\\\/shop\\\/aurum-luno-light-trpezarijski-sto\\\/#breadcrumb\",\"itemListElement\":[{\"@type\":\"ListItem\",\"position\":1,\"name\":\"Po\u010detna\",\"item\":\"https:\\\/\\\/woodsteel.rs\\\/\"},{\"@type\":\"ListItem\",\"position\":2,\"name\":\"Proizvodi\",\"item\":\"https:\\\/\\\/woodsteel.rs\\\/shop\\\/\"},{\"@type\":\"ListItem\",\"position\":3,\"name\":\"Aurum Luno Light &#8211; trpezarijski sto\"}]},{\"@type\":\"WebSite\",\"@id\":\"https:\\\/\\\/woodsteel.rs\\\/#website\",\"url\":\"https:\\\/\\\/woodsteel.rs\\\/\",\"name\":\"WoodSteel\",\"description\":\"\",\"publisher\":{\"@id\":\"https:\\\/\\\/woodsteel.rs\\\/#organization\"},\"potentialAction\":[{\"@type\":\"SearchAction\",\"target\":{\"@type\":\"EntryPoint\",\"urlTemplate\":\"https:\\\/\\\/woodsteel.rs\\\/?s={search_term_string}\"},\"query-input\":{\"@type\":\"PropertyValueSpecification\",\"valueRequired\":true,\"valueName\":\"search_term_string\"}}],\"inLanguage\":\"en-US\"},{\"@type\":\"Organization\",\"@id\":\"https:\\\/\\\/woodsteel.rs\\\/#organization\",\"name\":\"Wood&Steel\",\"url\":\"https:\\\/\\\/woodsteel.rs\\\/\",\"logo\":{\"@type\":\"ImageObject\",\"inLanguage\":\"en-US\",\"@id\":\"https:\\\/\\\/woodsteel.rs\\\/#\\\/schema\\\/logo\\\/image\\\/\",\"url\":\"https:\\\/\\\/woodsteel.rs\\\/wp-content\\\/uploads\\\/2019\\\/12\\\/logo-ISPRAVAK.png\",\"contentUrl\":\"https:\\\/\\\/woodsteel.rs\\\/wp-content\\\/uploads\\\/2019\\\/12\\\/logo-ISPRAVAK.png\",\"width\":779,\"height\":776,\"caption\":\"Wood&Steel\"},\"image\":{\"@id\":\"https:\\\/\\\/woodsteel.rs\\\/#\\\/schema\\\/logo\\\/image\\\/\"},\"sameAs\":[\"https:\\\/\\\/www.facebook.com\\\/woodsteeldesign\",\"https:\\\/\\\/www.instagram.com\\\/wood_steel_design\\\/\"]}]}<\/script>\n<!-- \/ Yoast SEO plugin. -->","yoast_head_json":{"title":"Aurum Luno Light - trpezarijski sto - WoodSteel","description":"Aurum Luno Light - trpezarijski sto je idealan za moderne, skandinavske i klasi\u010dno ure\u0111ene enterijere. Kontaktirajte nas za izradu!","robots":{"index":"index","follow":"follow","max-snippet":"max-snippet:-1","max-image-preview":"max-image-preview:large","max-video-preview":"max-video-preview:-1"},"canonical":"https:\/\/woodsteel.rs\/en-us\/shop\/aurum-luno-light-trpezarijski-sto\/","og_locale":"en_US","og_type":"article","og_title":"Aurum Luno Light - trpezarijski sto - WoodSteel","og_description":"Aurum Luno Light - trpezarijski sto je idealan za moderne, skandinavske i klasi\u010dno ure\u0111ene enterijere. Kontaktirajte nas za izradu!","og_url":"https:\/\/woodsteel.rs\/en-us\/shop\/aurum-luno-light-trpezarijski-sto\/","og_site_name":"WoodSteel","article_publisher":"https:\/\/www.facebook.com\/woodsteeldesign","article_modified_time":"2025-10-31T20:11:07+00:00","og_image":[{"width":720,"height":718,"url":"https:\/\/woodsteel.rs\/wp-content\/uploads\/2025\/10\/aurum-luno-light-trpezarijski-sto-woodsteel-beograd.png","type":"image\/png"}],"twitter_misc":{"Est. reading time":"2 minutes"},"schema":{"@context":"https:\/\/schema.org","@graph":[{"@type":"WebPage","@id":"https:\/\/woodsteel.rs\/shop\/aurum-luno-light-trpezarijski-sto\/","url":"https:\/\/woodsteel.rs\/shop\/aurum-luno-light-trpezarijski-sto\/","name":"Aurum Luno Light - trpezarijski sto - WoodSteel","isPartOf":{"@id":"https:\/\/woodsteel.rs\/#website"},"primaryImageOfPage":{"@id":"https:\/\/woodsteel.rs\/shop\/aurum-luno-light-trpezarijski-sto\/#primaryimage"},"image":{"@id":"https:\/\/woodsteel.rs\/shop\/aurum-luno-light-trpezarijski-sto\/#primaryimage"},"thumbnailUrl":"https:\/\/woodsteel.rs\/wp-content\/uploads\/2025\/10\/aurum-luno-light-trpezarijski-sto-woodsteel-beograd.png","datePublished":"2025-10-31T20:11:06+00:00","dateModified":"2025-10-31T20:11:07+00:00","description":"Aurum Luno Light - trpezarijski sto je idealan za moderne, skandinavske i klasi\u010dno ure\u0111ene enterijere. Kontaktirajte nas za izradu!","breadcrumb":{"@id":"https:\/\/woodsteel.rs\/shop\/aurum-luno-light-trpezarijski-sto\/#breadcrumb"},"inLanguage":"en-US","potentialAction":[{"@type":"ReadAction","target":["https:\/\/woodsteel.rs\/shop\/aurum-luno-light-trpezarijski-sto\/"]}]},{"@type":"ImageObject","inLanguage":"en-US","@id":"https:\/\/woodsteel.rs\/shop\/aurum-luno-light-trpezarijski-sto\/#primaryimage","url":"https:\/\/woodsteel.rs\/wp-content\/uploads\/2025\/10\/aurum-luno-light-trpezarijski-sto-woodsteel-beograd.png","contentUrl":"https:\/\/woodsteel.rs\/wp-content\/uploads\/2025\/10\/aurum-luno-light-trpezarijski-sto-woodsteel-beograd.png","width":720,"height":718,"caption":"aurum luno light trpezarijski sto sa metalnom konstrukcijom i plocom od mermera woodsteel"},{"@type":"BreadcrumbList","@id":"https:\/\/woodsteel.rs\/shop\/aurum-luno-light-trpezarijski-sto\/#breadcrumb","itemListElement":[{"@type":"ListItem","position":1,"name":"Po\u010detna","item":"https:\/\/woodsteel.rs\/"},{"@type":"ListItem","position":2,"name":"Proizvodi","item":"https:\/\/woodsteel.rs\/shop\/"},{"@type":"ListItem","position":3,"name":"Aurum Luno Light &#8211; trpezarijski sto"}]},{"@type":"WebSite","@id":"https:\/\/woodsteel.rs\/#website","url":"https:\/\/woodsteel.rs\/","name":"WoodSteel","description":"","publisher":{"@id":"https:\/\/woodsteel.rs\/#organization"},"potentialAction":[{"@type":"SearchAction","target":{"@type":"EntryPoint","urlTemplate":"https:\/\/woodsteel.rs\/?s={search_term_string}"},"query-input":{"@type":"PropertyValueSpecification","valueRequired":true,"valueName":"search_term_string"}}],"inLanguage":"en-US"},{"@type":"Organization","@id":"https:\/\/woodsteel.rs\/#organization","name":"Wood&Steel","url":"https:\/\/woodsteel.rs\/","logo":{"@type":"ImageObject","inLanguage":"en-US","@id":"https:\/\/woodsteel.rs\/#\/schema\/logo\/image\/","url":"https:\/\/woodsteel.rs\/wp-content\/uploads\/2019\/12\/logo-ISPRAVAK.png","contentUrl":"https:\/\/woodsteel.rs\/wp-content\/uploads\/2019\/12\/logo-ISPRAVAK.png","width":779,"height":776,"caption":"Wood&Steel"},"image":{"@id":"https:\/\/woodsteel.rs\/#\/schema\/logo\/image\/"},"sameAs":["https:\/\/www.facebook.com\/woodsteeldesign","https:\/\/www.instagram.com\/wood_steel_design\/"]}]}},"_links":{"self":[{"href":"https:\/\/woodsteel.rs\/en-us\/wp-json\/wp\/v2\/product\/3658","targetHints":{"allow":["GET"]}}],"collection":[{"href":"https:\/\/woodsteel.rs\/en-us\/wp-json\/wp\/v2\/product"}],"about":[{"href":"https:\/\/woodsteel.rs\/en-us\/wp-json\/wp\/v2\/types\/product"}],"wp:featuredmedia":[{"embeddable":true,"href":"https:\/\/woodsteel.rs\/en-us\/wp-json\/wp\/v2\/media\/3660"}],"wp:attachment":[{"href":"https:\/\/woodsteel.rs\/en-us\/wp-json\/wp\/v2\/media?parent=3658"}],"wp:term":[{"taxonomy":"product_brand","embeddable":true,"href":"https:\/\/woodsteel.rs\/en-us\/wp-json\/wp\/v2\/product_brand?post=3658"},{"taxonomy":"product_cat","embeddable":true,"href":"https:\/\/woodsteel.rs\/en-us\/wp-json\/wp\/v2\/product_cat?post=3658"},{"taxonomy":"product_tag","embeddable":true,"href":"https:\/\/woodsteel.rs\/en-us\/wp-json\/wp\/v2\/product_tag?post=3658"}],"curies":[{"name":"wp","href":"https:\/\/api.w.org\/{rel}","templated":true}]}}