{"id":3680,"date":"2026-02-26T22:40:22","date_gmt":"2026-02-26T21:40:22","guid":{"rendered":"https:\/\/woodsteel.rs\/?post_type=product&#038;p=3680"},"modified":"2026-02-26T22:40:23","modified_gmt":"2026-02-26T21:40:23","slug":"elara-trpezarijski-sto","status":"publish","type":"product","link":"https:\/\/woodsteel.rs\/en-us\/shop\/elara-trpezarijski-sto\/","title":{"rendered":"Elara &#8211; trpezarijski sto"},"content":{"rendered":"<p>Elara &#8211; trpezarijski sto predstavlja spoj vrhunskog kvaliteta, funkcionalnosti i modernog dizajna. Ovalna forma plo\u010de omogu\u0107ava bolju komunikaciju i maksimalnu iskori\u0161\u0107enost prostora, \u010dine\u0107i ga idealnim izborom za porodi\u010dna okupljanja i savremene enterijere.<\/p>\n<p data-start=\"3169\" data-end=\"3392\">Plo\u010da je izra\u0111ena od masivnog drveta, pa\u017eljivo obra\u0111enog kako bi se naglasila prirodna tekstura i toplina materijala. Metalna konstrukcija modernog oblika obezbe\u0111uje stabilnost i dugotrajnost, uz estetski upe\u010datljiv izgled.<\/p>\n<p data-start=\"3394\" data-end=\"3492\">Zahvaljuju\u0107i svom dizajnu, sto se savr\u0161eno uklapa u moderne, minimalisti\u010dke i luksuzne enterijere.<\/p>\n<h2 data-start=\"3494\" data-end=\"3509\">Materijali<\/h2>\n<ul data-start=\"3511\" data-end=\"3573\">\n<li data-start=\"3511\" data-end=\"3534\">\n<p data-start=\"3513\" data-end=\"3534\">plo\u010da: masivno drvo<\/p>\n<\/li>\n<li data-start=\"3535\" data-end=\"3573\">\n<p data-start=\"3537\" data-end=\"3573\">konstrukcija: \u010delik, plastificiran<\/p>\n<\/li>\n<\/ul>\n<h2 data-start=\"3575\" data-end=\"3594\">Karakteristike<\/h2>\n<ul data-start=\"3596\" data-end=\"3704\">\n<li data-start=\"3596\" data-end=\"3621\">\n<p data-start=\"3598\" data-end=\"3621\">ovalni moderan dizajn<\/p>\n<\/li>\n<li data-start=\"3622\" data-end=\"3638\">\n<p data-start=\"3624\" data-end=\"3638\">masivno drvo<\/p>\n<\/li>\n<li data-start=\"3639\" data-end=\"3664\">\n<p data-start=\"3641\" data-end=\"3664\">stabilna konstrukcija<\/p>\n<\/li>\n<li data-start=\"3665\" data-end=\"3685\">\n<p data-start=\"3667\" data-end=\"3685\">dug vek trajanja<\/p>\n<\/li>\n<li data-start=\"3686\" data-end=\"3704\">\n<p data-start=\"3688\" data-end=\"3704\">izrada po meri<\/p>\n<\/li>\n<\/ul>\n<p data-start=\"1479\" data-end=\"1703\"><span lang=\"en-US\">\ud83d\udc49<\/span><span lang=\"en-US\"> Pogledajte vi\u0161e modela na na\u0161em sajtu: <\/span><a href=\"https:\/\/woodsteel.rs\/en-us\/\"><span lang=\"sr-Latn-RS\">www.woodsteel.rs<\/span><\/a><\/p>\n<p data-start=\"1479\" data-end=\"1703\">\ud83d\udce9 Za porud\u017ebine i izradu po meri kontaktirajte nas putem kontakt forme ili direktno putem <a href=\"https:\/\/www.instagram.com\/wood_steel_design\/\">Instagrama<\/a>.<\/p>","protected":false},"excerpt":{"rendered":"<p>&nbsp;<\/p>\n<p>ELARA trpezarijski sto predstavlja spoj vrhunskog kvaliteta, funkcionalnosti i modernog dizajna. Ovalna forma plo\u010de omogu\u0107ava bolju komunikaciju i maksimalnu iskori\u0161\u0107enost prostora, \u010dine\u0107i ga idealnim izborom za porodi\u010dna okupljanja i savremene enterijere.<\/p>\n<p>&nbsp;<\/p>\n<p data-start=\"602\" data-end=\"933\"><strong>Material:<\/strong> Metalna konstrukcija, drvo Oraha.<\/p>\n<p data-start=\"602\" data-end=\"933\"><strong>Note:<\/strong> Price and dimensions may vary.<\/p>","protected":false},"featured_media":3681,"template":"","meta":{"_monsterinsights_skip_tracking":false,"_monsterinsights_sitenote_active":false,"_monsterinsights_sitenote_note":"","_monsterinsights_sitenote_category":0},"product_brand":[],"product_cat":[35],"product_tag":[],"class_list":{"0":"post-3680","1":"product","2":"type-product","3":"status-publish","4":"has-post-thumbnail","6":"product_cat-trpezarijski-sto","8":"first","9":"instock","10":"shipping-taxable","11":"product-type-simple"},"yoast_head":"<!-- This site is optimized with the Yoast SEO plugin v27.4 - https:\/\/yoast.com\/product\/yoast-seo-wordpress\/ -->\n<title>Elara - trpezarijski sto - WoodSteel<\/title>\n<meta name=\"description\" content=\"Elara - trpezarijski sto ovalne forme izra\u0111en od masivnog drveta, sa stabilnom metalnom konstrukcijom savremenog dizajna.\" \/>\n<meta name=\"robots\" content=\"index, follow, max-snippet:-1, max-image-preview:large, max-video-preview:-1\" \/>\n<link rel=\"canonical\" href=\"https:\/\/woodsteel.rs\/en-us\/shop\/elara-trpezarijski-sto\/\" \/>\n<meta property=\"og:locale\" content=\"en_US\" \/>\n<meta property=\"og:type\" content=\"article\" \/>\n<meta property=\"og:title\" content=\"Elara - trpezarijski sto - WoodSteel\" \/>\n<meta property=\"og:description\" content=\"Elara - trpezarijski sto ovalne forme izra\u0111en od masivnog drveta, sa stabilnom metalnom konstrukcijom savremenog dizajna.\" \/>\n<meta property=\"og:url\" content=\"https:\/\/woodsteel.rs\/en-us\/shop\/elara-trpezarijski-sto\/\" \/>\n<meta property=\"og:site_name\" content=\"WoodSteel\" \/>\n<meta property=\"article:publisher\" content=\"https:\/\/www.facebook.com\/woodsteeldesign\" \/>\n<meta property=\"article:modified_time\" content=\"2026-02-26T21:40:23+00:00\" \/>\n<meta property=\"og:image\" content=\"https:\/\/woodsteel.rs\/wp-content\/uploads\/2026\/02\/elara-trpezarijski-sto-woodsteel-beograd-namestaj-po-meri.png\" \/>\n\t<meta property=\"og:image:width\" content=\"639\" \/>\n\t<meta property=\"og:image:height\" content=\"720\" \/>\n\t<meta property=\"og:image:type\" content=\"image\/png\" \/>\n<meta name=\"twitter:label1\" content=\"Est. reading time\" \/>\n\t<meta name=\"twitter:data1\" content=\"1 minute\" \/>\n<script type=\"application\/ld+json\" class=\"yoast-schema-graph\">{\"@context\":\"https:\\\/\\\/schema.org\",\"@graph\":[{\"@type\":\"WebPage\",\"@id\":\"https:\\\/\\\/woodsteel.rs\\\/shop\\\/elara-trpezarijski-sto\\\/\",\"url\":\"https:\\\/\\\/woodsteel.rs\\\/shop\\\/elara-trpezarijski-sto\\\/\",\"name\":\"Elara - trpezarijski sto - WoodSteel\",\"isPartOf\":{\"@id\":\"https:\\\/\\\/woodsteel.rs\\\/#website\"},\"primaryImageOfPage\":{\"@id\":\"https:\\\/\\\/woodsteel.rs\\\/shop\\\/elara-trpezarijski-sto\\\/#primaryimage\"},\"image\":{\"@id\":\"https:\\\/\\\/woodsteel.rs\\\/shop\\\/elara-trpezarijski-sto\\\/#primaryimage\"},\"thumbnailUrl\":\"https:\\\/\\\/woodsteel.rs\\\/wp-content\\\/uploads\\\/2026\\\/02\\\/elara-trpezarijski-sto-woodsteel-beograd-namestaj-po-meri.png\",\"datePublished\":\"2026-02-26T21:40:22+00:00\",\"dateModified\":\"2026-02-26T21:40:23+00:00\",\"description\":\"Elara - trpezarijski sto ovalne forme izra\u0111en od masivnog drveta, sa stabilnom metalnom konstrukcijom savremenog dizajna.\",\"breadcrumb\":{\"@id\":\"https:\\\/\\\/woodsteel.rs\\\/shop\\\/elara-trpezarijski-sto\\\/#breadcrumb\"},\"inLanguage\":\"en-US\",\"potentialAction\":[{\"@type\":\"ReadAction\",\"target\":[\"https:\\\/\\\/woodsteel.rs\\\/shop\\\/elara-trpezarijski-sto\\\/\"]}]},{\"@type\":\"ImageObject\",\"inLanguage\":\"en-US\",\"@id\":\"https:\\\/\\\/woodsteel.rs\\\/shop\\\/elara-trpezarijski-sto\\\/#primaryimage\",\"url\":\"https:\\\/\\\/woodsteel.rs\\\/wp-content\\\/uploads\\\/2026\\\/02\\\/elara-trpezarijski-sto-woodsteel-beograd-namestaj-po-meri.png\",\"contentUrl\":\"https:\\\/\\\/woodsteel.rs\\\/wp-content\\\/uploads\\\/2026\\\/02\\\/elara-trpezarijski-sto-woodsteel-beograd-namestaj-po-meri.png\",\"width\":639,\"height\":720,\"caption\":\"elara trpezarijsk sto ovalnog oblika od oraha i metalne konstrukcije\"},{\"@type\":\"BreadcrumbList\",\"@id\":\"https:\\\/\\\/woodsteel.rs\\\/shop\\\/elara-trpezarijski-sto\\\/#breadcrumb\",\"itemListElement\":[{\"@type\":\"ListItem\",\"position\":1,\"name\":\"Po\u010detna\",\"item\":\"https:\\\/\\\/woodsteel.rs\\\/\"},{\"@type\":\"ListItem\",\"position\":2,\"name\":\"Proizvodi\",\"item\":\"https:\\\/\\\/woodsteel.rs\\\/shop\\\/\"},{\"@type\":\"ListItem\",\"position\":3,\"name\":\"Elara &#8211; trpezarijski sto\"}]},{\"@type\":\"WebSite\",\"@id\":\"https:\\\/\\\/woodsteel.rs\\\/#website\",\"url\":\"https:\\\/\\\/woodsteel.rs\\\/\",\"name\":\"WoodSteel\",\"description\":\"\",\"publisher\":{\"@id\":\"https:\\\/\\\/woodsteel.rs\\\/#organization\"},\"potentialAction\":[{\"@type\":\"SearchAction\",\"target\":{\"@type\":\"EntryPoint\",\"urlTemplate\":\"https:\\\/\\\/woodsteel.rs\\\/?s={search_term_string}\"},\"query-input\":{\"@type\":\"PropertyValueSpecification\",\"valueRequired\":true,\"valueName\":\"search_term_string\"}}],\"inLanguage\":\"en-US\"},{\"@type\":\"Organization\",\"@id\":\"https:\\\/\\\/woodsteel.rs\\\/#organization\",\"name\":\"Wood&Steel\",\"url\":\"https:\\\/\\\/woodsteel.rs\\\/\",\"logo\":{\"@type\":\"ImageObject\",\"inLanguage\":\"en-US\",\"@id\":\"https:\\\/\\\/woodsteel.rs\\\/#\\\/schema\\\/logo\\\/image\\\/\",\"url\":\"https:\\\/\\\/woodsteel.rs\\\/wp-content\\\/uploads\\\/2019\\\/12\\\/logo-ISPRAVAK.png\",\"contentUrl\":\"https:\\\/\\\/woodsteel.rs\\\/wp-content\\\/uploads\\\/2019\\\/12\\\/logo-ISPRAVAK.png\",\"width\":779,\"height\":776,\"caption\":\"Wood&Steel\"},\"image\":{\"@id\":\"https:\\\/\\\/woodsteel.rs\\\/#\\\/schema\\\/logo\\\/image\\\/\"},\"sameAs\":[\"https:\\\/\\\/www.facebook.com\\\/woodsteeldesign\",\"https:\\\/\\\/www.instagram.com\\\/wood_steel_design\\\/\"]}]}<\/script>\n<!-- \/ Yoast SEO plugin. -->","yoast_head_json":{"title":"Elara - trpezarijski sto - WoodSteel","description":"Elara - trpezarijski sto ovalne forme izra\u0111en od masivnog drveta, sa stabilnom metalnom konstrukcijom savremenog dizajna.","robots":{"index":"index","follow":"follow","max-snippet":"max-snippet:-1","max-image-preview":"max-image-preview:large","max-video-preview":"max-video-preview:-1"},"canonical":"https:\/\/woodsteel.rs\/en-us\/shop\/elara-trpezarijski-sto\/","og_locale":"en_US","og_type":"article","og_title":"Elara - trpezarijski sto - WoodSteel","og_description":"Elara - trpezarijski sto ovalne forme izra\u0111en od masivnog drveta, sa stabilnom metalnom konstrukcijom savremenog dizajna.","og_url":"https:\/\/woodsteel.rs\/en-us\/shop\/elara-trpezarijski-sto\/","og_site_name":"WoodSteel","article_publisher":"https:\/\/www.facebook.com\/woodsteeldesign","article_modified_time":"2026-02-26T21:40:23+00:00","og_image":[{"width":639,"height":720,"url":"https:\/\/woodsteel.rs\/wp-content\/uploads\/2026\/02\/elara-trpezarijski-sto-woodsteel-beograd-namestaj-po-meri.png","type":"image\/png"}],"twitter_misc":{"Est. reading time":"1 minute"},"schema":{"@context":"https:\/\/schema.org","@graph":[{"@type":"WebPage","@id":"https:\/\/woodsteel.rs\/shop\/elara-trpezarijski-sto\/","url":"https:\/\/woodsteel.rs\/shop\/elara-trpezarijski-sto\/","name":"Elara - trpezarijski sto - WoodSteel","isPartOf":{"@id":"https:\/\/woodsteel.rs\/#website"},"primaryImageOfPage":{"@id":"https:\/\/woodsteel.rs\/shop\/elara-trpezarijski-sto\/#primaryimage"},"image":{"@id":"https:\/\/woodsteel.rs\/shop\/elara-trpezarijski-sto\/#primaryimage"},"thumbnailUrl":"https:\/\/woodsteel.rs\/wp-content\/uploads\/2026\/02\/elara-trpezarijski-sto-woodsteel-beograd-namestaj-po-meri.png","datePublished":"2026-02-26T21:40:22+00:00","dateModified":"2026-02-26T21:40:23+00:00","description":"Elara - trpezarijski sto ovalne forme izra\u0111en od masivnog drveta, sa stabilnom metalnom konstrukcijom savremenog dizajna.","breadcrumb":{"@id":"https:\/\/woodsteel.rs\/shop\/elara-trpezarijski-sto\/#breadcrumb"},"inLanguage":"en-US","potentialAction":[{"@type":"ReadAction","target":["https:\/\/woodsteel.rs\/shop\/elara-trpezarijski-sto\/"]}]},{"@type":"ImageObject","inLanguage":"en-US","@id":"https:\/\/woodsteel.rs\/shop\/elara-trpezarijski-sto\/#primaryimage","url":"https:\/\/woodsteel.rs\/wp-content\/uploads\/2026\/02\/elara-trpezarijski-sto-woodsteel-beograd-namestaj-po-meri.png","contentUrl":"https:\/\/woodsteel.rs\/wp-content\/uploads\/2026\/02\/elara-trpezarijski-sto-woodsteel-beograd-namestaj-po-meri.png","width":639,"height":720,"caption":"elara trpezarijsk sto ovalnog oblika od oraha i metalne konstrukcije"},{"@type":"BreadcrumbList","@id":"https:\/\/woodsteel.rs\/shop\/elara-trpezarijski-sto\/#breadcrumb","itemListElement":[{"@type":"ListItem","position":1,"name":"Po\u010detna","item":"https:\/\/woodsteel.rs\/"},{"@type":"ListItem","position":2,"name":"Proizvodi","item":"https:\/\/woodsteel.rs\/shop\/"},{"@type":"ListItem","position":3,"name":"Elara &#8211; trpezarijski sto"}]},{"@type":"WebSite","@id":"https:\/\/woodsteel.rs\/#website","url":"https:\/\/woodsteel.rs\/","name":"WoodSteel","description":"","publisher":{"@id":"https:\/\/woodsteel.rs\/#organization"},"potentialAction":[{"@type":"SearchAction","target":{"@type":"EntryPoint","urlTemplate":"https:\/\/woodsteel.rs\/?s={search_term_string}"},"query-input":{"@type":"PropertyValueSpecification","valueRequired":true,"valueName":"search_term_string"}}],"inLanguage":"en-US"},{"@type":"Organization","@id":"https:\/\/woodsteel.rs\/#organization","name":"Wood&Steel","url":"https:\/\/woodsteel.rs\/","logo":{"@type":"ImageObject","inLanguage":"en-US","@id":"https:\/\/woodsteel.rs\/#\/schema\/logo\/image\/","url":"https:\/\/woodsteel.rs\/wp-content\/uploads\/2019\/12\/logo-ISPRAVAK.png","contentUrl":"https:\/\/woodsteel.rs\/wp-content\/uploads\/2019\/12\/logo-ISPRAVAK.png","width":779,"height":776,"caption":"Wood&Steel"},"image":{"@id":"https:\/\/woodsteel.rs\/#\/schema\/logo\/image\/"},"sameAs":["https:\/\/www.facebook.com\/woodsteeldesign","https:\/\/www.instagram.com\/wood_steel_design\/"]}]}},"_links":{"self":[{"href":"https:\/\/woodsteel.rs\/en-us\/wp-json\/wp\/v2\/product\/3680","targetHints":{"allow":["GET"]}}],"collection":[{"href":"https:\/\/woodsteel.rs\/en-us\/wp-json\/wp\/v2\/product"}],"about":[{"href":"https:\/\/woodsteel.rs\/en-us\/wp-json\/wp\/v2\/types\/product"}],"wp:featuredmedia":[{"embeddable":true,"href":"https:\/\/woodsteel.rs\/en-us\/wp-json\/wp\/v2\/media\/3681"}],"wp:attachment":[{"href":"https:\/\/woodsteel.rs\/en-us\/wp-json\/wp\/v2\/media?parent=3680"}],"wp:term":[{"taxonomy":"product_brand","embeddable":true,"href":"https:\/\/woodsteel.rs\/en-us\/wp-json\/wp\/v2\/product_brand?post=3680"},{"taxonomy":"product_cat","embeddable":true,"href":"https:\/\/woodsteel.rs\/en-us\/wp-json\/wp\/v2\/product_cat?post=3680"},{"taxonomy":"product_tag","embeddable":true,"href":"https:\/\/woodsteel.rs\/en-us\/wp-json\/wp\/v2\/product_tag?post=3680"}],"curies":[{"name":"wp","href":"https:\/\/api.w.org\/{rel}","templated":true}]}}