{"id":3682,"date":"2026-02-26T22:50:03","date_gmt":"2026-02-26T21:50:03","guid":{"rendered":"https:\/\/woodsteel.rs\/?post_type=product&#038;p=3682"},"modified":"2026-02-26T22:50:05","modified_gmt":"2026-02-26T21:50:05","slug":"arbore-klub-sto","status":"publish","type":"product","link":"https:\/\/woodsteel.rs\/en-us\/shop\/arbore-klub-sto\/","title":{"rendered":"Arbore &#8211; klub sto"},"content":{"rendered":"<p>Arbore &#8211; klub sto\u00a0 predstavlja spoj prirodnih materijala i savremenog dizajna. Set se sastoji od dva stola razli\u010ditih oblika i materijala, koji zajedno stvaraju dinami\u010dan i sofisticiran enterijerski element.<\/p>\n<p data-start=\"1971\" data-end=\"2160\">Drvena plo\u010da donosi toplinu i prirodan karakter, dok mermerna povr\u0161ina dodaje luksuzan i unikatan vizuelni efekat. Svaka mermerna plo\u010da poseduje jedinstvenu teksturu, \u010dine\u0107i svaki sto posebnim.<\/p>\n<p data-start=\"2162\" data-end=\"2248\">Metalna baza modernog oblika pru\u017ea stabilnost i estetsku ravnote\u017eu celokupnom dizajnu.<\/p>\n<p data-start=\"2250\" data-end=\"2358\">Idealan je za moderne dnevne boravke, luksuzne enterijere i prostore sa nagla\u0161enim dizajnerskim identitetom.<\/p>\n<h2 data-start=\"2360\" data-end=\"2375\">Materijali<\/h2>\n<ul data-start=\"2377\" data-end=\"2465\">\n<li data-start=\"2377\" data-end=\"2400\">\n<p data-start=\"2379\" data-end=\"2400\">plo\u010da: masivno drvo<\/p>\n<\/li>\n<li data-start=\"2401\" data-end=\"2426\">\n<p data-start=\"2403\" data-end=\"2426\">plo\u010da: mermer<\/p>\n<\/li>\n<li data-start=\"2427\" data-end=\"2465\">\n<p data-start=\"2429\" data-end=\"2465\">konstrukcija: \u010delik, plastificiran<\/p>\n<\/li>\n<\/ul>\n<h2 data-start=\"2467\" data-end=\"2486\">Karakteristike<\/h2>\n<ul data-start=\"2488\" data-end=\"2605\">\n<li data-start=\"2488\" data-end=\"2509\">\n<p data-start=\"2490\" data-end=\"2509\">jedinstven dizajn<\/p>\n<\/li>\n<li data-start=\"2510\" data-end=\"2533\">\n<p data-start=\"2512\" data-end=\"2533\">prirodni materijali<\/p>\n<\/li>\n<li data-start=\"2534\" data-end=\"2559\">\n<p data-start=\"2536\" data-end=\"2559\">stabilna konstrukcija<\/p>\n<\/li>\n<li data-start=\"2560\" data-end=\"2576\">\n<p data-start=\"2562\" data-end=\"2576\">ru\u010dna izrada<\/p>\n<\/li>\n<li data-start=\"2577\" data-end=\"2605\">\n<p data-start=\"2579\" data-end=\"2605\">mogu\u0107nost izrade po meri<\/p>\n<\/li>\n<\/ul>\n<p data-start=\"1479\" data-end=\"1703\"><span lang=\"en-US\">\ud83d\udc49<\/span><span lang=\"en-US\"> Pogledajte vi\u0161e modela na na\u0161em sajtu: <\/span><a href=\"https:\/\/woodsteel.rs\/en-us\/\"><span lang=\"sr-Latn-RS\">www.woodsteel.rs<\/span><\/a><\/p>\n<p data-start=\"1479\" data-end=\"1703\">\ud83d\udce9 Za porud\u017ebine i izradu po meri kontaktirajte nas putem kontakt forme ili direktno putem <a href=\"https:\/\/www.instagram.com\/wood_steel_design\/\">Instagrama<\/a>.<\/p>","protected":false},"excerpt":{"rendered":"<p>Arbore &#8211; klub sto\u00a0 predstavlja spoj prirodnih materijala i savremenog dizajna. Set se sastoji od dva stola razli\u010ditih oblika i materijala, koji zajedno stvaraju dinami\u010dan i sofisticiran enterijerski element.\u0107<\/p>\n<p>&nbsp;<\/p>\n<p data-start=\"602\" data-end=\"933\"><strong>Material:<\/strong> Metalna konstrukcija, drvo, mermer.<\/p>\n<p data-start=\"602\" data-end=\"933\"><strong>Note:<\/strong> Price and dimensions may vary.<\/p>","protected":false},"featured_media":3683,"template":"","meta":{"_monsterinsights_skip_tracking":false,"_monsterinsights_sitenote_active":false,"_monsterinsights_sitenote_note":"","_monsterinsights_sitenote_category":0},"product_brand":[],"product_cat":[34],"product_tag":[],"class_list":{"0":"post-3682","1":"product","2":"type-product","3":"status-publish","4":"has-post-thumbnail","6":"product_cat-klub-sto","8":"first","9":"instock","10":"shipping-taxable","11":"product-type-simple"},"yoast_head":"<!-- This site is optimized with the Yoast SEO plugin v27.4 - https:\/\/yoast.com\/product\/yoast-seo-wordpress\/ -->\n<title>Arbore - klub sto - WoodSteel<\/title>\n<meta name=\"description\" content=\"Arbore - klub sto idealan je za moderne dnevne boravke, luksuzne enterijere i prostore sa nagla\u0161enim dizajnerskim identitetom.\" \/>\n<meta name=\"robots\" content=\"index, follow, max-snippet:-1, max-image-preview:large, max-video-preview:-1\" \/>\n<link rel=\"canonical\" href=\"https:\/\/woodsteel.rs\/en-us\/shop\/arbore-klub-sto\/\" \/>\n<meta property=\"og:locale\" content=\"en_US\" \/>\n<meta property=\"og:type\" content=\"article\" \/>\n<meta property=\"og:title\" content=\"Arbore - klub sto - WoodSteel\" \/>\n<meta property=\"og:description\" content=\"Arbore - klub sto idealan je za moderne dnevne boravke, luksuzne enterijere i prostore sa nagla\u0161enim dizajnerskim identitetom.\" \/>\n<meta property=\"og:url\" content=\"https:\/\/woodsteel.rs\/en-us\/shop\/arbore-klub-sto\/\" \/>\n<meta property=\"og:site_name\" content=\"WoodSteel\" \/>\n<meta property=\"article:publisher\" content=\"https:\/\/www.facebook.com\/woodsteeldesign\" \/>\n<meta property=\"article:modified_time\" content=\"2026-02-26T21:50:05+00:00\" \/>\n<meta property=\"og:image\" content=\"https:\/\/woodsteel.rs\/wp-content\/uploads\/2026\/02\/arbore-klub-sto-set-dva-stola-woodateel-namestaj-po-meri-beograd.png\" \/>\n\t<meta property=\"og:image:width\" content=\"672\" \/>\n\t<meta property=\"og:image:height\" content=\"720\" \/>\n\t<meta property=\"og:image:type\" content=\"image\/png\" \/>\n<meta name=\"twitter:label1\" content=\"Est. reading time\" \/>\n\t<meta name=\"twitter:data1\" content=\"1 minute\" \/>\n<script type=\"application\/ld+json\" class=\"yoast-schema-graph\">{\"@context\":\"https:\\\/\\\/schema.org\",\"@graph\":[{\"@type\":\"WebPage\",\"@id\":\"https:\\\/\\\/woodsteel.rs\\\/shop\\\/arbore-klub-sto\\\/\",\"url\":\"https:\\\/\\\/woodsteel.rs\\\/shop\\\/arbore-klub-sto\\\/\",\"name\":\"Arbore - klub sto - WoodSteel\",\"isPartOf\":{\"@id\":\"https:\\\/\\\/woodsteel.rs\\\/#website\"},\"primaryImageOfPage\":{\"@id\":\"https:\\\/\\\/woodsteel.rs\\\/shop\\\/arbore-klub-sto\\\/#primaryimage\"},\"image\":{\"@id\":\"https:\\\/\\\/woodsteel.rs\\\/shop\\\/arbore-klub-sto\\\/#primaryimage\"},\"thumbnailUrl\":\"https:\\\/\\\/woodsteel.rs\\\/wp-content\\\/uploads\\\/2026\\\/02\\\/arbore-klub-sto-set-dva-stola-woodateel-namestaj-po-meri-beograd.png\",\"datePublished\":\"2026-02-26T21:50:03+00:00\",\"dateModified\":\"2026-02-26T21:50:05+00:00\",\"description\":\"Arbore - klub sto idealan je za moderne dnevne boravke, luksuzne enterijere i prostore sa nagla\u0161enim dizajnerskim identitetom.\",\"breadcrumb\":{\"@id\":\"https:\\\/\\\/woodsteel.rs\\\/shop\\\/arbore-klub-sto\\\/#breadcrumb\"},\"inLanguage\":\"en-US\",\"potentialAction\":[{\"@type\":\"ReadAction\",\"target\":[\"https:\\\/\\\/woodsteel.rs\\\/shop\\\/arbore-klub-sto\\\/\"]}]},{\"@type\":\"ImageObject\",\"inLanguage\":\"en-US\",\"@id\":\"https:\\\/\\\/woodsteel.rs\\\/shop\\\/arbore-klub-sto\\\/#primaryimage\",\"url\":\"https:\\\/\\\/woodsteel.rs\\\/wp-content\\\/uploads\\\/2026\\\/02\\\/arbore-klub-sto-set-dva-stola-woodateel-namestaj-po-meri-beograd.png\",\"contentUrl\":\"https:\\\/\\\/woodsteel.rs\\\/wp-content\\\/uploads\\\/2026\\\/02\\\/arbore-klub-sto-set-dva-stola-woodateel-namestaj-po-meri-beograd.png\",\"width\":672,\"height\":720,\"caption\":\"arbore klub sto od mermera i drveta set dva stola\"},{\"@type\":\"BreadcrumbList\",\"@id\":\"https:\\\/\\\/woodsteel.rs\\\/shop\\\/arbore-klub-sto\\\/#breadcrumb\",\"itemListElement\":[{\"@type\":\"ListItem\",\"position\":1,\"name\":\"Po\u010detna\",\"item\":\"https:\\\/\\\/woodsteel.rs\\\/\"},{\"@type\":\"ListItem\",\"position\":2,\"name\":\"Proizvodi\",\"item\":\"https:\\\/\\\/woodsteel.rs\\\/shop\\\/\"},{\"@type\":\"ListItem\",\"position\":3,\"name\":\"Arbore &#8211; klub sto\"}]},{\"@type\":\"WebSite\",\"@id\":\"https:\\\/\\\/woodsteel.rs\\\/#website\",\"url\":\"https:\\\/\\\/woodsteel.rs\\\/\",\"name\":\"WoodSteel\",\"description\":\"\",\"publisher\":{\"@id\":\"https:\\\/\\\/woodsteel.rs\\\/#organization\"},\"potentialAction\":[{\"@type\":\"SearchAction\",\"target\":{\"@type\":\"EntryPoint\",\"urlTemplate\":\"https:\\\/\\\/woodsteel.rs\\\/?s={search_term_string}\"},\"query-input\":{\"@type\":\"PropertyValueSpecification\",\"valueRequired\":true,\"valueName\":\"search_term_string\"}}],\"inLanguage\":\"en-US\"},{\"@type\":\"Organization\",\"@id\":\"https:\\\/\\\/woodsteel.rs\\\/#organization\",\"name\":\"Wood&Steel\",\"url\":\"https:\\\/\\\/woodsteel.rs\\\/\",\"logo\":{\"@type\":\"ImageObject\",\"inLanguage\":\"en-US\",\"@id\":\"https:\\\/\\\/woodsteel.rs\\\/#\\\/schema\\\/logo\\\/image\\\/\",\"url\":\"https:\\\/\\\/woodsteel.rs\\\/wp-content\\\/uploads\\\/2019\\\/12\\\/logo-ISPRAVAK.png\",\"contentUrl\":\"https:\\\/\\\/woodsteel.rs\\\/wp-content\\\/uploads\\\/2019\\\/12\\\/logo-ISPRAVAK.png\",\"width\":779,\"height\":776,\"caption\":\"Wood&Steel\"},\"image\":{\"@id\":\"https:\\\/\\\/woodsteel.rs\\\/#\\\/schema\\\/logo\\\/image\\\/\"},\"sameAs\":[\"https:\\\/\\\/www.facebook.com\\\/woodsteeldesign\",\"https:\\\/\\\/www.instagram.com\\\/wood_steel_design\\\/\"]}]}<\/script>\n<!-- \/ Yoast SEO plugin. -->","yoast_head_json":{"title":"Arbore - klub sto - WoodSteel","description":"Arbore - klub sto idealan je za moderne dnevne boravke, luksuzne enterijere i prostore sa nagla\u0161enim dizajnerskim identitetom.","robots":{"index":"index","follow":"follow","max-snippet":"max-snippet:-1","max-image-preview":"max-image-preview:large","max-video-preview":"max-video-preview:-1"},"canonical":"https:\/\/woodsteel.rs\/en-us\/shop\/arbore-klub-sto\/","og_locale":"en_US","og_type":"article","og_title":"Arbore - klub sto - WoodSteel","og_description":"Arbore - klub sto idealan je za moderne dnevne boravke, luksuzne enterijere i prostore sa nagla\u0161enim dizajnerskim identitetom.","og_url":"https:\/\/woodsteel.rs\/en-us\/shop\/arbore-klub-sto\/","og_site_name":"WoodSteel","article_publisher":"https:\/\/www.facebook.com\/woodsteeldesign","article_modified_time":"2026-02-26T21:50:05+00:00","og_image":[{"width":672,"height":720,"url":"https:\/\/woodsteel.rs\/wp-content\/uploads\/2026\/02\/arbore-klub-sto-set-dva-stola-woodateel-namestaj-po-meri-beograd.png","type":"image\/png"}],"twitter_misc":{"Est. reading time":"1 minute"},"schema":{"@context":"https:\/\/schema.org","@graph":[{"@type":"WebPage","@id":"https:\/\/woodsteel.rs\/shop\/arbore-klub-sto\/","url":"https:\/\/woodsteel.rs\/shop\/arbore-klub-sto\/","name":"Arbore - klub sto - WoodSteel","isPartOf":{"@id":"https:\/\/woodsteel.rs\/#website"},"primaryImageOfPage":{"@id":"https:\/\/woodsteel.rs\/shop\/arbore-klub-sto\/#primaryimage"},"image":{"@id":"https:\/\/woodsteel.rs\/shop\/arbore-klub-sto\/#primaryimage"},"thumbnailUrl":"https:\/\/woodsteel.rs\/wp-content\/uploads\/2026\/02\/arbore-klub-sto-set-dva-stola-woodateel-namestaj-po-meri-beograd.png","datePublished":"2026-02-26T21:50:03+00:00","dateModified":"2026-02-26T21:50:05+00:00","description":"Arbore - klub sto idealan je za moderne dnevne boravke, luksuzne enterijere i prostore sa nagla\u0161enim dizajnerskim identitetom.","breadcrumb":{"@id":"https:\/\/woodsteel.rs\/shop\/arbore-klub-sto\/#breadcrumb"},"inLanguage":"en-US","potentialAction":[{"@type":"ReadAction","target":["https:\/\/woodsteel.rs\/shop\/arbore-klub-sto\/"]}]},{"@type":"ImageObject","inLanguage":"en-US","@id":"https:\/\/woodsteel.rs\/shop\/arbore-klub-sto\/#primaryimage","url":"https:\/\/woodsteel.rs\/wp-content\/uploads\/2026\/02\/arbore-klub-sto-set-dva-stola-woodateel-namestaj-po-meri-beograd.png","contentUrl":"https:\/\/woodsteel.rs\/wp-content\/uploads\/2026\/02\/arbore-klub-sto-set-dva-stola-woodateel-namestaj-po-meri-beograd.png","width":672,"height":720,"caption":"arbore klub sto od mermera i drveta set dva stola"},{"@type":"BreadcrumbList","@id":"https:\/\/woodsteel.rs\/shop\/arbore-klub-sto\/#breadcrumb","itemListElement":[{"@type":"ListItem","position":1,"name":"Po\u010detna","item":"https:\/\/woodsteel.rs\/"},{"@type":"ListItem","position":2,"name":"Proizvodi","item":"https:\/\/woodsteel.rs\/shop\/"},{"@type":"ListItem","position":3,"name":"Arbore &#8211; klub sto"}]},{"@type":"WebSite","@id":"https:\/\/woodsteel.rs\/#website","url":"https:\/\/woodsteel.rs\/","name":"WoodSteel","description":"","publisher":{"@id":"https:\/\/woodsteel.rs\/#organization"},"potentialAction":[{"@type":"SearchAction","target":{"@type":"EntryPoint","urlTemplate":"https:\/\/woodsteel.rs\/?s={search_term_string}"},"query-input":{"@type":"PropertyValueSpecification","valueRequired":true,"valueName":"search_term_string"}}],"inLanguage":"en-US"},{"@type":"Organization","@id":"https:\/\/woodsteel.rs\/#organization","name":"Wood&Steel","url":"https:\/\/woodsteel.rs\/","logo":{"@type":"ImageObject","inLanguage":"en-US","@id":"https:\/\/woodsteel.rs\/#\/schema\/logo\/image\/","url":"https:\/\/woodsteel.rs\/wp-content\/uploads\/2019\/12\/logo-ISPRAVAK.png","contentUrl":"https:\/\/woodsteel.rs\/wp-content\/uploads\/2019\/12\/logo-ISPRAVAK.png","width":779,"height":776,"caption":"Wood&Steel"},"image":{"@id":"https:\/\/woodsteel.rs\/#\/schema\/logo\/image\/"},"sameAs":["https:\/\/www.facebook.com\/woodsteeldesign","https:\/\/www.instagram.com\/wood_steel_design\/"]}]}},"_links":{"self":[{"href":"https:\/\/woodsteel.rs\/en-us\/wp-json\/wp\/v2\/product\/3682","targetHints":{"allow":["GET"]}}],"collection":[{"href":"https:\/\/woodsteel.rs\/en-us\/wp-json\/wp\/v2\/product"}],"about":[{"href":"https:\/\/woodsteel.rs\/en-us\/wp-json\/wp\/v2\/types\/product"}],"wp:featuredmedia":[{"embeddable":true,"href":"https:\/\/woodsteel.rs\/en-us\/wp-json\/wp\/v2\/media\/3683"}],"wp:attachment":[{"href":"https:\/\/woodsteel.rs\/en-us\/wp-json\/wp\/v2\/media?parent=3682"}],"wp:term":[{"taxonomy":"product_brand","embeddable":true,"href":"https:\/\/woodsteel.rs\/en-us\/wp-json\/wp\/v2\/product_brand?post=3682"},{"taxonomy":"product_cat","embeddable":true,"href":"https:\/\/woodsteel.rs\/en-us\/wp-json\/wp\/v2\/product_cat?post=3682"},{"taxonomy":"product_tag","embeddable":true,"href":"https:\/\/woodsteel.rs\/en-us\/wp-json\/wp\/v2\/product_tag?post=3682"}],"curies":[{"name":"wp","href":"https:\/\/api.w.org\/{rel}","templated":true}]}}