{"id":397,"date":"2020-02-17T15:44:43","date_gmt":"2020-02-17T14:44:43","guid":{"rendered":"http:\/\/wp_woodsteel.test\/?post_type=product&#038;p=397"},"modified":"2023-03-13T17:07:11","modified_gmt":"2023-03-13T16:07:11","slug":"parva-klub-sto","status":"publish","type":"product","link":"https:\/\/woodsteel.rs\/en-us\/shop\/parva-klub-sto\/","title":{"rendered":"Alba I - dining table"},"content":{"rendered":"<p>Alba I &#8211; trpezarijski sto je jako prakti\u010dni i elegantni stolovi. Plo\u010de stolova serije Alba, napravljeni su od hrasta. Metalne konstrukcije od plastificiranog metal koji mo\u017ee biti u raznim bojama u zavisnosti od Va\u0161eg enterijera. Dimenzije su podlo\u017ene promenama. Trpezarijski sto sa 4 do 6 mesta za sedenje. Dimenzije sami mo\u017eete da odredite pre kreiranja porud\u017ebine. Mo\u017eete nas kontaktirati kako biste se posavetovali sa na\u0161im timom. Alba I &#8211; trpezarijski sto je pravi odabir za Va\u0161u trpezariju.<\/p>\n<p>&nbsp;<\/p>\n<p>Dimensions: 140x90x75cm.<\/p>\n<p>Material: Plasticized metal and oak wood.<\/p>\n<p>&nbsp;<\/p>\n<p><strong>Note:<\/strong> Price and dimensions may vary.<\/p>\n<p>Follow us on <em><strong><a href=\"https:\/\/www.instagram.com\/wood_steel_design\/\">instagram<\/a><\/strong><\/em>, kako biste uvek bili u toku sa novim modelima trpezarijskih stolova. Ili nas <a href=\"https:\/\/woodsteel.rs\/en-us\/kontakt\/\">kontaktirajte<\/a> ve\u0107 danas, kako bismo zajedno dizajnirali i izradili Va\u0161 trpezarijski sto.<\/p>","protected":false},"excerpt":{"rendered":"<p>Alba dining tables are very practical and elegant tables. The table tops of the Alba series are made of oak. Metal constructions made of plasticized metal that can be in various colors depending on your interior. Dimensions are subject to change.<\/p>\n<p>&nbsp;<\/p>\n<p>Dimensions: 140x90x75cm.<\/p>\n<p>Material: Plasticized metal and oak wood.<\/p>\n<p>&nbsp;<\/p>\n<p><strong>Note:<\/strong> Price and dimensions may vary.<\/p>","protected":false},"featured_media":421,"template":"","meta":{"_monsterinsights_skip_tracking":false,"_monsterinsights_sitenote_active":false,"_monsterinsights_sitenote_note":"","_monsterinsights_sitenote_category":0},"product_brand":[],"product_cat":[35],"product_tag":[],"class_list":{"0":"post-397","1":"product","2":"type-product","3":"status-publish","4":"has-post-thumbnail","6":"product_cat-trpezarijski-sto","8":"first","9":"instock","10":"shipping-taxable","11":"product-type-simple"},"yoast_head":"<!-- This site is optimized with the Yoast SEO plugin v27.4 - https:\/\/yoast.com\/product\/yoast-seo-wordpress\/ -->\n<title>Alba I - trpezarijski sto - WoodSteel<\/title>\n<meta name=\"description\" content=\"Alba I - trpezarijski sto dimenzija: 140 x 90 x 75cm. U osnovi je plastificiran i metal bele boje. Plo\u010da stola je od drveta Hrasta.\" \/>\n<meta name=\"robots\" content=\"index, follow, max-snippet:-1, max-image-preview:large, max-video-preview:-1\" \/>\n<link rel=\"canonical\" href=\"https:\/\/woodsteel.rs\/en-us\/shop\/parva-klub-sto\/\" \/>\n<meta property=\"og:locale\" content=\"en_US\" \/>\n<meta property=\"og:type\" content=\"article\" \/>\n<meta property=\"og:title\" content=\"Alba I - trpezarijski sto - WoodSteel\" \/>\n<meta property=\"og:description\" content=\"Alba I - trpezarijski sto dimenzija: 140 x 90 x 75cm. U osnovi je plastificiran i metal bele boje. Plo\u010da stola je od drveta Hrasta.\" \/>\n<meta property=\"og:url\" content=\"https:\/\/woodsteel.rs\/en-us\/shop\/parva-klub-sto\/\" \/>\n<meta property=\"og:site_name\" content=\"WoodSteel\" \/>\n<meta property=\"article:publisher\" content=\"https:\/\/www.facebook.com\/woodsteeldesign\" \/>\n<meta property=\"article:modified_time\" content=\"2023-03-13T16:07:11+00:00\" \/>\n<meta property=\"og:image\" content=\"https:\/\/woodsteel.rs\/wp-content\/uploads\/2020\/02\/alba-drveni-sto-sa-metalnom-konstrukcijom.jpg\" \/>\n\t<meta property=\"og:image:width\" content=\"1500\" \/>\n\t<meta property=\"og:image:height\" content=\"1500\" \/>\n\t<meta property=\"og:image:type\" content=\"image\/jpeg\" \/>\n<meta name=\"twitter:label1\" content=\"Est. reading time\" \/>\n\t<meta name=\"twitter:data1\" content=\"1 minute\" \/>\n<script type=\"application\/ld+json\" class=\"yoast-schema-graph\">{\"@context\":\"https:\\\/\\\/schema.org\",\"@graph\":[{\"@type\":\"WebPage\",\"@id\":\"https:\\\/\\\/woodsteel.rs\\\/shop\\\/parva-klub-sto\\\/\",\"url\":\"https:\\\/\\\/woodsteel.rs\\\/shop\\\/parva-klub-sto\\\/\",\"name\":\"Alba I - trpezarijski sto - WoodSteel\",\"isPartOf\":{\"@id\":\"https:\\\/\\\/woodsteel.rs\\\/#website\"},\"primaryImageOfPage\":{\"@id\":\"https:\\\/\\\/woodsteel.rs\\\/shop\\\/parva-klub-sto\\\/#primaryimage\"},\"image\":{\"@id\":\"https:\\\/\\\/woodsteel.rs\\\/shop\\\/parva-klub-sto\\\/#primaryimage\"},\"thumbnailUrl\":\"https:\\\/\\\/woodsteel.rs\\\/wp-content\\\/uploads\\\/2020\\\/02\\\/alba-drveni-sto-sa-metalnom-konstrukcijom.jpg\",\"datePublished\":\"2020-02-17T14:44:43+00:00\",\"dateModified\":\"2023-03-13T16:07:11+00:00\",\"description\":\"Alba I - trpezarijski sto dimenzija: 140 x 90 x 75cm. U osnovi je plastificiran i metal bele boje. Plo\u010da stola je od drveta Hrasta.\",\"breadcrumb\":{\"@id\":\"https:\\\/\\\/woodsteel.rs\\\/shop\\\/parva-klub-sto\\\/#breadcrumb\"},\"inLanguage\":\"en-US\",\"potentialAction\":[{\"@type\":\"ReadAction\",\"target\":[\"https:\\\/\\\/woodsteel.rs\\\/shop\\\/parva-klub-sto\\\/\"]}]},{\"@type\":\"ImageObject\",\"inLanguage\":\"en-US\",\"@id\":\"https:\\\/\\\/woodsteel.rs\\\/shop\\\/parva-klub-sto\\\/#primaryimage\",\"url\":\"https:\\\/\\\/woodsteel.rs\\\/wp-content\\\/uploads\\\/2020\\\/02\\\/alba-drveni-sto-sa-metalnom-konstrukcijom.jpg\",\"contentUrl\":\"https:\\\/\\\/woodsteel.rs\\\/wp-content\\\/uploads\\\/2020\\\/02\\\/alba-drveni-sto-sa-metalnom-konstrukcijom.jpg\",\"width\":1500,\"height\":1500,\"caption\":\"Alba I - trpezarijski sto od drveta Hrasta i metalne konstrukcije. ru\u010dna izrada trpezarijskih stolova Beograd\"},{\"@type\":\"BreadcrumbList\",\"@id\":\"https:\\\/\\\/woodsteel.rs\\\/shop\\\/parva-klub-sto\\\/#breadcrumb\",\"itemListElement\":[{\"@type\":\"ListItem\",\"position\":1,\"name\":\"Po\u010detna\",\"item\":\"https:\\\/\\\/woodsteel.rs\\\/\"},{\"@type\":\"ListItem\",\"position\":2,\"name\":\"Proizvodi\",\"item\":\"https:\\\/\\\/woodsteel.rs\\\/shop\\\/\"},{\"@type\":\"ListItem\",\"position\":3,\"name\":\"Alba I &#8211; trpezarijski sto\"}]},{\"@type\":\"WebSite\",\"@id\":\"https:\\\/\\\/woodsteel.rs\\\/#website\",\"url\":\"https:\\\/\\\/woodsteel.rs\\\/\",\"name\":\"WoodSteel\",\"description\":\"\",\"publisher\":{\"@id\":\"https:\\\/\\\/woodsteel.rs\\\/#organization\"},\"potentialAction\":[{\"@type\":\"SearchAction\",\"target\":{\"@type\":\"EntryPoint\",\"urlTemplate\":\"https:\\\/\\\/woodsteel.rs\\\/?s={search_term_string}\"},\"query-input\":{\"@type\":\"PropertyValueSpecification\",\"valueRequired\":true,\"valueName\":\"search_term_string\"}}],\"inLanguage\":\"en-US\"},{\"@type\":\"Organization\",\"@id\":\"https:\\\/\\\/woodsteel.rs\\\/#organization\",\"name\":\"Wood&Steel\",\"url\":\"https:\\\/\\\/woodsteel.rs\\\/\",\"logo\":{\"@type\":\"ImageObject\",\"inLanguage\":\"en-US\",\"@id\":\"https:\\\/\\\/woodsteel.rs\\\/#\\\/schema\\\/logo\\\/image\\\/\",\"url\":\"https:\\\/\\\/woodsteel.rs\\\/wp-content\\\/uploads\\\/2019\\\/12\\\/logo-ISPRAVAK.png\",\"contentUrl\":\"https:\\\/\\\/woodsteel.rs\\\/wp-content\\\/uploads\\\/2019\\\/12\\\/logo-ISPRAVAK.png\",\"width\":779,\"height\":776,\"caption\":\"Wood&Steel\"},\"image\":{\"@id\":\"https:\\\/\\\/woodsteel.rs\\\/#\\\/schema\\\/logo\\\/image\\\/\"},\"sameAs\":[\"https:\\\/\\\/www.facebook.com\\\/woodsteeldesign\",\"https:\\\/\\\/www.instagram.com\\\/wood_steel_design\\\/\"]}]}<\/script>\n<!-- \/ Yoast SEO plugin. -->","yoast_head_json":{"title":"Alba I - trpezarijski sto - WoodSteel","description":"Alba I - trpezarijski sto dimenzija: 140 x 90 x 75cm. U osnovi je plastificiran i metal bele boje. Plo\u010da stola je od drveta Hrasta.","robots":{"index":"index","follow":"follow","max-snippet":"max-snippet:-1","max-image-preview":"max-image-preview:large","max-video-preview":"max-video-preview:-1"},"canonical":"https:\/\/woodsteel.rs\/en-us\/shop\/parva-klub-sto\/","og_locale":"en_US","og_type":"article","og_title":"Alba I - trpezarijski sto - WoodSteel","og_description":"Alba I - trpezarijski sto dimenzija: 140 x 90 x 75cm. U osnovi je plastificiran i metal bele boje. Plo\u010da stola je od drveta Hrasta.","og_url":"https:\/\/woodsteel.rs\/en-us\/shop\/parva-klub-sto\/","og_site_name":"WoodSteel","article_publisher":"https:\/\/www.facebook.com\/woodsteeldesign","article_modified_time":"2023-03-13T16:07:11+00:00","og_image":[{"width":1500,"height":1500,"url":"https:\/\/woodsteel.rs\/wp-content\/uploads\/2020\/02\/alba-drveni-sto-sa-metalnom-konstrukcijom.jpg","type":"image\/jpeg"}],"twitter_misc":{"Est. reading time":"1 minute"},"schema":{"@context":"https:\/\/schema.org","@graph":[{"@type":"WebPage","@id":"https:\/\/woodsteel.rs\/shop\/parva-klub-sto\/","url":"https:\/\/woodsteel.rs\/shop\/parva-klub-sto\/","name":"Alba I - trpezarijski sto - WoodSteel","isPartOf":{"@id":"https:\/\/woodsteel.rs\/#website"},"primaryImageOfPage":{"@id":"https:\/\/woodsteel.rs\/shop\/parva-klub-sto\/#primaryimage"},"image":{"@id":"https:\/\/woodsteel.rs\/shop\/parva-klub-sto\/#primaryimage"},"thumbnailUrl":"https:\/\/woodsteel.rs\/wp-content\/uploads\/2020\/02\/alba-drveni-sto-sa-metalnom-konstrukcijom.jpg","datePublished":"2020-02-17T14:44:43+00:00","dateModified":"2023-03-13T16:07:11+00:00","description":"Alba I - trpezarijski sto dimenzija: 140 x 90 x 75cm. U osnovi je plastificiran i metal bele boje. Plo\u010da stola je od drveta Hrasta.","breadcrumb":{"@id":"https:\/\/woodsteel.rs\/shop\/parva-klub-sto\/#breadcrumb"},"inLanguage":"en-US","potentialAction":[{"@type":"ReadAction","target":["https:\/\/woodsteel.rs\/shop\/parva-klub-sto\/"]}]},{"@type":"ImageObject","inLanguage":"en-US","@id":"https:\/\/woodsteel.rs\/shop\/parva-klub-sto\/#primaryimage","url":"https:\/\/woodsteel.rs\/wp-content\/uploads\/2020\/02\/alba-drveni-sto-sa-metalnom-konstrukcijom.jpg","contentUrl":"https:\/\/woodsteel.rs\/wp-content\/uploads\/2020\/02\/alba-drveni-sto-sa-metalnom-konstrukcijom.jpg","width":1500,"height":1500,"caption":"Alba I - trpezarijski sto od drveta Hrasta i metalne konstrukcije. ru\u010dna izrada trpezarijskih stolova Beograd"},{"@type":"BreadcrumbList","@id":"https:\/\/woodsteel.rs\/shop\/parva-klub-sto\/#breadcrumb","itemListElement":[{"@type":"ListItem","position":1,"name":"Po\u010detna","item":"https:\/\/woodsteel.rs\/"},{"@type":"ListItem","position":2,"name":"Proizvodi","item":"https:\/\/woodsteel.rs\/shop\/"},{"@type":"ListItem","position":3,"name":"Alba I &#8211; trpezarijski sto"}]},{"@type":"WebSite","@id":"https:\/\/woodsteel.rs\/#website","url":"https:\/\/woodsteel.rs\/","name":"WoodSteel","description":"","publisher":{"@id":"https:\/\/woodsteel.rs\/#organization"},"potentialAction":[{"@type":"SearchAction","target":{"@type":"EntryPoint","urlTemplate":"https:\/\/woodsteel.rs\/?s={search_term_string}"},"query-input":{"@type":"PropertyValueSpecification","valueRequired":true,"valueName":"search_term_string"}}],"inLanguage":"en-US"},{"@type":"Organization","@id":"https:\/\/woodsteel.rs\/#organization","name":"Wood&Steel","url":"https:\/\/woodsteel.rs\/","logo":{"@type":"ImageObject","inLanguage":"en-US","@id":"https:\/\/woodsteel.rs\/#\/schema\/logo\/image\/","url":"https:\/\/woodsteel.rs\/wp-content\/uploads\/2019\/12\/logo-ISPRAVAK.png","contentUrl":"https:\/\/woodsteel.rs\/wp-content\/uploads\/2019\/12\/logo-ISPRAVAK.png","width":779,"height":776,"caption":"Wood&Steel"},"image":{"@id":"https:\/\/woodsteel.rs\/#\/schema\/logo\/image\/"},"sameAs":["https:\/\/www.facebook.com\/woodsteeldesign","https:\/\/www.instagram.com\/wood_steel_design\/"]}]}},"_links":{"self":[{"href":"https:\/\/woodsteel.rs\/en-us\/wp-json\/wp\/v2\/product\/397","targetHints":{"allow":["GET"]}}],"collection":[{"href":"https:\/\/woodsteel.rs\/en-us\/wp-json\/wp\/v2\/product"}],"about":[{"href":"https:\/\/woodsteel.rs\/en-us\/wp-json\/wp\/v2\/types\/product"}],"wp:featuredmedia":[{"embeddable":true,"href":"https:\/\/woodsteel.rs\/en-us\/wp-json\/wp\/v2\/media\/421"}],"wp:attachment":[{"href":"https:\/\/woodsteel.rs\/en-us\/wp-json\/wp\/v2\/media?parent=397"}],"wp:term":[{"taxonomy":"product_brand","embeddable":true,"href":"https:\/\/woodsteel.rs\/en-us\/wp-json\/wp\/v2\/product_brand?post=397"},{"taxonomy":"product_cat","embeddable":true,"href":"https:\/\/woodsteel.rs\/en-us\/wp-json\/wp\/v2\/product_cat?post=397"},{"taxonomy":"product_tag","embeddable":true,"href":"https:\/\/woodsteel.rs\/en-us\/wp-json\/wp\/v2\/product_tag?post=397"}],"curies":[{"name":"wp","href":"https:\/\/api.w.org\/{rel}","templated":true}]}}