{"id":442,"date":"2020-02-17T17:26:22","date_gmt":"2020-02-17T16:26:22","guid":{"rendered":"http:\/\/wp_woodsteel.test\/?post_type=product&#038;p=442"},"modified":"2023-03-13T17:07:06","modified_gmt":"2023-03-13T16:07:06","slug":"alba-ii-trpezarijski-sto","status":"publish","type":"product","link":"https:\/\/woodsteel.rs\/en-us\/shop\/alba-ii-trpezarijski-sto\/","title":{"rendered":"Alba II - dining table"},"content":{"rendered":"<p>Alba II &#8211; trpezarijski sto jeiz serije Alba trpezarijski stolovi. Oni su jako prakti\u010dni i elegantni stolovi. Plo\u010de stolova serije Alba, napravljeni su od hrasta. Metalne konstrukcije od plastificiranog metal koji mo\u017ee biti u raznim bojama u zavisnosti od Va\u0161eg enterijera. Dimenzije su podlo\u017ene promenama. Uz ovaj trpezarijksi sto mo\u017eete kombinovati bilo koji model trpezarijskih stolica. Dimenzije trpezarijskig stola su podlo\u017ene promena u zavisnosti od Va\u0161ih potreba i prostora kojim raspola\u017eete. Prilikom merenja prostora za trpezarijski sto, imajte na umu i trpezarijske stolice, te bi bilo po\u017eeljno da ostavite prostora .<\/p>\n<p>&nbsp;<\/p>\n<p>Dimensions: 120x90x75cm.<\/p>\n<p>Material: Plasticized metal, oak wood.<\/p>\n<p>&nbsp;<\/p>\n<p><strong>Note:<\/strong> Price and dimensions may vary.<\/p>\n<p>&nbsp;<\/p>\n<p>Follow us on <em><strong><a href=\"https:\/\/www.instagram.com\/wood_steel_design\/\">instagram<\/a><\/strong><\/em>, kako biste uvek bili u toku sa novim modelima trpezarijskih stolova. Ili nas <a href=\"https:\/\/woodsteel.rs\/en-us\/kontakt\/\">kontaktirajte<\/a> ve\u0107 danas, kako bismo zajedno dizajnirali i izradili Va\u0161 trpezarijski sto.<\/p>","protected":false},"excerpt":{"rendered":"<p>Alba dining tables are very practical and elegant tables. The table tops of the Alba series are made of oak. Metal constructions made of plasticized metal that can be in various colors depending on your interior. Dimensions are subject to change.<\/p>\n<p>&nbsp;<\/p>\n<p>Dimensions: 120x90x75cm.<\/p>\n<p>Material: Plasticized metal, oak wood.<\/p>\n<p>&nbsp;<\/p>\n<p><strong>Note:<\/strong> Price and dimensions may vary.<\/p>","protected":false},"featured_media":422,"template":"","meta":{"_monsterinsights_skip_tracking":false,"_monsterinsights_sitenote_active":false,"_monsterinsights_sitenote_note":"","_monsterinsights_sitenote_category":0},"product_brand":[],"product_cat":[35],"product_tag":[],"class_list":{"0":"post-442","1":"product","2":"type-product","3":"status-publish","4":"has-post-thumbnail","6":"product_cat-trpezarijski-sto","8":"first","9":"instock","10":"shipping-taxable","11":"product-type-simple"},"yoast_head":"<!-- This site is optimized with the Yoast SEO plugin v27.4 - https:\/\/yoast.com\/product\/yoast-seo-wordpress\/ -->\n<title>Alba II - trpezarijski sto - WoodSteel<\/title>\n<meta name=\"description\" content=\"Alba II - trpezarijski sto dimenzija: 120 x 90 x 75cm. Kvalitetno drvo Hrasta i plastificiran metal. Ru\u010dna izrada trpezarijskih stolova po meri.\" \/>\n<meta name=\"robots\" content=\"index, follow, max-snippet:-1, max-image-preview:large, max-video-preview:-1\" \/>\n<link rel=\"canonical\" href=\"https:\/\/woodsteel.rs\/en-us\/shop\/alba-ii-trpezarijski-sto\/\" \/>\n<meta property=\"og:locale\" content=\"en_US\" \/>\n<meta property=\"og:type\" content=\"article\" \/>\n<meta property=\"og:title\" content=\"Alba II - trpezarijski sto - WoodSteel\" \/>\n<meta property=\"og:description\" content=\"Alba II - trpezarijski sto dimenzija: 120 x 90 x 75cm. Kvalitetno drvo Hrasta i plastificiran metal. Ru\u010dna izrada trpezarijskih stolova po meri.\" \/>\n<meta property=\"og:url\" content=\"https:\/\/woodsteel.rs\/en-us\/shop\/alba-ii-trpezarijski-sto\/\" \/>\n<meta property=\"og:site_name\" content=\"WoodSteel\" \/>\n<meta property=\"article:publisher\" content=\"https:\/\/www.facebook.com\/woodsteeldesign\" \/>\n<meta property=\"article:modified_time\" content=\"2023-03-13T16:07:06+00:00\" \/>\n<meta property=\"og:image\" content=\"https:\/\/woodsteel.rs\/wp-content\/uploads\/2020\/02\/alba-II-drveni-sto-sa-metalnim-nogicama.jpg\" \/>\n\t<meta property=\"og:image:width\" content=\"646\" \/>\n\t<meta property=\"og:image:height\" content=\"646\" \/>\n\t<meta property=\"og:image:type\" content=\"image\/jpeg\" \/>\n<meta name=\"twitter:label1\" content=\"Est. reading time\" \/>\n\t<meta name=\"twitter:data1\" content=\"1 minute\" \/>\n<script type=\"application\/ld+json\" class=\"yoast-schema-graph\">{\"@context\":\"https:\\\/\\\/schema.org\",\"@graph\":[{\"@type\":\"WebPage\",\"@id\":\"https:\\\/\\\/woodsteel.rs\\\/shop\\\/alba-ii-trpezarijski-sto\\\/\",\"url\":\"https:\\\/\\\/woodsteel.rs\\\/shop\\\/alba-ii-trpezarijski-sto\\\/\",\"name\":\"Alba II - trpezarijski sto - WoodSteel\",\"isPartOf\":{\"@id\":\"https:\\\/\\\/woodsteel.rs\\\/#website\"},\"primaryImageOfPage\":{\"@id\":\"https:\\\/\\\/woodsteel.rs\\\/shop\\\/alba-ii-trpezarijski-sto\\\/#primaryimage\"},\"image\":{\"@id\":\"https:\\\/\\\/woodsteel.rs\\\/shop\\\/alba-ii-trpezarijski-sto\\\/#primaryimage\"},\"thumbnailUrl\":\"https:\\\/\\\/woodsteel.rs\\\/wp-content\\\/uploads\\\/2020\\\/02\\\/alba-II-drveni-sto-sa-metalnim-nogicama.jpg\",\"datePublished\":\"2020-02-17T16:26:22+00:00\",\"dateModified\":\"2023-03-13T16:07:06+00:00\",\"description\":\"Alba II - trpezarijski sto dimenzija: 120 x 90 x 75cm. Kvalitetno drvo Hrasta i plastificiran metal. Ru\u010dna izrada trpezarijskih stolova po meri.\",\"breadcrumb\":{\"@id\":\"https:\\\/\\\/woodsteel.rs\\\/shop\\\/alba-ii-trpezarijski-sto\\\/#breadcrumb\"},\"inLanguage\":\"en-US\",\"potentialAction\":[{\"@type\":\"ReadAction\",\"target\":[\"https:\\\/\\\/woodsteel.rs\\\/shop\\\/alba-ii-trpezarijski-sto\\\/\"]}]},{\"@type\":\"ImageObject\",\"inLanguage\":\"en-US\",\"@id\":\"https:\\\/\\\/woodsteel.rs\\\/shop\\\/alba-ii-trpezarijski-sto\\\/#primaryimage\",\"url\":\"https:\\\/\\\/woodsteel.rs\\\/wp-content\\\/uploads\\\/2020\\\/02\\\/alba-II-drveni-sto-sa-metalnim-nogicama.jpg\",\"contentUrl\":\"https:\\\/\\\/woodsteel.rs\\\/wp-content\\\/uploads\\\/2020\\\/02\\\/alba-II-drveni-sto-sa-metalnim-nogicama.jpg\",\"width\":646,\"height\":646,\"caption\":\"Alba II - trpezarijski sto ru\u010dna izrada od Hrasta i plastificiranog metala\"},{\"@type\":\"BreadcrumbList\",\"@id\":\"https:\\\/\\\/woodsteel.rs\\\/shop\\\/alba-ii-trpezarijski-sto\\\/#breadcrumb\",\"itemListElement\":[{\"@type\":\"ListItem\",\"position\":1,\"name\":\"Po\u010detna\",\"item\":\"https:\\\/\\\/woodsteel.rs\\\/\"},{\"@type\":\"ListItem\",\"position\":2,\"name\":\"Proizvodi\",\"item\":\"https:\\\/\\\/woodsteel.rs\\\/shop\\\/\"},{\"@type\":\"ListItem\",\"position\":3,\"name\":\"Alba II &#8211; trpezarijski sto\"}]},{\"@type\":\"WebSite\",\"@id\":\"https:\\\/\\\/woodsteel.rs\\\/#website\",\"url\":\"https:\\\/\\\/woodsteel.rs\\\/\",\"name\":\"WoodSteel\",\"description\":\"\",\"publisher\":{\"@id\":\"https:\\\/\\\/woodsteel.rs\\\/#organization\"},\"potentialAction\":[{\"@type\":\"SearchAction\",\"target\":{\"@type\":\"EntryPoint\",\"urlTemplate\":\"https:\\\/\\\/woodsteel.rs\\\/?s={search_term_string}\"},\"query-input\":{\"@type\":\"PropertyValueSpecification\",\"valueRequired\":true,\"valueName\":\"search_term_string\"}}],\"inLanguage\":\"en-US\"},{\"@type\":\"Organization\",\"@id\":\"https:\\\/\\\/woodsteel.rs\\\/#organization\",\"name\":\"Wood&Steel\",\"url\":\"https:\\\/\\\/woodsteel.rs\\\/\",\"logo\":{\"@type\":\"ImageObject\",\"inLanguage\":\"en-US\",\"@id\":\"https:\\\/\\\/woodsteel.rs\\\/#\\\/schema\\\/logo\\\/image\\\/\",\"url\":\"https:\\\/\\\/woodsteel.rs\\\/wp-content\\\/uploads\\\/2019\\\/12\\\/logo-ISPRAVAK.png\",\"contentUrl\":\"https:\\\/\\\/woodsteel.rs\\\/wp-content\\\/uploads\\\/2019\\\/12\\\/logo-ISPRAVAK.png\",\"width\":779,\"height\":776,\"caption\":\"Wood&Steel\"},\"image\":{\"@id\":\"https:\\\/\\\/woodsteel.rs\\\/#\\\/schema\\\/logo\\\/image\\\/\"},\"sameAs\":[\"https:\\\/\\\/www.facebook.com\\\/woodsteeldesign\",\"https:\\\/\\\/www.instagram.com\\\/wood_steel_design\\\/\"]}]}<\/script>\n<!-- \/ Yoast SEO plugin. -->","yoast_head_json":{"title":"Alba II - trpezarijski sto - WoodSteel","description":"Alba II - trpezarijski sto dimenzija: 120 x 90 x 75cm. Kvalitetno drvo Hrasta i plastificiran metal. Ru\u010dna izrada trpezarijskih stolova po meri.","robots":{"index":"index","follow":"follow","max-snippet":"max-snippet:-1","max-image-preview":"max-image-preview:large","max-video-preview":"max-video-preview:-1"},"canonical":"https:\/\/woodsteel.rs\/en-us\/shop\/alba-ii-trpezarijski-sto\/","og_locale":"en_US","og_type":"article","og_title":"Alba II - trpezarijski sto - WoodSteel","og_description":"Alba II - trpezarijski sto dimenzija: 120 x 90 x 75cm. Kvalitetno drvo Hrasta i plastificiran metal. Ru\u010dna izrada trpezarijskih stolova po meri.","og_url":"https:\/\/woodsteel.rs\/en-us\/shop\/alba-ii-trpezarijski-sto\/","og_site_name":"WoodSteel","article_publisher":"https:\/\/www.facebook.com\/woodsteeldesign","article_modified_time":"2023-03-13T16:07:06+00:00","og_image":[{"width":646,"height":646,"url":"https:\/\/woodsteel.rs\/wp-content\/uploads\/2020\/02\/alba-II-drveni-sto-sa-metalnim-nogicama.jpg","type":"image\/jpeg"}],"twitter_misc":{"Est. reading time":"1 minute"},"schema":{"@context":"https:\/\/schema.org","@graph":[{"@type":"WebPage","@id":"https:\/\/woodsteel.rs\/shop\/alba-ii-trpezarijski-sto\/","url":"https:\/\/woodsteel.rs\/shop\/alba-ii-trpezarijski-sto\/","name":"Alba II - trpezarijski sto - WoodSteel","isPartOf":{"@id":"https:\/\/woodsteel.rs\/#website"},"primaryImageOfPage":{"@id":"https:\/\/woodsteel.rs\/shop\/alba-ii-trpezarijski-sto\/#primaryimage"},"image":{"@id":"https:\/\/woodsteel.rs\/shop\/alba-ii-trpezarijski-sto\/#primaryimage"},"thumbnailUrl":"https:\/\/woodsteel.rs\/wp-content\/uploads\/2020\/02\/alba-II-drveni-sto-sa-metalnim-nogicama.jpg","datePublished":"2020-02-17T16:26:22+00:00","dateModified":"2023-03-13T16:07:06+00:00","description":"Alba II - trpezarijski sto dimenzija: 120 x 90 x 75cm. Kvalitetno drvo Hrasta i plastificiran metal. Ru\u010dna izrada trpezarijskih stolova po meri.","breadcrumb":{"@id":"https:\/\/woodsteel.rs\/shop\/alba-ii-trpezarijski-sto\/#breadcrumb"},"inLanguage":"en-US","potentialAction":[{"@type":"ReadAction","target":["https:\/\/woodsteel.rs\/shop\/alba-ii-trpezarijski-sto\/"]}]},{"@type":"ImageObject","inLanguage":"en-US","@id":"https:\/\/woodsteel.rs\/shop\/alba-ii-trpezarijski-sto\/#primaryimage","url":"https:\/\/woodsteel.rs\/wp-content\/uploads\/2020\/02\/alba-II-drveni-sto-sa-metalnim-nogicama.jpg","contentUrl":"https:\/\/woodsteel.rs\/wp-content\/uploads\/2020\/02\/alba-II-drveni-sto-sa-metalnim-nogicama.jpg","width":646,"height":646,"caption":"Alba II - trpezarijski sto ru\u010dna izrada od Hrasta i plastificiranog metala"},{"@type":"BreadcrumbList","@id":"https:\/\/woodsteel.rs\/shop\/alba-ii-trpezarijski-sto\/#breadcrumb","itemListElement":[{"@type":"ListItem","position":1,"name":"Po\u010detna","item":"https:\/\/woodsteel.rs\/"},{"@type":"ListItem","position":2,"name":"Proizvodi","item":"https:\/\/woodsteel.rs\/shop\/"},{"@type":"ListItem","position":3,"name":"Alba II &#8211; trpezarijski sto"}]},{"@type":"WebSite","@id":"https:\/\/woodsteel.rs\/#website","url":"https:\/\/woodsteel.rs\/","name":"WoodSteel","description":"","publisher":{"@id":"https:\/\/woodsteel.rs\/#organization"},"potentialAction":[{"@type":"SearchAction","target":{"@type":"EntryPoint","urlTemplate":"https:\/\/woodsteel.rs\/?s={search_term_string}"},"query-input":{"@type":"PropertyValueSpecification","valueRequired":true,"valueName":"search_term_string"}}],"inLanguage":"en-US"},{"@type":"Organization","@id":"https:\/\/woodsteel.rs\/#organization","name":"Wood&Steel","url":"https:\/\/woodsteel.rs\/","logo":{"@type":"ImageObject","inLanguage":"en-US","@id":"https:\/\/woodsteel.rs\/#\/schema\/logo\/image\/","url":"https:\/\/woodsteel.rs\/wp-content\/uploads\/2019\/12\/logo-ISPRAVAK.png","contentUrl":"https:\/\/woodsteel.rs\/wp-content\/uploads\/2019\/12\/logo-ISPRAVAK.png","width":779,"height":776,"caption":"Wood&Steel"},"image":{"@id":"https:\/\/woodsteel.rs\/#\/schema\/logo\/image\/"},"sameAs":["https:\/\/www.facebook.com\/woodsteeldesign","https:\/\/www.instagram.com\/wood_steel_design\/"]}]}},"_links":{"self":[{"href":"https:\/\/woodsteel.rs\/en-us\/wp-json\/wp\/v2\/product\/442","targetHints":{"allow":["GET"]}}],"collection":[{"href":"https:\/\/woodsteel.rs\/en-us\/wp-json\/wp\/v2\/product"}],"about":[{"href":"https:\/\/woodsteel.rs\/en-us\/wp-json\/wp\/v2\/types\/product"}],"wp:featuredmedia":[{"embeddable":true,"href":"https:\/\/woodsteel.rs\/en-us\/wp-json\/wp\/v2\/media\/422"}],"wp:attachment":[{"href":"https:\/\/woodsteel.rs\/en-us\/wp-json\/wp\/v2\/media?parent=442"}],"wp:term":[{"taxonomy":"product_brand","embeddable":true,"href":"https:\/\/woodsteel.rs\/en-us\/wp-json\/wp\/v2\/product_brand?post=442"},{"taxonomy":"product_cat","embeddable":true,"href":"https:\/\/woodsteel.rs\/en-us\/wp-json\/wp\/v2\/product_cat?post=442"},{"taxonomy":"product_tag","embeddable":true,"href":"https:\/\/woodsteel.rs\/en-us\/wp-json\/wp\/v2\/product_tag?post=442"}],"curies":[{"name":"wp","href":"https:\/\/api.w.org\/{rel}","templated":true}]}}