{"id":463,"date":"2020-02-17T22:54:43","date_gmt":"2020-02-17T21:54:43","guid":{"rendered":"http:\/\/wp_woodsteel.test\/?post_type=product&#038;p=463"},"modified":"2023-03-13T17:05:56","modified_gmt":"2023-03-13T16:05:56","slug":"gravis-trpezarijski-sto","status":"publish","type":"product","link":"https:\/\/woodsteel.rs\/en-us\/shop\/gravis-trpezarijski-sto\/","title":{"rendered":"Gravis \u2013 dining table"},"content":{"rendered":"<p>Trpezarijski sto Gravis je iz serije trpezarijskih stolova Novis. To su prefinjeni i moderni stolovi koji su laki za kombinovanje sa raznim stilovima. Plo\u010da stola Gravis je napravljena od hrasta, a metalna konstrukcija od plastificiranog metala. Dimenzije stola sa slike su 220x110x75cm i podlo\u017ene su promenama u zavisnosti od Va\u0161ih potreba i ideja. Jedan od prvih stolova koje smo izradili i na koje smo jako ponosni.<\/p>\n<p>&nbsp;<\/p>\n<p><strong>Dimensions:<\/strong> 220x110x75cm.<\/p>\n<p><strong>Material:\u00a0<\/strong>Oak wood, plasticized metal.<\/p>\n<p><strong>Note:<\/strong> Price and dimensions may vary.<\/p>\n<p>&nbsp;<\/p>\n<p>Prati nas na <em><strong><a href=\"https:\/\/www.instagram.com\/wood_steel_design\/\">instagram<\/a> <\/strong><\/em>kako bi uvek bio u toku sa novim modelima ili <em><strong><a href=\"https:\/\/woodsteel.rs\/en-us\/kontakt\/\">write to us.<\/a><\/strong><\/em>, da zajedno dizajniramo savr\u0161en trpezarijski sto.<\/p>\n<p>&nbsp;<\/p>\n<p><em><strong><a href=\"https:\/\/woodsteel.rs\/en-us\/\">Woodsteel.rs<\/a><\/strong><\/em><\/p>","protected":false},"excerpt":{"rendered":"<p><span style=\"font-size: 105%;\">The Gravis dining table is from the Novis dining table series. These are sophisticated and modern tables that are easy to combine with various styles. The Gravis table top is made of oak, and the metal construction is made of plasticized metal. The dimensions of the table from the picture are 220x110x75cm and are subject to change depending on your needs and ideas.<\/span><\/p>\n<p>&nbsp;<\/p>\n<p><span style=\"font-size: 105%;\"><strong>Dimensions:<\/strong> 220x110x75cm.<\/span><\/p>\n<p><span style=\"font-size: 105%;\"><strong>Material:\u00a0<\/strong>Oak wood, plasticized metal.<\/span><\/p>\n<p><span style=\"font-size: 105%;\"><strong>Note:<\/strong> Price and dimensions may vary.<\/span><\/p>","protected":false},"featured_media":439,"template":"","meta":{"_monsterinsights_skip_tracking":false,"_monsterinsights_sitenote_active":false,"_monsterinsights_sitenote_note":"","_monsterinsights_sitenote_category":0},"product_brand":[],"product_cat":[35],"product_tag":[],"class_list":{"0":"post-463","1":"product","2":"type-product","3":"status-publish","4":"has-post-thumbnail","6":"product_cat-trpezarijski-sto","8":"first","9":"instock","10":"shipping-taxable","11":"product-type-simple"},"yoast_head":"<!-- This site is optimized with the Yoast SEO plugin v27.4 - https:\/\/yoast.com\/product\/yoast-seo-wordpress\/ -->\n<title>Gravis - trpezarijski sto - WoodSteel<\/title>\n<meta name=\"description\" content=\"Gravis - trpezarijski sto dimenzija 220x110x75cm, za ve\u0107e trpezarije. Dimenzije mo\u017eete sami da birate u zavisnosti od prostora kojim raspola\u017eete.\" \/>\n<meta name=\"robots\" content=\"index, follow, max-snippet:-1, max-image-preview:large, max-video-preview:-1\" \/>\n<link rel=\"canonical\" href=\"https:\/\/woodsteel.rs\/en-us\/shop\/gravis-trpezarijski-sto\/\" \/>\n<meta property=\"og:locale\" content=\"en_US\" \/>\n<meta property=\"og:type\" content=\"article\" \/>\n<meta property=\"og:title\" content=\"Gravis - trpezarijski sto - WoodSteel\" \/>\n<meta property=\"og:description\" content=\"Gravis - trpezarijski sto dimenzija 220x110x75cm, za ve\u0107e trpezarije. Dimenzije mo\u017eete sami da birate u zavisnosti od prostora kojim raspola\u017eete.\" \/>\n<meta property=\"og:url\" content=\"https:\/\/woodsteel.rs\/en-us\/shop\/gravis-trpezarijski-sto\/\" \/>\n<meta property=\"og:site_name\" content=\"WoodSteel\" \/>\n<meta property=\"article:publisher\" content=\"https:\/\/www.facebook.com\/woodsteeldesign\" \/>\n<meta property=\"article:modified_time\" content=\"2023-03-13T16:05:56+00:00\" \/>\n<meta property=\"og:image\" content=\"https:\/\/woodsteel.rs\/wp-content\/uploads\/2020\/02\/tric-III-drveni-sto-sa-metalnim-nogicama.jpg\" \/>\n\t<meta property=\"og:image:width\" content=\"1500\" \/>\n\t<meta property=\"og:image:height\" content=\"1500\" \/>\n\t<meta property=\"og:image:type\" content=\"image\/jpeg\" \/>\n<meta name=\"twitter:label1\" content=\"Est. reading time\" \/>\n\t<meta name=\"twitter:data1\" content=\"1 minute\" \/>\n<script type=\"application\/ld+json\" class=\"yoast-schema-graph\">{\"@context\":\"https:\\\/\\\/schema.org\",\"@graph\":[{\"@type\":\"WebPage\",\"@id\":\"https:\\\/\\\/woodsteel.rs\\\/shop\\\/gravis-trpezarijski-sto\\\/\",\"url\":\"https:\\\/\\\/woodsteel.rs\\\/shop\\\/gravis-trpezarijski-sto\\\/\",\"name\":\"Gravis - trpezarijski sto - WoodSteel\",\"isPartOf\":{\"@id\":\"https:\\\/\\\/woodsteel.rs\\\/#website\"},\"primaryImageOfPage\":{\"@id\":\"https:\\\/\\\/woodsteel.rs\\\/shop\\\/gravis-trpezarijski-sto\\\/#primaryimage\"},\"image\":{\"@id\":\"https:\\\/\\\/woodsteel.rs\\\/shop\\\/gravis-trpezarijski-sto\\\/#primaryimage\"},\"thumbnailUrl\":\"https:\\\/\\\/woodsteel.rs\\\/wp-content\\\/uploads\\\/2020\\\/02\\\/tric-III-drveni-sto-sa-metalnim-nogicama.jpg\",\"datePublished\":\"2020-02-17T21:54:43+00:00\",\"dateModified\":\"2023-03-13T16:05:56+00:00\",\"description\":\"Gravis - trpezarijski sto dimenzija 220x110x75cm, za ve\u0107e trpezarije. Dimenzije mo\u017eete sami da birate u zavisnosti od prostora kojim raspola\u017eete.\",\"breadcrumb\":{\"@id\":\"https:\\\/\\\/woodsteel.rs\\\/shop\\\/gravis-trpezarijski-sto\\\/#breadcrumb\"},\"inLanguage\":\"en-US\",\"potentialAction\":[{\"@type\":\"ReadAction\",\"target\":[\"https:\\\/\\\/woodsteel.rs\\\/shop\\\/gravis-trpezarijski-sto\\\/\"]}]},{\"@type\":\"ImageObject\",\"inLanguage\":\"en-US\",\"@id\":\"https:\\\/\\\/woodsteel.rs\\\/shop\\\/gravis-trpezarijski-sto\\\/#primaryimage\",\"url\":\"https:\\\/\\\/woodsteel.rs\\\/wp-content\\\/uploads\\\/2020\\\/02\\\/tric-III-drveni-sto-sa-metalnim-nogicama.jpg\",\"contentUrl\":\"https:\\\/\\\/woodsteel.rs\\\/wp-content\\\/uploads\\\/2020\\\/02\\\/tric-III-drveni-sto-sa-metalnim-nogicama.jpg\",\"width\":1500,\"height\":1500,\"caption\":\"trpezarijski sto gravis napravljen je od hrastovog drveta i plastificiranog metala\"},{\"@type\":\"BreadcrumbList\",\"@id\":\"https:\\\/\\\/woodsteel.rs\\\/shop\\\/gravis-trpezarijski-sto\\\/#breadcrumb\",\"itemListElement\":[{\"@type\":\"ListItem\",\"position\":1,\"name\":\"Po\u010detna\",\"item\":\"https:\\\/\\\/woodsteel.rs\\\/\"},{\"@type\":\"ListItem\",\"position\":2,\"name\":\"Proizvodi\",\"item\":\"https:\\\/\\\/woodsteel.rs\\\/shop\\\/\"},{\"@type\":\"ListItem\",\"position\":3,\"name\":\"Gravis &#8211; trpezarijski sto\"}]},{\"@type\":\"WebSite\",\"@id\":\"https:\\\/\\\/woodsteel.rs\\\/#website\",\"url\":\"https:\\\/\\\/woodsteel.rs\\\/\",\"name\":\"WoodSteel\",\"description\":\"\",\"publisher\":{\"@id\":\"https:\\\/\\\/woodsteel.rs\\\/#organization\"},\"potentialAction\":[{\"@type\":\"SearchAction\",\"target\":{\"@type\":\"EntryPoint\",\"urlTemplate\":\"https:\\\/\\\/woodsteel.rs\\\/?s={search_term_string}\"},\"query-input\":{\"@type\":\"PropertyValueSpecification\",\"valueRequired\":true,\"valueName\":\"search_term_string\"}}],\"inLanguage\":\"en-US\"},{\"@type\":\"Organization\",\"@id\":\"https:\\\/\\\/woodsteel.rs\\\/#organization\",\"name\":\"Wood&Steel\",\"url\":\"https:\\\/\\\/woodsteel.rs\\\/\",\"logo\":{\"@type\":\"ImageObject\",\"inLanguage\":\"en-US\",\"@id\":\"https:\\\/\\\/woodsteel.rs\\\/#\\\/schema\\\/logo\\\/image\\\/\",\"url\":\"https:\\\/\\\/woodsteel.rs\\\/wp-content\\\/uploads\\\/2019\\\/12\\\/logo-ISPRAVAK.png\",\"contentUrl\":\"https:\\\/\\\/woodsteel.rs\\\/wp-content\\\/uploads\\\/2019\\\/12\\\/logo-ISPRAVAK.png\",\"width\":779,\"height\":776,\"caption\":\"Wood&Steel\"},\"image\":{\"@id\":\"https:\\\/\\\/woodsteel.rs\\\/#\\\/schema\\\/logo\\\/image\\\/\"},\"sameAs\":[\"https:\\\/\\\/www.facebook.com\\\/woodsteeldesign\",\"https:\\\/\\\/www.instagram.com\\\/wood_steel_design\\\/\"]}]}<\/script>\n<!-- \/ Yoast SEO plugin. -->","yoast_head_json":{"title":"Gravis - trpezarijski sto - WoodSteel","description":"Gravis - trpezarijski sto dimenzija 220x110x75cm, za ve\u0107e trpezarije. Dimenzije mo\u017eete sami da birate u zavisnosti od prostora kojim raspola\u017eete.","robots":{"index":"index","follow":"follow","max-snippet":"max-snippet:-1","max-image-preview":"max-image-preview:large","max-video-preview":"max-video-preview:-1"},"canonical":"https:\/\/woodsteel.rs\/en-us\/shop\/gravis-trpezarijski-sto\/","og_locale":"en_US","og_type":"article","og_title":"Gravis - trpezarijski sto - WoodSteel","og_description":"Gravis - trpezarijski sto dimenzija 220x110x75cm, za ve\u0107e trpezarije. Dimenzije mo\u017eete sami da birate u zavisnosti od prostora kojim raspola\u017eete.","og_url":"https:\/\/woodsteel.rs\/en-us\/shop\/gravis-trpezarijski-sto\/","og_site_name":"WoodSteel","article_publisher":"https:\/\/www.facebook.com\/woodsteeldesign","article_modified_time":"2023-03-13T16:05:56+00:00","og_image":[{"width":1500,"height":1500,"url":"https:\/\/woodsteel.rs\/wp-content\/uploads\/2020\/02\/tric-III-drveni-sto-sa-metalnim-nogicama.jpg","type":"image\/jpeg"}],"twitter_misc":{"Est. reading time":"1 minute"},"schema":{"@context":"https:\/\/schema.org","@graph":[{"@type":"WebPage","@id":"https:\/\/woodsteel.rs\/shop\/gravis-trpezarijski-sto\/","url":"https:\/\/woodsteel.rs\/shop\/gravis-trpezarijski-sto\/","name":"Gravis - trpezarijski sto - WoodSteel","isPartOf":{"@id":"https:\/\/woodsteel.rs\/#website"},"primaryImageOfPage":{"@id":"https:\/\/woodsteel.rs\/shop\/gravis-trpezarijski-sto\/#primaryimage"},"image":{"@id":"https:\/\/woodsteel.rs\/shop\/gravis-trpezarijski-sto\/#primaryimage"},"thumbnailUrl":"https:\/\/woodsteel.rs\/wp-content\/uploads\/2020\/02\/tric-III-drveni-sto-sa-metalnim-nogicama.jpg","datePublished":"2020-02-17T21:54:43+00:00","dateModified":"2023-03-13T16:05:56+00:00","description":"Gravis - trpezarijski sto dimenzija 220x110x75cm, za ve\u0107e trpezarije. Dimenzije mo\u017eete sami da birate u zavisnosti od prostora kojim raspola\u017eete.","breadcrumb":{"@id":"https:\/\/woodsteel.rs\/shop\/gravis-trpezarijski-sto\/#breadcrumb"},"inLanguage":"en-US","potentialAction":[{"@type":"ReadAction","target":["https:\/\/woodsteel.rs\/shop\/gravis-trpezarijski-sto\/"]}]},{"@type":"ImageObject","inLanguage":"en-US","@id":"https:\/\/woodsteel.rs\/shop\/gravis-trpezarijski-sto\/#primaryimage","url":"https:\/\/woodsteel.rs\/wp-content\/uploads\/2020\/02\/tric-III-drveni-sto-sa-metalnim-nogicama.jpg","contentUrl":"https:\/\/woodsteel.rs\/wp-content\/uploads\/2020\/02\/tric-III-drveni-sto-sa-metalnim-nogicama.jpg","width":1500,"height":1500,"caption":"trpezarijski sto gravis napravljen je od hrastovog drveta i plastificiranog metala"},{"@type":"BreadcrumbList","@id":"https:\/\/woodsteel.rs\/shop\/gravis-trpezarijski-sto\/#breadcrumb","itemListElement":[{"@type":"ListItem","position":1,"name":"Po\u010detna","item":"https:\/\/woodsteel.rs\/"},{"@type":"ListItem","position":2,"name":"Proizvodi","item":"https:\/\/woodsteel.rs\/shop\/"},{"@type":"ListItem","position":3,"name":"Gravis &#8211; trpezarijski sto"}]},{"@type":"WebSite","@id":"https:\/\/woodsteel.rs\/#website","url":"https:\/\/woodsteel.rs\/","name":"WoodSteel","description":"","publisher":{"@id":"https:\/\/woodsteel.rs\/#organization"},"potentialAction":[{"@type":"SearchAction","target":{"@type":"EntryPoint","urlTemplate":"https:\/\/woodsteel.rs\/?s={search_term_string}"},"query-input":{"@type":"PropertyValueSpecification","valueRequired":true,"valueName":"search_term_string"}}],"inLanguage":"en-US"},{"@type":"Organization","@id":"https:\/\/woodsteel.rs\/#organization","name":"Wood&Steel","url":"https:\/\/woodsteel.rs\/","logo":{"@type":"ImageObject","inLanguage":"en-US","@id":"https:\/\/woodsteel.rs\/#\/schema\/logo\/image\/","url":"https:\/\/woodsteel.rs\/wp-content\/uploads\/2019\/12\/logo-ISPRAVAK.png","contentUrl":"https:\/\/woodsteel.rs\/wp-content\/uploads\/2019\/12\/logo-ISPRAVAK.png","width":779,"height":776,"caption":"Wood&Steel"},"image":{"@id":"https:\/\/woodsteel.rs\/#\/schema\/logo\/image\/"},"sameAs":["https:\/\/www.facebook.com\/woodsteeldesign","https:\/\/www.instagram.com\/wood_steel_design\/"]}]}},"_links":{"self":[{"href":"https:\/\/woodsteel.rs\/en-us\/wp-json\/wp\/v2\/product\/463","targetHints":{"allow":["GET"]}}],"collection":[{"href":"https:\/\/woodsteel.rs\/en-us\/wp-json\/wp\/v2\/product"}],"about":[{"href":"https:\/\/woodsteel.rs\/en-us\/wp-json\/wp\/v2\/types\/product"}],"wp:featuredmedia":[{"embeddable":true,"href":"https:\/\/woodsteel.rs\/en-us\/wp-json\/wp\/v2\/media\/439"}],"wp:attachment":[{"href":"https:\/\/woodsteel.rs\/en-us\/wp-json\/wp\/v2\/media?parent=463"}],"wp:term":[{"taxonomy":"product_brand","embeddable":true,"href":"https:\/\/woodsteel.rs\/en-us\/wp-json\/wp\/v2\/product_brand?post=463"},{"taxonomy":"product_cat","embeddable":true,"href":"https:\/\/woodsteel.rs\/en-us\/wp-json\/wp\/v2\/product_cat?post=463"},{"taxonomy":"product_tag","embeddable":true,"href":"https:\/\/woodsteel.rs\/en-us\/wp-json\/wp\/v2\/product_tag?post=463"}],"curies":[{"name":"wp","href":"https:\/\/api.w.org\/{rel}","templated":true}]}}