{"id":505,"date":"2020-02-18T22:21:12","date_gmt":"2020-02-18T21:21:12","guid":{"rendered":"http:\/\/wp_woodsteel.test\/?post_type=product&#038;p=505"},"modified":"2023-01-18T14:31:40","modified_gmt":"2023-01-18T13:31:40","slug":"tentra-lampa","status":"publish","type":"product","link":"https:\/\/woodsteel.rs\/en-us\/shop\/tentra-lampa\/","title":{"rendered":"Tentra - floor lamp"},"content":{"rendered":"<p>Tentra &#8211; lampa je Lampa koja je izra\u0111ena u retro stilu. Sirurno ste mislili da lampa ne mo\u017ee da bude izra\u0111ena od prirodnih materijala. Lampe koje mo\u017eete videti u prodavnicama za opremanje ku\u0107e, uglavnom su ili metalne ili plasti\u010dne. Ali u Woodsteelu, prirodni materijal je na prvom mestu prilikom izrade nekog komada name\u0161taja ili za dekoraciju. Koristili smo drvo od parenog Oraha koje je lako za obradu i savitljivo.<\/p>\n<p>&nbsp;<\/p>\n<p>Dimensions: 150cm.<\/p>\n<p>Material: Steamed walnut, Edison lamp, textile cable in color.<\/p>\n<p>&nbsp;<\/p>\n<p><strong>Note:\u00a0<\/strong>Price and dimensions may vary.<\/p>\n<p>&nbsp;<\/p>\n<p>Prati nas na <em><strong><a href=\"https:\/\/www.instagram.com\/wood_steel_design\/\">instagram<\/a> <\/strong><\/em>kako bi uvek bio u toku sa novim modelima ili <em><strong><a href=\"https:\/\/woodsteel.rs\/en-us\/kontakt\/\">write to us.<\/a><\/strong><\/em>, da zajedno dizajniramo tvoju savr\u0161enu lampu.<\/p>\n<p>&nbsp;<\/p>\n<p>&nbsp;<\/p>\n<p><em><strong><a href=\"https:\/\/woodsteel.rs\/en-us\/\">Woodsteel.rs<\/a><\/strong><\/em><\/p>","protected":false},"excerpt":{"rendered":"<p>Floor lamp designed in retro style.<\/p>\n<p>&nbsp;<\/p>\n<p>Dimensions: 150cm.<\/p>\n<p>Material: Steamed walnut, Edison lamp, textile cable in color.<\/p>\n<p>&nbsp;<\/p>\n<p><strong>Note:\u00a0<\/strong>Price and dimensions may vary.<\/p>","protected":false},"featured_media":2816,"template":"","meta":{"_monsterinsights_skip_tracking":false,"_monsterinsights_sitenote_active":false,"_monsterinsights_sitenote_note":"","_monsterinsights_sitenote_category":0},"product_brand":[],"product_cat":[21],"product_tag":[],"class_list":{"0":"post-505","1":"product","2":"type-product","3":"status-publish","4":"has-post-thumbnail","6":"product_cat-lampe-lusteri","8":"first","9":"instock","10":"shipping-taxable","11":"product-type-simple"},"yoast_head":"<!-- This site is optimized with the Yoast SEO plugin v27.4 - https:\/\/yoast.com\/product\/yoast-seo-wordpress\/ -->\n<title>Tentra - lampa - WoodSteel<\/title>\n<meta name=\"description\" content=\"Tentra - lampa. Dimenzije: 150cm. Materijal: Pareni orah, Edison sijalica, tekstilni kabal u boji. Lampa u retro stilu. Za vi\u0161e informacija nas kontaktiraj.\" \/>\n<meta name=\"robots\" content=\"index, follow, max-snippet:-1, max-image-preview:large, max-video-preview:-1\" \/>\n<link rel=\"canonical\" href=\"https:\/\/woodsteel.rs\/en-us\/shop\/tentra-lampa\/\" \/>\n<meta property=\"og:locale\" content=\"en_US\" \/>\n<meta property=\"og:type\" content=\"article\" \/>\n<meta property=\"og:title\" content=\"Tentra - lampa - WoodSteel\" \/>\n<meta property=\"og:description\" content=\"Tentra - lampa. Dimenzije: 150cm. Materijal: Pareni orah, Edison sijalica, tekstilni kabal u boji. Lampa u retro stilu. Za vi\u0161e informacija nas kontaktiraj.\" \/>\n<meta property=\"og:url\" content=\"https:\/\/woodsteel.rs\/en-us\/shop\/tentra-lampa\/\" \/>\n<meta property=\"og:site_name\" content=\"WoodSteel\" \/>\n<meta property=\"article:publisher\" content=\"https:\/\/www.facebook.com\/woodsteeldesign\" \/>\n<meta property=\"article:modified_time\" content=\"2023-01-18T13:31:40+00:00\" \/>\n<meta property=\"og:image\" content=\"https:\/\/woodsteel.rs\/wp-content\/uploads\/2020\/02\/tentra-drvena-lampa-podna-1.jpg\" \/>\n\t<meta property=\"og:image:width\" content=\"350\" \/>\n\t<meta property=\"og:image:height\" content=\"350\" \/>\n\t<meta property=\"og:image:type\" content=\"image\/jpeg\" \/>\n<meta name=\"twitter:label1\" content=\"Est. reading time\" \/>\n\t<meta name=\"twitter:data1\" content=\"1 minute\" \/>\n<script type=\"application\/ld+json\" class=\"yoast-schema-graph\">{\"@context\":\"https:\\\/\\\/schema.org\",\"@graph\":[{\"@type\":\"WebPage\",\"@id\":\"https:\\\/\\\/woodsteel.rs\\\/shop\\\/tentra-lampa\\\/\",\"url\":\"https:\\\/\\\/woodsteel.rs\\\/shop\\\/tentra-lampa\\\/\",\"name\":\"Tentra - lampa - WoodSteel\",\"isPartOf\":{\"@id\":\"https:\\\/\\\/woodsteel.rs\\\/#website\"},\"primaryImageOfPage\":{\"@id\":\"https:\\\/\\\/woodsteel.rs\\\/shop\\\/tentra-lampa\\\/#primaryimage\"},\"image\":{\"@id\":\"https:\\\/\\\/woodsteel.rs\\\/shop\\\/tentra-lampa\\\/#primaryimage\"},\"thumbnailUrl\":\"https:\\\/\\\/woodsteel.rs\\\/wp-content\\\/uploads\\\/2020\\\/02\\\/tentra-drvena-lampa-podna-1.jpg\",\"datePublished\":\"2020-02-18T21:21:12+00:00\",\"dateModified\":\"2023-01-18T13:31:40+00:00\",\"description\":\"Tentra - lampa. Dimenzije: 150cm. Materijal: Pareni orah, Edison sijalica, tekstilni kabal u boji. Lampa u retro stilu. Za vi\u0161e informacija nas kontaktiraj.\",\"breadcrumb\":{\"@id\":\"https:\\\/\\\/woodsteel.rs\\\/shop\\\/tentra-lampa\\\/#breadcrumb\"},\"inLanguage\":\"en-US\",\"potentialAction\":[{\"@type\":\"ReadAction\",\"target\":[\"https:\\\/\\\/woodsteel.rs\\\/shop\\\/tentra-lampa\\\/\"]}]},{\"@type\":\"ImageObject\",\"inLanguage\":\"en-US\",\"@id\":\"https:\\\/\\\/woodsteel.rs\\\/shop\\\/tentra-lampa\\\/#primaryimage\",\"url\":\"https:\\\/\\\/woodsteel.rs\\\/wp-content\\\/uploads\\\/2020\\\/02\\\/tentra-drvena-lampa-podna-1.jpg\",\"contentUrl\":\"https:\\\/\\\/woodsteel.rs\\\/wp-content\\\/uploads\\\/2020\\\/02\\\/tentra-drvena-lampa-podna-1.jpg\",\"width\":350,\"height\":350,\"caption\":\"Tentra - lampa od parenog Oraha\"},{\"@type\":\"BreadcrumbList\",\"@id\":\"https:\\\/\\\/woodsteel.rs\\\/shop\\\/tentra-lampa\\\/#breadcrumb\",\"itemListElement\":[{\"@type\":\"ListItem\",\"position\":1,\"name\":\"Po\u010detna\",\"item\":\"https:\\\/\\\/woodsteel.rs\\\/\"},{\"@type\":\"ListItem\",\"position\":2,\"name\":\"Proizvodi\",\"item\":\"https:\\\/\\\/woodsteel.rs\\\/shop\\\/\"},{\"@type\":\"ListItem\",\"position\":3,\"name\":\"Tentra &#8211; lampa\"}]},{\"@type\":\"WebSite\",\"@id\":\"https:\\\/\\\/woodsteel.rs\\\/#website\",\"url\":\"https:\\\/\\\/woodsteel.rs\\\/\",\"name\":\"WoodSteel\",\"description\":\"\",\"publisher\":{\"@id\":\"https:\\\/\\\/woodsteel.rs\\\/#organization\"},\"potentialAction\":[{\"@type\":\"SearchAction\",\"target\":{\"@type\":\"EntryPoint\",\"urlTemplate\":\"https:\\\/\\\/woodsteel.rs\\\/?s={search_term_string}\"},\"query-input\":{\"@type\":\"PropertyValueSpecification\",\"valueRequired\":true,\"valueName\":\"search_term_string\"}}],\"inLanguage\":\"en-US\"},{\"@type\":\"Organization\",\"@id\":\"https:\\\/\\\/woodsteel.rs\\\/#organization\",\"name\":\"Wood&Steel\",\"url\":\"https:\\\/\\\/woodsteel.rs\\\/\",\"logo\":{\"@type\":\"ImageObject\",\"inLanguage\":\"en-US\",\"@id\":\"https:\\\/\\\/woodsteel.rs\\\/#\\\/schema\\\/logo\\\/image\\\/\",\"url\":\"https:\\\/\\\/woodsteel.rs\\\/wp-content\\\/uploads\\\/2019\\\/12\\\/logo-ISPRAVAK.png\",\"contentUrl\":\"https:\\\/\\\/woodsteel.rs\\\/wp-content\\\/uploads\\\/2019\\\/12\\\/logo-ISPRAVAK.png\",\"width\":779,\"height\":776,\"caption\":\"Wood&Steel\"},\"image\":{\"@id\":\"https:\\\/\\\/woodsteel.rs\\\/#\\\/schema\\\/logo\\\/image\\\/\"},\"sameAs\":[\"https:\\\/\\\/www.facebook.com\\\/woodsteeldesign\",\"https:\\\/\\\/www.instagram.com\\\/wood_steel_design\\\/\"]}]}<\/script>\n<!-- \/ Yoast SEO plugin. -->","yoast_head_json":{"title":"Tentra - lampa - WoodSteel","description":"Tentra - lampa. Dimenzije: 150cm. Materijal: Pareni orah, Edison sijalica, tekstilni kabal u boji. Lampa u retro stilu. Za vi\u0161e informacija nas kontaktiraj.","robots":{"index":"index","follow":"follow","max-snippet":"max-snippet:-1","max-image-preview":"max-image-preview:large","max-video-preview":"max-video-preview:-1"},"canonical":"https:\/\/woodsteel.rs\/en-us\/shop\/tentra-lampa\/","og_locale":"en_US","og_type":"article","og_title":"Tentra - lampa - WoodSteel","og_description":"Tentra - lampa. Dimenzije: 150cm. Materijal: Pareni orah, Edison sijalica, tekstilni kabal u boji. Lampa u retro stilu. Za vi\u0161e informacija nas kontaktiraj.","og_url":"https:\/\/woodsteel.rs\/en-us\/shop\/tentra-lampa\/","og_site_name":"WoodSteel","article_publisher":"https:\/\/www.facebook.com\/woodsteeldesign","article_modified_time":"2023-01-18T13:31:40+00:00","og_image":[{"width":350,"height":350,"url":"https:\/\/woodsteel.rs\/wp-content\/uploads\/2020\/02\/tentra-drvena-lampa-podna-1.jpg","type":"image\/jpeg"}],"twitter_misc":{"Est. reading time":"1 minute"},"schema":{"@context":"https:\/\/schema.org","@graph":[{"@type":"WebPage","@id":"https:\/\/woodsteel.rs\/shop\/tentra-lampa\/","url":"https:\/\/woodsteel.rs\/shop\/tentra-lampa\/","name":"Tentra - lampa - WoodSteel","isPartOf":{"@id":"https:\/\/woodsteel.rs\/#website"},"primaryImageOfPage":{"@id":"https:\/\/woodsteel.rs\/shop\/tentra-lampa\/#primaryimage"},"image":{"@id":"https:\/\/woodsteel.rs\/shop\/tentra-lampa\/#primaryimage"},"thumbnailUrl":"https:\/\/woodsteel.rs\/wp-content\/uploads\/2020\/02\/tentra-drvena-lampa-podna-1.jpg","datePublished":"2020-02-18T21:21:12+00:00","dateModified":"2023-01-18T13:31:40+00:00","description":"Tentra - lampa. Dimenzije: 150cm. Materijal: Pareni orah, Edison sijalica, tekstilni kabal u boji. Lampa u retro stilu. Za vi\u0161e informacija nas kontaktiraj.","breadcrumb":{"@id":"https:\/\/woodsteel.rs\/shop\/tentra-lampa\/#breadcrumb"},"inLanguage":"en-US","potentialAction":[{"@type":"ReadAction","target":["https:\/\/woodsteel.rs\/shop\/tentra-lampa\/"]}]},{"@type":"ImageObject","inLanguage":"en-US","@id":"https:\/\/woodsteel.rs\/shop\/tentra-lampa\/#primaryimage","url":"https:\/\/woodsteel.rs\/wp-content\/uploads\/2020\/02\/tentra-drvena-lampa-podna-1.jpg","contentUrl":"https:\/\/woodsteel.rs\/wp-content\/uploads\/2020\/02\/tentra-drvena-lampa-podna-1.jpg","width":350,"height":350,"caption":"Tentra - lampa od parenog Oraha"},{"@type":"BreadcrumbList","@id":"https:\/\/woodsteel.rs\/shop\/tentra-lampa\/#breadcrumb","itemListElement":[{"@type":"ListItem","position":1,"name":"Po\u010detna","item":"https:\/\/woodsteel.rs\/"},{"@type":"ListItem","position":2,"name":"Proizvodi","item":"https:\/\/woodsteel.rs\/shop\/"},{"@type":"ListItem","position":3,"name":"Tentra &#8211; lampa"}]},{"@type":"WebSite","@id":"https:\/\/woodsteel.rs\/#website","url":"https:\/\/woodsteel.rs\/","name":"WoodSteel","description":"","publisher":{"@id":"https:\/\/woodsteel.rs\/#organization"},"potentialAction":[{"@type":"SearchAction","target":{"@type":"EntryPoint","urlTemplate":"https:\/\/woodsteel.rs\/?s={search_term_string}"},"query-input":{"@type":"PropertyValueSpecification","valueRequired":true,"valueName":"search_term_string"}}],"inLanguage":"en-US"},{"@type":"Organization","@id":"https:\/\/woodsteel.rs\/#organization","name":"Wood&Steel","url":"https:\/\/woodsteel.rs\/","logo":{"@type":"ImageObject","inLanguage":"en-US","@id":"https:\/\/woodsteel.rs\/#\/schema\/logo\/image\/","url":"https:\/\/woodsteel.rs\/wp-content\/uploads\/2019\/12\/logo-ISPRAVAK.png","contentUrl":"https:\/\/woodsteel.rs\/wp-content\/uploads\/2019\/12\/logo-ISPRAVAK.png","width":779,"height":776,"caption":"Wood&Steel"},"image":{"@id":"https:\/\/woodsteel.rs\/#\/schema\/logo\/image\/"},"sameAs":["https:\/\/www.facebook.com\/woodsteeldesign","https:\/\/www.instagram.com\/wood_steel_design\/"]}]}},"_links":{"self":[{"href":"https:\/\/woodsteel.rs\/en-us\/wp-json\/wp\/v2\/product\/505","targetHints":{"allow":["GET"]}}],"collection":[{"href":"https:\/\/woodsteel.rs\/en-us\/wp-json\/wp\/v2\/product"}],"about":[{"href":"https:\/\/woodsteel.rs\/en-us\/wp-json\/wp\/v2\/types\/product"}],"wp:featuredmedia":[{"embeddable":true,"href":"https:\/\/woodsteel.rs\/en-us\/wp-json\/wp\/v2\/media\/2816"}],"wp:attachment":[{"href":"https:\/\/woodsteel.rs\/en-us\/wp-json\/wp\/v2\/media?parent=505"}],"wp:term":[{"taxonomy":"product_brand","embeddable":true,"href":"https:\/\/woodsteel.rs\/en-us\/wp-json\/wp\/v2\/product_brand?post=505"},{"taxonomy":"product_cat","embeddable":true,"href":"https:\/\/woodsteel.rs\/en-us\/wp-json\/wp\/v2\/product_cat?post=505"},{"taxonomy":"product_tag","embeddable":true,"href":"https:\/\/woodsteel.rs\/en-us\/wp-json\/wp\/v2\/product_tag?post=505"}],"curies":[{"name":"wp","href":"https:\/\/api.w.org\/{rel}","templated":true}]}}