{"id":513,"date":"2020-02-19T12:57:53","date_gmt":"2020-02-19T11:57:53","guid":{"rendered":"http:\/\/wp_woodsteel.test\/?post_type=product&#038;p=513"},"modified":"2022-12-13T13:11:24","modified_gmt":"2022-12-13T12:11:24","slug":"lum-ogledalo","status":"publish","type":"product","link":"https:\/\/woodsteel.rs\/en-us\/shop\/lum-ogledalo\/","title":{"rendered":"Lum I - mirror"},"content":{"rendered":"<p>Lum I &#8211; ogledalo koje se ka\u010di na zid, ru\u010dno napravljeno sa metalnim okvirom, idealno za upotpunjavanje praznog prostora i kao dekorativni element. Ovo ogledalo je ra\u0111eno po porud\u017ebini. Pri izradi nije kori\u0161\u0107eno drvo, koje je na\u0161 pe\u010dat, ve\u0107 plastificiran metal. Lepota ovog ogledala se oslikava u \u0161arama na okviru, koje su ru\u010dno izra\u0111ene. Namenjeno je za dnevnu sobu, ali mo\u017eete ga uklopiti i u predsoblje, kupatilo, kuhinju, spava\u0107u sobu.<\/p>\n<p>&nbsp;<\/p>\n<p>Dimensions: diameter 60cm.<\/p>\n<p>Material: Plasticized metal, mirror.<\/p>\n<p>&nbsp;<\/p>\n<p><strong>Note:\u00a0<\/strong>Price and dimensions may vary.<\/p>\n<p>&nbsp;<\/p>\n<p>Prati nas na <em><strong><a href=\"https:\/\/www.instagram.com\/wood_steel_design\/\">instagram<\/a> <\/strong><\/em>kako bi uvek bio u toku sa novim modelima. Ili <em><strong><a href=\"https:\/\/woodsteel.rs\/en-us\/kontakt\/\">write to us.<\/a><\/strong><\/em>, da zajedno dizajniramo tvoje zidno ogledalo.<\/p>\n<p>&nbsp;<\/p>\n<p>&nbsp;<\/p>\n<p><em><strong><a href=\"https:\/\/woodsteel.rs\/en-us\/\">Woodsteel.rs<\/a><\/strong><\/em><\/p>","protected":false},"excerpt":{"rendered":"<p>Hand made mirror with metal frame, ideal for filling your room and as a decorative element.<\/p>\n<p>&nbsp;<\/p>\n<p>Dimensions: diameter 60cm.<\/p>\n<p>Material: Plasticized metal, mirror.<\/p>\n<p>&nbsp;<\/p>\n<p><strong>Note:\u00a0<\/strong>Price and dimensions may vary.<\/p>","protected":false},"featured_media":516,"template":"","meta":{"_monsterinsights_skip_tracking":false,"_monsterinsights_sitenote_active":false,"_monsterinsights_sitenote_note":"","_monsterinsights_sitenote_category":0},"product_brand":[],"product_cat":[22],"product_tag":[],"class_list":{"0":"post-513","1":"product","2":"type-product","3":"status-publish","4":"has-post-thumbnail","6":"product_cat-ogledala","8":"first","9":"instock","10":"shipping-taxable","11":"product-type-simple"},"yoast_head":"<!-- This site is optimized with the Yoast SEO plugin v27.4 - https:\/\/yoast.com\/product\/yoast-seo-wordpress\/ -->\n<title>Lum I - ogledalo - WoodSteel<\/title>\n<meta name=\"description\" content=\"Lum I - ogledalo za spava\u0107u sobu, trpezariju, kupatilo, kancelariju. Kontaktiraj nas i poru\u010di svoje ogledalo. Pre\u010dnik: 60cm\" \/>\n<meta name=\"robots\" content=\"index, follow, max-snippet:-1, max-image-preview:large, max-video-preview:-1\" \/>\n<link rel=\"canonical\" href=\"https:\/\/woodsteel.rs\/en-us\/shop\/lum-ogledalo\/\" \/>\n<meta property=\"og:locale\" content=\"en_US\" \/>\n<meta property=\"og:type\" content=\"article\" \/>\n<meta property=\"og:title\" content=\"Lum I - ogledalo - WoodSteel\" \/>\n<meta property=\"og:description\" content=\"Lum I - ogledalo za spava\u0107u sobu, trpezariju, kupatilo, kancelariju. Kontaktiraj nas i poru\u010di svoje ogledalo. Pre\u010dnik: 60cm\" \/>\n<meta property=\"og:url\" content=\"https:\/\/woodsteel.rs\/en-us\/shop\/lum-ogledalo\/\" \/>\n<meta property=\"og:site_name\" content=\"WoodSteel\" \/>\n<meta property=\"article:publisher\" content=\"https:\/\/www.facebook.com\/woodsteeldesign\" \/>\n<meta property=\"article:modified_time\" content=\"2022-12-13T12:11:24+00:00\" \/>\n<meta property=\"og:image\" content=\"https:\/\/woodsteel.rs\/wp-content\/uploads\/2020\/02\/lum-ogledalo-sa-metalnim-ramom.jpg\" \/>\n\t<meta property=\"og:image:width\" content=\"1132\" \/>\n\t<meta property=\"og:image:height\" content=\"1132\" \/>\n\t<meta property=\"og:image:type\" content=\"image\/jpeg\" \/>\n<meta name=\"twitter:label1\" content=\"Est. reading time\" \/>\n\t<meta name=\"twitter:data1\" content=\"1 minute\" \/>\n<script type=\"application\/ld+json\" class=\"yoast-schema-graph\">{\"@context\":\"https:\\\/\\\/schema.org\",\"@graph\":[{\"@type\":\"WebPage\",\"@id\":\"https:\\\/\\\/woodsteel.rs\\\/shop\\\/lum-ogledalo\\\/\",\"url\":\"https:\\\/\\\/woodsteel.rs\\\/shop\\\/lum-ogledalo\\\/\",\"name\":\"Lum I - ogledalo - WoodSteel\",\"isPartOf\":{\"@id\":\"https:\\\/\\\/woodsteel.rs\\\/#website\"},\"primaryImageOfPage\":{\"@id\":\"https:\\\/\\\/woodsteel.rs\\\/shop\\\/lum-ogledalo\\\/#primaryimage\"},\"image\":{\"@id\":\"https:\\\/\\\/woodsteel.rs\\\/shop\\\/lum-ogledalo\\\/#primaryimage\"},\"thumbnailUrl\":\"https:\\\/\\\/woodsteel.rs\\\/wp-content\\\/uploads\\\/2020\\\/02\\\/lum-ogledalo-sa-metalnim-ramom.jpg\",\"datePublished\":\"2020-02-19T11:57:53+00:00\",\"dateModified\":\"2022-12-13T12:11:24+00:00\",\"description\":\"Lum I - ogledalo za spava\u0107u sobu, trpezariju, kupatilo, kancelariju. Kontaktiraj nas i poru\u010di svoje ogledalo. Pre\u010dnik: 60cm\",\"breadcrumb\":{\"@id\":\"https:\\\/\\\/woodsteel.rs\\\/shop\\\/lum-ogledalo\\\/#breadcrumb\"},\"inLanguage\":\"en-US\",\"potentialAction\":[{\"@type\":\"ReadAction\",\"target\":[\"https:\\\/\\\/woodsteel.rs\\\/shop\\\/lum-ogledalo\\\/\"]}]},{\"@type\":\"ImageObject\",\"inLanguage\":\"en-US\",\"@id\":\"https:\\\/\\\/woodsteel.rs\\\/shop\\\/lum-ogledalo\\\/#primaryimage\",\"url\":\"https:\\\/\\\/woodsteel.rs\\\/wp-content\\\/uploads\\\/2020\\\/02\\\/lum-ogledalo-sa-metalnim-ramom.jpg\",\"contentUrl\":\"https:\\\/\\\/woodsteel.rs\\\/wp-content\\\/uploads\\\/2020\\\/02\\\/lum-ogledalo-sa-metalnim-ramom.jpg\",\"width\":1132,\"height\":1132,\"caption\":\"Lum I - ogledalo\"},{\"@type\":\"BreadcrumbList\",\"@id\":\"https:\\\/\\\/woodsteel.rs\\\/shop\\\/lum-ogledalo\\\/#breadcrumb\",\"itemListElement\":[{\"@type\":\"ListItem\",\"position\":1,\"name\":\"Po\u010detna\",\"item\":\"https:\\\/\\\/woodsteel.rs\\\/\"},{\"@type\":\"ListItem\",\"position\":2,\"name\":\"Proizvodi\",\"item\":\"https:\\\/\\\/woodsteel.rs\\\/shop\\\/\"},{\"@type\":\"ListItem\",\"position\":3,\"name\":\"Lum I &#8211; ogledalo\"}]},{\"@type\":\"WebSite\",\"@id\":\"https:\\\/\\\/woodsteel.rs\\\/#website\",\"url\":\"https:\\\/\\\/woodsteel.rs\\\/\",\"name\":\"WoodSteel\",\"description\":\"\",\"publisher\":{\"@id\":\"https:\\\/\\\/woodsteel.rs\\\/#organization\"},\"potentialAction\":[{\"@type\":\"SearchAction\",\"target\":{\"@type\":\"EntryPoint\",\"urlTemplate\":\"https:\\\/\\\/woodsteel.rs\\\/?s={search_term_string}\"},\"query-input\":{\"@type\":\"PropertyValueSpecification\",\"valueRequired\":true,\"valueName\":\"search_term_string\"}}],\"inLanguage\":\"en-US\"},{\"@type\":\"Organization\",\"@id\":\"https:\\\/\\\/woodsteel.rs\\\/#organization\",\"name\":\"Wood&Steel\",\"url\":\"https:\\\/\\\/woodsteel.rs\\\/\",\"logo\":{\"@type\":\"ImageObject\",\"inLanguage\":\"en-US\",\"@id\":\"https:\\\/\\\/woodsteel.rs\\\/#\\\/schema\\\/logo\\\/image\\\/\",\"url\":\"https:\\\/\\\/woodsteel.rs\\\/wp-content\\\/uploads\\\/2019\\\/12\\\/logo-ISPRAVAK.png\",\"contentUrl\":\"https:\\\/\\\/woodsteel.rs\\\/wp-content\\\/uploads\\\/2019\\\/12\\\/logo-ISPRAVAK.png\",\"width\":779,\"height\":776,\"caption\":\"Wood&Steel\"},\"image\":{\"@id\":\"https:\\\/\\\/woodsteel.rs\\\/#\\\/schema\\\/logo\\\/image\\\/\"},\"sameAs\":[\"https:\\\/\\\/www.facebook.com\\\/woodsteeldesign\",\"https:\\\/\\\/www.instagram.com\\\/wood_steel_design\\\/\"]}]}<\/script>\n<!-- \/ Yoast SEO plugin. -->","yoast_head_json":{"title":"Lum I - ogledalo - WoodSteel","description":"Lum I - ogledalo za spava\u0107u sobu, trpezariju, kupatilo, kancelariju. Kontaktiraj nas i poru\u010di svoje ogledalo. Pre\u010dnik: 60cm","robots":{"index":"index","follow":"follow","max-snippet":"max-snippet:-1","max-image-preview":"max-image-preview:large","max-video-preview":"max-video-preview:-1"},"canonical":"https:\/\/woodsteel.rs\/en-us\/shop\/lum-ogledalo\/","og_locale":"en_US","og_type":"article","og_title":"Lum I - ogledalo - WoodSteel","og_description":"Lum I - ogledalo za spava\u0107u sobu, trpezariju, kupatilo, kancelariju. Kontaktiraj nas i poru\u010di svoje ogledalo. Pre\u010dnik: 60cm","og_url":"https:\/\/woodsteel.rs\/en-us\/shop\/lum-ogledalo\/","og_site_name":"WoodSteel","article_publisher":"https:\/\/www.facebook.com\/woodsteeldesign","article_modified_time":"2022-12-13T12:11:24+00:00","og_image":[{"width":1132,"height":1132,"url":"https:\/\/woodsteel.rs\/wp-content\/uploads\/2020\/02\/lum-ogledalo-sa-metalnim-ramom.jpg","type":"image\/jpeg"}],"twitter_misc":{"Est. reading time":"1 minute"},"schema":{"@context":"https:\/\/schema.org","@graph":[{"@type":"WebPage","@id":"https:\/\/woodsteel.rs\/shop\/lum-ogledalo\/","url":"https:\/\/woodsteel.rs\/shop\/lum-ogledalo\/","name":"Lum I - ogledalo - WoodSteel","isPartOf":{"@id":"https:\/\/woodsteel.rs\/#website"},"primaryImageOfPage":{"@id":"https:\/\/woodsteel.rs\/shop\/lum-ogledalo\/#primaryimage"},"image":{"@id":"https:\/\/woodsteel.rs\/shop\/lum-ogledalo\/#primaryimage"},"thumbnailUrl":"https:\/\/woodsteel.rs\/wp-content\/uploads\/2020\/02\/lum-ogledalo-sa-metalnim-ramom.jpg","datePublished":"2020-02-19T11:57:53+00:00","dateModified":"2022-12-13T12:11:24+00:00","description":"Lum I - ogledalo za spava\u0107u sobu, trpezariju, kupatilo, kancelariju. Kontaktiraj nas i poru\u010di svoje ogledalo. Pre\u010dnik: 60cm","breadcrumb":{"@id":"https:\/\/woodsteel.rs\/shop\/lum-ogledalo\/#breadcrumb"},"inLanguage":"en-US","potentialAction":[{"@type":"ReadAction","target":["https:\/\/woodsteel.rs\/shop\/lum-ogledalo\/"]}]},{"@type":"ImageObject","inLanguage":"en-US","@id":"https:\/\/woodsteel.rs\/shop\/lum-ogledalo\/#primaryimage","url":"https:\/\/woodsteel.rs\/wp-content\/uploads\/2020\/02\/lum-ogledalo-sa-metalnim-ramom.jpg","contentUrl":"https:\/\/woodsteel.rs\/wp-content\/uploads\/2020\/02\/lum-ogledalo-sa-metalnim-ramom.jpg","width":1132,"height":1132,"caption":"Lum I - ogledalo"},{"@type":"BreadcrumbList","@id":"https:\/\/woodsteel.rs\/shop\/lum-ogledalo\/#breadcrumb","itemListElement":[{"@type":"ListItem","position":1,"name":"Po\u010detna","item":"https:\/\/woodsteel.rs\/"},{"@type":"ListItem","position":2,"name":"Proizvodi","item":"https:\/\/woodsteel.rs\/shop\/"},{"@type":"ListItem","position":3,"name":"Lum I &#8211; ogledalo"}]},{"@type":"WebSite","@id":"https:\/\/woodsteel.rs\/#website","url":"https:\/\/woodsteel.rs\/","name":"WoodSteel","description":"","publisher":{"@id":"https:\/\/woodsteel.rs\/#organization"},"potentialAction":[{"@type":"SearchAction","target":{"@type":"EntryPoint","urlTemplate":"https:\/\/woodsteel.rs\/?s={search_term_string}"},"query-input":{"@type":"PropertyValueSpecification","valueRequired":true,"valueName":"search_term_string"}}],"inLanguage":"en-US"},{"@type":"Organization","@id":"https:\/\/woodsteel.rs\/#organization","name":"Wood&Steel","url":"https:\/\/woodsteel.rs\/","logo":{"@type":"ImageObject","inLanguage":"en-US","@id":"https:\/\/woodsteel.rs\/#\/schema\/logo\/image\/","url":"https:\/\/woodsteel.rs\/wp-content\/uploads\/2019\/12\/logo-ISPRAVAK.png","contentUrl":"https:\/\/woodsteel.rs\/wp-content\/uploads\/2019\/12\/logo-ISPRAVAK.png","width":779,"height":776,"caption":"Wood&Steel"},"image":{"@id":"https:\/\/woodsteel.rs\/#\/schema\/logo\/image\/"},"sameAs":["https:\/\/www.facebook.com\/woodsteeldesign","https:\/\/www.instagram.com\/wood_steel_design\/"]}]}},"_links":{"self":[{"href":"https:\/\/woodsteel.rs\/en-us\/wp-json\/wp\/v2\/product\/513","targetHints":{"allow":["GET"]}}],"collection":[{"href":"https:\/\/woodsteel.rs\/en-us\/wp-json\/wp\/v2\/product"}],"about":[{"href":"https:\/\/woodsteel.rs\/en-us\/wp-json\/wp\/v2\/types\/product"}],"wp:featuredmedia":[{"embeddable":true,"href":"https:\/\/woodsteel.rs\/en-us\/wp-json\/wp\/v2\/media\/516"}],"wp:attachment":[{"href":"https:\/\/woodsteel.rs\/en-us\/wp-json\/wp\/v2\/media?parent=513"}],"wp:term":[{"taxonomy":"product_brand","embeddable":true,"href":"https:\/\/woodsteel.rs\/en-us\/wp-json\/wp\/v2\/product_brand?post=513"},{"taxonomy":"product_cat","embeddable":true,"href":"https:\/\/woodsteel.rs\/en-us\/wp-json\/wp\/v2\/product_cat?post=513"},{"taxonomy":"product_tag","embeddable":true,"href":"https:\/\/woodsteel.rs\/en-us\/wp-json\/wp\/v2\/product_tag?post=513"}],"curies":[{"name":"wp","href":"https:\/\/api.w.org\/{rel}","templated":true}]}}