{"id":522,"date":"2020-02-19T13:09:33","date_gmt":"2020-02-19T12:09:33","guid":{"rendered":"http:\/\/wp_woodsteel.test\/?post_type=product&#038;p=522"},"modified":"2022-12-12T20:04:30","modified_gmt":"2022-12-12T19:04:30","slug":"planta-drveni-stalak-za-vazu","status":"publish","type":"product","link":"https:\/\/woodsteel.rs\/en-us\/shop\/planta-drveni-stalak-za-vazu\/","title":{"rendered":"Planta - wooden vase"},"content":{"rendered":"<p>Drveni stalak za vazu sa metalnim nogicama, da Va\u0161e biljke do\u0111u do izra\u017eaja. Kod nas mo\u017eete na\u0107i ovaj odeljak u kome se nalaze proizvodi koje ste Vi dizajnirali. Klijenti su nas sa sjajnim idejama kontaktirali, kako bismo izradili poseban komad name\u0161taja i dekoracije. Ovaj stalak za vazu je izra\u0111en od parenog Oraha. Oblik komada drveta je ostao isti, netaktut. Kakvog ga je priroda sa\u010duvala.<\/p>\n<p>&nbsp;<\/p>\n<p>Dimensions 30x30x100cm<\/p>\n<p>Material: Steamed walnut, inox, glass container.<\/p>\n<p>&nbsp;<\/p>\n<p><strong>Note:\u00a0<\/strong>Price and dimensions may vary.<\/p>\n<p>&nbsp;<\/p>\n<p>Prati nas na <em><strong><a href=\"https:\/\/www.instagram.com\/wood_steel_design\/\">instagram<\/a> <\/strong><\/em>kako bi uvek bio u toku sa novim modelima ili <em><strong><a href=\"https:\/\/woodsteel.rs\/en-us\/kontakt\/\">write to us.<\/a><\/strong><\/em>, da zajedno dizajniramo tvoj drveni stalak za vazu.<\/p>","protected":false},"excerpt":{"rendered":"<p>Wooden vase stand with metal legs, to make your plants stand out.<\/p>\n<p>&nbsp;<\/p>\n<p>Dimensions 30x30x100cm<\/p>\n<p>Material: Steamed walnut, inox, glass container.<\/p>\n<p>&nbsp;<\/p>\n<p><strong>Note:\u00a0<\/strong>Price and dimensions may vary.<\/p>","protected":false},"featured_media":524,"template":"","meta":{"_monsterinsights_skip_tracking":false,"_monsterinsights_sitenote_active":false,"_monsterinsights_sitenote_note":"","_monsterinsights_sitenote_category":0},"product_brand":[],"product_cat":[24],"product_tag":[],"class_list":{"0":"post-522","1":"product","2":"type-product","3":"status-publish","4":"has-post-thumbnail","6":"product_cat-vaze","8":"first","9":"instock","10":"shipping-taxable","11":"product-type-simple"},"yoast_head":"<!-- This site is optimized with the Yoast SEO plugin v27.5 - https:\/\/yoast.com\/product\/yoast-seo-wordpress\/ -->\n<title>Planta - drveni stalak za vazu - WoodSteel<\/title>\n<meta name=\"description\" content=\"Drveni stalak za vazu izra\u0111en od parenog oraha. Kvalitetno drvo oraha u kombinaciji sa metalom. Name\u0161taj po meri od kvalitetnih materijala.\" \/>\n<meta name=\"robots\" content=\"index, follow, max-snippet:-1, max-image-preview:large, max-video-preview:-1\" \/>\n<link rel=\"canonical\" href=\"https:\/\/woodsteel.rs\/en-us\/shop\/planta-drveni-stalak-za-vazu\/\" \/>\n<meta property=\"og:locale\" content=\"en_US\" \/>\n<meta property=\"og:type\" content=\"article\" \/>\n<meta property=\"og:title\" content=\"Planta - drveni stalak za vazu - WoodSteel\" \/>\n<meta property=\"og:description\" content=\"Drveni stalak za vazu izra\u0111en od parenog oraha. Kvalitetno drvo oraha u kombinaciji sa metalom. Name\u0161taj po meri od kvalitetnih materijala.\" \/>\n<meta property=\"og:url\" content=\"https:\/\/woodsteel.rs\/en-us\/shop\/planta-drveni-stalak-za-vazu\/\" \/>\n<meta property=\"og:site_name\" content=\"WoodSteel\" \/>\n<meta property=\"article:publisher\" content=\"https:\/\/www.facebook.com\/woodsteeldesign\" \/>\n<meta property=\"article:modified_time\" content=\"2022-12-12T19:04:30+00:00\" \/>\n<meta property=\"og:image\" content=\"https:\/\/woodsteel.rs\/wp-content\/uploads\/2020\/02\/planta-drvena-vaza-sa-metalnim-nogicama.jpg\" \/>\n\t<meta property=\"og:image:width\" content=\"1500\" \/>\n\t<meta property=\"og:image:height\" content=\"1500\" \/>\n\t<meta property=\"og:image:type\" content=\"image\/jpeg\" \/>\n<meta name=\"twitter:label1\" content=\"Est. reading time\" \/>\n\t<meta name=\"twitter:data1\" content=\"1 minute\" \/>\n<script type=\"application\/ld+json\" class=\"yoast-schema-graph\">{\"@context\":\"https:\\\/\\\/schema.org\",\"@graph\":[{\"@type\":\"WebPage\",\"@id\":\"https:\\\/\\\/woodsteel.rs\\\/shop\\\/planta-drveni-stalak-za-vazu\\\/\",\"url\":\"https:\\\/\\\/woodsteel.rs\\\/shop\\\/planta-drveni-stalak-za-vazu\\\/\",\"name\":\"Planta - drveni stalak za vazu - WoodSteel\",\"isPartOf\":{\"@id\":\"https:\\\/\\\/woodsteel.rs\\\/#website\"},\"primaryImageOfPage\":{\"@id\":\"https:\\\/\\\/woodsteel.rs\\\/shop\\\/planta-drveni-stalak-za-vazu\\\/#primaryimage\"},\"image\":{\"@id\":\"https:\\\/\\\/woodsteel.rs\\\/shop\\\/planta-drveni-stalak-za-vazu\\\/#primaryimage\"},\"thumbnailUrl\":\"https:\\\/\\\/woodsteel.rs\\\/wp-content\\\/uploads\\\/2020\\\/02\\\/planta-drvena-vaza-sa-metalnim-nogicama.jpg\",\"datePublished\":\"2020-02-19T12:09:33+00:00\",\"dateModified\":\"2022-12-12T19:04:30+00:00\",\"description\":\"Drveni stalak za vazu izra\u0111en od parenog oraha. Kvalitetno drvo oraha u kombinaciji sa metalom. Name\u0161taj po meri od kvalitetnih materijala.\",\"breadcrumb\":{\"@id\":\"https:\\\/\\\/woodsteel.rs\\\/shop\\\/planta-drveni-stalak-za-vazu\\\/#breadcrumb\"},\"inLanguage\":\"en-US\",\"potentialAction\":[{\"@type\":\"ReadAction\",\"target\":[\"https:\\\/\\\/woodsteel.rs\\\/shop\\\/planta-drveni-stalak-za-vazu\\\/\"]}]},{\"@type\":\"ImageObject\",\"inLanguage\":\"en-US\",\"@id\":\"https:\\\/\\\/woodsteel.rs\\\/shop\\\/planta-drveni-stalak-za-vazu\\\/#primaryimage\",\"url\":\"https:\\\/\\\/woodsteel.rs\\\/wp-content\\\/uploads\\\/2020\\\/02\\\/planta-drvena-vaza-sa-metalnim-nogicama.jpg\",\"contentUrl\":\"https:\\\/\\\/woodsteel.rs\\\/wp-content\\\/uploads\\\/2020\\\/02\\\/planta-drvena-vaza-sa-metalnim-nogicama.jpg\",\"width\":1500,\"height\":1500,\"caption\":\"drveni stalak za vazu od parenog oraha\"},{\"@type\":\"BreadcrumbList\",\"@id\":\"https:\\\/\\\/woodsteel.rs\\\/shop\\\/planta-drveni-stalak-za-vazu\\\/#breadcrumb\",\"itemListElement\":[{\"@type\":\"ListItem\",\"position\":1,\"name\":\"Po\u010detna\",\"item\":\"https:\\\/\\\/woodsteel.rs\\\/\"},{\"@type\":\"ListItem\",\"position\":2,\"name\":\"Proizvodi\",\"item\":\"https:\\\/\\\/woodsteel.rs\\\/shop\\\/\"},{\"@type\":\"ListItem\",\"position\":3,\"name\":\"Planta &#8211; drveni stalak za vazu\"}]},{\"@type\":\"WebSite\",\"@id\":\"https:\\\/\\\/woodsteel.rs\\\/#website\",\"url\":\"https:\\\/\\\/woodsteel.rs\\\/\",\"name\":\"WoodSteel\",\"description\":\"\",\"publisher\":{\"@id\":\"https:\\\/\\\/woodsteel.rs\\\/#organization\"},\"potentialAction\":[{\"@type\":\"SearchAction\",\"target\":{\"@type\":\"EntryPoint\",\"urlTemplate\":\"https:\\\/\\\/woodsteel.rs\\\/?s={search_term_string}\"},\"query-input\":{\"@type\":\"PropertyValueSpecification\",\"valueRequired\":true,\"valueName\":\"search_term_string\"}}],\"inLanguage\":\"en-US\"},{\"@type\":\"Organization\",\"@id\":\"https:\\\/\\\/woodsteel.rs\\\/#organization\",\"name\":\"Wood&Steel\",\"url\":\"https:\\\/\\\/woodsteel.rs\\\/\",\"logo\":{\"@type\":\"ImageObject\",\"inLanguage\":\"en-US\",\"@id\":\"https:\\\/\\\/woodsteel.rs\\\/#\\\/schema\\\/logo\\\/image\\\/\",\"url\":\"https:\\\/\\\/woodsteel.rs\\\/wp-content\\\/uploads\\\/2019\\\/12\\\/logo-ISPRAVAK.png\",\"contentUrl\":\"https:\\\/\\\/woodsteel.rs\\\/wp-content\\\/uploads\\\/2019\\\/12\\\/logo-ISPRAVAK.png\",\"width\":779,\"height\":776,\"caption\":\"Wood&Steel\"},\"image\":{\"@id\":\"https:\\\/\\\/woodsteel.rs\\\/#\\\/schema\\\/logo\\\/image\\\/\"},\"sameAs\":[\"https:\\\/\\\/www.facebook.com\\\/woodsteeldesign\",\"https:\\\/\\\/www.instagram.com\\\/wood_steel_design\\\/\"]}]}<\/script>\n<!-- \/ Yoast SEO plugin. -->","yoast_head_json":{"title":"Planta - drveni stalak za vazu - WoodSteel","description":"Drveni stalak za vazu izra\u0111en od parenog oraha. Kvalitetno drvo oraha u kombinaciji sa metalom. Name\u0161taj po meri od kvalitetnih materijala.","robots":{"index":"index","follow":"follow","max-snippet":"max-snippet:-1","max-image-preview":"max-image-preview:large","max-video-preview":"max-video-preview:-1"},"canonical":"https:\/\/woodsteel.rs\/en-us\/shop\/planta-drveni-stalak-za-vazu\/","og_locale":"en_US","og_type":"article","og_title":"Planta - drveni stalak za vazu - WoodSteel","og_description":"Drveni stalak za vazu izra\u0111en od parenog oraha. Kvalitetno drvo oraha u kombinaciji sa metalom. Name\u0161taj po meri od kvalitetnih materijala.","og_url":"https:\/\/woodsteel.rs\/en-us\/shop\/planta-drveni-stalak-za-vazu\/","og_site_name":"WoodSteel","article_publisher":"https:\/\/www.facebook.com\/woodsteeldesign","article_modified_time":"2022-12-12T19:04:30+00:00","og_image":[{"width":1500,"height":1500,"url":"https:\/\/woodsteel.rs\/wp-content\/uploads\/2020\/02\/planta-drvena-vaza-sa-metalnim-nogicama.jpg","type":"image\/jpeg"}],"twitter_misc":{"Est. reading time":"1 minute"},"schema":{"@context":"https:\/\/schema.org","@graph":[{"@type":"WebPage","@id":"https:\/\/woodsteel.rs\/shop\/planta-drveni-stalak-za-vazu\/","url":"https:\/\/woodsteel.rs\/shop\/planta-drveni-stalak-za-vazu\/","name":"Planta - drveni stalak za vazu - WoodSteel","isPartOf":{"@id":"https:\/\/woodsteel.rs\/#website"},"primaryImageOfPage":{"@id":"https:\/\/woodsteel.rs\/shop\/planta-drveni-stalak-za-vazu\/#primaryimage"},"image":{"@id":"https:\/\/woodsteel.rs\/shop\/planta-drveni-stalak-za-vazu\/#primaryimage"},"thumbnailUrl":"https:\/\/woodsteel.rs\/wp-content\/uploads\/2020\/02\/planta-drvena-vaza-sa-metalnim-nogicama.jpg","datePublished":"2020-02-19T12:09:33+00:00","dateModified":"2022-12-12T19:04:30+00:00","description":"Drveni stalak za vazu izra\u0111en od parenog oraha. Kvalitetno drvo oraha u kombinaciji sa metalom. Name\u0161taj po meri od kvalitetnih materijala.","breadcrumb":{"@id":"https:\/\/woodsteel.rs\/shop\/planta-drveni-stalak-za-vazu\/#breadcrumb"},"inLanguage":"en-US","potentialAction":[{"@type":"ReadAction","target":["https:\/\/woodsteel.rs\/shop\/planta-drveni-stalak-za-vazu\/"]}]},{"@type":"ImageObject","inLanguage":"en-US","@id":"https:\/\/woodsteel.rs\/shop\/planta-drveni-stalak-za-vazu\/#primaryimage","url":"https:\/\/woodsteel.rs\/wp-content\/uploads\/2020\/02\/planta-drvena-vaza-sa-metalnim-nogicama.jpg","contentUrl":"https:\/\/woodsteel.rs\/wp-content\/uploads\/2020\/02\/planta-drvena-vaza-sa-metalnim-nogicama.jpg","width":1500,"height":1500,"caption":"drveni stalak za vazu od parenog oraha"},{"@type":"BreadcrumbList","@id":"https:\/\/woodsteel.rs\/shop\/planta-drveni-stalak-za-vazu\/#breadcrumb","itemListElement":[{"@type":"ListItem","position":1,"name":"Po\u010detna","item":"https:\/\/woodsteel.rs\/"},{"@type":"ListItem","position":2,"name":"Proizvodi","item":"https:\/\/woodsteel.rs\/shop\/"},{"@type":"ListItem","position":3,"name":"Planta &#8211; drveni stalak za vazu"}]},{"@type":"WebSite","@id":"https:\/\/woodsteel.rs\/#website","url":"https:\/\/woodsteel.rs\/","name":"WoodSteel","description":"","publisher":{"@id":"https:\/\/woodsteel.rs\/#organization"},"potentialAction":[{"@type":"SearchAction","target":{"@type":"EntryPoint","urlTemplate":"https:\/\/woodsteel.rs\/?s={search_term_string}"},"query-input":{"@type":"PropertyValueSpecification","valueRequired":true,"valueName":"search_term_string"}}],"inLanguage":"en-US"},{"@type":"Organization","@id":"https:\/\/woodsteel.rs\/#organization","name":"Wood&Steel","url":"https:\/\/woodsteel.rs\/","logo":{"@type":"ImageObject","inLanguage":"en-US","@id":"https:\/\/woodsteel.rs\/#\/schema\/logo\/image\/","url":"https:\/\/woodsteel.rs\/wp-content\/uploads\/2019\/12\/logo-ISPRAVAK.png","contentUrl":"https:\/\/woodsteel.rs\/wp-content\/uploads\/2019\/12\/logo-ISPRAVAK.png","width":779,"height":776,"caption":"Wood&Steel"},"image":{"@id":"https:\/\/woodsteel.rs\/#\/schema\/logo\/image\/"},"sameAs":["https:\/\/www.facebook.com\/woodsteeldesign","https:\/\/www.instagram.com\/wood_steel_design\/"]}]}},"_links":{"self":[{"href":"https:\/\/woodsteel.rs\/en-us\/wp-json\/wp\/v2\/product\/522","targetHints":{"allow":["GET"]}}],"collection":[{"href":"https:\/\/woodsteel.rs\/en-us\/wp-json\/wp\/v2\/product"}],"about":[{"href":"https:\/\/woodsteel.rs\/en-us\/wp-json\/wp\/v2\/types\/product"}],"wp:featuredmedia":[{"embeddable":true,"href":"https:\/\/woodsteel.rs\/en-us\/wp-json\/wp\/v2\/media\/524"}],"wp:attachment":[{"href":"https:\/\/woodsteel.rs\/en-us\/wp-json\/wp\/v2\/media?parent=522"}],"wp:term":[{"taxonomy":"product_brand","embeddable":true,"href":"https:\/\/woodsteel.rs\/en-us\/wp-json\/wp\/v2\/product_brand?post=522"},{"taxonomy":"product_cat","embeddable":true,"href":"https:\/\/woodsteel.rs\/en-us\/wp-json\/wp\/v2\/product_cat?post=522"},{"taxonomy":"product_tag","embeddable":true,"href":"https:\/\/woodsteel.rs\/en-us\/wp-json\/wp\/v2\/product_tag?post=522"}],"curies":[{"name":"wp","href":"https:\/\/api.w.org\/{rel}","templated":true}]}}