{"id":609,"date":"2020-02-28T11:27:26","date_gmt":"2020-02-28T10:27:26","guid":{"rendered":"http:\/\/wp_woodsteel.test\/?post_type=product&#038;p=609"},"modified":"2022-12-12T20:01:58","modified_gmt":"2022-12-12T19:01:58","slug":"liberna-i-polica","status":"publish","type":"product","link":"https:\/\/woodsteel.rs\/en-us\/shop\/liberna-i-polica\/","title":{"rendered":"Liberna I - shelf"},"content":{"rendered":"<p>Liberna I &#8211; polica je Kombinacija plastificiranog metala i hrasta, dobili smo ovaj elegantni komad name\u0161taja.<\/p>\n<p>Zbog svog jednostavnog izgleda, policu mo\u017eete lako uklopiti u svaki stil name\u0161taja. Kao \u0161to vidite sa slike, Liberna I &#8211; polica je iskori\u0161\u0107ena kao prostor za odlaganje i kolekciju vina. Napravljena je od izdr\u017eljivih materijala. Drvo Hrasta i plastificiran metal sa sigurno\u0161\u0107u daju dugi vek trajanja ovoj polici. Svoje mesto mo\u017ee na\u0107i u trpazsriji, dnevnom boravku, kuhinji ili ostavi.<\/p>\n<p>&nbsp;<\/p>\n<p>Dimensions: 220x200x40cm.<\/p>\n<p>Material: Plasticized metal, oak wood.<\/p>\n<p>&nbsp;<\/p>\n<p><strong>Note:<\/strong> Price and dimensions may vary.<\/p>\n<p>&nbsp;<\/p>\n<p>Prati nas na <em><strong><a href=\"https:\/\/www.instagram.com\/wood_steel_design\/\">instagram<\/a> <\/strong><\/em>kako bi uvek bio u toku sa novim modelima ili <em><strong><a href=\"https:\/\/woodsteel.rs\/en-us\/kontakt\/\">write to us.<\/a><\/strong><\/em>, da zajedno dizajniramo tvoju policu.<\/p>\n<p>&nbsp;<\/p>\n<p>&nbsp;<\/p>\n<p><em><strong><a href=\"https:\/\/woodsteel.rs\/en-us\/\">Woodsteel.rs<\/a><\/strong><\/em><\/p>","protected":false},"excerpt":{"rendered":"<p>With combination of plasticized metal and oak wood we made this elegant piece of furniture.<\/p>\n<p>Because of it's minimalistic design, it can fit with any style of furniture.<\/p>\n<p>&nbsp;<\/p>\n<p>Dimensions: 220x200x40cm.<\/p>\n<p>Material: Plasticized metal, oak wood.<\/p>\n<p>&nbsp;<\/p>\n<p><strong>Note:<\/strong> Price and dimensions may vary.<\/p>","protected":false},"featured_media":632,"template":"","meta":{"_monsterinsights_skip_tracking":false,"_monsterinsights_sitenote_active":false,"_monsterinsights_sitenote_note":"","_monsterinsights_sitenote_category":0},"product_brand":[],"product_cat":[23],"product_tag":[],"class_list":{"0":"post-609","1":"product","2":"type-product","3":"status-publish","4":"has-post-thumbnail","6":"product_cat-police","8":"first","9":"instock","10":"shipping-taxable","11":"product-type-simple"},"yoast_head":"<!-- This site is optimized with the Yoast SEO plugin v27.4 - https:\/\/yoast.com\/product\/yoast-seo-wordpress\/ -->\n<title>Liberna I - polica<\/title>\n<meta name=\"description\" content=\"Liberna I - polica dimenzije: 220x200x40cm. Drvo Hrasta i metalna konstrukcija. Sami birate dimenzije i drvo od kog \u017eelite da izradimo policu.\" \/>\n<meta name=\"robots\" content=\"index, follow, max-snippet:-1, max-image-preview:large, max-video-preview:-1\" \/>\n<link rel=\"canonical\" href=\"https:\/\/woodsteel.rs\/en-us\/shop\/liberna-i-polica\/\" \/>\n<meta property=\"og:locale\" content=\"en_US\" \/>\n<meta property=\"og:type\" content=\"article\" \/>\n<meta property=\"og:title\" content=\"Liberna I - polica\" \/>\n<meta property=\"og:description\" content=\"Liberna I - polica dimenzije: 220x200x40cm. Drvo Hrasta i metalna konstrukcija. Sami birate dimenzije i drvo od kog \u017eelite da izradimo policu.\" \/>\n<meta property=\"og:url\" content=\"https:\/\/woodsteel.rs\/en-us\/shop\/liberna-i-polica\/\" \/>\n<meta property=\"og:site_name\" content=\"WoodSteel\" \/>\n<meta property=\"article:publisher\" content=\"https:\/\/www.facebook.com\/woodsteeldesign\" \/>\n<meta property=\"article:modified_time\" content=\"2022-12-12T19:01:58+00:00\" \/>\n<meta property=\"og:image\" content=\"https:\/\/woodsteel.rs\/wp-content\/uploads\/2020\/02\/liberna-I-polica.jpg\" \/>\n\t<meta property=\"og:image:width\" content=\"1500\" \/>\n\t<meta property=\"og:image:height\" content=\"1500\" \/>\n\t<meta property=\"og:image:type\" content=\"image\/jpeg\" \/>\n<meta name=\"twitter:label1\" content=\"Est. reading time\" \/>\n\t<meta name=\"twitter:data1\" content=\"1 minute\" \/>\n<script type=\"application\/ld+json\" class=\"yoast-schema-graph\">{\"@context\":\"https:\\\/\\\/schema.org\",\"@graph\":[{\"@type\":\"WebPage\",\"@id\":\"https:\\\/\\\/woodsteel.rs\\\/shop\\\/liberna-i-polica\\\/\",\"url\":\"https:\\\/\\\/woodsteel.rs\\\/shop\\\/liberna-i-polica\\\/\",\"name\":\"Liberna I - polica\",\"isPartOf\":{\"@id\":\"https:\\\/\\\/woodsteel.rs\\\/#website\"},\"primaryImageOfPage\":{\"@id\":\"https:\\\/\\\/woodsteel.rs\\\/shop\\\/liberna-i-polica\\\/#primaryimage\"},\"image\":{\"@id\":\"https:\\\/\\\/woodsteel.rs\\\/shop\\\/liberna-i-polica\\\/#primaryimage\"},\"thumbnailUrl\":\"https:\\\/\\\/woodsteel.rs\\\/wp-content\\\/uploads\\\/2020\\\/02\\\/liberna-I-polica.jpg\",\"datePublished\":\"2020-02-28T10:27:26+00:00\",\"dateModified\":\"2022-12-12T19:01:58+00:00\",\"description\":\"Liberna I - polica dimenzije: 220x200x40cm. Drvo Hrasta i metalna konstrukcija. Sami birate dimenzije i drvo od kog \u017eelite da izradimo policu.\",\"breadcrumb\":{\"@id\":\"https:\\\/\\\/woodsteel.rs\\\/shop\\\/liberna-i-polica\\\/#breadcrumb\"},\"inLanguage\":\"en-US\",\"potentialAction\":[{\"@type\":\"ReadAction\",\"target\":[\"https:\\\/\\\/woodsteel.rs\\\/shop\\\/liberna-i-polica\\\/\"]}]},{\"@type\":\"ImageObject\",\"inLanguage\":\"en-US\",\"@id\":\"https:\\\/\\\/woodsteel.rs\\\/shop\\\/liberna-i-polica\\\/#primaryimage\",\"url\":\"https:\\\/\\\/woodsteel.rs\\\/wp-content\\\/uploads\\\/2020\\\/02\\\/liberna-I-polica.jpg\",\"contentUrl\":\"https:\\\/\\\/woodsteel.rs\\\/wp-content\\\/uploads\\\/2020\\\/02\\\/liberna-I-polica.jpg\",\"width\":1500,\"height\":1500,\"caption\":\"Liberna I - polica od drveta Hrasta\"},{\"@type\":\"BreadcrumbList\",\"@id\":\"https:\\\/\\\/woodsteel.rs\\\/shop\\\/liberna-i-polica\\\/#breadcrumb\",\"itemListElement\":[{\"@type\":\"ListItem\",\"position\":1,\"name\":\"Po\u010detna\",\"item\":\"https:\\\/\\\/woodsteel.rs\\\/\"},{\"@type\":\"ListItem\",\"position\":2,\"name\":\"Proizvodi\",\"item\":\"https:\\\/\\\/woodsteel.rs\\\/shop\\\/\"},{\"@type\":\"ListItem\",\"position\":3,\"name\":\"Liberna I &#8211; polica\"}]},{\"@type\":\"WebSite\",\"@id\":\"https:\\\/\\\/woodsteel.rs\\\/#website\",\"url\":\"https:\\\/\\\/woodsteel.rs\\\/\",\"name\":\"WoodSteel\",\"description\":\"\",\"publisher\":{\"@id\":\"https:\\\/\\\/woodsteel.rs\\\/#organization\"},\"potentialAction\":[{\"@type\":\"SearchAction\",\"target\":{\"@type\":\"EntryPoint\",\"urlTemplate\":\"https:\\\/\\\/woodsteel.rs\\\/?s={search_term_string}\"},\"query-input\":{\"@type\":\"PropertyValueSpecification\",\"valueRequired\":true,\"valueName\":\"search_term_string\"}}],\"inLanguage\":\"en-US\"},{\"@type\":\"Organization\",\"@id\":\"https:\\\/\\\/woodsteel.rs\\\/#organization\",\"name\":\"Wood&Steel\",\"url\":\"https:\\\/\\\/woodsteel.rs\\\/\",\"logo\":{\"@type\":\"ImageObject\",\"inLanguage\":\"en-US\",\"@id\":\"https:\\\/\\\/woodsteel.rs\\\/#\\\/schema\\\/logo\\\/image\\\/\",\"url\":\"https:\\\/\\\/woodsteel.rs\\\/wp-content\\\/uploads\\\/2019\\\/12\\\/logo-ISPRAVAK.png\",\"contentUrl\":\"https:\\\/\\\/woodsteel.rs\\\/wp-content\\\/uploads\\\/2019\\\/12\\\/logo-ISPRAVAK.png\",\"width\":779,\"height\":776,\"caption\":\"Wood&Steel\"},\"image\":{\"@id\":\"https:\\\/\\\/woodsteel.rs\\\/#\\\/schema\\\/logo\\\/image\\\/\"},\"sameAs\":[\"https:\\\/\\\/www.facebook.com\\\/woodsteeldesign\",\"https:\\\/\\\/www.instagram.com\\\/wood_steel_design\\\/\"]}]}<\/script>\n<!-- \/ Yoast SEO plugin. -->","yoast_head_json":{"title":"Liberna I - polica","description":"Liberna I - polica dimenzije: 220x200x40cm. Drvo Hrasta i metalna konstrukcija. Sami birate dimenzije i drvo od kog \u017eelite da izradimo policu.","robots":{"index":"index","follow":"follow","max-snippet":"max-snippet:-1","max-image-preview":"max-image-preview:large","max-video-preview":"max-video-preview:-1"},"canonical":"https:\/\/woodsteel.rs\/en-us\/shop\/liberna-i-polica\/","og_locale":"en_US","og_type":"article","og_title":"Liberna I - polica","og_description":"Liberna I - polica dimenzije: 220x200x40cm. Drvo Hrasta i metalna konstrukcija. Sami birate dimenzije i drvo od kog \u017eelite da izradimo policu.","og_url":"https:\/\/woodsteel.rs\/en-us\/shop\/liberna-i-polica\/","og_site_name":"WoodSteel","article_publisher":"https:\/\/www.facebook.com\/woodsteeldesign","article_modified_time":"2022-12-12T19:01:58+00:00","og_image":[{"width":1500,"height":1500,"url":"https:\/\/woodsteel.rs\/wp-content\/uploads\/2020\/02\/liberna-I-polica.jpg","type":"image\/jpeg"}],"twitter_misc":{"Est. reading time":"1 minute"},"schema":{"@context":"https:\/\/schema.org","@graph":[{"@type":"WebPage","@id":"https:\/\/woodsteel.rs\/shop\/liberna-i-polica\/","url":"https:\/\/woodsteel.rs\/shop\/liberna-i-polica\/","name":"Liberna I - polica","isPartOf":{"@id":"https:\/\/woodsteel.rs\/#website"},"primaryImageOfPage":{"@id":"https:\/\/woodsteel.rs\/shop\/liberna-i-polica\/#primaryimage"},"image":{"@id":"https:\/\/woodsteel.rs\/shop\/liberna-i-polica\/#primaryimage"},"thumbnailUrl":"https:\/\/woodsteel.rs\/wp-content\/uploads\/2020\/02\/liberna-I-polica.jpg","datePublished":"2020-02-28T10:27:26+00:00","dateModified":"2022-12-12T19:01:58+00:00","description":"Liberna I - polica dimenzije: 220x200x40cm. Drvo Hrasta i metalna konstrukcija. Sami birate dimenzije i drvo od kog \u017eelite da izradimo policu.","breadcrumb":{"@id":"https:\/\/woodsteel.rs\/shop\/liberna-i-polica\/#breadcrumb"},"inLanguage":"en-US","potentialAction":[{"@type":"ReadAction","target":["https:\/\/woodsteel.rs\/shop\/liberna-i-polica\/"]}]},{"@type":"ImageObject","inLanguage":"en-US","@id":"https:\/\/woodsteel.rs\/shop\/liberna-i-polica\/#primaryimage","url":"https:\/\/woodsteel.rs\/wp-content\/uploads\/2020\/02\/liberna-I-polica.jpg","contentUrl":"https:\/\/woodsteel.rs\/wp-content\/uploads\/2020\/02\/liberna-I-polica.jpg","width":1500,"height":1500,"caption":"Liberna I - polica od drveta Hrasta"},{"@type":"BreadcrumbList","@id":"https:\/\/woodsteel.rs\/shop\/liberna-i-polica\/#breadcrumb","itemListElement":[{"@type":"ListItem","position":1,"name":"Po\u010detna","item":"https:\/\/woodsteel.rs\/"},{"@type":"ListItem","position":2,"name":"Proizvodi","item":"https:\/\/woodsteel.rs\/shop\/"},{"@type":"ListItem","position":3,"name":"Liberna I &#8211; polica"}]},{"@type":"WebSite","@id":"https:\/\/woodsteel.rs\/#website","url":"https:\/\/woodsteel.rs\/","name":"WoodSteel","description":"","publisher":{"@id":"https:\/\/woodsteel.rs\/#organization"},"potentialAction":[{"@type":"SearchAction","target":{"@type":"EntryPoint","urlTemplate":"https:\/\/woodsteel.rs\/?s={search_term_string}"},"query-input":{"@type":"PropertyValueSpecification","valueRequired":true,"valueName":"search_term_string"}}],"inLanguage":"en-US"},{"@type":"Organization","@id":"https:\/\/woodsteel.rs\/#organization","name":"Wood&Steel","url":"https:\/\/woodsteel.rs\/","logo":{"@type":"ImageObject","inLanguage":"en-US","@id":"https:\/\/woodsteel.rs\/#\/schema\/logo\/image\/","url":"https:\/\/woodsteel.rs\/wp-content\/uploads\/2019\/12\/logo-ISPRAVAK.png","contentUrl":"https:\/\/woodsteel.rs\/wp-content\/uploads\/2019\/12\/logo-ISPRAVAK.png","width":779,"height":776,"caption":"Wood&Steel"},"image":{"@id":"https:\/\/woodsteel.rs\/#\/schema\/logo\/image\/"},"sameAs":["https:\/\/www.facebook.com\/woodsteeldesign","https:\/\/www.instagram.com\/wood_steel_design\/"]}]}},"_links":{"self":[{"href":"https:\/\/woodsteel.rs\/en-us\/wp-json\/wp\/v2\/product\/609","targetHints":{"allow":["GET"]}}],"collection":[{"href":"https:\/\/woodsteel.rs\/en-us\/wp-json\/wp\/v2\/product"}],"about":[{"href":"https:\/\/woodsteel.rs\/en-us\/wp-json\/wp\/v2\/types\/product"}],"wp:featuredmedia":[{"embeddable":true,"href":"https:\/\/woodsteel.rs\/en-us\/wp-json\/wp\/v2\/media\/632"}],"wp:attachment":[{"href":"https:\/\/woodsteel.rs\/en-us\/wp-json\/wp\/v2\/media?parent=609"}],"wp:term":[{"taxonomy":"product_brand","embeddable":true,"href":"https:\/\/woodsteel.rs\/en-us\/wp-json\/wp\/v2\/product_brand?post=609"},{"taxonomy":"product_cat","embeddable":true,"href":"https:\/\/woodsteel.rs\/en-us\/wp-json\/wp\/v2\/product_cat?post=609"},{"taxonomy":"product_tag","embeddable":true,"href":"https:\/\/woodsteel.rs\/en-us\/wp-json\/wp\/v2\/product_tag?post=609"}],"curies":[{"name":"wp","href":"https:\/\/api.w.org\/{rel}","templated":true}]}}