{"id":639,"date":"2020-02-28T11:38:27","date_gmt":"2020-02-28T10:38:27","guid":{"rendered":"http:\/\/wp_woodsteel.test\/?post_type=product&#038;p=639"},"modified":"2023-03-16T20:27:12","modified_gmt":"2023-03-16T19:27:12","slug":"zidni-sat","status":"publish","type":"product","link":"https:\/\/woodsteel.rs\/en-us\/shop\/zidni-sat\/","title":{"rendered":"Wall clock - Momento"},"content":{"rendered":"<p>Wall clock for lovers of minimalism and creativity. Apart from being a functional and indispensable part of every home, clocks beautify the interior in a special way with their appearance. Whether it is a wall clock or a table clock, it is very important to choose a model that will fit in with the other elements, so that the space is harmonious.<\/p>\n<p>The diameter of the clock in the picture is 90 cm. It is made of brushed stainless steel, while the mechanism is lined with walnut. As with all our products, dimensions are subject to change depending on your ideas and needs.<\/p>\n<p>&nbsp;<\/p>\n<p><strong>Dimensions:<\/strong>diameter 90cm<\/p>\n<p><strong>Material:<\/strong> inox, <a href=\"https:\/\/woodsteel.rs\/en-us\/njegovo-velicanstvo-orah\/\">orah<\/a>.<\/p>\n<p>&nbsp;<\/p>\n<p><strong>Note:<\/strong> Price and dimensions may vary.<\/p>\n<p>&nbsp;<\/p>\n<p>Prati nas na <em><strong><a href=\"https:\/\/www.instagram.com\/wood_steel_design\/\">instagram<\/a> <\/strong><\/em>kako bi uvek bio u toku sa novim modelima ili <em><strong><a href=\"https:\/\/woodsteel.rs\/en-us\/kontakt\/\">write to us.<\/a><\/strong><\/em>, da zajedno dizajniramo tvoj zidni sat.<\/p>\n<p>&nbsp;<\/p>\n<p>&nbsp;<\/p>\n<p><em><strong><a href=\"https:\/\/woodsteel.rs\/en-us\/\">Woodsteel.rs<\/a><\/strong><\/em><\/p>","protected":false},"excerpt":{"rendered":"<p><span style=\"font-size: 110%;\">Wall clock for lovers of minimalism and creativity. Apart from being a functional and indispensable part of every home, clocks beautify the interior in a special way with their appearance. Whether it is a wall clock or a table clock, it is very important to choose a model that will fit in with the other elements, so that the space is harmonious. <\/span><\/p>\n<p><span style=\"font-size: 110%;\">The diameter of the clock in the picture is 90 cm. It is made of brushed stainless steel, while the mechanism is lined with walnut. As with all our products, dimensions are subject to change depending on your ideas and needs.<\/span><\/p>\n<p>&nbsp;<\/p>\n<p><span style=\"font-size: 110%;\"><strong>Dimensions:<\/strong>diameter 90cm<\/span><\/p>\n<p><span style=\"font-size: 110%;\"><strong>Material:<\/strong> stainless steel, walnut.<\/span><\/p>\n<p>&nbsp;<\/p>\n<p><span style=\"font-size: 110%;\"><strong>Note:<\/strong> Price and dimensions may vary.<\/span><\/p>","protected":false},"featured_media":3055,"template":"","meta":{"_monsterinsights_skip_tracking":false,"_monsterinsights_sitenote_active":false,"_monsterinsights_sitenote_note":"","_monsterinsights_sitenote_category":0},"product_brand":[],"product_cat":[40],"product_tag":[],"class_list":{"0":"post-639","1":"product","2":"type-product","3":"status-publish","4":"has-post-thumbnail","6":"product_cat-zidni-satovi","8":"first","9":"instock","10":"shipping-taxable","11":"product-type-simple"},"yoast_head":"<!-- This site is optimized with the Yoast SEO plugin v27.4 - https:\/\/yoast.com\/product\/yoast-seo-wordpress\/ -->\n<title>Zidni sat - Momento - WoodSteel<\/title>\n<meta name=\"description\" content=\"Zidni sat za ljubitelje minimalizma i kreativnosti. Napravljen je od bru\u0161enog inoxa, dok je mehanizam oblo\u017een orahom. Pre\u010dnik sata sa slike je 90cm\" \/>\n<meta name=\"robots\" content=\"index, follow, max-snippet:-1, max-image-preview:large, max-video-preview:-1\" \/>\n<link rel=\"canonical\" href=\"https:\/\/woodsteel.rs\/en-us\/shop\/zidni-sat\/\" \/>\n<meta property=\"og:locale\" content=\"en_US\" \/>\n<meta property=\"og:type\" content=\"article\" \/>\n<meta property=\"og:title\" content=\"Zidni sat - Momento - WoodSteel\" \/>\n<meta property=\"og:description\" content=\"Zidni sat za ljubitelje minimalizma i kreativnosti. Napravljen je od bru\u0161enog inoxa, dok je mehanizam oblo\u017een orahom. Pre\u010dnik sata sa slike je 90cm\" \/>\n<meta property=\"og:url\" content=\"https:\/\/woodsteel.rs\/en-us\/shop\/zidni-sat\/\" \/>\n<meta property=\"og:site_name\" content=\"WoodSteel\" \/>\n<meta property=\"article:publisher\" content=\"https:\/\/www.facebook.com\/woodsteeldesign\" \/>\n<meta property=\"article:modified_time\" content=\"2023-03-16T19:27:12+00:00\" \/>\n<meta property=\"og:image\" content=\"https:\/\/woodsteel.rs\/wp-content\/uploads\/2020\/02\/zidni-sat-moderan-dizajn-woodsteel-Beograd.jpg\" \/>\n\t<meta property=\"og:image:width\" content=\"768\" \/>\n\t<meta property=\"og:image:height\" content=\"768\" \/>\n\t<meta property=\"og:image:type\" content=\"image\/jpeg\" \/>\n<meta name=\"twitter:label1\" content=\"Est. reading time\" \/>\n\t<meta name=\"twitter:data1\" content=\"1 minute\" \/>\n<script type=\"application\/ld+json\" class=\"yoast-schema-graph\">{\"@context\":\"https:\\\/\\\/schema.org\",\"@graph\":[{\"@type\":\"WebPage\",\"@id\":\"https:\\\/\\\/woodsteel.rs\\\/shop\\\/zidni-sat\\\/\",\"url\":\"https:\\\/\\\/woodsteel.rs\\\/shop\\\/zidni-sat\\\/\",\"name\":\"Zidni sat - Momento - WoodSteel\",\"isPartOf\":{\"@id\":\"https:\\\/\\\/woodsteel.rs\\\/#website\"},\"primaryImageOfPage\":{\"@id\":\"https:\\\/\\\/woodsteel.rs\\\/shop\\\/zidni-sat\\\/#primaryimage\"},\"image\":{\"@id\":\"https:\\\/\\\/woodsteel.rs\\\/shop\\\/zidni-sat\\\/#primaryimage\"},\"thumbnailUrl\":\"https:\\\/\\\/woodsteel.rs\\\/wp-content\\\/uploads\\\/2020\\\/02\\\/zidni-sat-moderan-dizajn-woodsteel-Beograd.jpg\",\"datePublished\":\"2020-02-28T10:38:27+00:00\",\"dateModified\":\"2023-03-16T19:27:12+00:00\",\"description\":\"Zidni sat za ljubitelje minimalizma i kreativnosti. Napravljen je od bru\u0161enog inoxa, dok je mehanizam oblo\u017een orahom. Pre\u010dnik sata sa slike je 90cm\",\"breadcrumb\":{\"@id\":\"https:\\\/\\\/woodsteel.rs\\\/shop\\\/zidni-sat\\\/#breadcrumb\"},\"inLanguage\":\"en-US\",\"potentialAction\":[{\"@type\":\"ReadAction\",\"target\":[\"https:\\\/\\\/woodsteel.rs\\\/shop\\\/zidni-sat\\\/\"]}]},{\"@type\":\"ImageObject\",\"inLanguage\":\"en-US\",\"@id\":\"https:\\\/\\\/woodsteel.rs\\\/shop\\\/zidni-sat\\\/#primaryimage\",\"url\":\"https:\\\/\\\/woodsteel.rs\\\/wp-content\\\/uploads\\\/2020\\\/02\\\/zidni-sat-moderan-dizajn-woodsteel-Beograd.jpg\",\"contentUrl\":\"https:\\\/\\\/woodsteel.rs\\\/wp-content\\\/uploads\\\/2020\\\/02\\\/zidni-sat-moderan-dizajn-woodsteel-Beograd.jpg\",\"width\":768,\"height\":768,\"caption\":\"Zidni sat pre\u010dnika 90 cm, ru\u010dna izrada modernih zidnih satova\"},{\"@type\":\"BreadcrumbList\",\"@id\":\"https:\\\/\\\/woodsteel.rs\\\/shop\\\/zidni-sat\\\/#breadcrumb\",\"itemListElement\":[{\"@type\":\"ListItem\",\"position\":1,\"name\":\"Po\u010detna\",\"item\":\"https:\\\/\\\/woodsteel.rs\\\/\"},{\"@type\":\"ListItem\",\"position\":2,\"name\":\"Proizvodi\",\"item\":\"https:\\\/\\\/woodsteel.rs\\\/shop\\\/\"},{\"@type\":\"ListItem\",\"position\":3,\"name\":\"Zidni sat &#8211; Momento\"}]},{\"@type\":\"WebSite\",\"@id\":\"https:\\\/\\\/woodsteel.rs\\\/#website\",\"url\":\"https:\\\/\\\/woodsteel.rs\\\/\",\"name\":\"WoodSteel\",\"description\":\"\",\"publisher\":{\"@id\":\"https:\\\/\\\/woodsteel.rs\\\/#organization\"},\"potentialAction\":[{\"@type\":\"SearchAction\",\"target\":{\"@type\":\"EntryPoint\",\"urlTemplate\":\"https:\\\/\\\/woodsteel.rs\\\/?s={search_term_string}\"},\"query-input\":{\"@type\":\"PropertyValueSpecification\",\"valueRequired\":true,\"valueName\":\"search_term_string\"}}],\"inLanguage\":\"en-US\"},{\"@type\":\"Organization\",\"@id\":\"https:\\\/\\\/woodsteel.rs\\\/#organization\",\"name\":\"Wood&Steel\",\"url\":\"https:\\\/\\\/woodsteel.rs\\\/\",\"logo\":{\"@type\":\"ImageObject\",\"inLanguage\":\"en-US\",\"@id\":\"https:\\\/\\\/woodsteel.rs\\\/#\\\/schema\\\/logo\\\/image\\\/\",\"url\":\"https:\\\/\\\/woodsteel.rs\\\/wp-content\\\/uploads\\\/2019\\\/12\\\/logo-ISPRAVAK.png\",\"contentUrl\":\"https:\\\/\\\/woodsteel.rs\\\/wp-content\\\/uploads\\\/2019\\\/12\\\/logo-ISPRAVAK.png\",\"width\":779,\"height\":776,\"caption\":\"Wood&Steel\"},\"image\":{\"@id\":\"https:\\\/\\\/woodsteel.rs\\\/#\\\/schema\\\/logo\\\/image\\\/\"},\"sameAs\":[\"https:\\\/\\\/www.facebook.com\\\/woodsteeldesign\",\"https:\\\/\\\/www.instagram.com\\\/wood_steel_design\\\/\"]}]}<\/script>\n<!-- \/ Yoast SEO plugin. -->","yoast_head_json":{"title":"Zidni sat - Momento - WoodSteel","description":"Zidni sat za ljubitelje minimalizma i kreativnosti. Napravljen je od bru\u0161enog inoxa, dok je mehanizam oblo\u017een orahom. Pre\u010dnik sata sa slike je 90cm","robots":{"index":"index","follow":"follow","max-snippet":"max-snippet:-1","max-image-preview":"max-image-preview:large","max-video-preview":"max-video-preview:-1"},"canonical":"https:\/\/woodsteel.rs\/en-us\/shop\/zidni-sat\/","og_locale":"en_US","og_type":"article","og_title":"Zidni sat - Momento - WoodSteel","og_description":"Zidni sat za ljubitelje minimalizma i kreativnosti. Napravljen je od bru\u0161enog inoxa, dok je mehanizam oblo\u017een orahom. Pre\u010dnik sata sa slike je 90cm","og_url":"https:\/\/woodsteel.rs\/en-us\/shop\/zidni-sat\/","og_site_name":"WoodSteel","article_publisher":"https:\/\/www.facebook.com\/woodsteeldesign","article_modified_time":"2023-03-16T19:27:12+00:00","og_image":[{"width":768,"height":768,"url":"https:\/\/woodsteel.rs\/wp-content\/uploads\/2020\/02\/zidni-sat-moderan-dizajn-woodsteel-Beograd.jpg","type":"image\/jpeg"}],"twitter_misc":{"Est. reading time":"1 minute"},"schema":{"@context":"https:\/\/schema.org","@graph":[{"@type":"WebPage","@id":"https:\/\/woodsteel.rs\/shop\/zidni-sat\/","url":"https:\/\/woodsteel.rs\/shop\/zidni-sat\/","name":"Zidni sat - Momento - WoodSteel","isPartOf":{"@id":"https:\/\/woodsteel.rs\/#website"},"primaryImageOfPage":{"@id":"https:\/\/woodsteel.rs\/shop\/zidni-sat\/#primaryimage"},"image":{"@id":"https:\/\/woodsteel.rs\/shop\/zidni-sat\/#primaryimage"},"thumbnailUrl":"https:\/\/woodsteel.rs\/wp-content\/uploads\/2020\/02\/zidni-sat-moderan-dizajn-woodsteel-Beograd.jpg","datePublished":"2020-02-28T10:38:27+00:00","dateModified":"2023-03-16T19:27:12+00:00","description":"Zidni sat za ljubitelje minimalizma i kreativnosti. Napravljen je od bru\u0161enog inoxa, dok je mehanizam oblo\u017een orahom. Pre\u010dnik sata sa slike je 90cm","breadcrumb":{"@id":"https:\/\/woodsteel.rs\/shop\/zidni-sat\/#breadcrumb"},"inLanguage":"en-US","potentialAction":[{"@type":"ReadAction","target":["https:\/\/woodsteel.rs\/shop\/zidni-sat\/"]}]},{"@type":"ImageObject","inLanguage":"en-US","@id":"https:\/\/woodsteel.rs\/shop\/zidni-sat\/#primaryimage","url":"https:\/\/woodsteel.rs\/wp-content\/uploads\/2020\/02\/zidni-sat-moderan-dizajn-woodsteel-Beograd.jpg","contentUrl":"https:\/\/woodsteel.rs\/wp-content\/uploads\/2020\/02\/zidni-sat-moderan-dizajn-woodsteel-Beograd.jpg","width":768,"height":768,"caption":"Zidni sat pre\u010dnika 90 cm, ru\u010dna izrada modernih zidnih satova"},{"@type":"BreadcrumbList","@id":"https:\/\/woodsteel.rs\/shop\/zidni-sat\/#breadcrumb","itemListElement":[{"@type":"ListItem","position":1,"name":"Po\u010detna","item":"https:\/\/woodsteel.rs\/"},{"@type":"ListItem","position":2,"name":"Proizvodi","item":"https:\/\/woodsteel.rs\/shop\/"},{"@type":"ListItem","position":3,"name":"Zidni sat &#8211; Momento"}]},{"@type":"WebSite","@id":"https:\/\/woodsteel.rs\/#website","url":"https:\/\/woodsteel.rs\/","name":"WoodSteel","description":"","publisher":{"@id":"https:\/\/woodsteel.rs\/#organization"},"potentialAction":[{"@type":"SearchAction","target":{"@type":"EntryPoint","urlTemplate":"https:\/\/woodsteel.rs\/?s={search_term_string}"},"query-input":{"@type":"PropertyValueSpecification","valueRequired":true,"valueName":"search_term_string"}}],"inLanguage":"en-US"},{"@type":"Organization","@id":"https:\/\/woodsteel.rs\/#organization","name":"Wood&Steel","url":"https:\/\/woodsteel.rs\/","logo":{"@type":"ImageObject","inLanguage":"en-US","@id":"https:\/\/woodsteel.rs\/#\/schema\/logo\/image\/","url":"https:\/\/woodsteel.rs\/wp-content\/uploads\/2019\/12\/logo-ISPRAVAK.png","contentUrl":"https:\/\/woodsteel.rs\/wp-content\/uploads\/2019\/12\/logo-ISPRAVAK.png","width":779,"height":776,"caption":"Wood&Steel"},"image":{"@id":"https:\/\/woodsteel.rs\/#\/schema\/logo\/image\/"},"sameAs":["https:\/\/www.facebook.com\/woodsteeldesign","https:\/\/www.instagram.com\/wood_steel_design\/"]}]}},"_links":{"self":[{"href":"https:\/\/woodsteel.rs\/en-us\/wp-json\/wp\/v2\/product\/639","targetHints":{"allow":["GET"]}}],"collection":[{"href":"https:\/\/woodsteel.rs\/en-us\/wp-json\/wp\/v2\/product"}],"about":[{"href":"https:\/\/woodsteel.rs\/en-us\/wp-json\/wp\/v2\/types\/product"}],"wp:featuredmedia":[{"embeddable":true,"href":"https:\/\/woodsteel.rs\/en-us\/wp-json\/wp\/v2\/media\/3055"}],"wp:attachment":[{"href":"https:\/\/woodsteel.rs\/en-us\/wp-json\/wp\/v2\/media?parent=639"}],"wp:term":[{"taxonomy":"product_brand","embeddable":true,"href":"https:\/\/woodsteel.rs\/en-us\/wp-json\/wp\/v2\/product_brand?post=639"},{"taxonomy":"product_cat","embeddable":true,"href":"https:\/\/woodsteel.rs\/en-us\/wp-json\/wp\/v2\/product_cat?post=639"},{"taxonomy":"product_tag","embeddable":true,"href":"https:\/\/woodsteel.rs\/en-us\/wp-json\/wp\/v2\/product_tag?post=639"}],"curies":[{"name":"wp","href":"https:\/\/api.w.org\/{rel}","templated":true}]}}