{"id":645,"date":"2020-02-28T11:48:24","date_gmt":"2020-02-28T10:48:24","guid":{"rendered":"http:\/\/wp_woodsteel.test\/?post_type=product&#038;p=645"},"modified":"2023-03-13T17:04:08","modified_gmt":"2023-03-13T16:04:08","slug":"novis-iv-trpezarijski-sto-2","status":"publish","type":"product","link":"https:\/\/woodsteel.rs\/en-us\/shop\/novis-iv-trpezarijski-sto-2\/","title":{"rendered":"Novis IV - dining table"},"content":{"rendered":"<p>Trpezarijski sto Novis IV ubrajamo u prefinjene i moderne trpezarijske stolove. Sa svojim modernim izgledom lako se uklapa u svaki deo Va\u0161e kuhinje ili trpezarije. Dimenzije stola sa slike su 200x90x75cm. U zavisnosti od Va\u0161ih potreba dimenzije mo\u017eemo menjati. Ovakav obli trpeazrijskog stola i same plo\u010de je dovoljan za trpezarijski prostor. Na\u0161i kupci su Novis IV &#8211; trpezarijski sto kombinovali sa jednostavnim trpazarijskim stolicama.<\/p>\n<p>&nbsp;<\/p>\n<p>Dimensions: 200x90x75cm.<\/p>\n<p>Material: brushed stainless steel, steamed walnut.<\/p>\n<p>&nbsp;<\/p>\n<p><strong>Note:<\/strong> Price and dimensions may vary.<\/p>\n<p>&nbsp;<\/p>\n<p>Prati nas na <em><strong><a href=\"https:\/\/www.instagram.com\/wood_steel_design\/\">instagram<\/a> <\/strong><\/em>kako bi uvek bio u toku sa novim modelima ili <em><strong><a href=\"https:\/\/woodsteel.rs\/en-us\/kontakt\/\">write to us.<\/a><\/strong><\/em>, da zajedno dizajniramo savr\u0161en trpezarijski sto.<\/p>\n<p>&nbsp;<\/p>\n<p>&nbsp;<\/p>\n<p><em><strong><a href=\"https:\/\/woodsteel.rs\/en-us\/\">Woodsteel.rs<\/a><\/strong><\/em><\/p>","protected":false},"excerpt":{"rendered":"<p>The Novis IV dining table is one of the refined and modern dining tables. With their modern look, they easily fit into any part of your kitchen or dining room. The dimensions of the table with pictures are 200x90x75cm. Depending on your needs, we can change the dimensions.<\/p>\n<p>&nbsp;<\/p>\n<p>Dimensions: 200x90x75cm.<\/p>\n<p>Material: brushed stainless steel, steamed walnut.<\/p>\n<p>&nbsp;<\/p>\n<p><strong>Note:<\/strong> Price and dimensions may vary.<\/p>","protected":false},"featured_media":650,"template":"","meta":{"_monsterinsights_skip_tracking":false,"_monsterinsights_sitenote_active":false,"_monsterinsights_sitenote_note":"","_monsterinsights_sitenote_category":0},"product_brand":[],"product_cat":[35],"product_tag":[],"class_list":{"0":"post-645","1":"product","2":"type-product","3":"status-publish","4":"has-post-thumbnail","6":"product_cat-trpezarijski-sto","8":"first","9":"instock","10":"shipping-taxable","11":"product-type-simple"},"yoast_head":"<!-- This site is optimized with the Yoast SEO plugin v27.4 - https:\/\/yoast.com\/product\/yoast-seo-wordpress\/ -->\n<title>Novis IV - trpezarijski sto - WoodSteel<\/title>\n<meta name=\"description\" content=\"Novis IV - trpezarijski sto je prefinjen i moderan sto. Sa svojim modernim izgledom uklapa se u svaki deo Va\u0161e kuhinje ili trpezarije.\" \/>\n<meta name=\"robots\" content=\"index, follow, max-snippet:-1, max-image-preview:large, max-video-preview:-1\" \/>\n<link rel=\"canonical\" href=\"https:\/\/woodsteel.rs\/en-us\/shop\/novis-iv-trpezarijski-sto-2\/\" \/>\n<meta property=\"og:locale\" content=\"en_US\" \/>\n<meta property=\"og:type\" content=\"article\" \/>\n<meta property=\"og:title\" content=\"Novis IV - trpezarijski sto - WoodSteel\" \/>\n<meta property=\"og:description\" content=\"Novis IV - trpezarijski sto je prefinjen i moderan sto. Sa svojim modernim izgledom uklapa se u svaki deo Va\u0161e kuhinje ili trpezarije.\" \/>\n<meta property=\"og:url\" content=\"https:\/\/woodsteel.rs\/en-us\/shop\/novis-iv-trpezarijski-sto-2\/\" \/>\n<meta property=\"og:site_name\" content=\"WoodSteel\" \/>\n<meta property=\"article:publisher\" content=\"https:\/\/www.facebook.com\/woodsteeldesign\" \/>\n<meta property=\"article:modified_time\" content=\"2023-03-13T16:04:08+00:00\" \/>\n<meta property=\"og:image\" content=\"https:\/\/woodsteel.rs\/wp-content\/uploads\/2020\/02\/Novis-iv-trpezarijski-sto-od-punog-drveta.jpg\" \/>\n\t<meta property=\"og:image:width\" content=\"626\" \/>\n\t<meta property=\"og:image:height\" content=\"626\" \/>\n\t<meta property=\"og:image:type\" content=\"image\/jpeg\" \/>\n<meta name=\"twitter:label1\" content=\"Est. reading time\" \/>\n\t<meta name=\"twitter:data1\" content=\"1 minute\" \/>\n<script type=\"application\/ld+json\" class=\"yoast-schema-graph\">{\"@context\":\"https:\\\/\\\/schema.org\",\"@graph\":[{\"@type\":\"WebPage\",\"@id\":\"https:\\\/\\\/woodsteel.rs\\\/shop\\\/novis-iv-trpezarijski-sto-2\\\/\",\"url\":\"https:\\\/\\\/woodsteel.rs\\\/shop\\\/novis-iv-trpezarijski-sto-2\\\/\",\"name\":\"Novis IV - trpezarijski sto - WoodSteel\",\"isPartOf\":{\"@id\":\"https:\\\/\\\/woodsteel.rs\\\/#website\"},\"primaryImageOfPage\":{\"@id\":\"https:\\\/\\\/woodsteel.rs\\\/shop\\\/novis-iv-trpezarijski-sto-2\\\/#primaryimage\"},\"image\":{\"@id\":\"https:\\\/\\\/woodsteel.rs\\\/shop\\\/novis-iv-trpezarijski-sto-2\\\/#primaryimage\"},\"thumbnailUrl\":\"https:\\\/\\\/woodsteel.rs\\\/wp-content\\\/uploads\\\/2020\\\/02\\\/Novis-iv-trpezarijski-sto-od-punog-drveta.jpg\",\"datePublished\":\"2020-02-28T10:48:24+00:00\",\"dateModified\":\"2023-03-13T16:04:08+00:00\",\"description\":\"Novis IV - trpezarijski sto je prefinjen i moderan sto. Sa svojim modernim izgledom uklapa se u svaki deo Va\u0161e kuhinje ili trpezarije.\",\"breadcrumb\":{\"@id\":\"https:\\\/\\\/woodsteel.rs\\\/shop\\\/novis-iv-trpezarijski-sto-2\\\/#breadcrumb\"},\"inLanguage\":\"en-US\",\"potentialAction\":[{\"@type\":\"ReadAction\",\"target\":[\"https:\\\/\\\/woodsteel.rs\\\/shop\\\/novis-iv-trpezarijski-sto-2\\\/\"]}]},{\"@type\":\"ImageObject\",\"inLanguage\":\"en-US\",\"@id\":\"https:\\\/\\\/woodsteel.rs\\\/shop\\\/novis-iv-trpezarijski-sto-2\\\/#primaryimage\",\"url\":\"https:\\\/\\\/woodsteel.rs\\\/wp-content\\\/uploads\\\/2020\\\/02\\\/Novis-iv-trpezarijski-sto-od-punog-drveta.jpg\",\"contentUrl\":\"https:\\\/\\\/woodsteel.rs\\\/wp-content\\\/uploads\\\/2020\\\/02\\\/Novis-iv-trpezarijski-sto-od-punog-drveta.jpg\",\"width\":626,\"height\":626,\"caption\":\"Novis IV - trpezarijski sto od parenog oraha i bru\u0161enog inoxa\"},{\"@type\":\"BreadcrumbList\",\"@id\":\"https:\\\/\\\/woodsteel.rs\\\/shop\\\/novis-iv-trpezarijski-sto-2\\\/#breadcrumb\",\"itemListElement\":[{\"@type\":\"ListItem\",\"position\":1,\"name\":\"Po\u010detna\",\"item\":\"https:\\\/\\\/woodsteel.rs\\\/\"},{\"@type\":\"ListItem\",\"position\":2,\"name\":\"Proizvodi\",\"item\":\"https:\\\/\\\/woodsteel.rs\\\/shop\\\/\"},{\"@type\":\"ListItem\",\"position\":3,\"name\":\"Novis IV &#8211; trpezarijski sto\"}]},{\"@type\":\"WebSite\",\"@id\":\"https:\\\/\\\/woodsteel.rs\\\/#website\",\"url\":\"https:\\\/\\\/woodsteel.rs\\\/\",\"name\":\"WoodSteel\",\"description\":\"\",\"publisher\":{\"@id\":\"https:\\\/\\\/woodsteel.rs\\\/#organization\"},\"potentialAction\":[{\"@type\":\"SearchAction\",\"target\":{\"@type\":\"EntryPoint\",\"urlTemplate\":\"https:\\\/\\\/woodsteel.rs\\\/?s={search_term_string}\"},\"query-input\":{\"@type\":\"PropertyValueSpecification\",\"valueRequired\":true,\"valueName\":\"search_term_string\"}}],\"inLanguage\":\"en-US\"},{\"@type\":\"Organization\",\"@id\":\"https:\\\/\\\/woodsteel.rs\\\/#organization\",\"name\":\"Wood&Steel\",\"url\":\"https:\\\/\\\/woodsteel.rs\\\/\",\"logo\":{\"@type\":\"ImageObject\",\"inLanguage\":\"en-US\",\"@id\":\"https:\\\/\\\/woodsteel.rs\\\/#\\\/schema\\\/logo\\\/image\\\/\",\"url\":\"https:\\\/\\\/woodsteel.rs\\\/wp-content\\\/uploads\\\/2019\\\/12\\\/logo-ISPRAVAK.png\",\"contentUrl\":\"https:\\\/\\\/woodsteel.rs\\\/wp-content\\\/uploads\\\/2019\\\/12\\\/logo-ISPRAVAK.png\",\"width\":779,\"height\":776,\"caption\":\"Wood&Steel\"},\"image\":{\"@id\":\"https:\\\/\\\/woodsteel.rs\\\/#\\\/schema\\\/logo\\\/image\\\/\"},\"sameAs\":[\"https:\\\/\\\/www.facebook.com\\\/woodsteeldesign\",\"https:\\\/\\\/www.instagram.com\\\/wood_steel_design\\\/\"]}]}<\/script>\n<!-- \/ Yoast SEO plugin. -->","yoast_head_json":{"title":"Novis IV - trpezarijski sto - WoodSteel","description":"Novis IV - trpezarijski sto je prefinjen i moderan sto. Sa svojim modernim izgledom uklapa se u svaki deo Va\u0161e kuhinje ili trpezarije.","robots":{"index":"index","follow":"follow","max-snippet":"max-snippet:-1","max-image-preview":"max-image-preview:large","max-video-preview":"max-video-preview:-1"},"canonical":"https:\/\/woodsteel.rs\/en-us\/shop\/novis-iv-trpezarijski-sto-2\/","og_locale":"en_US","og_type":"article","og_title":"Novis IV - trpezarijski sto - WoodSteel","og_description":"Novis IV - trpezarijski sto je prefinjen i moderan sto. Sa svojim modernim izgledom uklapa se u svaki deo Va\u0161e kuhinje ili trpezarije.","og_url":"https:\/\/woodsteel.rs\/en-us\/shop\/novis-iv-trpezarijski-sto-2\/","og_site_name":"WoodSteel","article_publisher":"https:\/\/www.facebook.com\/woodsteeldesign","article_modified_time":"2023-03-13T16:04:08+00:00","og_image":[{"width":626,"height":626,"url":"https:\/\/woodsteel.rs\/wp-content\/uploads\/2020\/02\/Novis-iv-trpezarijski-sto-od-punog-drveta.jpg","type":"image\/jpeg"}],"twitter_misc":{"Est. reading time":"1 minute"},"schema":{"@context":"https:\/\/schema.org","@graph":[{"@type":"WebPage","@id":"https:\/\/woodsteel.rs\/shop\/novis-iv-trpezarijski-sto-2\/","url":"https:\/\/woodsteel.rs\/shop\/novis-iv-trpezarijski-sto-2\/","name":"Novis IV - trpezarijski sto - WoodSteel","isPartOf":{"@id":"https:\/\/woodsteel.rs\/#website"},"primaryImageOfPage":{"@id":"https:\/\/woodsteel.rs\/shop\/novis-iv-trpezarijski-sto-2\/#primaryimage"},"image":{"@id":"https:\/\/woodsteel.rs\/shop\/novis-iv-trpezarijski-sto-2\/#primaryimage"},"thumbnailUrl":"https:\/\/woodsteel.rs\/wp-content\/uploads\/2020\/02\/Novis-iv-trpezarijski-sto-od-punog-drveta.jpg","datePublished":"2020-02-28T10:48:24+00:00","dateModified":"2023-03-13T16:04:08+00:00","description":"Novis IV - trpezarijski sto je prefinjen i moderan sto. Sa svojim modernim izgledom uklapa se u svaki deo Va\u0161e kuhinje ili trpezarije.","breadcrumb":{"@id":"https:\/\/woodsteel.rs\/shop\/novis-iv-trpezarijski-sto-2\/#breadcrumb"},"inLanguage":"en-US","potentialAction":[{"@type":"ReadAction","target":["https:\/\/woodsteel.rs\/shop\/novis-iv-trpezarijski-sto-2\/"]}]},{"@type":"ImageObject","inLanguage":"en-US","@id":"https:\/\/woodsteel.rs\/shop\/novis-iv-trpezarijski-sto-2\/#primaryimage","url":"https:\/\/woodsteel.rs\/wp-content\/uploads\/2020\/02\/Novis-iv-trpezarijski-sto-od-punog-drveta.jpg","contentUrl":"https:\/\/woodsteel.rs\/wp-content\/uploads\/2020\/02\/Novis-iv-trpezarijski-sto-od-punog-drveta.jpg","width":626,"height":626,"caption":"Novis IV - trpezarijski sto od parenog oraha i bru\u0161enog inoxa"},{"@type":"BreadcrumbList","@id":"https:\/\/woodsteel.rs\/shop\/novis-iv-trpezarijski-sto-2\/#breadcrumb","itemListElement":[{"@type":"ListItem","position":1,"name":"Po\u010detna","item":"https:\/\/woodsteel.rs\/"},{"@type":"ListItem","position":2,"name":"Proizvodi","item":"https:\/\/woodsteel.rs\/shop\/"},{"@type":"ListItem","position":3,"name":"Novis IV &#8211; trpezarijski sto"}]},{"@type":"WebSite","@id":"https:\/\/woodsteel.rs\/#website","url":"https:\/\/woodsteel.rs\/","name":"WoodSteel","description":"","publisher":{"@id":"https:\/\/woodsteel.rs\/#organization"},"potentialAction":[{"@type":"SearchAction","target":{"@type":"EntryPoint","urlTemplate":"https:\/\/woodsteel.rs\/?s={search_term_string}"},"query-input":{"@type":"PropertyValueSpecification","valueRequired":true,"valueName":"search_term_string"}}],"inLanguage":"en-US"},{"@type":"Organization","@id":"https:\/\/woodsteel.rs\/#organization","name":"Wood&Steel","url":"https:\/\/woodsteel.rs\/","logo":{"@type":"ImageObject","inLanguage":"en-US","@id":"https:\/\/woodsteel.rs\/#\/schema\/logo\/image\/","url":"https:\/\/woodsteel.rs\/wp-content\/uploads\/2019\/12\/logo-ISPRAVAK.png","contentUrl":"https:\/\/woodsteel.rs\/wp-content\/uploads\/2019\/12\/logo-ISPRAVAK.png","width":779,"height":776,"caption":"Wood&Steel"},"image":{"@id":"https:\/\/woodsteel.rs\/#\/schema\/logo\/image\/"},"sameAs":["https:\/\/www.facebook.com\/woodsteeldesign","https:\/\/www.instagram.com\/wood_steel_design\/"]}]}},"_links":{"self":[{"href":"https:\/\/woodsteel.rs\/en-us\/wp-json\/wp\/v2\/product\/645","targetHints":{"allow":["GET"]}}],"collection":[{"href":"https:\/\/woodsteel.rs\/en-us\/wp-json\/wp\/v2\/product"}],"about":[{"href":"https:\/\/woodsteel.rs\/en-us\/wp-json\/wp\/v2\/types\/product"}],"wp:featuredmedia":[{"embeddable":true,"href":"https:\/\/woodsteel.rs\/en-us\/wp-json\/wp\/v2\/media\/650"}],"wp:attachment":[{"href":"https:\/\/woodsteel.rs\/en-us\/wp-json\/wp\/v2\/media?parent=645"}],"wp:term":[{"taxonomy":"product_brand","embeddable":true,"href":"https:\/\/woodsteel.rs\/en-us\/wp-json\/wp\/v2\/product_brand?post=645"},{"taxonomy":"product_cat","embeddable":true,"href":"https:\/\/woodsteel.rs\/en-us\/wp-json\/wp\/v2\/product_cat?post=645"},{"taxonomy":"product_tag","embeddable":true,"href":"https:\/\/woodsteel.rs\/en-us\/wp-json\/wp\/v2\/product_tag?post=645"}],"curies":[{"name":"wp","href":"https:\/\/api.w.org\/{rel}","templated":true}]}}