{"id":651,"date":"2020-02-28T11:56:04","date_gmt":"2020-02-28T10:56:04","guid":{"rendered":"http:\/\/wp_woodsteel.test\/?post_type=product&#038;p=651"},"modified":"2023-03-13T17:03:59","modified_gmt":"2023-03-13T16:03:59","slug":"lumen-i-trpezarijski-sto","status":"publish","type":"product","link":"https:\/\/woodsteel.rs\/en-us\/shop\/lumen-i-trpezarijski-sto\/","title":{"rendered":"Lumen I - dining table"},"content":{"rendered":"<p>Lumen I &#8211; trpezarijski sto je malo druga\u010diji oblik trpezarijskog stola Lumen X. Materijal je isti &#8211; pareni orah. Sa svojim minimaliti\u010dnim dizajnom lako se uklapa u svaki deo Va\u0161e kuhinje ili trpezarije. Dimenzije stola sa slike su 200x90x75cm i podlo\u017ene su promenama u zavisnosti od Va\u0161ih potreba.\u00a0 Staklo po sresini stola daje posebnu eleganciju. A pareni Orah posebnu boju.<\/p>\n<p><strong>Dimensions:<\/strong> 200x90x75cm.<\/p>\n<p><strong>Material:<\/strong> Polirani inox, pareni orah, kaljeno staklo.<\/p>\n<p>&nbsp;<\/p>\n<p>Note: price and dimensions may vary.<\/p>\n<p>&nbsp;<\/p>\n<p>Follow us on <em><strong><a href=\"https:\/\/www.instagram.com\/wood_steel_design\/\">instagram<\/a><\/strong><\/em>, kako biste uvek bili u toku sa novim modelima trpezarijskih stolova. Ili nas <a href=\"https:\/\/woodsteel.rs\/en-us\/kontakt\/\">kontaktirajte<\/a> ve\u0107 danas, kako bismo zajedno dizajnirali i izradili Va\u0161 trpezarijski sto.<\/p>","protected":false},"excerpt":{"rendered":"<p><span style=\"font-size: 110%;\">Dining table Lumen I is a slightly different shape of the dining table Lumen X. The material is the same - steamed walnut. With its minimalist design, it easily fits into any part of your kitchen or dining room. The dimensions of the table from the picture are 200x90x75cm and are subject to change depending on your needs.<\/span><\/p>\n<p><span style=\"font-size: 110%;\"><strong>Dimensions:<\/strong> 200x90x75cm.<\/span><\/p>\n<p><span style=\"font-size: 110%;\"><strong>Material:<\/strong> Polirani inox, pareni orah, kaljeno staklo.<\/span><\/p>\n<p>&nbsp;<\/p>\n<p>Note: price and dimensions may vary.<\/p>","protected":false},"featured_media":652,"template":"","meta":{"_monsterinsights_skip_tracking":false,"_monsterinsights_sitenote_active":false,"_monsterinsights_sitenote_note":"","_monsterinsights_sitenote_category":0},"product_brand":[],"product_cat":[35],"product_tag":[],"class_list":{"0":"post-651","1":"product","2":"type-product","3":"status-publish","4":"has-post-thumbnail","6":"product_cat-trpezarijski-sto","8":"first","9":"instock","10":"shipping-taxable","11":"product-type-simple"},"yoast_head":"<!-- This site is optimized with the Yoast SEO plugin v27.4 - https:\/\/yoast.com\/product\/yoast-seo-wordpress\/ -->\n<title>Lumen I - trpezarijski sto - WoodSteel<\/title>\n<meta name=\"description\" content=\"Lumen I - trpezarijski sto dimenzija: 200x90x75cm. Odredite sami dimenzije Va\u0161eg trpezarijskog stola. Kontaktirajte nas oko detalja.\" \/>\n<meta name=\"robots\" content=\"index, follow, max-snippet:-1, max-image-preview:large, max-video-preview:-1\" \/>\n<link rel=\"canonical\" href=\"https:\/\/woodsteel.rs\/en-us\/shop\/lumen-i-trpezarijski-sto\/\" \/>\n<meta property=\"og:locale\" content=\"en_US\" \/>\n<meta property=\"og:type\" content=\"article\" \/>\n<meta property=\"og:title\" content=\"Lumen I - trpezarijski sto - WoodSteel\" \/>\n<meta property=\"og:description\" content=\"Lumen I - trpezarijski sto dimenzija: 200x90x75cm. Odredite sami dimenzije Va\u0161eg trpezarijskog stola. Kontaktirajte nas oko detalja.\" \/>\n<meta property=\"og:url\" content=\"https:\/\/woodsteel.rs\/en-us\/shop\/lumen-i-trpezarijski-sto\/\" \/>\n<meta property=\"og:site_name\" content=\"WoodSteel\" \/>\n<meta property=\"article:publisher\" content=\"https:\/\/www.facebook.com\/woodsteeldesign\" \/>\n<meta property=\"article:modified_time\" content=\"2023-03-13T16:03:59+00:00\" \/>\n<meta property=\"og:image\" content=\"https:\/\/woodsteel.rs\/wp-content\/uploads\/2020\/02\/lumen-I-trpezarijski-sto.jpg\" \/>\n\t<meta property=\"og:image:width\" content=\"1500\" \/>\n\t<meta property=\"og:image:height\" content=\"1500\" \/>\n\t<meta property=\"og:image:type\" content=\"image\/jpeg\" \/>\n<meta name=\"twitter:label1\" content=\"Est. reading time\" \/>\n\t<meta name=\"twitter:data1\" content=\"1 minute\" \/>\n<script type=\"application\/ld+json\" class=\"yoast-schema-graph\">{\"@context\":\"https:\\\/\\\/schema.org\",\"@graph\":[{\"@type\":\"WebPage\",\"@id\":\"https:\\\/\\\/woodsteel.rs\\\/shop\\\/lumen-i-trpezarijski-sto\\\/\",\"url\":\"https:\\\/\\\/woodsteel.rs\\\/shop\\\/lumen-i-trpezarijski-sto\\\/\",\"name\":\"Lumen I - trpezarijski sto - WoodSteel\",\"isPartOf\":{\"@id\":\"https:\\\/\\\/woodsteel.rs\\\/#website\"},\"primaryImageOfPage\":{\"@id\":\"https:\\\/\\\/woodsteel.rs\\\/shop\\\/lumen-i-trpezarijski-sto\\\/#primaryimage\"},\"image\":{\"@id\":\"https:\\\/\\\/woodsteel.rs\\\/shop\\\/lumen-i-trpezarijski-sto\\\/#primaryimage\"},\"thumbnailUrl\":\"https:\\\/\\\/woodsteel.rs\\\/wp-content\\\/uploads\\\/2020\\\/02\\\/lumen-I-trpezarijski-sto.jpg\",\"datePublished\":\"2020-02-28T10:56:04+00:00\",\"dateModified\":\"2023-03-13T16:03:59+00:00\",\"description\":\"Lumen I - trpezarijski sto dimenzija: 200x90x75cm. Odredite sami dimenzije Va\u0161eg trpezarijskog stola. Kontaktirajte nas oko detalja.\",\"breadcrumb\":{\"@id\":\"https:\\\/\\\/woodsteel.rs\\\/shop\\\/lumen-i-trpezarijski-sto\\\/#breadcrumb\"},\"inLanguage\":\"en-US\",\"potentialAction\":[{\"@type\":\"ReadAction\",\"target\":[\"https:\\\/\\\/woodsteel.rs\\\/shop\\\/lumen-i-trpezarijski-sto\\\/\"]}]},{\"@type\":\"ImageObject\",\"inLanguage\":\"en-US\",\"@id\":\"https:\\\/\\\/woodsteel.rs\\\/shop\\\/lumen-i-trpezarijski-sto\\\/#primaryimage\",\"url\":\"https:\\\/\\\/woodsteel.rs\\\/wp-content\\\/uploads\\\/2020\\\/02\\\/lumen-I-trpezarijski-sto.jpg\",\"contentUrl\":\"https:\\\/\\\/woodsteel.rs\\\/wp-content\\\/uploads\\\/2020\\\/02\\\/lumen-I-trpezarijski-sto.jpg\",\"width\":1500,\"height\":1500,\"caption\":\"Lumen I - trpezarijski sto od parenog oraha\"},{\"@type\":\"BreadcrumbList\",\"@id\":\"https:\\\/\\\/woodsteel.rs\\\/shop\\\/lumen-i-trpezarijski-sto\\\/#breadcrumb\",\"itemListElement\":[{\"@type\":\"ListItem\",\"position\":1,\"name\":\"Po\u010detna\",\"item\":\"https:\\\/\\\/woodsteel.rs\\\/\"},{\"@type\":\"ListItem\",\"position\":2,\"name\":\"Proizvodi\",\"item\":\"https:\\\/\\\/woodsteel.rs\\\/shop\\\/\"},{\"@type\":\"ListItem\",\"position\":3,\"name\":\"Lumen I &#8211; trpezarijski sto\"}]},{\"@type\":\"WebSite\",\"@id\":\"https:\\\/\\\/woodsteel.rs\\\/#website\",\"url\":\"https:\\\/\\\/woodsteel.rs\\\/\",\"name\":\"WoodSteel\",\"description\":\"\",\"publisher\":{\"@id\":\"https:\\\/\\\/woodsteel.rs\\\/#organization\"},\"potentialAction\":[{\"@type\":\"SearchAction\",\"target\":{\"@type\":\"EntryPoint\",\"urlTemplate\":\"https:\\\/\\\/woodsteel.rs\\\/?s={search_term_string}\"},\"query-input\":{\"@type\":\"PropertyValueSpecification\",\"valueRequired\":true,\"valueName\":\"search_term_string\"}}],\"inLanguage\":\"en-US\"},{\"@type\":\"Organization\",\"@id\":\"https:\\\/\\\/woodsteel.rs\\\/#organization\",\"name\":\"Wood&Steel\",\"url\":\"https:\\\/\\\/woodsteel.rs\\\/\",\"logo\":{\"@type\":\"ImageObject\",\"inLanguage\":\"en-US\",\"@id\":\"https:\\\/\\\/woodsteel.rs\\\/#\\\/schema\\\/logo\\\/image\\\/\",\"url\":\"https:\\\/\\\/woodsteel.rs\\\/wp-content\\\/uploads\\\/2019\\\/12\\\/logo-ISPRAVAK.png\",\"contentUrl\":\"https:\\\/\\\/woodsteel.rs\\\/wp-content\\\/uploads\\\/2019\\\/12\\\/logo-ISPRAVAK.png\",\"width\":779,\"height\":776,\"caption\":\"Wood&Steel\"},\"image\":{\"@id\":\"https:\\\/\\\/woodsteel.rs\\\/#\\\/schema\\\/logo\\\/image\\\/\"},\"sameAs\":[\"https:\\\/\\\/www.facebook.com\\\/woodsteeldesign\",\"https:\\\/\\\/www.instagram.com\\\/wood_steel_design\\\/\"]}]}<\/script>\n<!-- \/ Yoast SEO plugin. -->","yoast_head_json":{"title":"Lumen I - trpezarijski sto - WoodSteel","description":"Lumen I - trpezarijski sto dimenzija: 200x90x75cm. Odredite sami dimenzije Va\u0161eg trpezarijskog stola. Kontaktirajte nas oko detalja.","robots":{"index":"index","follow":"follow","max-snippet":"max-snippet:-1","max-image-preview":"max-image-preview:large","max-video-preview":"max-video-preview:-1"},"canonical":"https:\/\/woodsteel.rs\/en-us\/shop\/lumen-i-trpezarijski-sto\/","og_locale":"en_US","og_type":"article","og_title":"Lumen I - trpezarijski sto - WoodSteel","og_description":"Lumen I - trpezarijski sto dimenzija: 200x90x75cm. Odredite sami dimenzije Va\u0161eg trpezarijskog stola. Kontaktirajte nas oko detalja.","og_url":"https:\/\/woodsteel.rs\/en-us\/shop\/lumen-i-trpezarijski-sto\/","og_site_name":"WoodSteel","article_publisher":"https:\/\/www.facebook.com\/woodsteeldesign","article_modified_time":"2023-03-13T16:03:59+00:00","og_image":[{"width":1500,"height":1500,"url":"https:\/\/woodsteel.rs\/wp-content\/uploads\/2020\/02\/lumen-I-trpezarijski-sto.jpg","type":"image\/jpeg"}],"twitter_misc":{"Est. reading time":"1 minute"},"schema":{"@context":"https:\/\/schema.org","@graph":[{"@type":"WebPage","@id":"https:\/\/woodsteel.rs\/shop\/lumen-i-trpezarijski-sto\/","url":"https:\/\/woodsteel.rs\/shop\/lumen-i-trpezarijski-sto\/","name":"Lumen I - trpezarijski sto - WoodSteel","isPartOf":{"@id":"https:\/\/woodsteel.rs\/#website"},"primaryImageOfPage":{"@id":"https:\/\/woodsteel.rs\/shop\/lumen-i-trpezarijski-sto\/#primaryimage"},"image":{"@id":"https:\/\/woodsteel.rs\/shop\/lumen-i-trpezarijski-sto\/#primaryimage"},"thumbnailUrl":"https:\/\/woodsteel.rs\/wp-content\/uploads\/2020\/02\/lumen-I-trpezarijski-sto.jpg","datePublished":"2020-02-28T10:56:04+00:00","dateModified":"2023-03-13T16:03:59+00:00","description":"Lumen I - trpezarijski sto dimenzija: 200x90x75cm. Odredite sami dimenzije Va\u0161eg trpezarijskog stola. Kontaktirajte nas oko detalja.","breadcrumb":{"@id":"https:\/\/woodsteel.rs\/shop\/lumen-i-trpezarijski-sto\/#breadcrumb"},"inLanguage":"en-US","potentialAction":[{"@type":"ReadAction","target":["https:\/\/woodsteel.rs\/shop\/lumen-i-trpezarijski-sto\/"]}]},{"@type":"ImageObject","inLanguage":"en-US","@id":"https:\/\/woodsteel.rs\/shop\/lumen-i-trpezarijski-sto\/#primaryimage","url":"https:\/\/woodsteel.rs\/wp-content\/uploads\/2020\/02\/lumen-I-trpezarijski-sto.jpg","contentUrl":"https:\/\/woodsteel.rs\/wp-content\/uploads\/2020\/02\/lumen-I-trpezarijski-sto.jpg","width":1500,"height":1500,"caption":"Lumen I - trpezarijski sto od parenog oraha"},{"@type":"BreadcrumbList","@id":"https:\/\/woodsteel.rs\/shop\/lumen-i-trpezarijski-sto\/#breadcrumb","itemListElement":[{"@type":"ListItem","position":1,"name":"Po\u010detna","item":"https:\/\/woodsteel.rs\/"},{"@type":"ListItem","position":2,"name":"Proizvodi","item":"https:\/\/woodsteel.rs\/shop\/"},{"@type":"ListItem","position":3,"name":"Lumen I &#8211; trpezarijski sto"}]},{"@type":"WebSite","@id":"https:\/\/woodsteel.rs\/#website","url":"https:\/\/woodsteel.rs\/","name":"WoodSteel","description":"","publisher":{"@id":"https:\/\/woodsteel.rs\/#organization"},"potentialAction":[{"@type":"SearchAction","target":{"@type":"EntryPoint","urlTemplate":"https:\/\/woodsteel.rs\/?s={search_term_string}"},"query-input":{"@type":"PropertyValueSpecification","valueRequired":true,"valueName":"search_term_string"}}],"inLanguage":"en-US"},{"@type":"Organization","@id":"https:\/\/woodsteel.rs\/#organization","name":"Wood&Steel","url":"https:\/\/woodsteel.rs\/","logo":{"@type":"ImageObject","inLanguage":"en-US","@id":"https:\/\/woodsteel.rs\/#\/schema\/logo\/image\/","url":"https:\/\/woodsteel.rs\/wp-content\/uploads\/2019\/12\/logo-ISPRAVAK.png","contentUrl":"https:\/\/woodsteel.rs\/wp-content\/uploads\/2019\/12\/logo-ISPRAVAK.png","width":779,"height":776,"caption":"Wood&Steel"},"image":{"@id":"https:\/\/woodsteel.rs\/#\/schema\/logo\/image\/"},"sameAs":["https:\/\/www.facebook.com\/woodsteeldesign","https:\/\/www.instagram.com\/wood_steel_design\/"]}]}},"_links":{"self":[{"href":"https:\/\/woodsteel.rs\/en-us\/wp-json\/wp\/v2\/product\/651","targetHints":{"allow":["GET"]}}],"collection":[{"href":"https:\/\/woodsteel.rs\/en-us\/wp-json\/wp\/v2\/product"}],"about":[{"href":"https:\/\/woodsteel.rs\/en-us\/wp-json\/wp\/v2\/types\/product"}],"wp:featuredmedia":[{"embeddable":true,"href":"https:\/\/woodsteel.rs\/en-us\/wp-json\/wp\/v2\/media\/652"}],"wp:attachment":[{"href":"https:\/\/woodsteel.rs\/en-us\/wp-json\/wp\/v2\/media?parent=651"}],"wp:term":[{"taxonomy":"product_brand","embeddable":true,"href":"https:\/\/woodsteel.rs\/en-us\/wp-json\/wp\/v2\/product_brand?post=651"},{"taxonomy":"product_cat","embeddable":true,"href":"https:\/\/woodsteel.rs\/en-us\/wp-json\/wp\/v2\/product_cat?post=651"},{"taxonomy":"product_tag","embeddable":true,"href":"https:\/\/woodsteel.rs\/en-us\/wp-json\/wp\/v2\/product_tag?post=651"}],"curies":[{"name":"wp","href":"https:\/\/api.w.org\/{rel}","templated":true}]}}