{"id":667,"date":"2020-02-28T12:20:00","date_gmt":"2020-02-28T11:20:00","guid":{"rendered":"http:\/\/wp_woodsteel.test\/?post_type=product&#038;p=667"},"modified":"2023-03-14T14:11:55","modified_gmt":"2023-03-14T13:11:55","slug":"lignum-duo-klub-sto","status":"publish","type":"product","link":"https:\/\/woodsteel.rs\/en-us\/shop\/lignum-duo-klub-sto\/","title":{"rendered":"Lignum duo - coffee table"},"content":{"rendered":"<p>Lignum duo &#8211; klub sto je prakti\u010dan i funkcionalan sto\u010di\u0107 koji Vam poma\u017ee da u\u0161tedite na prostoru u dnevnoj sobi. Set od dva sto\u010di\u0107a je idealno re\u0161enje za Va\u0161 dom i za velika okupljanja. Napravljen je od kvalitetnog fosilnog hrasta i plastificiranog metala. Kombinacija ova dva materijala garantuje Vam vi\u0161egodi\u0161nju izdr\u017eljivost. Dimenzije ve\u0107eg sto\u010di\u0107a sa slike su 110x60cm, a manjeg 100x50cm. Dimenzije su podlo\u017ene korigovanju u zavisnosti od Va\u0161ih potreba.<\/p>\n<p>Dimensions: 110x60 and 100x50cm.<\/p>\n<p>Material: fossil oak, plasticized metal.<\/p>\n<p>Note: price and dimensions may vary.<\/p>\n<p>&nbsp;<\/p>\n<p>Follow us on <em><strong><a href=\"https:\/\/www.instagram.com\/wood_steel_design\/\">instagram<\/a><\/strong><\/em>, kako biste uvek bili u toku sa novim modelima klub stolova. Ili nas <a href=\"https:\/\/woodsteel.rs\/en-us\/kontakt\/\">kontaktirajte<\/a> ve\u0107 danas, kako bismo zajedno dizajnirali i izradili Va\u0161 klub sto.<\/p>","protected":false},"excerpt":{"rendered":"<p>Lignum duo coffee table is a practical and functional table that helps you save space in the living room. A set of two tables is an ideal solution for your home and for large gatherings. It is made of quality fossil oak and plasticized metal. The combination of these two materials guarantees you many years of durability. The dimensions of the larger table in the picture are 110x60cm, and the smaller 100x50cm. Dimensions are subject to adjustment depending on your needs.<\/p>\n<p>Dimensions: 110x60 and 100x50cm.<\/p>\n<p>Material: fossil oak, plasticized metal.<\/p>\n<p>Note: price and dimensions may vary.<\/p>","protected":false},"featured_media":669,"template":"","meta":{"_monsterinsights_skip_tracking":false,"_monsterinsights_sitenote_active":false,"_monsterinsights_sitenote_note":"","_monsterinsights_sitenote_category":0},"product_brand":[],"product_cat":[34],"product_tag":[],"class_list":{"0":"post-667","1":"product","2":"type-product","3":"status-publish","4":"has-post-thumbnail","6":"product_cat-klub-sto","8":"first","9":"instock","10":"shipping-taxable","11":"product-type-simple"},"yoast_head":"<!-- This site is optimized with the Yoast SEO plugin v27.4 - https:\/\/yoast.com\/product\/yoast-seo-wordpress\/ -->\n<title>Lignum duo - klub sto - WoodSteel<\/title>\n<meta name=\"description\" content=\"Lignum duo - klub sto savr\u0161en za dnevnu sobu. Kombinacija dva stola razli\u010ditih dimezija. Materijal: Fosilni hrast, plastificirani metal.\" \/>\n<meta name=\"robots\" content=\"index, follow, max-snippet:-1, max-image-preview:large, max-video-preview:-1\" \/>\n<link rel=\"canonical\" href=\"https:\/\/woodsteel.rs\/en-us\/shop\/lignum-duo-klub-sto\/\" \/>\n<meta property=\"og:locale\" content=\"en_US\" \/>\n<meta property=\"og:type\" content=\"article\" \/>\n<meta property=\"og:title\" content=\"Lignum duo - klub sto - WoodSteel\" \/>\n<meta property=\"og:description\" content=\"Lignum duo - klub sto savr\u0161en za dnevnu sobu. Kombinacija dva stola razli\u010ditih dimezija. Materijal: Fosilni hrast, plastificirani metal.\" \/>\n<meta property=\"og:url\" content=\"https:\/\/woodsteel.rs\/en-us\/shop\/lignum-duo-klub-sto\/\" \/>\n<meta property=\"og:site_name\" content=\"WoodSteel\" \/>\n<meta property=\"article:publisher\" content=\"https:\/\/www.facebook.com\/woodsteeldesign\" \/>\n<meta property=\"article:modified_time\" content=\"2023-03-14T13:11:55+00:00\" \/>\n<meta property=\"og:image\" content=\"https:\/\/woodsteel.rs\/wp-content\/uploads\/2020\/02\/set-klub-stocica-110x60-100x50-fosilni-hrast.png\" \/>\n\t<meta property=\"og:image:width\" content=\"750\" \/>\n\t<meta property=\"og:image:height\" content=\"750\" \/>\n\t<meta property=\"og:image:type\" content=\"image\/png\" \/>\n<meta name=\"twitter:label1\" content=\"Est. reading time\" \/>\n\t<meta name=\"twitter:data1\" content=\"1 minute\" \/>\n<script type=\"application\/ld+json\" class=\"yoast-schema-graph\">{\"@context\":\"https:\\\/\\\/schema.org\",\"@graph\":[{\"@type\":\"WebPage\",\"@id\":\"https:\\\/\\\/woodsteel.rs\\\/shop\\\/lignum-duo-klub-sto\\\/\",\"url\":\"https:\\\/\\\/woodsteel.rs\\\/shop\\\/lignum-duo-klub-sto\\\/\",\"name\":\"Lignum duo - klub sto - WoodSteel\",\"isPartOf\":{\"@id\":\"https:\\\/\\\/woodsteel.rs\\\/#website\"},\"primaryImageOfPage\":{\"@id\":\"https:\\\/\\\/woodsteel.rs\\\/shop\\\/lignum-duo-klub-sto\\\/#primaryimage\"},\"image\":{\"@id\":\"https:\\\/\\\/woodsteel.rs\\\/shop\\\/lignum-duo-klub-sto\\\/#primaryimage\"},\"thumbnailUrl\":\"https:\\\/\\\/woodsteel.rs\\\/wp-content\\\/uploads\\\/2020\\\/02\\\/set-klub-stocica-110x60-100x50-fosilni-hrast.png\",\"datePublished\":\"2020-02-28T11:20:00+00:00\",\"dateModified\":\"2023-03-14T13:11:55+00:00\",\"description\":\"Lignum duo - klub sto savr\u0161en za dnevnu sobu. Kombinacija dva stola razli\u010ditih dimezija. Materijal: Fosilni hrast, plastificirani metal.\",\"breadcrumb\":{\"@id\":\"https:\\\/\\\/woodsteel.rs\\\/shop\\\/lignum-duo-klub-sto\\\/#breadcrumb\"},\"inLanguage\":\"en-US\",\"potentialAction\":[{\"@type\":\"ReadAction\",\"target\":[\"https:\\\/\\\/woodsteel.rs\\\/shop\\\/lignum-duo-klub-sto\\\/\"]}]},{\"@type\":\"ImageObject\",\"inLanguage\":\"en-US\",\"@id\":\"https:\\\/\\\/woodsteel.rs\\\/shop\\\/lignum-duo-klub-sto\\\/#primaryimage\",\"url\":\"https:\\\/\\\/woodsteel.rs\\\/wp-content\\\/uploads\\\/2020\\\/02\\\/set-klub-stocica-110x60-100x50-fosilni-hrast.png\",\"contentUrl\":\"https:\\\/\\\/woodsteel.rs\\\/wp-content\\\/uploads\\\/2020\\\/02\\\/set-klub-stocica-110x60-100x50-fosilni-hrast.png\",\"width\":750,\"height\":750,\"caption\":\"Fosilni hrast-lignum du-klub sto\"},{\"@type\":\"BreadcrumbList\",\"@id\":\"https:\\\/\\\/woodsteel.rs\\\/shop\\\/lignum-duo-klub-sto\\\/#breadcrumb\",\"itemListElement\":[{\"@type\":\"ListItem\",\"position\":1,\"name\":\"Po\u010detna\",\"item\":\"https:\\\/\\\/woodsteel.rs\\\/\"},{\"@type\":\"ListItem\",\"position\":2,\"name\":\"Proizvodi\",\"item\":\"https:\\\/\\\/woodsteel.rs\\\/shop\\\/\"},{\"@type\":\"ListItem\",\"position\":3,\"name\":\"Lignum duo &#8211; klub sto\"}]},{\"@type\":\"WebSite\",\"@id\":\"https:\\\/\\\/woodsteel.rs\\\/#website\",\"url\":\"https:\\\/\\\/woodsteel.rs\\\/\",\"name\":\"WoodSteel\",\"description\":\"\",\"publisher\":{\"@id\":\"https:\\\/\\\/woodsteel.rs\\\/#organization\"},\"potentialAction\":[{\"@type\":\"SearchAction\",\"target\":{\"@type\":\"EntryPoint\",\"urlTemplate\":\"https:\\\/\\\/woodsteel.rs\\\/?s={search_term_string}\"},\"query-input\":{\"@type\":\"PropertyValueSpecification\",\"valueRequired\":true,\"valueName\":\"search_term_string\"}}],\"inLanguage\":\"en-US\"},{\"@type\":\"Organization\",\"@id\":\"https:\\\/\\\/woodsteel.rs\\\/#organization\",\"name\":\"Wood&Steel\",\"url\":\"https:\\\/\\\/woodsteel.rs\\\/\",\"logo\":{\"@type\":\"ImageObject\",\"inLanguage\":\"en-US\",\"@id\":\"https:\\\/\\\/woodsteel.rs\\\/#\\\/schema\\\/logo\\\/image\\\/\",\"url\":\"https:\\\/\\\/woodsteel.rs\\\/wp-content\\\/uploads\\\/2019\\\/12\\\/logo-ISPRAVAK.png\",\"contentUrl\":\"https:\\\/\\\/woodsteel.rs\\\/wp-content\\\/uploads\\\/2019\\\/12\\\/logo-ISPRAVAK.png\",\"width\":779,\"height\":776,\"caption\":\"Wood&Steel\"},\"image\":{\"@id\":\"https:\\\/\\\/woodsteel.rs\\\/#\\\/schema\\\/logo\\\/image\\\/\"},\"sameAs\":[\"https:\\\/\\\/www.facebook.com\\\/woodsteeldesign\",\"https:\\\/\\\/www.instagram.com\\\/wood_steel_design\\\/\"]}]}<\/script>\n<!-- \/ Yoast SEO plugin. -->","yoast_head_json":{"title":"Lignum duo - klub sto - WoodSteel","description":"Lignum duo - klub sto savr\u0161en za dnevnu sobu. Kombinacija dva stola razli\u010ditih dimezija. Materijal: Fosilni hrast, plastificirani metal.","robots":{"index":"index","follow":"follow","max-snippet":"max-snippet:-1","max-image-preview":"max-image-preview:large","max-video-preview":"max-video-preview:-1"},"canonical":"https:\/\/woodsteel.rs\/en-us\/shop\/lignum-duo-klub-sto\/","og_locale":"en_US","og_type":"article","og_title":"Lignum duo - klub sto - WoodSteel","og_description":"Lignum duo - klub sto savr\u0161en za dnevnu sobu. Kombinacija dva stola razli\u010ditih dimezija. Materijal: Fosilni hrast, plastificirani metal.","og_url":"https:\/\/woodsteel.rs\/en-us\/shop\/lignum-duo-klub-sto\/","og_site_name":"WoodSteel","article_publisher":"https:\/\/www.facebook.com\/woodsteeldesign","article_modified_time":"2023-03-14T13:11:55+00:00","og_image":[{"width":750,"height":750,"url":"https:\/\/woodsteel.rs\/wp-content\/uploads\/2020\/02\/set-klub-stocica-110x60-100x50-fosilni-hrast.png","type":"image\/png"}],"twitter_misc":{"Est. reading time":"1 minute"},"schema":{"@context":"https:\/\/schema.org","@graph":[{"@type":"WebPage","@id":"https:\/\/woodsteel.rs\/shop\/lignum-duo-klub-sto\/","url":"https:\/\/woodsteel.rs\/shop\/lignum-duo-klub-sto\/","name":"Lignum duo - klub sto - WoodSteel","isPartOf":{"@id":"https:\/\/woodsteel.rs\/#website"},"primaryImageOfPage":{"@id":"https:\/\/woodsteel.rs\/shop\/lignum-duo-klub-sto\/#primaryimage"},"image":{"@id":"https:\/\/woodsteel.rs\/shop\/lignum-duo-klub-sto\/#primaryimage"},"thumbnailUrl":"https:\/\/woodsteel.rs\/wp-content\/uploads\/2020\/02\/set-klub-stocica-110x60-100x50-fosilni-hrast.png","datePublished":"2020-02-28T11:20:00+00:00","dateModified":"2023-03-14T13:11:55+00:00","description":"Lignum duo - klub sto savr\u0161en za dnevnu sobu. Kombinacija dva stola razli\u010ditih dimezija. Materijal: Fosilni hrast, plastificirani metal.","breadcrumb":{"@id":"https:\/\/woodsteel.rs\/shop\/lignum-duo-klub-sto\/#breadcrumb"},"inLanguage":"en-US","potentialAction":[{"@type":"ReadAction","target":["https:\/\/woodsteel.rs\/shop\/lignum-duo-klub-sto\/"]}]},{"@type":"ImageObject","inLanguage":"en-US","@id":"https:\/\/woodsteel.rs\/shop\/lignum-duo-klub-sto\/#primaryimage","url":"https:\/\/woodsteel.rs\/wp-content\/uploads\/2020\/02\/set-klub-stocica-110x60-100x50-fosilni-hrast.png","contentUrl":"https:\/\/woodsteel.rs\/wp-content\/uploads\/2020\/02\/set-klub-stocica-110x60-100x50-fosilni-hrast.png","width":750,"height":750,"caption":"Fosilni hrast-lignum du-klub sto"},{"@type":"BreadcrumbList","@id":"https:\/\/woodsteel.rs\/shop\/lignum-duo-klub-sto\/#breadcrumb","itemListElement":[{"@type":"ListItem","position":1,"name":"Po\u010detna","item":"https:\/\/woodsteel.rs\/"},{"@type":"ListItem","position":2,"name":"Proizvodi","item":"https:\/\/woodsteel.rs\/shop\/"},{"@type":"ListItem","position":3,"name":"Lignum duo &#8211; klub sto"}]},{"@type":"WebSite","@id":"https:\/\/woodsteel.rs\/#website","url":"https:\/\/woodsteel.rs\/","name":"WoodSteel","description":"","publisher":{"@id":"https:\/\/woodsteel.rs\/#organization"},"potentialAction":[{"@type":"SearchAction","target":{"@type":"EntryPoint","urlTemplate":"https:\/\/woodsteel.rs\/?s={search_term_string}"},"query-input":{"@type":"PropertyValueSpecification","valueRequired":true,"valueName":"search_term_string"}}],"inLanguage":"en-US"},{"@type":"Organization","@id":"https:\/\/woodsteel.rs\/#organization","name":"Wood&Steel","url":"https:\/\/woodsteel.rs\/","logo":{"@type":"ImageObject","inLanguage":"en-US","@id":"https:\/\/woodsteel.rs\/#\/schema\/logo\/image\/","url":"https:\/\/woodsteel.rs\/wp-content\/uploads\/2019\/12\/logo-ISPRAVAK.png","contentUrl":"https:\/\/woodsteel.rs\/wp-content\/uploads\/2019\/12\/logo-ISPRAVAK.png","width":779,"height":776,"caption":"Wood&Steel"},"image":{"@id":"https:\/\/woodsteel.rs\/#\/schema\/logo\/image\/"},"sameAs":["https:\/\/www.facebook.com\/woodsteeldesign","https:\/\/www.instagram.com\/wood_steel_design\/"]}]}},"_links":{"self":[{"href":"https:\/\/woodsteel.rs\/en-us\/wp-json\/wp\/v2\/product\/667","targetHints":{"allow":["GET"]}}],"collection":[{"href":"https:\/\/woodsteel.rs\/en-us\/wp-json\/wp\/v2\/product"}],"about":[{"href":"https:\/\/woodsteel.rs\/en-us\/wp-json\/wp\/v2\/types\/product"}],"wp:featuredmedia":[{"embeddable":true,"href":"https:\/\/woodsteel.rs\/en-us\/wp-json\/wp\/v2\/media\/669"}],"wp:attachment":[{"href":"https:\/\/woodsteel.rs\/en-us\/wp-json\/wp\/v2\/media?parent=667"}],"wp:term":[{"taxonomy":"product_brand","embeddable":true,"href":"https:\/\/woodsteel.rs\/en-us\/wp-json\/wp\/v2\/product_brand?post=667"},{"taxonomy":"product_cat","embeddable":true,"href":"https:\/\/woodsteel.rs\/en-us\/wp-json\/wp\/v2\/product_cat?post=667"},{"taxonomy":"product_tag","embeddable":true,"href":"https:\/\/woodsteel.rs\/en-us\/wp-json\/wp\/v2\/product_tag?post=667"}],"curies":[{"name":"wp","href":"https:\/\/api.w.org\/{rel}","templated":true}]}}